{"id":24148,"date":"2023-06-26T18:20:16","date_gmt":"2023-06-26T16:20:16","guid":{"rendered":"https:\/\/www.finres-sa.com\/product\/intonaco-ceramico-g-super\/"},"modified":"2026-04-07T11:27:20","modified_gmt":"2026-04-07T09:27:20","slug":"intonaco-ceramico-g-super","status":"publish","type":"product","link":"https:\/\/www.finres-sa.com\/it\/prodotto\/intonaco-ceramico-g-super\/","title":{"rendered":"GESSO CERAMICO &#8211; G SUPER"},"content":{"rendered":"\t\t<div data-elementor-type=\"product-post\" data-elementor-id=\"24148\" class=\"elementor elementor-24148 elementor-5919\" data-elementor-post-type=\"product\">\n\t\t\t\t<div class=\"elementor-element elementor-element-2041bfb1 e-flex e-con-boxed e-con e-parent\" data-id=\"2041bfb1\" data-element_type=\"container\" data-e-type=\"container\" data-settings=\"{&quot;jet_parallax_layout_list&quot;:[]}\">\n\t\t\t\t\t<div class=\"e-con-inner\">\n\t\t\t\t<div class=\"elementor-element elementor-element-59d749dc elementor-widget elementor-widget-text-editor\" data-id=\"59d749dc\" data-element_type=\"widget\" data-e-type=\"widget\" data-widget_type=\"text-editor.default\">\n\t\t\t\t<div class=\"elementor-widget-container\">\n\t\t\t\t\t\t\t\t\t<p style=\"margin: 0cm; margin-bottom: .0001pt;\">Questo gesso sintetico \u00e8 un gesso da colata a presa rapida.<\/p><p style=\"margin: 0cm; margin-bottom: .0001pt;\">\u00c8 utilizzato per la colata di sculture, ornamenti e altri pezzi in gesso nel settore industriale e medico.<\/p><p style=\"margin: 0cm; margin-bottom: .0001pt;\">La struttura del materiale colato \u00e8 simile a quella della porcellana.<\/p><p style=\"margin: 0cm; margin-bottom: .0001pt;\">La sua alta resistenza alle fratture, la grande durezza e la finezza di riproduzione lo rendono il materiale da colata ideale per tutti i tuoi pezzi, per quanto fragili possano essere.<\/p><p style=\"margin: 0cm; margin-bottom: .0001pt;\"> <\/p><p style=\"margin: 0cm; margin-bottom: .0001pt;\">Un piccolo extra: questo gesso porcellanato deriva da un gesso sintetico ecologico.<\/p><p style=\"margin: 0cm; margin-bottom: .0001pt;\"> <\/p>\t\t\t\t\t\t\t\t<\/div>\n\t\t\t\t<\/div>\n\t\t\t\t\t<\/div>\n\t\t\t\t<\/div>\n\t\t<div class=\"elementor-element elementor-element-68bc7a6 e-flex e-con-boxed e-con e-parent\" data-id=\"68bc7a6\" data-element_type=\"container\" data-e-type=\"container\" data-settings=\"{&quot;jet_parallax_layout_list&quot;:[],&quot;background_background&quot;:&quot;classic&quot;}\">\n\t\t\t\t\t<div class=\"e-con-inner\">\n\t\t<div class=\"elementor-element elementor-element-667f6a9 e-grid e-con-boxed e-con e-child\" data-id=\"667f6a9\" data-element_type=\"container\" data-e-type=\"container\" data-settings=\"{&quot;jet_parallax_layout_list&quot;:[]}\">\n\t\t\t\t\t<div class=\"e-con-inner\">\n\t\t\t\t<div class=\"elementor-element elementor-element-74cad8f elementor-widget elementor-widget-heading\" data-id=\"74cad8f\" data-element_type=\"widget\" data-e-type=\"widget\" data-widget_type=\"heading.default\">\n\t\t\t\t<div class=\"elementor-widget-container\">\n\t\t\t\t\t<h2 class=\"elementor-heading-title elementor-size-xl\">Caratteristiche tecniche<\/h2>\t\t\t\t<\/div>\n\t\t\t\t<\/div>\n\t\t\t\t<div class=\"elementor-element elementor-element-cdbc31b elementor-widget elementor-widget-heading\" data-id=\"cdbc31b\" data-element_type=\"widget\" data-e-type=\"widget\" data-widget_type=\"heading.default\">\n\t\t\t\t<div class=\"elementor-widget-container\">\n\t\t\t\t\t<h2 class=\"elementor-heading-title elementor-size-xl\">Applicazione<\/h2>\t\t\t\t<\/div>\n\t\t\t\t<\/div>\n\t\t\t\t\t<\/div>\n\t\t\t\t<\/div>\n\t\t<div class=\"elementor-element elementor-element-f76c069 e-grid e-con-boxed e-con e-child\" data-id=\"f76c069\" data-element_type=\"container\" data-e-type=\"container\" data-settings=\"{&quot;jet_parallax_layout_list&quot;:[]}\">\n\t\t\t\t\t<div class=\"e-con-inner\">\n\t\t\t\t<div class=\"elementor-element elementor-element-76acce9 elementor-widget elementor-widget-text-editor\" data-id=\"76acce9\" data-element_type=\"widget\" data-e-type=\"widget\" data-widget_type=\"text-editor.default\">\n\t\t\t\t<div class=\"elementor-widget-container\">\n\t\t\t\t\t\t\t\t\t<p style=\"margin: 0cm; margin-bottom: .0001pt;\">Rapporto di miscelazione in peso: 4 kg : 1 lt<\/p><p style=\"margin: 0cm; margin-bottom: .0001pt;\"> <\/p><p style=\"margin: 0cm; margin-bottom: .0001pt;\">Rapporto di miscelazione in volume: 3 lt : 1 lt<\/p><p style=\"margin: 0cm; margin-bottom: .0001pt;\"> <\/p><p style=\"margin: 0cm; margin-bottom: .0001pt;\">Volume della miscela: 2,4 lt<\/p><p style=\"margin: 0cm; margin-bottom: .0001pt;\"> <\/p><p style=\"margin: 0cm; margin-bottom: .0001pt;\">Tempo di lavorazione: 6 min<\/p><p style=\"margin: 0cm; margin-bottom: .0001pt;\"> <\/p><p style=\"margin: 0cm; margin-bottom: .0001pt;\">Tempo di presa: 10 min<\/p><p style=\"margin: 0cm; margin-bottom: .0001pt;\"> <\/p><p style=\"margin: 0cm; margin-bottom: .0001pt;\">Durezza: superiore a 300 N\/mm\u00b2<\/p><p style=\"margin: 0cm; margin-bottom: .0001pt;\"> <\/p><p style=\"margin: 0cm; margin-bottom: .0001pt;\">Colore: bianco<\/p><p style=\"margin: 0cm; margin-bottom: .0001pt;\"> <\/p><p style=\"margin: 0cm; margin-bottom: .0001pt;\">Conservazione: Almeno 12 mesi in una confezione a prova di vapore. Proteggi dall&#8217;umidit\u00e0. <\/p><p style=\"margin: 0cm; margin-bottom: .0001pt;\"> <\/p><p style=\"margin: 0cm; margin-bottom: .0001pt;\">Prezzo decrescente su ordini di: 100 kg (4 x 25 kg), o pallet da 1000 kg (40 x 25 kg).<\/p>\t\t\t\t\t\t\t\t<\/div>\n\t\t\t\t<\/div>\n\t\t\t\t<div class=\"elementor-element elementor-element-e82a38d elementor-widget elementor-widget-text-editor\" data-id=\"e82a38d\" data-element_type=\"widget\" data-e-type=\"widget\" data-widget_type=\"text-editor.default\">\n\t\t\t\t<div class=\"elementor-widget-container\">\n\t\t\t\t\t\t\t\t\t<p>Settore industriale<\/p><p>Settore medico<\/p><p>Settore artistico<\/p>\t\t\t\t\t\t\t\t<\/div>\n\t\t\t\t<\/div>\n\t\t\t\t\t<\/div>\n\t\t\t\t<\/div>\n\t\t\t\t\t<\/div>\n\t\t\t\t<\/div>\n\t\t<div class=\"elementor-element elementor-element-7614641 e-flex e-con-boxed e-con e-parent\" data-id=\"7614641\" data-element_type=\"container\" data-e-type=\"container\" data-settings=\"{&quot;jet_parallax_layout_list&quot;:[],&quot;background_background&quot;:&quot;classic&quot;}\">\n\t\t\t\t\t<div class=\"e-con-inner\">\n\t\t<div class=\"elementor-element elementor-element-b5512e3 e-grid e-con-boxed e-con e-child\" data-id=\"b5512e3\" data-element_type=\"container\" data-e-type=\"container\" data-settings=\"{&quot;jet_parallax_layout_list&quot;:[]}\">\n\t\t\t\t\t<div class=\"e-con-inner\">\n\t\t\t\t<div class=\"elementor-element elementor-element-f6ae646 elementor-widget elementor-widget-heading\" data-id=\"f6ae646\" data-element_type=\"widget\" data-e-type=\"widget\" data-widget_type=\"heading.default\">\n\t\t\t\t<div class=\"elementor-widget-container\">\n\t\t\t\t\t<h2 class=\"elementor-heading-title elementor-size-xl\">Istruzioni di applicazione<\/h2>\t\t\t\t<\/div>\n\t\t\t\t<\/div>\n\t\t\t\t<div class=\"elementor-element elementor-element-918535a elementor-widget elementor-widget-heading\" data-id=\"918535a\" data-element_type=\"widget\" data-e-type=\"widget\" data-widget_type=\"heading.default\">\n\t\t\t\t<div class=\"elementor-widget-container\">\n\t\t\t\t\t<h2 class=\"elementor-heading-title elementor-size-xl\">Vantaggi del prodotto<\/h2>\t\t\t\t<\/div>\n\t\t\t\t<\/div>\n\t\t\t\t\t<\/div>\n\t\t\t\t<\/div>\n\t\t<div class=\"elementor-element elementor-element-233cca8 e-grid e-con-boxed e-con e-child\" data-id=\"233cca8\" data-element_type=\"container\" data-e-type=\"container\" data-settings=\"{&quot;jet_parallax_layout_list&quot;:[]}\">\n\t\t\t\t\t<div class=\"e-con-inner\">\n\t\t\t\t<div class=\"elementor-element elementor-element-5e8817d elementor-widget elementor-widget-text-editor\" data-id=\"5e8817d\" data-element_type=\"widget\" data-e-type=\"widget\" data-widget_type=\"text-editor.default\">\n\t\t\t\t<div class=\"elementor-widget-container\">\n\t\t\t\t\t\t\t\t\t<p style=\"margin: 0cm; margin-bottom: .0001pt;\">Il rapporto di miscelazione del G Super \u00e8 di 4 kg di polvere per 1 lt d&#8217;acqua.<\/p><p style=\"margin: 0cm; margin-bottom: .0001pt;\">Misura la quantit\u00e0 esatta di acqua e gesso e versa la polvere nell&#8217;acqua, lasciala in ammollo e poi mescola accuratamente per circa 1 minuto, facendo attenzione a non creare bolle d&#8217;aria.<\/p><p style=\"margin: 0cm; margin-bottom: .0001pt;\">Per volumi maggiori, usa un aiuto meccanico.<\/p><p style=\"margin: 0cm; margin-bottom: .0001pt;\">Dopo aver verificato la buona tenuta dello stampo, versa la miscela fluida in un sottile filo al centro della forma fino a quando la superficie non sar\u00e0 completamente coperta.<\/p><p style=\"margin: 0cm; margin-bottom: .0001pt;\">Appena la superficie della cassaforma \u00e8 coperta da uno strato privo di bolle d&#8217;aria, il resto della miscela pu\u00f2 essere versato pi\u00f9 rapidamente.<\/p><p style=\"margin: 0cm; margin-bottom: .0001pt;\">Circa 20 min. dopo la colata, il rilievo o il modello pu\u00f2 essere sformato. <\/p><p style=\"margin: 0cm; margin-bottom: .0001pt;\">Posiziona il pezzo appena sformato su supporti in legno.<\/p><p style=\"margin: 0cm; margin-bottom: .0001pt;\">Dopo la completa indurimento del pezzo (+\/- 8:00), la superficie pu\u00f2 essere trattata come desiderato.<\/p>\t\t\t\t\t\t\t\t<\/div>\n\t\t\t\t<\/div>\n\t\t\t\t<div class=\"elementor-element elementor-element-d63edf5 elementor-widget elementor-widget-text-editor\" data-id=\"d63edf5\" data-element_type=\"widget\" data-e-type=\"widget\" data-widget_type=\"text-editor.default\">\n\t\t\t\t<div class=\"elementor-widget-container\">\n\t\t\t\t\t\t\t\t\t<p>Riproduzione esatta, anche dei dettagli pi\u00f9 fini.<\/p><p>Struttura analoga alla porcellana, cottura ed essiccazione non sono necessarie<\/p><p>Rapidit\u00e0 di presa.<\/p><p>Durezza molto elevata e resistente alle fratture.<\/p><p>Trattamento superficiale possibile con tutti i colori in commercio<\/p><p>Non \u00e8 nocivo per la pelle n\u00e9 per la salute<\/p>\t\t\t\t\t\t\t\t<\/div>\n\t\t\t\t<\/div>\n\t\t\t\t\t<\/div>\n\t\t\t\t<\/div>\n\t\t\t\t\t<\/div>\n\t\t\t\t<\/div>\n\t\t<div class=\"elementor-element elementor-element-4dc1342 e-flex e-con-boxed e-con e-parent\" data-id=\"4dc1342\" data-element_type=\"container\" data-e-type=\"container\" data-settings=\"{&quot;jet_parallax_layout_list&quot;:[],&quot;background_background&quot;:&quot;classic&quot;}\">\n\t\t\t\t\t<div class=\"e-con-inner\">\n\t\t\t\t<div class=\"elementor-element elementor-element-5824553 elementor-widget elementor-widget-heading\" data-id=\"5824553\" data-element_type=\"widget\" data-e-type=\"widget\" data-widget_type=\"heading.default\">\n\t\t\t\t<div class=\"elementor-widget-container\">\n\t\t\t\t\t<h2 class=\"elementor-heading-title elementor-size-xl\">Sicurezza<\/h2>\t\t\t\t<\/div>\n\t\t\t\t<\/div>\n\t\t\t\t<div class=\"elementor-element elementor-element-7ddb98d elementor-widget elementor-widget-text-editor\" data-id=\"7ddb98d\" data-element_type=\"widget\" data-e-type=\"widget\" data-widget_type=\"text-editor.default\">\n\t\t\t\t<div class=\"elementor-widget-container\">\n\t\t\t\t\t\t\t\t\t<p>Non \u00e8 dannoso per la pelle o per la salute.<\/p>\t\t\t\t\t\t\t\t<\/div>\n\t\t\t\t<\/div>\n\t\t\t\t\t<\/div>\n\t\t\t\t<\/div>\n\t\t\t\t<\/div>\n\t\t","protected":false},"excerpt":{"rendered":"<p style=\"margin: 0cm; margin-bottom: .0001pt;\"><span style=\"font-size: 11.0pt; font-family: 'Calibri',sans-serif;\">Il G Super \u00e8 un gesso ceramico da colata.<\/span><\/p>\n<p style=\"margin: 0cm; margin-bottom: .0001pt;\"><span style=\"font-size: 11.0pt; font-family: 'Calibri',sans-serif;\">La sua finezza di riproduzione, l&#8217;alta resistenza e la purezza del colore lo rendono un gesso eccezionale.<\/span><\/p>\n","protected":false},"featured_media":24150,"template":"","meta":[],"product_brand":[],"product_cat":[1656,1243],"product_tag":[1248,1246,1286,1249,1287,1284,1285,1247],"class_list":{"0":"post-24148","1":"product","2":"type-product","3":"status-publish","4":"has-post-thumbnail","6":"product_cat-gesso-e-bende","7":"product_cat-stampaggio-e-silicone","8":"product_tag-arte","9":"product_tag-decorazione","10":"product_tag-finezza","11":"product_tag-getto","12":"product_tag-prototipo","13":"product_tag-rigido","14":"product_tag-scultura","15":"product_tag-stampaggio","17":"first","18":"instock","19":"taxable","20":"shipping-taxable","21":"purchasable","22":"product-type-variable"},"_links":{"self":[{"href":"https:\/\/www.finres-sa.com\/it\/wp-json\/wp\/v2\/product\/24148","targetHints":{"allow":["GET"]}}],"collection":[{"href":"https:\/\/www.finres-sa.com\/it\/wp-json\/wp\/v2\/product"}],"about":[{"href":"https:\/\/www.finres-sa.com\/it\/wp-json\/wp\/v2\/types\/product"}],"version-history":[{"count":3,"href":"https:\/\/www.finres-sa.com\/it\/wp-json\/wp\/v2\/product\/24148\/revisions"}],"predecessor-version":[{"id":38315,"href":"https:\/\/www.finres-sa.com\/it\/wp-json\/wp\/v2\/product\/24148\/revisions\/38315"}],"wp:featuredmedia":[{"embeddable":true,"href":"https:\/\/www.finres-sa.com\/it\/wp-json\/wp\/v2\/media\/24150"}],"wp:attachment":[{"href":"https:\/\/www.finres-sa.com\/it\/wp-json\/wp\/v2\/media?parent=24148"}],"wp:term":[{"taxonomy":"product_brand","embeddable":true,"href":"https:\/\/www.finres-sa.com\/it\/wp-json\/wp\/v2\/product_brand?post=24148"},{"taxonomy":"product_cat","embeddable":true,"href":"https:\/\/www.finres-sa.com\/it\/wp-json\/wp\/v2\/product_cat?post=24148"},{"taxonomy":"product_tag","embeddable":true,"href":"https:\/\/www.finres-sa.com\/it\/wp-json\/wp\/v2\/product_tag?post=24148"}],"curies":[{"name":"wp","href":"https:\/\/api.w.org\/{rel}","templated":true}]}}