{"id":24281,"date":"2023-06-26T18:17:34","date_gmt":"2023-06-26T16:17:34","guid":{"rendered":"https:\/\/www.finres-sa.com\/product\/106-pasta-per-riparazioni-metalliche-xf-kit\/"},"modified":"2025-12-19T14:33:40","modified_gmt":"2025-12-19T13:33:40","slug":"106-pasta-per-riparazioni-metalliche-xf-kit","status":"publish","type":"product","link":"https:\/\/www.finres-sa.com\/it\/prodotto\/106-pasta-per-riparazioni-metalliche-xf-kit\/","title":{"rendered":"RESIMAC 106 &#8211; Pasta Riparatrice per Metalli XF (KIT)"},"content":{"rendered":"\t\t<div data-elementor-type=\"product-post\" data-elementor-id=\"24281\" class=\"elementor elementor-24281\" data-elementor-post-type=\"product\">\n\t\t\t\t<div class=\"elementor-element elementor-element-4397713 e-flex e-con-boxed e-con e-parent\" data-id=\"4397713\" data-element_type=\"container\" data-e-type=\"container\" data-settings=\"{&quot;jet_parallax_layout_list&quot;:[]}\">\n\t\t\t\t\t<div class=\"e-con-inner\">\n\t\t\t\t<div class=\"elementor-element elementor-element-642eafcb elementor-widget elementor-widget-text-editor\" data-id=\"642eafcb\" data-element_type=\"widget\" data-e-type=\"widget\" data-widget_type=\"text-editor.default\">\n\t\t\t\t<div class=\"elementor-widget-container\">\n\t\t\t\t\t\t\t\t\t<p>Pasta epossidica bicomponente, priva di solventi e a indurimento rapido per riparazioni. Questo prodotto pu\u00f2 essere utilizzato per effettuare riparazioni rapide ed efficaci su superfici in metallo, vetroresina e plastica. <\/p><p>106 Metal Repair Paste XF pu\u00f2 essere applicata su superfici preparate manualmente o meccanicamente e si asciuga in 45 minuti.<\/p>\t\t\t\t\t\t\t\t<\/div>\n\t\t\t\t<\/div>\n\t\t\t\t\t<\/div>\n\t\t\t\t<\/div>\n\t\t<div class=\"elementor-element elementor-element-3d16fad e-flex e-con-boxed e-con e-parent\" data-id=\"3d16fad\" data-element_type=\"container\" data-e-type=\"container\" data-settings=\"{&quot;jet_parallax_layout_list&quot;:[],&quot;background_background&quot;:&quot;classic&quot;}\">\n\t\t\t\t\t<div class=\"e-con-inner\">\n\t\t<div class=\"elementor-element elementor-element-0635741 e-grid e-con-boxed e-con e-child\" data-id=\"0635741\" data-element_type=\"container\" data-e-type=\"container\" data-settings=\"{&quot;jet_parallax_layout_list&quot;:[]}\">\n\t\t\t\t\t<div class=\"e-con-inner\">\n\t\t\t\t<div class=\"elementor-element elementor-element-d89963c elementor-widget elementor-widget-heading\" data-id=\"d89963c\" data-element_type=\"widget\" data-e-type=\"widget\" data-widget_type=\"heading.default\">\n\t\t\t\t<div class=\"elementor-widget-container\">\n\t\t\t\t\t<h2 class=\"elementor-heading-title elementor-size-xl\">Indicazioni<\/h2>\t\t\t\t<\/div>\n\t\t\t\t<\/div>\n\t\t\t\t<div class=\"elementor-element elementor-element-c07a0a3 elementor-widget elementor-widget-heading\" data-id=\"c07a0a3\" data-element_type=\"widget\" data-e-type=\"widget\" data-widget_type=\"heading.default\">\n\t\t\t\t<div class=\"elementor-widget-container\">\n\t\t\t\t\t<h2 class=\"elementor-heading-title elementor-size-xl\">Preparazione della superficie<\/h2>\t\t\t\t<\/div>\n\t\t\t\t<\/div>\n\t\t\t\t\t<\/div>\n\t\t\t\t<\/div>\n\t\t<div class=\"elementor-element elementor-element-0388483 e-grid e-con-boxed e-con e-child\" data-id=\"0388483\" data-element_type=\"container\" data-e-type=\"container\" data-settings=\"{&quot;jet_parallax_layout_list&quot;:[]}\">\n\t\t\t\t\t<div class=\"e-con-inner\">\n\t\t\t\t<div class=\"elementor-element elementor-element-6d60495 elementor-widget elementor-widget-text-editor\" data-id=\"6d60495\" data-element_type=\"widget\" data-e-type=\"widget\" data-widget_type=\"text-editor.default\">\n\t\t\t\t<div class=\"elementor-widget-container\">\n\t\t\t\t\t\t\t\t\t<p>Giunti dei tubi che perdono<\/p><p>Guarnizioni del serbatoio che perdono<\/p><p>Alloggiamenti di pompe o valvole forati<\/p><p>Perdite nelle connessioni a flangia<\/p><p>Incollaggio delle lastre<\/p><p>Ripristino di lastre d&#8217;acciaio corrose<\/p>\t\t\t\t\t\t\t\t<\/div>\n\t\t\t\t<\/div>\n\t\t\t\t<div class=\"elementor-element elementor-element-fe56392 elementor-widget elementor-widget-text-editor\" data-id=\"fe56392\" data-element_type=\"widget\" data-e-type=\"widget\" data-widget_type=\"text-editor.default\">\n\t\t\t\t<div class=\"elementor-widget-container\">\n\t\t\t\t\t\t\t\t\t<p>Supporti metallici &#8211; Utensili manuali<\/p><p>1. Tutti gli oli e i grassi devono essere rimossi dalla superficie utilizzando un detergente adatto come il MEK.<\/p><p>2. Tutte le superfici devono essere pulite con una spazzola metallica, una lima di metallo, una carta vetrata grossolana, ecc.<\/p><p>3. Una volta abrasa, la superficie deve essere sgrassata e pulita con MEK o un prodotto simile.<\/p><p>Substrati metallici &#8211; Strumenti meccanici<\/p><p>1. Tutti gli oli e i grassi devono essere rimossi dalla superficie utilizzando un detergente adatto come il MEK.<\/p><p>2. Tutte le superfici devono essere abrase meccanicamente con smerigliatrici manuali in conformit\u00e0 alla norma ISO 8501\/4 ST3 (SSPC SP3 ST3).<\/p><p>3. Una volta abrasa, la superficie deve essere sgrassata e pulita con MEK o un prodotto simile.<\/p><p>4. Tutte le superfici devono essere rivestite prima che compaiano cerume o ossidazione.<\/p>\t\t\t\t\t\t\t\t<\/div>\n\t\t\t\t<\/div>\n\t\t\t\t\t<\/div>\n\t\t\t\t<\/div>\n\t\t\t\t\t<\/div>\n\t\t\t\t<\/div>\n\t\t<div class=\"elementor-element elementor-element-ade3293 e-flex e-con-boxed e-con e-parent\" data-id=\"ade3293\" data-element_type=\"container\" data-e-type=\"container\" data-settings=\"{&quot;jet_parallax_layout_list&quot;:[],&quot;background_background&quot;:&quot;classic&quot;}\">\n\t\t\t\t\t<div class=\"e-con-inner\">\n\t\t<div class=\"elementor-element elementor-element-2cb73a0 e-grid e-con-boxed e-con e-child\" data-id=\"2cb73a0\" data-element_type=\"container\" data-e-type=\"container\" data-settings=\"{&quot;jet_parallax_layout_list&quot;:[]}\">\n\t\t\t\t\t<div class=\"e-con-inner\">\n\t\t\t\t<div class=\"elementor-element elementor-element-e60ad2c elementor-widget elementor-widget-heading\" data-id=\"e60ad2c\" data-element_type=\"widget\" data-e-type=\"widget\" data-widget_type=\"heading.default\">\n\t\t\t\t<div class=\"elementor-widget-container\">\n\t\t\t\t\t<h2 class=\"elementor-heading-title elementor-size-xl\">Mix<\/h2>\t\t\t\t<\/div>\n\t\t\t\t<\/div>\n\t\t\t\t<div class=\"elementor-element elementor-element-03a1fb9 elementor-widget elementor-widget-heading\" data-id=\"03a1fb9\" data-element_type=\"widget\" data-e-type=\"widget\" data-widget_type=\"heading.default\">\n\t\t\t\t<div class=\"elementor-widget-container\">\n\t\t\t\t\t<h2 class=\"elementor-heading-title elementor-size-xl\">Applicazione<\/h2>\t\t\t\t<\/div>\n\t\t\t\t<\/div>\n\t\t\t\t\t<\/div>\n\t\t\t\t<\/div>\n\t\t<div class=\"elementor-element elementor-element-131b71e e-grid e-con-boxed e-con e-child\" data-id=\"131b71e\" data-element_type=\"container\" data-e-type=\"container\" data-settings=\"{&quot;jet_parallax_layout_list&quot;:[]}\">\n\t\t\t\t\t<div class=\"e-con-inner\">\n\t\t\t\t<div class=\"elementor-element elementor-element-ee3ef9f elementor-widget elementor-widget-text-editor\" data-id=\"ee3ef9f\" data-element_type=\"widget\" data-e-type=\"widget\" data-widget_type=\"text-editor.default\">\n\t\t\t\t<div class=\"elementor-widget-container\">\n\t\t\t\t\t\t\t\t\t<p>Prima di mescolare, controlla i seguenti punti:<\/p><p>1. Il componente di base si trova a una temperatura di 15-25\u00b0C.<\/p><p>2. La temperatura dell&#8217;ambiente e della superficie \u00e8 superiore a 5\u00b0C.<\/p><p>Una volta eseguiti questi due controlli, procedi con la miscelazione del prodotto.<\/p><p>Se stai mescolando parzialmente l&#8217;unit\u00e0 di materiale, segui le istruzioni riportate di seguito:<\/p><p>1. Utilizzando la spatola in dotazione, metti una quantit\u00e0 uguale di base e di attivatore sulla tavola di miscelazione in dotazione.<\/p><p>2. Assicurati di pulire accuratamente la spatola dopo aver misurato il componente base e prima di misurare il componente attivatore.<\/p><p>attivatore.<\/p><p>3. Mescola i due componenti fino a ottenere una miscela priva di striature (grigio medio) sulla tabella di miscelazione.<\/p><p>4. Assicurati che non ci sia materiale non mescolato sulla spatola o sul tavolo di miscelazione.<\/p><p>5. Una volta iniziata la miscelazione, il materiale deve essere utilizzato entro 5 minuti a 20\u00b0C.<\/p>\t\t\t\t\t\t\t\t<\/div>\n\t\t\t\t<\/div>\n\t\t\t\t<div class=\"elementor-element elementor-element-c248967 elementor-widget elementor-widget-text-editor\" data-id=\"c248967\" data-element_type=\"widget\" data-e-type=\"widget\" data-widget_type=\"text-editor.default\">\n\t\t\t\t<div class=\"elementor-widget-container\">\n\t\t\t\t\t\t\t\t\t<p>1. Utilizzando una spatola o uno strumento applicatore, applica il materiale sulla superficie preparata.<\/p><p>2. Assicurati che il prodotto venga premuto su eventuali fori, cicatrici o crepe.<\/p><p>3. Una volta completata la riparazione, elimina le imperfezioni con una mano guantata.<\/p>\t\t\t\t\t\t\t\t<\/div>\n\t\t\t\t<\/div>\n\t\t\t\t\t<\/div>\n\t\t\t\t<\/div>\n\t\t\t\t\t<\/div>\n\t\t\t\t<\/div>\n\t\t<div class=\"elementor-element elementor-element-a62512d e-flex e-con-boxed e-con e-parent\" data-id=\"a62512d\" data-element_type=\"container\" data-e-type=\"container\" data-settings=\"{&quot;jet_parallax_layout_list&quot;:[],&quot;background_background&quot;:&quot;classic&quot;}\">\n\t\t\t\t\t<div class=\"e-con-inner\">\n\t\t<div class=\"elementor-element elementor-element-4ca1c1c e-grid e-con-boxed e-con e-child\" data-id=\"4ca1c1c\" data-element_type=\"container\" data-e-type=\"container\" data-settings=\"{&quot;jet_parallax_layout_list&quot;:[]}\">\n\t\t\t\t\t<div class=\"e-con-inner\">\n\t\t\t\t<div class=\"elementor-element elementor-element-90c468f elementor-widget elementor-widget-heading\" data-id=\"90c468f\" data-element_type=\"widget\" data-e-type=\"widget\" data-widget_type=\"heading.default\">\n\t\t\t\t<div class=\"elementor-widget-container\">\n\t\t\t\t\t<h2 class=\"elementor-heading-title elementor-size-xl\">Tempo di polimerizzazione<\/h2>\t\t\t\t<\/div>\n\t\t\t\t<\/div>\n\t\t\t\t<div class=\"elementor-element elementor-element-40dd5b3 elementor-widget elementor-widget-heading\" data-id=\"40dd5b3\" data-element_type=\"widget\" data-e-type=\"widget\" data-widget_type=\"heading.default\">\n\t\t\t\t<div class=\"elementor-widget-container\">\n\t\t\t\t\t<h2 class=\"elementor-heading-title elementor-size-xl\">Tempo di recupero<\/h2>\t\t\t\t<\/div>\n\t\t\t\t<\/div>\n\t\t\t\t\t<\/div>\n\t\t\t\t<\/div>\n\t\t<div class=\"elementor-element elementor-element-f34e564 e-grid e-con-boxed e-con e-child\" data-id=\"f34e564\" data-element_type=\"container\" data-e-type=\"container\" data-settings=\"{&quot;jet_parallax_layout_list&quot;:[]}\">\n\t\t\t\t\t<div class=\"e-con-inner\">\n\t\t\t\t<div class=\"elementor-element elementor-element-04b4ed6 elementor-widget elementor-widget-text-editor\" data-id=\"04b4ed6\" data-element_type=\"widget\" data-e-type=\"widget\" data-widget_type=\"text-editor.default\">\n\t\t\t\t<div class=\"elementor-widget-container\">\n\t\t\t\t\t\t\t\t\t<p>A 20\u00b0C, i materiali applicati devono essere lasciati indurire per i tempi indicati di seguito prima di essere sottoposti alle condizioni indicate.<\/p><p>Questi tempi si allungano a temperature pi\u00f9 basse e si riducono a temperature pi\u00f9 alte:<\/p><p>Vita utile 5minuti<\/p><p>Asciugatura dura\/lavorazione 45 minuti<\/p><p>Polimerizzazione completa 4 ore<\/p>\t\t\t\t\t\t\t\t<\/div>\n\t\t\t\t<\/div>\n\t\t\t\t<div class=\"elementor-element elementor-element-e759dc2 elementor-widget elementor-widget-text-editor\" data-id=\"e759dc2\" data-element_type=\"widget\" data-e-type=\"widget\" data-widget_type=\"text-editor.default\">\n\t\t\t\t<div class=\"elementor-widget-container\">\n\t\t\t\t\t\t\t\t\t<p>Minimo &#8211; il materiale applicato pu\u00f2 essere ricoperto non appena \u00e8 asciutto al tatto.<\/p><p>Massimo &#8211; il tempo di copertura non deve superare le 4 ore.<\/p><p>Una volta superato il tempo massimo di recupero, il materiale deve essere lasciato indurire prima di essere carteggiato per rimuovere la contaminazione superficiale.<\/p>\t\t\t\t\t\t\t\t<\/div>\n\t\t\t\t<\/div>\n\t\t\t\t\t<\/div>\n\t\t\t\t<\/div>\n\t\t\t\t\t<\/div>\n\t\t\t\t<\/div>\n\t\t<div class=\"elementor-element elementor-element-f56c65e e-flex e-con-boxed e-con e-parent\" data-id=\"f56c65e\" data-element_type=\"container\" data-e-type=\"container\" data-settings=\"{&quot;jet_parallax_layout_list&quot;:[],&quot;background_background&quot;:&quot;classic&quot;}\">\n\t\t\t\t\t<div class=\"e-con-inner\">\n\t\t<div class=\"elementor-element elementor-element-03e4282 e-grid e-con-boxed e-con e-child\" data-id=\"03e4282\" data-element_type=\"container\" data-e-type=\"container\" data-settings=\"{&quot;jet_parallax_layout_list&quot;:[]}\">\n\t\t\t\t\t<div class=\"e-con-inner\">\n\t\t\t\t<div class=\"elementor-element elementor-element-0ee12df elementor-widget elementor-widget-heading\" data-id=\"0ee12df\" data-element_type=\"widget\" data-e-type=\"widget\" data-widget_type=\"heading.default\">\n\t\t\t\t<div class=\"elementor-widget-container\">\n\t\t\t\t\t<h2 class=\"elementor-heading-title elementor-size-xl\">Colore<\/h2>\t\t\t\t<\/div>\n\t\t\t\t<\/div>\n\t\t\t\t<div class=\"elementor-element elementor-element-ff5dd3e elementor-widget elementor-widget-heading\" data-id=\"ff5dd3e\" data-element_type=\"widget\" data-e-type=\"widget\" data-widget_type=\"heading.default\">\n\t\t\t\t<div class=\"elementor-widget-container\">\n\t\t\t\t\t<h2 class=\"elementor-heading-title elementor-size-xl\">Durata di conservazione<\/h2>\t\t\t\t<\/div>\n\t\t\t\t<\/div>\n\t\t\t\t\t<\/div>\n\t\t\t\t<\/div>\n\t\t<div class=\"elementor-element elementor-element-efd70a3 e-grid e-con-boxed e-con e-child\" data-id=\"efd70a3\" data-element_type=\"container\" data-e-type=\"container\" data-settings=\"{&quot;jet_parallax_layout_list&quot;:[]}\">\n\t\t\t\t\t<div class=\"e-con-inner\">\n\t\t\t\t<div class=\"elementor-element elementor-element-f19c01e elementor-widget elementor-widget-text-editor\" data-id=\"f19c01e\" data-element_type=\"widget\" data-e-type=\"widget\" data-widget_type=\"text-editor.default\">\n\t\t\t\t<div class=\"elementor-widget-container\">\n\t\t\t\t\t\t\t\t\t<p>Materiale misto &#8211; Grigio medio<\/p><p>Componente base &#8211; Nero<\/p><p>Componente attivatore &#8211; bianco<\/p>\t\t\t\t\t\t\t\t<\/div>\n\t\t\t\t<\/div>\n\t\t\t\t<div class=\"elementor-element elementor-element-283e70b elementor-widget elementor-widget-text-editor\" data-id=\"283e70b\" data-element_type=\"widget\" data-e-type=\"widget\" data-widget_type=\"text-editor.default\">\n\t\t\t\t<div class=\"elementor-widget-container\">\n\t\t\t\t\t\t\t\t\t<p>5 anni se non aperto e conservato in condizioni normali e asciutte (15-30\u00b0C\/ 60-86\u00b0F).<\/p>\t\t\t\t\t\t\t\t<\/div>\n\t\t\t\t<\/div>\n\t\t\t\t\t<\/div>\n\t\t\t\t<\/div>\n\t\t\t\t\t<\/div>\n\t\t\t\t<\/div>\n\t\t<div class=\"elementor-element elementor-element-0b2977d e-flex e-con-boxed e-con e-parent\" data-id=\"0b2977d\" data-element_type=\"container\" data-e-type=\"container\" data-settings=\"{&quot;jet_parallax_layout_list&quot;:[],&quot;background_background&quot;:&quot;classic&quot;}\">\n\t\t\t\t\t<div class=\"e-con-inner\">\n\t\t\t\t<div class=\"elementor-element elementor-element-3e26e1f elementor-widget elementor-widget-heading\" data-id=\"3e26e1f\" data-element_type=\"widget\" data-e-type=\"widget\" data-widget_type=\"heading.default\">\n\t\t\t\t<div class=\"elementor-widget-container\">\n\t\t\t\t\t<h2 class=\"elementor-heading-title elementor-size-xl\">Dati tecnici e specifiche<\/h2>\t\t\t\t<\/div>\n\t\t\t\t<\/div>\n\t\t\t\t<div class=\"elementor-element elementor-element-8a40b97 elementor-widget elementor-widget-text-editor\" data-id=\"8a40b97\" data-element_type=\"widget\" data-e-type=\"widget\" data-widget_type=\"text-editor.default\">\n\t\t\t\t<div class=\"elementor-widget-container\">\n\t\t\t\t\t\t\t\t\t<p><a href=\"https:\/\/www.resimacsolutions.com\/uploads\/4\/5\/0\/7\/45072315\/106_metpastexf_tds.rv3.08052019.pdf\" target=\"_blank\" rel=\"noopener\">https:\/\/www.resimacsolutions.com\/uploads\/4\/5\/0\/7\/45072315\/106_metpastexf_tds.rv3.08052019.pdf<\/a><\/p><p><a href=\"https:\/\/www.resimacsolutions.com\/uploads\/4\/5\/0\/7\/45072315\/106_ps.rv4.29112019.pdf\" target=\"_blank\" rel=\"noopener\">https:\/\/www.resimacsolutions.com\/uploads\/4\/5\/0\/7\/45072315\/106_ps.rv4.29112019.pdf<\/a><\/p>\t\t\t\t\t\t\t\t<\/div>\n\t\t\t\t<\/div>\n\t\t\t\t\t<\/div>\n\t\t\t\t<\/div>\n\t\t\t\t<\/div>\n\t\t","protected":false},"excerpt":{"rendered":"<p>XF 106 Metal Repair Paste di Resimac \u00e8 una pasta epossidica bicomponente, priva di solventi e a presa rapida per la riparazione dei metalli. \u00c8 stata progettata per essere utilizzata su un&#8217;ampia gamma di superfici metalliche e, una volta indurita, \u00e8 facile da lavorare. <\/p>\n","protected":false},"featured_media":24282,"template":"","meta":[],"product_brand":[],"product_cat":[1263,1663],"product_tag":[1373,1366,1370,1371,1334,1368],"class_list":{"0":"post-24281","1":"product","2":"type-product","3":"status-publish","4":"has-post-thumbnail","6":"product_cat-epossidica","7":"product_cat-kit-di-riparazione-rapida-e-di-rivestimento","8":"product_tag-abrasione","9":"product_tag-epossidica","10":"product_tag-industria","11":"product_tag-metallo","12":"product_tag-protezione","13":"product_tag-riparazione","15":"first","16":"instock","17":"taxable","18":"shipping-taxable","19":"purchasable","20":"product-type-variable"},"_links":{"self":[{"href":"https:\/\/www.finres-sa.com\/it\/wp-json\/wp\/v2\/product\/24281","targetHints":{"allow":["GET"]}}],"collection":[{"href":"https:\/\/www.finres-sa.com\/it\/wp-json\/wp\/v2\/product"}],"about":[{"href":"https:\/\/www.finres-sa.com\/it\/wp-json\/wp\/v2\/types\/product"}],"version-history":[{"count":1,"href":"https:\/\/www.finres-sa.com\/it\/wp-json\/wp\/v2\/product\/24281\/revisions"}],"predecessor-version":[{"id":34566,"href":"https:\/\/www.finres-sa.com\/it\/wp-json\/wp\/v2\/product\/24281\/revisions\/34566"}],"wp:featuredmedia":[{"embeddable":true,"href":"https:\/\/www.finres-sa.com\/it\/wp-json\/wp\/v2\/media\/24282"}],"wp:attachment":[{"href":"https:\/\/www.finres-sa.com\/it\/wp-json\/wp\/v2\/media?parent=24281"}],"wp:term":[{"taxonomy":"product_brand","embeddable":true,"href":"https:\/\/www.finres-sa.com\/it\/wp-json\/wp\/v2\/product_brand?post=24281"},{"taxonomy":"product_cat","embeddable":true,"href":"https:\/\/www.finres-sa.com\/it\/wp-json\/wp\/v2\/product_cat?post=24281"},{"taxonomy":"product_tag","embeddable":true,"href":"https:\/\/www.finres-sa.com\/it\/wp-json\/wp\/v2\/product_tag?post=24281"}],"curies":[{"name":"wp","href":"https:\/\/api.w.org\/{rel}","templated":true}]}}