{"id":24305,"date":"2023-06-26T18:17:59","date_gmt":"2023-06-26T16:17:59","guid":{"rendered":"https:\/\/www.finres-sa.com\/product\/tessuto-in-vetro-serge\/"},"modified":"2026-03-16T16:33:41","modified_gmt":"2026-03-16T15:33:41","slug":"tessuto-in-vetro-serge","status":"publish","type":"product","link":"https:\/\/www.finres-sa.com\/it\/prodotto\/tessuto-in-vetro-serge\/","title":{"rendered":"TESSUTO IN VETRO SERGE"},"content":{"rendered":"\t\t<div data-elementor-type=\"product-post\" data-elementor-id=\"24305\" class=\"elementor elementor-24305 elementor-5805\" data-elementor-post-type=\"product\">\n\t\t\t\t<div class=\"elementor-element elementor-element-d2e7594 e-flex e-con-boxed e-con e-parent\" data-id=\"d2e7594\" data-element_type=\"container\" data-e-type=\"container\" data-settings=\"{&quot;jet_parallax_layout_list&quot;:[]}\">\n\t\t\t\t\t<div class=\"e-con-inner\">\n\t\t\t\t<div class=\"elementor-element elementor-element-556a5c76 elementor-widget elementor-widget-text-editor\" data-id=\"556a5c76\" data-element_type=\"widget\" data-e-type=\"widget\" data-widget_type=\"text-editor.default\">\n\t\t\t\t<div class=\"elementor-widget-container\">\n\t\t\t\t\t\t\t\t\t<p>I tessuti twill sono pi\u00f9 drappeggiabili dei tessuti taffet\u00e0. Permettono la stratificazione di pezzi con forme complesse. La qualit\u00e0 di questi tessuti facilita il drappeggio e l&#8217;impregnazione delle fibre e li rende tessuti molto apprezzati nel mondo del composito per tutte le applicazioni come la laminazione a umido, l&#8217;infusione o il RTM. <\/p><p><br>Utilizzato anche per rinforzare le imbarcazioni in legno mantenendo l&#8217;aspetto del legno (trasparenza)<br><br>Compatibile con: epossidico-vinilestere-poliestere<br><br>https:\/\/www.finres-sa.com\/wp-content\/uploads\/2022\/09\/Tissage-serge-2-2.png<\/p>\t\t\t\t\t\t\t\t<\/div>\n\t\t\t\t<\/div>\n\t\t\t\t\t<\/div>\n\t\t\t\t<\/div>\n\t\t\t\t<\/div>\n\t\t","protected":false},"excerpt":{"rendered":"<p>I tessuti twill sono pi\u00f9 drappeggiabili dei tessuti taffet\u00e0.<\/p>\n<p>&nbsp;<\/p>\n","protected":false},"featured_media":24309,"template":"","meta":[],"product_brand":[],"product_cat":[1636,1354],"product_tag":[1366,1376,1355,1307],"class_list":{"0":"post-24305","1":"product","2":"type-product","3":"status-publish","4":"has-post-thumbnail","6":"product_cat-fibre-di-vetro","7":"product_cat-rinforzi-e-tessuti","8":"product_tag-epossidica","9":"product_tag-poliestere","10":"product_tag-rinforzo","11":"product_tag-stratificazione","13":"first","14":"instock","15":"taxable","16":"shipping-taxable","17":"purchasable","18":"product-type-variable"},"_links":{"self":[{"href":"https:\/\/www.finres-sa.com\/it\/wp-json\/wp\/v2\/product\/24305","targetHints":{"allow":["GET"]}}],"collection":[{"href":"https:\/\/www.finres-sa.com\/it\/wp-json\/wp\/v2\/product"}],"about":[{"href":"https:\/\/www.finres-sa.com\/it\/wp-json\/wp\/v2\/types\/product"}],"version-history":[{"count":1,"href":"https:\/\/www.finres-sa.com\/it\/wp-json\/wp\/v2\/product\/24305\/revisions"}],"predecessor-version":[{"id":37306,"href":"https:\/\/www.finres-sa.com\/it\/wp-json\/wp\/v2\/product\/24305\/revisions\/37306"}],"wp:featuredmedia":[{"embeddable":true,"href":"https:\/\/www.finres-sa.com\/it\/wp-json\/wp\/v2\/media\/24309"}],"wp:attachment":[{"href":"https:\/\/www.finres-sa.com\/it\/wp-json\/wp\/v2\/media?parent=24305"}],"wp:term":[{"taxonomy":"product_brand","embeddable":true,"href":"https:\/\/www.finres-sa.com\/it\/wp-json\/wp\/v2\/product_brand?post=24305"},{"taxonomy":"product_cat","embeddable":true,"href":"https:\/\/www.finres-sa.com\/it\/wp-json\/wp\/v2\/product_cat?post=24305"},{"taxonomy":"product_tag","embeddable":true,"href":"https:\/\/www.finres-sa.com\/it\/wp-json\/wp\/v2\/product_tag?post=24305"}],"curies":[{"name":"wp","href":"https:\/\/api.w.org\/{rel}","templated":true}]}}