{"id":24370,"date":"2023-06-26T18:17:10","date_gmt":"2023-06-26T16:17:10","guid":{"rendered":"https:\/\/www.finres-sa.com\/product\/202-liquido-per-riparazioni-ceramiche-kit\/"},"modified":"2025-12-19T14:31:59","modified_gmt":"2025-12-19T13:31:59","slug":"202-liquido-per-riparazioni-ceramiche-kit","status":"publish","type":"product","link":"https:\/\/www.finres-sa.com\/it\/prodotto\/202-liquido-per-riparazioni-ceramiche-kit\/","title":{"rendered":"RESIMAC 202 &#8211; Fluido di Riparazione Ceramica (KIT)"},"content":{"rendered":"\t\t<div data-elementor-type=\"product-post\" data-elementor-id=\"24370\" class=\"elementor elementor-24370\" data-elementor-post-type=\"product\">\n\t\t\t\t<div class=\"elementor-element elementor-element-3969eb4e e-flex e-con-boxed e-con e-parent\" data-id=\"3969eb4e\" data-element_type=\"container\" data-e-type=\"container\" data-settings=\"{&quot;jet_parallax_layout_list&quot;:[]}\">\n\t\t\t\t\t<div class=\"e-con-inner\">\n\t\t\t\t<div class=\"elementor-element elementor-element-1b3e6b29 elementor-widget elementor-widget-text-editor\" data-id=\"1b3e6b29\" data-element_type=\"widget\" data-e-type=\"widget\" data-widget_type=\"text-editor.default\">\n\t\t\t\t<div class=\"elementor-widget-container\">\n\t\t\t\t\t\t\t\t\t<p>Il fluido per riparazioni ceramiche Resimac 202 \u00e8 un prodotto resistente all&#8217;erosione e alla corrosione per ambienti ad alta abrasione.<\/p><p>Il prodotto contiene riempitivi ceramici induriti ed \u00e8 ideale per proteggere le superfici metalliche in<\/p><p>ambienti aggressivi.<\/p><p>&#8211; Applicare su superfici sabbiate<\/p><p>&#8211; Applica la pasta per riparazioni metalliche 101 o la pasta per riparazioni ceramiche 201 sulle superfici riparate.<\/p><p>&#8211; Ideale per proteggere le superfici metalliche in ambienti in cui i fluidi sono aggressivi.<\/p>\t\t\t\t\t\t\t\t<\/div>\n\t\t\t\t<\/div>\n\t\t\t\t\t<\/div>\n\t\t\t\t<\/div>\n\t\t<div class=\"elementor-element elementor-element-8454ce8 e-flex e-con-boxed e-con e-parent\" data-id=\"8454ce8\" data-element_type=\"container\" data-e-type=\"container\" data-settings=\"{&quot;jet_parallax_layout_list&quot;:[],&quot;background_background&quot;:&quot;classic&quot;}\">\n\t\t\t\t\t<div class=\"e-con-inner\">\n\t\t\t\t<div class=\"elementor-element elementor-element-4e452ab elementor-widget elementor-widget-heading\" data-id=\"4e452ab\" data-element_type=\"widget\" data-e-type=\"widget\" data-widget_type=\"heading.default\">\n\t\t\t\t<div class=\"elementor-widget-container\">\n\t\t\t\t\t<h2 class=\"elementor-heading-title elementor-size-xl\">Preparazione della superficie<\/h2>\t\t\t\t<\/div>\n\t\t\t\t<\/div>\n\t\t\t\t<div class=\"elementor-element elementor-element-93fa2eb elementor-widget elementor-widget-text-editor\" data-id=\"93fa2eb\" data-element_type=\"widget\" data-e-type=\"widget\" data-widget_type=\"text-editor.default\">\n\t\t\t\t<div class=\"elementor-widget-container\">\n\t\t\t\t\t\t\t\t\t<p>Substrati metallici &#8211; Pulizia con sabbiatura abrasiva<br><br>1. Tutti gli oli e i grassi devono essere rimossi dalla superficie utilizzando un detergente adatto come il MEK.<br><br>2. Tutte le superfici devono essere sottoposte a sabbiatura secondo la norma ISO 8501\/4 SA2.5 (SSPC SP10\/NACE 2) con un profilo minimo di 75 micron (3mil) utilizzando un abrasivo angolare. di 75 micron (3mil) utilizzando un abrasivo angolare. <br><br>3. Una volta sverniciata, la superficie deve essere sgrassata e pulita con MEK o un prodotto simile.<br><br>4. Tutte le superfici devono essere rivestite prima che si verifichi la corrosione o l&#8217;ossidazione.<br><br>NOTA: per le superfici contaminate dal sale, il substrato deve essere lavato a pressione con acqua pulita e controllato per verificare l&#8217;assenza di contaminazione da sale.<br><br>Per ulteriori informazioni, consulta la guida alla preparazione della superficie e alla pre-applicazione.<\/p>\t\t\t\t\t\t\t\t<\/div>\n\t\t\t\t<\/div>\n\t\t\t\t\t<\/div>\n\t\t\t\t<\/div>\n\t\t<div class=\"elementor-element elementor-element-2e150df e-flex e-con-boxed e-con e-parent\" data-id=\"2e150df\" data-element_type=\"container\" data-e-type=\"container\" data-settings=\"{&quot;jet_parallax_layout_list&quot;:[],&quot;background_background&quot;:&quot;classic&quot;}\">\n\t\t\t\t\t<div class=\"e-con-inner\">\n\t\t<div class=\"elementor-element elementor-element-f5ac6b5 e-grid e-con-boxed e-con e-child\" data-id=\"f5ac6b5\" data-element_type=\"container\" data-e-type=\"container\" data-settings=\"{&quot;jet_parallax_layout_list&quot;:[]}\">\n\t\t\t\t\t<div class=\"e-con-inner\">\n\t\t\t\t<div class=\"elementor-element elementor-element-ad16a0e elementor-widget elementor-widget-heading\" data-id=\"ad16a0e\" data-element_type=\"widget\" data-e-type=\"widget\" data-widget_type=\"heading.default\">\n\t\t\t\t<div class=\"elementor-widget-container\">\n\t\t\t\t\t<h2 class=\"elementor-heading-title elementor-size-xl\">Mix<\/h2>\t\t\t\t<\/div>\n\t\t\t\t<\/div>\n\t\t\t\t<div class=\"elementor-element elementor-element-c69fd33 elementor-widget elementor-widget-heading\" data-id=\"c69fd33\" data-element_type=\"widget\" data-e-type=\"widget\" data-widget_type=\"heading.default\">\n\t\t\t\t<div class=\"elementor-widget-container\">\n\t\t\t\t\t<h2 class=\"elementor-heading-title elementor-size-xl\">Applicazione<\/h2>\t\t\t\t<\/div>\n\t\t\t\t<\/div>\n\t\t\t\t\t<\/div>\n\t\t\t\t<\/div>\n\t\t<div class=\"elementor-element elementor-element-66706a1 e-grid e-con-boxed e-con e-child\" data-id=\"66706a1\" data-element_type=\"container\" data-e-type=\"container\" data-settings=\"{&quot;jet_parallax_layout_list&quot;:[]}\">\n\t\t\t\t\t<div class=\"e-con-inner\">\n\t\t\t\t<div class=\"elementor-element elementor-element-fa246eb elementor-widget elementor-widget-text-editor\" data-id=\"fa246eb\" data-element_type=\"widget\" data-e-type=\"widget\" data-widget_type=\"text-editor.default\">\n\t\t\t\t<div class=\"elementor-widget-container\">\n\t\t\t\t\t\t\t\t\t<p>Prima di mescolare, controlla i seguenti punti:<\/p><p>1. Il componente di base si trova a una temperatura compresa tra 15-25\u00b0C (60-77F\u00b0).<\/p><p>2. La temperatura ambientale e superficiale \u00e8 superiore a 10\u00b0C (50F\u00b0).<\/p><p>Una volta eseguiti questi due controlli, procedi con la miscelazione del prodotto.<\/p><p>Per miscelare l&#8217;unit\u00e0 completa (1kg\/3kg), segui le istruzioni riportate di seguito:<\/p><p>1. Versa il contenuto dell&#8217;unit\u00e0 Activator nel contenitore Base.<\/p><p>2. Assicurati di far defluire la maggior quantit\u00e0 possibile di materiale dal contenitore dell&#8217;attivatore a quello della base.<\/p><p>3. Mescola i due componenti utilizzando la spatola in dotazione.<\/p><p>4. Assicurati che il prodotto sia privo di striature e di colore uniforme prima di applicarlo sulla superficie da riparare.<\/p><p>Una volta iniziata la miscelazione, il materiale deve essere utilizzato entro 25 minuti a 20\u00b0C (68F\u00b0).<\/p>\t\t\t\t\t\t\t\t<\/div>\n\t\t\t\t<\/div>\n\t\t\t\t<div class=\"elementor-element elementor-element-9299821 elementor-widget elementor-widget-text-editor\" data-id=\"9299821\" data-element_type=\"widget\" data-e-type=\"widget\" data-widget_type=\"text-editor.default\">\n\t\t\t\t<div class=\"elementor-widget-container\">\n\t\t\t\t\t\t\t\t\t<p>1. Usa un pennello a setole corte per applicare il materiale miscelato, con setole lunghe circa 2 cm.<\/p><p>2. Applica il rivestimento con uno spessore del film umido di 250-350 micron (10-14mil).<\/p><p>3. Presta particolare attenzione alle aree dettagliate come bordi, angoli e saldature, dove un&#8217;applicazione a pennello per<\/p><p>Potrebbe essere necessaria l&#8217;applicazione a pennello mediante stippling.<\/p><p>4. Lascia indurire il primo strato di materiale per circa 2 ore a 20\u00b0C (68\u00b0F).<\/p><p>5. Una volta che il primo strato si \u00e8 indurito a sufficienza, applica un secondo strato di materiale per ottenere uno spessore di<\/p><p>250-350 micron (10-14mil).<\/p>\t\t\t\t\t\t\t\t<\/div>\n\t\t\t\t<\/div>\n\t\t\t\t\t<\/div>\n\t\t\t\t<\/div>\n\t\t\t\t\t<\/div>\n\t\t\t\t<\/div>\n\t\t<div class=\"elementor-element elementor-element-33e93ec e-flex e-con-boxed e-con e-parent\" data-id=\"33e93ec\" data-element_type=\"container\" data-e-type=\"container\" data-settings=\"{&quot;jet_parallax_layout_list&quot;:[],&quot;background_background&quot;:&quot;classic&quot;}\">\n\t\t\t\t\t<div class=\"e-con-inner\">\n\t\t<div class=\"elementor-element elementor-element-1fa647d e-grid e-con-boxed e-con e-child\" data-id=\"1fa647d\" data-element_type=\"container\" data-e-type=\"container\" data-settings=\"{&quot;jet_parallax_layout_list&quot;:[]}\">\n\t\t\t\t\t<div class=\"e-con-inner\">\n\t\t\t\t<div class=\"elementor-element elementor-element-2d297c0 elementor-widget elementor-widget-heading\" data-id=\"2d297c0\" data-element_type=\"widget\" data-e-type=\"widget\" data-widget_type=\"heading.default\">\n\t\t\t\t<div class=\"elementor-widget-container\">\n\t\t\t\t\t<h2 class=\"elementor-heading-title elementor-size-xl\">Tempo di polimerizzazione<\/h2>\t\t\t\t<\/div>\n\t\t\t\t<\/div>\n\t\t\t\t<div class=\"elementor-element elementor-element-2d19a83 elementor-widget elementor-widget-heading\" data-id=\"2d19a83\" data-element_type=\"widget\" data-e-type=\"widget\" data-widget_type=\"heading.default\">\n\t\t\t\t<div class=\"elementor-widget-container\">\n\t\t\t\t\t<h2 class=\"elementor-heading-title elementor-size-xl\">Tempo di recupero<\/h2>\t\t\t\t<\/div>\n\t\t\t\t<\/div>\n\t\t\t\t\t<\/div>\n\t\t\t\t<\/div>\n\t\t<div class=\"elementor-element elementor-element-80b6b30 e-grid e-con-boxed e-con e-child\" data-id=\"80b6b30\" data-element_type=\"container\" data-e-type=\"container\" data-settings=\"{&quot;jet_parallax_layout_list&quot;:[]}\">\n\t\t\t\t\t<div class=\"e-con-inner\">\n\t\t\t\t<div class=\"elementor-element elementor-element-8a15044 elementor-widget elementor-widget-text-editor\" data-id=\"8a15044\" data-element_type=\"widget\" data-e-type=\"widget\" data-widget_type=\"text-editor.default\">\n\t\t\t\t<div class=\"elementor-widget-container\">\n\t\t\t\t\t\t\t\t\t<p>A 20\u00b0C (68F\u00b0), i materiali applicati devono essere lasciati indurire per i tempi indicati di seguito prima di essere sottoposti alle condizioni indicate.<\/p><p>condizioni indicate. Questi tempi si allungano a temperature pi\u00f9 basse e si riducono a temperature pi\u00f9 alte: <\/p><p>Durata 25 minuti<\/p><p>Tempo minimo di riverniciatura 2 ore<\/p><p>Tempo massimo di riverniciatura 6 ore<\/p><p>Polimerizzazione completa 2 giorni<\/p>\t\t\t\t\t\t\t\t<\/div>\n\t\t\t\t<\/div>\n\t\t\t\t<div class=\"elementor-element elementor-element-a0c9735 elementor-widget elementor-widget-text-editor\" data-id=\"a0c9735\" data-element_type=\"widget\" data-e-type=\"widget\" data-widget_type=\"text-editor.default\">\n\t\t\t\t<div class=\"elementor-widget-container\">\n\t\t\t\t\t\t\t\t\t<p>Minimo &#8211; il materiale applicato pu\u00f2 essere ricoperto non appena \u00e8 asciutto al tatto, cio\u00e8 circa 2 ore a 20\u00b0C (68\u00b0F).<\/p><p>Massimo: il tempo di copertura non deve superare le 6 ore.<\/p><p>Una volta superato il tempo massimo di recupero, il materiale deve essere lasciato indurire prima di essere abraso o sabbiato per rimuovere la contaminazione superficiale.<\/p>\t\t\t\t\t\t\t\t<\/div>\n\t\t\t\t<\/div>\n\t\t\t\t\t<\/div>\n\t\t\t\t<\/div>\n\t\t\t\t\t<\/div>\n\t\t\t\t<\/div>\n\t\t<div class=\"elementor-element elementor-element-e0f7b76 e-flex e-con-boxed e-con e-parent\" data-id=\"e0f7b76\" data-element_type=\"container\" data-e-type=\"container\" data-settings=\"{&quot;jet_parallax_layout_list&quot;:[],&quot;background_background&quot;:&quot;classic&quot;}\">\n\t\t\t\t\t<div class=\"e-con-inner\">\n\t\t<div class=\"elementor-element elementor-element-48f3e2b e-grid e-con-boxed e-con e-child\" data-id=\"48f3e2b\" data-element_type=\"container\" data-e-type=\"container\" data-settings=\"{&quot;jet_parallax_layout_list&quot;:[]}\">\n\t\t\t\t\t<div class=\"e-con-inner\">\n\t\t\t\t<div class=\"elementor-element elementor-element-975dbc7 elementor-widget elementor-widget-heading\" data-id=\"975dbc7\" data-element_type=\"widget\" data-e-type=\"widget\" data-widget_type=\"heading.default\">\n\t\t\t\t<div class=\"elementor-widget-container\">\n\t\t\t\t\t<h2 class=\"elementor-heading-title elementor-size-xl\">Colore<\/h2>\t\t\t\t<\/div>\n\t\t\t\t<\/div>\n\t\t\t\t<div class=\"elementor-element elementor-element-c493ba3 elementor-widget elementor-widget-heading\" data-id=\"c493ba3\" data-element_type=\"widget\" data-e-type=\"widget\" data-widget_type=\"heading.default\">\n\t\t\t\t<div class=\"elementor-widget-container\">\n\t\t\t\t\t<h2 class=\"elementor-heading-title elementor-size-xl\">Durata di conservazione<\/h2>\t\t\t\t<\/div>\n\t\t\t\t<\/div>\n\t\t\t\t\t<\/div>\n\t\t\t\t<\/div>\n\t\t<div class=\"elementor-element elementor-element-b85c89d e-grid e-con-boxed e-con e-child\" data-id=\"b85c89d\" data-element_type=\"container\" data-e-type=\"container\" data-settings=\"{&quot;jet_parallax_layout_list&quot;:[]}\">\n\t\t\t\t\t<div class=\"e-con-inner\">\n\t\t\t\t<div class=\"elementor-element elementor-element-8f5c1be elementor-widget elementor-widget-text-editor\" data-id=\"8f5c1be\" data-element_type=\"widget\" data-e-type=\"widget\" data-widget_type=\"text-editor.default\">\n\t\t\t\t<div class=\"elementor-widget-container\">\n\t\t\t\t\t\t\t\t\t<p>Materiale misto &#8211; Grigio scuro, Grigio chiaro, Rosso, Blu<\/p><p>Componente base &#8211; Grigio scuro, Grigio chiaro, Rosso, Blu<\/p><p>Componente attivatore &#8211; Liquido ambrato<\/p>\t\t\t\t\t\t\t\t<\/div>\n\t\t\t\t<\/div>\n\t\t\t\t<div class=\"elementor-element elementor-element-31b49e0 elementor-widget elementor-widget-text-editor\" data-id=\"31b49e0\" data-element_type=\"widget\" data-e-type=\"widget\" data-widget_type=\"text-editor.default\">\n\t\t\t\t<div class=\"elementor-widget-container\">\n\t\t\t\t\t\t\t\t\t<p>5 anni se non aperto e conservato in condizioni normali e asciutte (15-30\u00b0C\/ 60-86\u00b0F).<\/p>\t\t\t\t\t\t\t\t<\/div>\n\t\t\t\t<\/div>\n\t\t\t\t\t<\/div>\n\t\t\t\t<\/div>\n\t\t\t\t\t<\/div>\n\t\t\t\t<\/div>\n\t\t<div class=\"elementor-element elementor-element-94e3c3f e-flex e-con-boxed e-con e-parent\" data-id=\"94e3c3f\" data-element_type=\"container\" data-e-type=\"container\" data-settings=\"{&quot;jet_parallax_layout_list&quot;:[],&quot;background_background&quot;:&quot;classic&quot;}\">\n\t\t\t\t\t<div class=\"e-con-inner\">\n\t\t\t\t<div class=\"elementor-element elementor-element-4d671d0 elementor-widget elementor-widget-heading\" data-id=\"4d671d0\" data-element_type=\"widget\" data-e-type=\"widget\" data-widget_type=\"heading.default\">\n\t\t\t\t<div class=\"elementor-widget-container\">\n\t\t\t\t\t<h2 class=\"elementor-heading-title elementor-size-xl\">Dati tecnici e specifiche<\/h2>\t\t\t\t<\/div>\n\t\t\t\t<\/div>\n\t\t\t\t<div class=\"elementor-element elementor-element-a88256e elementor-widget elementor-widget-text-editor\" data-id=\"a88256e\" data-element_type=\"widget\" data-e-type=\"widget\" data-widget_type=\"text-editor.default\">\n\t\t\t\t<div class=\"elementor-widget-container\">\n\t\t\t\t\t\t\t\t\t<p><a href=\"https:\/\/www.resimacsolutions.com\/uploads\/4\/5\/0\/7\/45072315\/202_ceramfluid_tds.rv3.12022019.pdf\" target=\"_blank\" rel=\"noopener\">https:\/\/www.resimacsolutions.com\/uploads\/4\/5\/0\/7\/45072315\/202_ceramfluid_tds.rv3.12022019.pdf<\/a><\/p><p><a href=\"https:\/\/www.resimacsolutions.com\/uploads\/4\/5\/0\/7\/45072315\/202_ps.rv4.22052019.pdf\" target=\"_blank\" rel=\"noopener\">https:\/\/www.resimacsolutions.com\/uploads\/4\/5\/0\/7\/45072315\/202_ps.rv4.22052019.pdf<\/a><\/p>\t\t\t\t\t\t\t\t<\/div>\n\t\t\t\t<\/div>\n\t\t\t\t\t<\/div>\n\t\t\t\t<\/div>\n\t\t\t\t<\/div>\n\t\t","protected":false},"excerpt":{"rendered":"<p>Un fluido di riparazione epossidico bicomponente privo di solventi contenente particelle ceramiche polimerizzate per un&#8217;eccezionale resistenza all&#8217;abrasione.<br \/>\nIl prodotto pu\u00f2 essere utilizzato per far riemergere superfici metalliche usurate o danneggiate soggette all&#8217;erosione e alla corrosione dei fluidi:<br \/>\n&#8211; Carcasse di pompe e turbine erose<br \/>\n&#8211; Superfici di filtri erose<br \/>\n&#8211; Piastre di tubi, piastre terminali e casse d&#8217;acqua corrose<br \/>\n&#8211; Superfici interne di tubi e gomiti<br \/>\n&#8211; Tunnel e rivestimenti di eliche di prua erosi<br \/>\n&#8211; Bordi di attacco dei timoni<\/p>\n","protected":false},"featured_media":24373,"template":"","meta":[],"product_brand":[],"product_cat":[1263,1663],"product_tag":[1373,1370,1371,1334,1368],"class_list":{"0":"post-24370","1":"product","2":"type-product","3":"status-publish","4":"has-post-thumbnail","6":"product_cat-epossidica","7":"product_cat-kit-di-riparazione-rapida-e-di-rivestimento","8":"product_tag-abrasione","9":"product_tag-industria","10":"product_tag-metallo","11":"product_tag-protezione","12":"product_tag-riparazione","14":"first","15":"instock","16":"taxable","17":"shipping-taxable","18":"purchasable","19":"product-type-variable"},"_links":{"self":[{"href":"https:\/\/www.finres-sa.com\/it\/wp-json\/wp\/v2\/product\/24370","targetHints":{"allow":["GET"]}}],"collection":[{"href":"https:\/\/www.finres-sa.com\/it\/wp-json\/wp\/v2\/product"}],"about":[{"href":"https:\/\/www.finres-sa.com\/it\/wp-json\/wp\/v2\/types\/product"}],"version-history":[{"count":1,"href":"https:\/\/www.finres-sa.com\/it\/wp-json\/wp\/v2\/product\/24370\/revisions"}],"predecessor-version":[{"id":34586,"href":"https:\/\/www.finres-sa.com\/it\/wp-json\/wp\/v2\/product\/24370\/revisions\/34586"}],"wp:featuredmedia":[{"embeddable":true,"href":"https:\/\/www.finres-sa.com\/it\/wp-json\/wp\/v2\/media\/24373"}],"wp:attachment":[{"href":"https:\/\/www.finres-sa.com\/it\/wp-json\/wp\/v2\/media?parent=24370"}],"wp:term":[{"taxonomy":"product_brand","embeddable":true,"href":"https:\/\/www.finres-sa.com\/it\/wp-json\/wp\/v2\/product_brand?post=24370"},{"taxonomy":"product_cat","embeddable":true,"href":"https:\/\/www.finres-sa.com\/it\/wp-json\/wp\/v2\/product_cat?post=24370"},{"taxonomy":"product_tag","embeddable":true,"href":"https:\/\/www.finres-sa.com\/it\/wp-json\/wp\/v2\/product_tag?post=24370"}],"curies":[{"name":"wp","href":"https:\/\/api.w.org\/{rel}","templated":true}]}}