{"id":24436,"date":"2023-06-26T18:16:48","date_gmt":"2023-06-26T16:16:48","guid":{"rendered":"https:\/\/www.finres-sa.com\/product\/103-riparazione-del-metallo-del-bastone-kit\/"},"modified":"2025-12-12T09:43:49","modified_gmt":"2025-12-12T08:43:49","slug":"103-riparazione-del-metallo-del-bastone-kit","status":"publish","type":"product","link":"https:\/\/www.finres-sa.com\/it\/prodotto\/103-riparazione-del-metallo-del-bastone-kit\/","title":{"rendered":"RESIMAC 103 &#8211; Stick Ripara Metallo (KIT)"},"content":{"rendered":"<p><strong>103 Stick per riparazioni metalliche<\/strong><\/p>\n<p>\u00c8 uno stucco monocomponente in stick che polimerizza rapidamente a temperatura ambiente dopo la miscelazione. \u00c8 un adesivo per riparazioni metalliche che sviluppa resistenza meccanica in breve tempo e pu\u00f2 essere utilizzato per riparazioni di emergenza. <\/p>\n<p>&nbsp;<\/p>\n<ul>\n<li style=\"list-style-type: none;\">\n<ul>\n<li>Tubi che perdono<\/li>\n<\/ul>\n<\/li>\n<\/ul>\n<p>&nbsp;<\/p>\n<ul>\n<li style=\"list-style-type: none;\">\n<ul>\n<li>Corpo pompa\/valvola con fori<\/li>\n<\/ul>\n<\/li>\n<\/ul>\n<p>&nbsp;<\/p>\n<ul>\n<li style=\"list-style-type: none;\">\n<ul>\n<li>Cuciture del serbatoio che perdono<\/li>\n<\/ul>\n<\/li>\n<\/ul>\n<p>&nbsp;<\/p>\n<ul>\n<li style=\"list-style-type: none;\">\n<ul>\n<li>Flange per tubi<\/li>\n<\/ul>\n<\/li>\n<\/ul>\n<p>&nbsp;<\/p>\n<p>&nbsp;<\/p>\n<h4><strong>Preparazione della superficie<\/strong><\/h4>\n<p>Supporti metallici &#8211; Utensili manuali<\/p>\n<p>1. Tutti gli oli e i grassi devono essere rimossi dalla superficie utilizzando un detergente adatto come il MEK.<\/p>\n<p>2. Tutte le superfici devono essere pulite con una spazzola metallica, una lima di metallo, una carta vetrata grossolana, ecc.<\/p>\n<p>3. Una volta abrasa, la superficie deve essere sgrassata e pulita con MEK o un prodotto simile.<\/p>\n<p>Substrati metallici &#8211; Strumenti meccanici<\/p>\n<p>1. Tutti gli oli e i grassi devono essere rimossi dalla superficie utilizzando un detergente adatto come il MEK.<\/p>\n<p>2. Tutte le superfici devono essere abrase meccanicamente con smerigliatrici manuali in conformit\u00e0 alla norma ISO 8501\/4 ST3 (SSPC SP3 ST3).<\/p>\n<p>3. Una volta abrasa, la superficie deve essere sgrassata e pulita con MEK o un prodotto simile.<\/p>\n<p>4. Tutte le superfici devono essere rivestite prima che compaiano zenzero o ossidazione.<\/p>\n<h4><strong>Miscelazione e applicazione<\/strong><\/h4>\n<p>Prima di mescolare, controlla i seguenti punti<\/p>\n<p>1. La temperatura ambientale e superficiale \u00e8 superiore a 5\u00b0C (41F\u00b0).<\/p>\n<p>2. Il prodotto viene fornito in forma di stick e i componenti della base e dell&#8217;attivatore sono quindi pre-misurati.<\/p>\n<p>3. Basta prelevare la quantit\u00e0 di materiale necessaria dal bastoncino e impastare il prodotto con le mani guantate fino a quando i componenti neri e grigi non avranno raggiunto una consistenza media.<\/p>\n<p>finch\u00e9 i componenti neri e grigi non diventano di un grigio medio uniforme.<\/p>\n<p>4. Una volta completamente miscelato, il prodotto ha una durata utile di 3-5 minuti a 20\u00b0C (68F\u00b0).<\/p>\n<p>5. Una volta ottenuta una miscela omogenea, applica il materiale premendo lo stucco sulla superficie preparata.<\/p>\n<h4><strong>Tempo di asciugatura<\/strong><\/h4>\n<p>A 20\u00b0C (68F\u00b0), lascia indurire i materiali applicati per i tempi indicati di seguito prima di sottoporli alle condizioni indicate.<\/p>\n<p>Questi tempi si allungano a temperature pi\u00f9 basse e si riducono a temperature pi\u00f9 alte:<\/p>\n<p>&#8211; Durata di vita 5 minuti<\/p>\n<p>&#8211; Lavorazione e caricamento leggero 30 minuti<\/p>\n<p>&#8211; Polimerizzazione completa 1 ora<\/p>\n<h4><strong>Colore<\/strong><\/h4>\n<p>Materiale misto &#8211; grigio medio<\/p>\n<p>Componente base &#8211; grigio scuro<\/p>\n<p>Componente attivatore &#8211; Grigio chiaro<\/p>\n<h4><strong>Conservazione<\/strong><\/h4>\n<p>5 anni se non aperto e conservato in condizioni normali e asciutte (15-30\u00b0C)<\/p>\n<h4><strong>Dati tecnici<\/strong><\/h4>\n<p><a href=\"https:\/\/www.resimacsolutions.com\/uploads\/4\/5\/0\/7\/45072315\/103_metstick_tds.rv3.08052019.pdf\" target=\"_blank\" rel=\"noopener\">https:\/\/www.resimacsolutions.com\/uploads\/4\/5\/0\/7\/45072315\/103_metstick_tds.rv3.08052019.pdf<\/a><\/p>\n<h4><strong>Specifiche del prodotto<\/strong><\/h4>\n<p><a href=\"https:\/\/www.resimacsolutions.com\/uploads\/4\/5\/0\/7\/45072315\/103_ps.rv3.13052019.pdf\" target=\"_blank\" rel=\"noopener\">https:\/\/www.resimacsolutions.com\/uploads\/4\/5\/0\/7\/45072315\/103_ps.rv3.13052019.pdf<\/a><\/p>\n<h4><strong>Guida all&#8217;applicazione<\/strong><\/h4>\n<p>https:\/\/www.resimacsolutions.com\/uploads\/4\/5\/0\/7\/45072315\/103_qag.rv2.10052019.pdf<\/p>\n","protected":false},"excerpt":{"rendered":"<p>Resimetal 103 Metal Repair Stick \u00e8 un materiale di riparazione bicomponente in forma di stick che indurisce rapidamente a temperatura ambiente dopo la miscelazione.<br \/>\n\u00c8 un adesivo per riparazioni metalliche che sviluppa un&#8217;elevata resistenza meccanica in breve tempo.<br \/>\n&#8211; Applicazione su superfici preparate a mano o pulite meccanicamente.<br \/>\n&#8211; Polimerizzazione rapida (asciuga in 30 minuti).<\/p>\n","protected":false},"featured_media":24437,"template":"","meta":[],"product_brand":[],"product_cat":[1263,1350,1663],"product_tag":[1370,1371,1368],"class_list":{"0":"post-24436","1":"product","2":"type-product","3":"status-publish","4":"has-post-thumbnail","6":"product_cat-epossidica","7":"product_cat-kit-di-riparazione-rapida","8":"product_cat-kit-di-riparazione-rapida-e-di-rivestimento","9":"product_tag-industria","10":"product_tag-metallo","11":"product_tag-riparazione","13":"first","14":"instock","15":"taxable","16":"shipping-taxable","17":"purchasable","18":"product-type-variable"},"_links":{"self":[{"href":"https:\/\/www.finres-sa.com\/it\/wp-json\/wp\/v2\/product\/24436","targetHints":{"allow":["GET"]}}],"collection":[{"href":"https:\/\/www.finres-sa.com\/it\/wp-json\/wp\/v2\/product"}],"about":[{"href":"https:\/\/www.finres-sa.com\/it\/wp-json\/wp\/v2\/types\/product"}],"version-history":[{"count":0,"href":"https:\/\/www.finres-sa.com\/it\/wp-json\/wp\/v2\/product\/24436\/revisions"}],"wp:featuredmedia":[{"embeddable":true,"href":"https:\/\/www.finres-sa.com\/it\/wp-json\/wp\/v2\/media\/24437"}],"wp:attachment":[{"href":"https:\/\/www.finres-sa.com\/it\/wp-json\/wp\/v2\/media?parent=24436"}],"wp:term":[{"taxonomy":"product_brand","embeddable":true,"href":"https:\/\/www.finres-sa.com\/it\/wp-json\/wp\/v2\/product_brand?post=24436"},{"taxonomy":"product_cat","embeddable":true,"href":"https:\/\/www.finres-sa.com\/it\/wp-json\/wp\/v2\/product_cat?post=24436"},{"taxonomy":"product_tag","embeddable":true,"href":"https:\/\/www.finres-sa.com\/it\/wp-json\/wp\/v2\/product_tag?post=24436"}],"curies":[{"name":"wp","href":"https:\/\/api.w.org\/{rel}","templated":true}]}}