{"id":24468,"date":"2023-06-26T18:15:55","date_gmt":"2023-06-26T16:15:55","guid":{"rendered":"https:\/\/www.finres-sa.com\/product\/mastice-poliestere-pochi-kit\/"},"modified":"2025-07-15T09:24:20","modified_gmt":"2025-07-15T07:24:20","slug":"mastice-poliestere-pochi-kit","status":"publish","type":"product","link":"https:\/\/www.finres-sa.com\/it\/prodotto\/mastice-poliestere-pochi-kit\/","title":{"rendered":"MASTICE POLIESTERE POCHI (KIT)"},"content":{"rendered":"<p>Stucco poliestere bianco fine<\/p>\n<p>FEW \u00e8 uno stucco poliestere facile da carteggiare che produce una superficie liscia e priva di pori. FEW pu\u00f2 essere applicato in diversi spessori, a seconda delle necessit\u00e0, su lamiere, laminati in poliestere, legno, pietra o altri sigillanti in poliestere. <\/p>\n<p><strong>Descrizione<\/strong><\/p>\n<p>Esempio di proporzione per 1 kg: Kit di 970 g di stucco + 30 g di indurente<\/p>\n<p><strong>Caratteristiche<\/strong><\/p>\n<p>Il substrato deve essere pulito, asciutto, privo di grasso e levigato. Esempio di applicazione: per 100 g di stucco FEW, mescola con cura da 2 a 3 g di catalizzatore BPO prima di applicarlo al substrato. Tempo di applicazione: circa 5 minuti a +20\u00b0C. Temperature pi\u00f9 elevate accelerano l&#8217;indurimento. L&#8217;applicazione pu\u00f2 essere carteggiata dopo 20 minuti. Il prodotto pu\u00f2 essere conservato per almeno un anno a 20\u00b0C nella confezione originale sigillata.     <\/p>\n","protected":false},"excerpt":{"rendered":"<p>Stucco poliestere bianco fine<\/p>\n<p>FEW \u00e8 uno stucco poliestere facile da carteggiare che produce una superficie liscia e priva di pori. FEW pu\u00f2 essere applicato in diversi spessori, a seconda delle necessit\u00e0, su lamiere, laminati in poliestere, legno, pietra o altri sigillanti in poliestere. <\/p>\n","protected":false},"featured_media":24470,"template":"","meta":[],"product_brand":[],"product_cat":[1281,1702],"product_tag":[1405,1420,1376,1307],"class_list":{"0":"post-24468","1":"product","2":"type-product","3":"status-publish","4":"has-post-thumbnail","6":"product_cat-poliestere","7":"product_cat-stucco-poliestere","8":"product_tag-legno","9":"product_tag-pietra","10":"product_tag-poliestere","11":"product_tag-stratificazione","13":"first","14":"instock","15":"taxable","16":"shipping-taxable","17":"purchasable","18":"product-type-variable"},"_links":{"self":[{"href":"https:\/\/www.finres-sa.com\/it\/wp-json\/wp\/v2\/product\/24468","targetHints":{"allow":["GET"]}}],"collection":[{"href":"https:\/\/www.finres-sa.com\/it\/wp-json\/wp\/v2\/product"}],"about":[{"href":"https:\/\/www.finres-sa.com\/it\/wp-json\/wp\/v2\/types\/product"}],"version-history":[{"count":0,"href":"https:\/\/www.finres-sa.com\/it\/wp-json\/wp\/v2\/product\/24468\/revisions"}],"wp:featuredmedia":[{"embeddable":true,"href":"https:\/\/www.finres-sa.com\/it\/wp-json\/wp\/v2\/media\/24470"}],"wp:attachment":[{"href":"https:\/\/www.finres-sa.com\/it\/wp-json\/wp\/v2\/media?parent=24468"}],"wp:term":[{"taxonomy":"product_brand","embeddable":true,"href":"https:\/\/www.finres-sa.com\/it\/wp-json\/wp\/v2\/product_brand?post=24468"},{"taxonomy":"product_cat","embeddable":true,"href":"https:\/\/www.finres-sa.com\/it\/wp-json\/wp\/v2\/product_cat?post=24468"},{"taxonomy":"product_tag","embeddable":true,"href":"https:\/\/www.finres-sa.com\/it\/wp-json\/wp\/v2\/product_tag?post=24468"}],"curies":[{"name":"wp","href":"https:\/\/api.w.org\/{rel}","templated":true}]}}