{"id":24479,"date":"2023-06-26T18:15:32","date_gmt":"2023-06-26T16:15:32","guid":{"rendered":"https:\/\/www.finres-sa.com\/product\/mastice-poliestere-v11-kit\/"},"modified":"2025-07-15T09:24:35","modified_gmt":"2025-07-15T07:24:35","slug":"mastice-poliestere-v11-kit","status":"publish","type":"product","link":"https:\/\/www.finres-sa.com\/it\/prodotto\/mastice-poliestere-v11-kit\/","title":{"rendered":"MASTICE POLIESTERE V11 (KIT)"},"content":{"rendered":"<p>Mastice rinforzato con fibre di vetro<\/p>\n<p><strong>Descrizione<\/strong><\/p>\n<p>Il V-11 \u00e8 un preparato a base di resina e fibra di vetro progettato per rinforzare e riempire le lamiere ossidate che sono diventate molto sottili e presentano gi\u00e0 pori o fori.<\/p>\n<p>Il V-11 aderisce perfettamente a lamiere, laminati in poliestere, legno e pietra in qualsiasi spessore richiesto.<\/p>\n<p><strong>Caratteristiche<\/strong><\/p>\n<p>Il substrato deve essere pulito, asciutto, privo di grasso e levigato. Esempio di applicazione: per 100 g di mastice V-11, mescola con cura da 2 a 3 g di indurente BPO prima di applicarlo al substrato. Tempo di applicazione: circa 5 minuti a +20\u00b0C. Temperature pi\u00f9 elevate accelerano l&#8217;indurimento. L&#8217;applicazione pu\u00f2 essere carteggiata dopo 20 minuti. Il prodotto pu\u00f2 essere conservato per almeno un anno a 20\u00b0C nella confezione originale sigillata.     <\/p>\n","protected":false},"excerpt":{"rendered":"<p>Il mastice rinforzato con fibra di vetro<\/p>\n<p>V-11 \u00e8 un preparato a base di resina e fibra di vetro progettato per rinforzare e riempire le lamiere ossidate molto sottili e che presentano gi\u00e0 pori o fori.<br \/>\nV-11 aderisce perfettamente a lamiere, laminati in poliestere, legno e pietra in qualsiasi spessore richiesto.<\/p>\n","protected":false},"featured_media":24483,"template":"","meta":[],"product_brand":[],"product_cat":[1281,1702],"product_tag":[1376,1424,1307],"class_list":{"0":"post-24479","1":"product","2":"type-product","3":"status-publish","4":"has-post-thumbnail","6":"product_cat-poliestere","7":"product_cat-stucco-poliestere","8":"product_tag-poliestere","9":"product_tag-rinforzo-it","10":"product_tag-stratificazione","12":"first","13":"instock","14":"taxable","15":"shipping-taxable","16":"purchasable","17":"product-type-variable"},"_links":{"self":[{"href":"https:\/\/www.finres-sa.com\/it\/wp-json\/wp\/v2\/product\/24479","targetHints":{"allow":["GET"]}}],"collection":[{"href":"https:\/\/www.finres-sa.com\/it\/wp-json\/wp\/v2\/product"}],"about":[{"href":"https:\/\/www.finres-sa.com\/it\/wp-json\/wp\/v2\/types\/product"}],"version-history":[{"count":0,"href":"https:\/\/www.finres-sa.com\/it\/wp-json\/wp\/v2\/product\/24479\/revisions"}],"wp:featuredmedia":[{"embeddable":true,"href":"https:\/\/www.finres-sa.com\/it\/wp-json\/wp\/v2\/media\/24483"}],"wp:attachment":[{"href":"https:\/\/www.finres-sa.com\/it\/wp-json\/wp\/v2\/media?parent=24479"}],"wp:term":[{"taxonomy":"product_brand","embeddable":true,"href":"https:\/\/www.finres-sa.com\/it\/wp-json\/wp\/v2\/product_brand?post=24479"},{"taxonomy":"product_cat","embeddable":true,"href":"https:\/\/www.finres-sa.com\/it\/wp-json\/wp\/v2\/product_cat?post=24479"},{"taxonomy":"product_tag","embeddable":true,"href":"https:\/\/www.finres-sa.com\/it\/wp-json\/wp\/v2\/product_tag?post=24479"}],"curies":[{"name":"wp","href":"https:\/\/api.w.org\/{rel}","templated":true}]}}