{"id":24491,"date":"2023-06-26T18:15:32","date_gmt":"2023-06-26T16:15:32","guid":{"rendered":"https:\/\/www.finres-sa.com\/product\/poliestere-nh856-mekp50-kit\/"},"modified":"2025-07-15T09:24:33","modified_gmt":"2025-07-15T07:24:33","slug":"poliestere-nh856-mekp50-kit","status":"publish","type":"product","link":"https:\/\/www.finres-sa.com\/it\/prodotto\/poliestere-nh856-mekp50-kit\/","title":{"rendered":"POLIESTERE NH856 + MEKP50 (KIT)"},"content":{"rendered":"<p>Resina poliestere<\/p>\n<p><strong>Descrizione<\/strong><\/p>\n<p>La resina poliestere Finpol \u00e8 una resina ecologica, poich\u00e9 contiene pochissimo stirene. \u00c8 pre-accelerata, tixotropica e moderatamente reattiva. <\/p>\n<p><strong>Applicazioni  <\/strong><\/p>\n<p>Stesura a mano o a spruzzo. La resina pu\u00f2 essere facilmente utilizzata per creare laghetti e\/o piscine. CATALIZZATORE: MEKP50  <\/p>\n<p><strong>Caratteristiche<\/strong><\/p>\n<p>Percentuale della miscela in peso: 2% MEKP (es.: 2% (100gr FINPOL + 2gr(ml) MEKP)<\/p>\n<p>Pot life della miscela catalizzata: +\/- 20 minuti a 20\u00b0c<\/p>\n<p>Densit\u00e0 relativa a 20\u00b0c: 1,1<\/p>\n<p>Colore: blu\/verde<\/p>\n<p>Pulizia degli utensili: Acetone<\/p>\n<p>Conservazione: 3 mesi in confezione chiusa &lt;20\u00b0c<\/p>\n<p>Contiene il 38% di stirene<\/p>\n","protected":false},"excerpt":{"rendered":"<p>Resina poliestere<\/p>\n<p>La resina poliestere Finpol \u00e8 una resina ecologica, poich\u00e9 contiene pochissimo stirene. \u00c8 pre-accelerata, tixotropica e moderatamente reattiva. <\/p>\n","protected":false},"featured_media":24493,"template":"","meta":[],"product_brand":[],"product_cat":[1281,1708],"product_tag":[1427,1376,1426,1307],"class_list":{"0":"post-24491","1":"product","2":"type-product","3":"status-publish","4":"has-post-thumbnail","6":"product_cat-poliestere","7":"product_cat-resina-poliestere-eco","8":"product_tag-piscina","9":"product_tag-poliestere","10":"product_tag-stagno","11":"product_tag-stratificazione","13":"first","14":"instock","15":"taxable","16":"shipping-taxable","17":"purchasable","18":"product-type-variable"},"_links":{"self":[{"href":"https:\/\/www.finres-sa.com\/it\/wp-json\/wp\/v2\/product\/24491","targetHints":{"allow":["GET"]}}],"collection":[{"href":"https:\/\/www.finres-sa.com\/it\/wp-json\/wp\/v2\/product"}],"about":[{"href":"https:\/\/www.finres-sa.com\/it\/wp-json\/wp\/v2\/types\/product"}],"version-history":[{"count":0,"href":"https:\/\/www.finres-sa.com\/it\/wp-json\/wp\/v2\/product\/24491\/revisions"}],"wp:featuredmedia":[{"embeddable":true,"href":"https:\/\/www.finres-sa.com\/it\/wp-json\/wp\/v2\/media\/24493"}],"wp:attachment":[{"href":"https:\/\/www.finres-sa.com\/it\/wp-json\/wp\/v2\/media?parent=24491"}],"wp:term":[{"taxonomy":"product_brand","embeddable":true,"href":"https:\/\/www.finres-sa.com\/it\/wp-json\/wp\/v2\/product_brand?post=24491"},{"taxonomy":"product_cat","embeddable":true,"href":"https:\/\/www.finres-sa.com\/it\/wp-json\/wp\/v2\/product_cat?post=24491"},{"taxonomy":"product_tag","embeddable":true,"href":"https:\/\/www.finres-sa.com\/it\/wp-json\/wp\/v2\/product_tag?post=24491"}],"curies":[{"name":"wp","href":"https:\/\/api.w.org\/{rel}","templated":true}]}}