{"id":24511,"date":"2023-06-26T18:15:05","date_gmt":"2023-06-26T16:15:05","guid":{"rendered":"https:\/\/www.finres-sa.com\/product\/axson-f160-resina-di-rivestimento-pu-fast-set-2min30-kit\/"},"modified":"2026-04-07T15:20:11","modified_gmt":"2026-04-07T13:20:11","slug":"axson-f160-resina-di-rivestimento-pu-fast-set-2min30-kit","status":"publish","type":"product","link":"https:\/\/www.finres-sa.com\/it\/prodotto\/axson-f160-resina-di-rivestimento-pu-fast-set-2min30-kit\/","title":{"rendered":"AXSON F160 \u2013 Resina Poliuretanica da Colata a Presa Rapida 2 min 30 s, Alta Resistenza per Stampaggio, Prototipazione e Pezzi Tecnici"},"content":{"rendered":"\t\t<div data-elementor-type=\"product-post\" data-elementor-id=\"24511\" class=\"elementor elementor-24511 elementor-5546\" data-elementor-post-type=\"product\">\n\t\t\t\t<div class=\"elementor-element elementor-element-5b12b5fb e-flex e-con-boxed e-con e-parent\" data-id=\"5b12b5fb\" data-element_type=\"container\" data-e-type=\"container\" data-settings=\"{&quot;jet_parallax_layout_list&quot;:[]}\">\n\t\t\t\t\t<div class=\"e-con-inner\">\n\t\t\t\t<div class=\"elementor-element elementor-element-18024dba elementor-widget elementor-widget-text-editor\" data-id=\"18024dba\" data-element_type=\"widget\" data-e-type=\"widget\" data-widget_type=\"text-editor.default\">\n\t\t\t\t<div class=\"elementor-widget-container\">\n\t\t\t\t\t\t\t\t\t<p><span style=\"color: #233c76;\">La resina poliuretanica da colata a presa rapida Axson F160 \u00e8 il punto di riferimento per i professionisti che cercano rapidit\u00e0 e alta fluidit\u00e0 per stampi precisi, duraturi e facili da lavorare.<\/span><\/p><p><span style=\"color: #233c76;\">Ultra-versatile e semplice da usare, \u00e8 adatta sia per lo stampaggio e il rotostampaggio di figurine, modelli, modellini e prototipi, sia per la produzione di pezzi tecnici, sculture, oggetti decorativi e componenti industriali.<\/span><\/p><p><span style=\"color: #233c76;\">La sua bassa viscosit\u00e0 garantisce un riempimento fluido e omogeneo degli stampi pi\u00f9 complessi, con la possibilit\u00e0 di realizzare colate fino a 40 mm di spessore quando caricata.<\/span><\/p><p><span style=\"color: #233c76;\">Per applicazioni specifiche, pu\u00f2 essere rinforzata con polvere di alluminio per migliorare la conducibilit\u00e0 termica, o con una carica minerale per limitare l&#8217;esotermia e ottenere un materiale stabile e duraturo.<\/span><\/p><p><span style=\"color: #233c76;\">Facile da miscelare, colare e sformare, l&#8217;Axson F160 offre una superficie liscia e pronta per la verniciatura per un risultato professionale ad ogni utilizzo.<\/span><\/p>\t\t\t\t\t\t\t\t<\/div>\n\t\t\t\t<\/div>\n\t\t\t\t\t<\/div>\n\t\t\t\t<\/div>\n\t\t<div class=\"elementor-element elementor-element-ddcc1ec e-flex e-con-boxed e-con e-parent\" data-id=\"ddcc1ec\" data-element_type=\"container\" data-e-type=\"container\" data-settings=\"{&quot;jet_parallax_layout_list&quot;:[],&quot;background_background&quot;:&quot;classic&quot;}\">\n\t\t\t\t\t<div class=\"e-con-inner\">\n\t\t<div class=\"elementor-element elementor-element-4f2b7b9 e-grid e-con-boxed e-con e-child\" data-id=\"4f2b7b9\" data-element_type=\"container\" data-e-type=\"container\" data-settings=\"{&quot;jet_parallax_layout_list&quot;:[]}\">\n\t\t\t\t\t<div class=\"e-con-inner\">\n\t\t\t\t<div class=\"elementor-element elementor-element-46ae49a elementor-widget elementor-widget-heading\" data-id=\"46ae49a\" data-element_type=\"widget\" data-e-type=\"widget\" data-widget_type=\"heading.default\">\n\t\t\t\t<div class=\"elementor-widget-container\">\n\t\t\t\t\t<h3 class=\"elementor-heading-title elementor-size-xl\">Caratteristiche:<\/h3>\t\t\t\t<\/div>\n\t\t\t\t<\/div>\n\t\t\t\t\t<\/div>\n\t\t\t\t<\/div>\n\t\t\t\t\t<\/div>\n\t\t\t\t<\/div>\n\t\t<div class=\"elementor-element elementor-element-3d9bec8 e-flex e-con-boxed e-con e-parent\" data-id=\"3d9bec8\" data-element_type=\"container\" data-e-type=\"container\" data-settings=\"{&quot;jet_parallax_layout_list&quot;:[]}\">\n\t\t\t\t\t<div class=\"e-con-inner\">\n\t\t\t\t<div class=\"elementor-element elementor-element-8d95970 elementor-widget elementor-widget-jet-table\" data-id=\"8d95970\" data-element_type=\"widget\" data-e-type=\"widget\" data-widget_type=\"jet-table.default\">\n\t\t\t\t<div class=\"elementor-widget-container\">\n\t\t\t\t\t<div class=\"elementor-jet-table jet-elements\">\n\t\t<div class=\"jet-table-wrapper\">\n\t\t\t<table class=\"jet-table jet-table--fa5-compat\">\n\t\t\t\t<thead class=\"jet-table__head\"><tr class=\"jet-table__head-row\"><th class=\"jet-table__cell elementor-repeater-item-4dd828e jet-table__head-cell\" colspan=\"1\" scope=\"col\"><div class=\"jet-table__cell-inner\"><div class=\"jet-table__cell-content\"><\/div><\/div><\/th><th class=\"jet-table__cell elementor-repeater-item-0844650 jet-table__head-cell\" colspan=\"1\" scope=\"col\"><div class=\"jet-table__cell-inner\"><div class=\"jet-table__cell-content\"><div class=\"jet-table__cell-text\">F160<\/div><\/div><\/div><\/th><th class=\"jet-table__cell elementor-repeater-item-7de7a47 jet-table__head-cell\" scope=\"col\"><div class=\"jet-table__cell-inner\"><div class=\"jet-table__cell-content\"><div class=\"jet-table__cell-text\">F31<\/div><\/div><\/div><\/th><th class=\"jet-table__cell elementor-repeater-item-f650ae9 jet-table__head-cell\" scope=\"col\"><div class=\"jet-table__cell-inner\"><div class=\"jet-table__cell-content\"><div class=\"jet-table__cell-text\">F23<\/div><\/div><\/div><\/th><\/tr><\/thead>\n\t\t\t\t\t\t\t\t<tbody class=\"jet-table__body\"><tr class=\"jet-table__body-row elementor-repeater-item-2e603ab\"><td class=\"jet-table__cell elementor-repeater-item-b52a39c jet-table__body-cell\"><div class=\"jet-table__cell-inner\"><div class=\"jet-table__cell-content\"><div class=\"jet-table__cell-text\">Applicazioni\n\n<\/div><\/div><\/div><\/td><td class=\"jet-table__cell elementor-repeater-item-ce0b3aa jet-table__body-cell\"><div class=\"jet-table__cell-inner\"><div class=\"jet-table__cell-content\"><div class=\"jet-table__cell-text\">Realizzazione di negativi, stampi, modelli e modellini.\nFabbricazione di modelli per termoformatura. \n<\/div><\/div><\/div><\/td><td class=\"jet-table__cell elementor-repeater-item-664d923 jet-table__body-cell\"><div class=\"jet-table__cell-inner\"><div class=\"jet-table__cell-content\"><div class=\"jet-table__cell-text\">Realizzazione di prototipi e modellini.<\/div><\/div><\/div><\/td><td class=\"jet-table__cell elementor-repeater-item-5debc9f jet-table__body-cell\"><div class=\"jet-table__cell-inner\"><div class=\"jet-table__cell-content\"><div class=\"jet-table__cell-text\">Realizzazione di master e anime.\nFabbricazione di negativi e stampi di medie dimensioni.\n<\/div><\/div><\/div><\/td><\/tr><tr class=\"jet-table__body-row elementor-repeater-item-61bc699\"><td class=\"jet-table__cell elementor-repeater-item-507ae22 jet-table__body-cell\"><div class=\"jet-table__cell-inner\"><div class=\"jet-table__cell-content\"><div class=\"jet-table__cell-text\">\n\n\n\n<\/div><\/div><\/div><\/td><\/tr><tr class=\"jet-table__body-row elementor-repeater-item-1195aae\"><td class=\"jet-table__cell elementor-repeater-item-3b70f13 jet-table__body-cell\"><div class=\"jet-table__cell-inner\"><div class=\"jet-table__cell-content\"><div class=\"jet-table__cell-text\">Caratteristiche\n\n<\/div><\/div><\/div><\/td><td class=\"jet-table__cell elementor-repeater-item-a4c2e51 jet-table__body-cell\"><div class=\"jet-table__cell-inner\"><div class=\"jet-table__cell-content\"><div class=\"jet-table__cell-text\">Sformabilit\u00e0 molto rapida.\nRapporto di miscelazione facile da usare (1:1 in peso).\nBassa aggressivit\u00e0 verso gli stampi in silicone.\nOpaco anche a basso spessore.\nBuona verniciabilit\u00e0.\n<\/div><\/div><\/div><\/td><td class=\"jet-table__cell elementor-repeater-item-d4bf729 jet-table__body-cell\"><div class=\"jet-table__cell-inner\"><div class=\"jet-table__cell-content\"><div class=\"jet-table__cell-text\">Sformabilit\u00e0 ultra rapida.\nRapporto di miscelazione facile da usare (1:1 in peso).\nBassa aggressivit\u00e0 verso gli stampi in silicone.\nOpaco anche a basso spessore\nBuona verniciabilit\u00e0.\n<\/div><\/div><\/div><\/td><td class=\"jet-table__cell elementor-repeater-item-ace8169 jet-table__body-cell\"><div class=\"jet-table__cell-inner\"><div class=\"jet-table__cell-content\"><div class=\"jet-table__cell-text\">Sformabilit\u00e0 rapida.\nQuasi inodore.\nFacile da miscelare a mano e ottima fluidit\u00e0.\nBasso ritiro.\nBuona adesione ai materiali in legno.\nOttima lavorabilit\u00e0 meccanica (fresatura\/foratura).\n<\/div><\/div><\/div><\/td><\/tr><tr class=\"jet-table__body-row elementor-repeater-item-1564504\"><td class=\"jet-table__cell elementor-repeater-item-54c47d4 jet-table__body-cell\"><div class=\"jet-table__cell-inner\"><div class=\"jet-table__cell-content\"><div class=\"jet-table__cell-text\">\n\n\n\n\n<\/div><\/div><\/div><\/td><\/tr><tr class=\"jet-table__body-row elementor-repeater-item-622a52f\"><td class=\"jet-table__cell elementor-repeater-item-afff2fe jet-table__body-cell\"><div class=\"jet-table__cell-inner\"><div class=\"jet-table__cell-content\"><div class=\"jet-table__cell-text\">Rapporto di miscelazione in peso\n<\/div><\/div><\/div><\/td><td class=\"jet-table__cell elementor-repeater-item-70b12f0 jet-table__body-cell\"><div class=\"jet-table__cell-inner\"><div class=\"jet-table__cell-content\"><div class=\"jet-table__cell-text\">100:100<\/div><\/div><\/div><\/td><td class=\"jet-table__cell elementor-repeater-item-fe4f03a jet-table__body-cell\"><div class=\"jet-table__cell-inner\"><div class=\"jet-table__cell-content\"><div class=\"jet-table__cell-text\">100:100<\/div><\/div><\/div><\/td><td class=\"jet-table__cell elementor-repeater-item-ca55f08 jet-table__body-cell\"><div class=\"jet-table__cell-inner\"><div class=\"jet-table__cell-content\"><div class=\"jet-table__cell-text\">100:20<\/div><\/div><\/div><\/td><\/tr><tr class=\"jet-table__body-row elementor-repeater-item-a1a3276\"><td class=\"jet-table__cell elementor-repeater-item-c17cc42 jet-table__body-cell\"><div class=\"jet-table__cell-inner\"><div class=\"jet-table__cell-content\"><div class=\"jet-table__cell-text\">\n\n\n\n\n<\/div><\/div><\/div><\/td><\/tr><tr class=\"jet-table__body-row elementor-repeater-item-5d1f7cf\"><td class=\"jet-table__cell elementor-repeater-item-6b8f0a2 jet-table__body-cell\"><div class=\"jet-table__cell-inner\"><div class=\"jet-table__cell-content\"><div class=\"jet-table__cell-text\">Colore A+B<\/div><\/div><\/div><\/td><td class=\"jet-table__cell elementor-repeater-item-01ee701 jet-table__body-cell\"><div class=\"jet-table__cell-inner\"><div class=\"jet-table__cell-content\"><div class=\"jet-table__cell-text\">Beige <\/div><\/div><\/div><\/td><td class=\"jet-table__cell elementor-repeater-item-21e39a9 jet-table__body-cell\"><div class=\"jet-table__cell-inner\"><div class=\"jet-table__cell-content\"><div class=\"jet-table__cell-text\">Beige<\/div><\/div><\/div><\/td><td class=\"jet-table__cell elementor-repeater-item-265dd20 jet-table__body-cell\"><div class=\"jet-table__cell-inner\"><div class=\"jet-table__cell-content\"><div class=\"jet-table__cell-text\">Bianco<\/div><\/div><\/div><\/td><\/tr><tr class=\"jet-table__body-row elementor-repeater-item-59d1287\"><td class=\"jet-table__cell elementor-repeater-item-1094cbd jet-table__body-cell\"><div class=\"jet-table__cell-inner\"><div class=\"jet-table__cell-content\"><div class=\"jet-table__cell-text\">\n\n\n\n\n<\/div><\/div><\/div><\/td><\/tr><tr class=\"jet-table__body-row elementor-repeater-item-31b715a\"><td class=\"jet-table__cell elementor-repeater-item-68477a7 jet-table__body-cell\"><div class=\"jet-table__cell-inner\"><div class=\"jet-table__cell-content\"><div class=\"jet-table__cell-text\">Viscosit\u00e0 (mPa.s)<\/div><\/div><\/div><\/td><td class=\"jet-table__cell elementor-repeater-item-9e920b8 jet-table__body-cell\"><div class=\"jet-table__cell-inner\"><div class=\"jet-table__cell-content\"><div class=\"jet-table__cell-text\">80<\/div><\/div><\/div><\/td><td class=\"jet-table__cell elementor-repeater-item-3708878 jet-table__body-cell\"><div class=\"jet-table__cell-inner\"><div class=\"jet-table__cell-content\"><div class=\"jet-table__cell-text\">40<\/div><\/div><\/div><\/td><td class=\"jet-table__cell elementor-repeater-item-ceb9bec jet-table__body-cell\"><div class=\"jet-table__cell-inner\"><div class=\"jet-table__cell-content\"><div class=\"jet-table__cell-text\">1500<\/div><\/div><\/div><\/td><\/tr><tr class=\"jet-table__body-row elementor-repeater-item-19d11ca\"><td class=\"jet-table__cell elementor-repeater-item-0154261 jet-table__body-cell\"><div class=\"jet-table__cell-inner\"><div class=\"jet-table__cell-content\"><div class=\"jet-table__cell-text\">\n\n\n\n\n<\/div><\/div><\/div><\/td><\/tr><tr class=\"jet-table__body-row elementor-repeater-item-64b9e61\"><td class=\"jet-table__cell elementor-repeater-item-b378d8b jet-table__body-cell\"><div class=\"jet-table__cell-inner\"><div class=\"jet-table__cell-content\"><div class=\"jet-table__cell-text\">Densit\u00e0<\/div><\/div><\/div><\/td><td class=\"jet-table__cell elementor-repeater-item-bf9e7ac jet-table__body-cell\"><div class=\"jet-table__cell-inner\"><div class=\"jet-table__cell-content\"><div class=\"jet-table__cell-text\">1.05<\/div><\/div><\/div><\/td><td class=\"jet-table__cell elementor-repeater-item-503d041 jet-table__body-cell\"><div class=\"jet-table__cell-inner\"><div class=\"jet-table__cell-content\"><div class=\"jet-table__cell-text\">1.0<\/div><\/div><\/div><\/td><td class=\"jet-table__cell elementor-repeater-item-d002a0d jet-table__body-cell\"><div class=\"jet-table__cell-inner\"><div class=\"jet-table__cell-content\"><div class=\"jet-table__cell-text\">1.7<\/div><\/div><\/div><\/td><\/tr><tr class=\"jet-table__body-row elementor-repeater-item-525bdec\"><td class=\"jet-table__cell elementor-repeater-item-019ace2 jet-table__body-cell\"><div class=\"jet-table__cell-inner\"><div class=\"jet-table__cell-content\"><div class=\"jet-table__cell-text\">\n\n\n\n\n<\/div><\/div><\/div><\/td><\/tr><tr class=\"jet-table__body-row elementor-repeater-item-8afcaad\"><td class=\"jet-table__cell elementor-repeater-item-bd18442 jet-table__body-cell\"><div class=\"jet-table__cell-inner\"><div class=\"jet-table__cell-content\"><div class=\"jet-table__cell-text\">Pot life a 25\u00b0C su 200 gr<\/div><\/div><\/div><\/td><td class=\"jet-table__cell elementor-repeater-item-ee1dcb8 jet-table__body-cell\"><div class=\"jet-table__cell-inner\"><div class=\"jet-table__cell-content\"><div class=\"jet-table__cell-text\">2&#8217;10&#8221; a 2&#8217;30&#8221;<\/div><\/div><\/div><\/td><td class=\"jet-table__cell elementor-repeater-item-e9dc33d jet-table__body-cell\"><div class=\"jet-table__cell-inner\"><div class=\"jet-table__cell-content\"><div class=\"jet-table__cell-text\">1&#8217;50&#8221; a 2&#8221;<\/div><\/div><\/div><\/td><td class=\"jet-table__cell elementor-repeater-item-73f39c4 jet-table__body-cell\"><div class=\"jet-table__cell-inner\"><div class=\"jet-table__cell-content\"><div class=\"jet-table__cell-text\">7&#8242; a 8&#8242;<\/div><\/div><\/div><\/td><\/tr><tr class=\"jet-table__body-row elementor-repeater-item-defc213\"><td class=\"jet-table__cell elementor-repeater-item-363475d jet-table__body-cell\"><div class=\"jet-table__cell-inner\"><div class=\"jet-table__cell-content\"><div class=\"jet-table__cell-text\">\n\n\n\n\n<\/div><\/div><\/div><\/td><\/tr><tr class=\"jet-table__body-row elementor-repeater-item-ae65c25\"><td class=\"jet-table__cell elementor-repeater-item-f0c6951 jet-table__body-cell\"><div class=\"jet-table__cell-inner\"><div class=\"jet-table__cell-content\"><div class=\"jet-table__cell-text\">Durezza D1<\/div><\/div><\/div><\/td><td class=\"jet-table__cell elementor-repeater-item-b72bee5 jet-table__body-cell\"><div class=\"jet-table__cell-inner\"><div class=\"jet-table__cell-content\"><div class=\"jet-table__cell-text\">72<\/div><\/div><\/div><\/td><td class=\"jet-table__cell elementor-repeater-item-baff3f8 jet-table__body-cell\"><div class=\"jet-table__cell-inner\"><div class=\"jet-table__cell-content\"><div class=\"jet-table__cell-text\">73<\/div><\/div><\/div><\/td><td class=\"jet-table__cell elementor-repeater-item-c34e3de jet-table__body-cell\"><div class=\"jet-table__cell-inner\"><div class=\"jet-table__cell-content\"><div class=\"jet-table__cell-text\">80<\/div><\/div><\/div><\/td><\/tr><tr class=\"jet-table__body-row elementor-repeater-item-ac07548\"><td class=\"jet-table__cell elementor-repeater-item-76ff5dd jet-table__body-cell\"><div class=\"jet-table__cell-inner\"><div class=\"jet-table__cell-content\"><div class=\"jet-table__cell-text\">\n\n\n\n\n<\/div><\/div><\/div><\/td><\/tr><tr class=\"jet-table__body-row elementor-repeater-item-f8a3970\"><td class=\"jet-table__cell elementor-repeater-item-629632b jet-table__body-cell\"><div class=\"jet-table__cell-inner\"><div class=\"jet-table__cell-content\"><div class=\"jet-table__cell-text\">Spessore di colata <\/div><\/div><\/div><\/td><td class=\"jet-table__cell elementor-repeater-item-8c1ccfa jet-table__body-cell\"><div class=\"jet-table__cell-inner\"><div class=\"jet-table__cell-content\"><div class=\"jet-table__cell-text\">5 mm\nMassimo 40 mm se caricata\n<\/div><\/div><\/div><\/td><td class=\"jet-table__cell elementor-repeater-item-fb4f8e5 jet-table__body-cell\"><div class=\"jet-table__cell-inner\"><div class=\"jet-table__cell-content\"><div class=\"jet-table__cell-text\">5 mm<\/div><\/div><\/div><\/td><td class=\"jet-table__cell elementor-repeater-item-9e7d8ba jet-table__body-cell\"><div class=\"jet-table__cell-inner\"><div class=\"jet-table__cell-content\"><div class=\"jet-table__cell-text\">Massimo 50 mm<\/div><\/div><\/div><\/td><\/tr><tr class=\"jet-table__body-row elementor-repeater-item-f043c65\"><td class=\"jet-table__cell elementor-repeater-item-8dcf5d8 jet-table__body-cell\"><div class=\"jet-table__cell-inner\"><div class=\"jet-table__cell-content\"><div class=\"jet-table__cell-text\">\n\n\n\n\n<\/div><\/div><\/div><\/td><\/tr><tr class=\"jet-table__body-row elementor-repeater-item-622f220\"><td class=\"jet-table__cell elementor-repeater-item-1f4a0dc jet-table__body-cell\"><div class=\"jet-table__cell-inner\"><div class=\"jet-table__cell-content\"><div class=\"jet-table__cell-text\">Tempo di sformo a 25\u00b0C<\/div><\/div><\/div><\/td><td class=\"jet-table__cell elementor-repeater-item-3fc2008 jet-table__body-cell\"><div class=\"jet-table__cell-inner\"><div class=\"jet-table__cell-content\"><div class=\"jet-table__cell-text\">30 min per 10 mm\n20 min per 40 mm caricato\n<\/div><\/div><\/div><\/td><td class=\"jet-table__cell elementor-repeater-item-6e4d949 jet-table__body-cell\"><div class=\"jet-table__cell-inner\"><div class=\"jet-table__cell-content\"><div class=\"jet-table__cell-text\">20 min <\/div><\/div><\/div><\/td><td class=\"jet-table__cell elementor-repeater-item-dd9f671 jet-table__body-cell\"><div class=\"jet-table__cell-inner\"><div class=\"jet-table__cell-content\"><div class=\"jet-table__cell-text\">120 min<\/div><\/div><\/div><\/td><\/tr><tr class=\"jet-table__body-row elementor-repeater-item-40b0a15\"><td class=\"jet-table__cell elementor-repeater-item-aca2085 jet-table__body-cell\"><div class=\"jet-table__cell-inner\"><div class=\"jet-table__cell-content\"><div class=\"jet-table__cell-text\">\n\n\n\n\n<\/div><\/div><\/div><\/td><\/tr><tr class=\"jet-table__body-row elementor-repeater-item-b847021\"><td class=\"jet-table__cell elementor-repeater-item-cc27f75 jet-table__body-cell\"><div class=\"jet-table__cell-inner\"><div class=\"jet-table__cell-content\"><div class=\"jet-table__cell-text\">Conservazione<\/div><\/div><\/div><\/td><td class=\"jet-table__cell elementor-repeater-item-3cf5a89 jet-table__body-cell\"><div class=\"jet-table__cell-inner\"><div class=\"jet-table__cell-content\"><div class=\"jet-table__cell-text\">12 mesi nella sua confezione originale tra 15 e 25\u00b0C<\/div><\/div><\/div><\/td><td class=\"jet-table__cell elementor-repeater-item-90f47cc jet-table__body-cell\"><div class=\"jet-table__cell-inner\"><div class=\"jet-table__cell-content\"><div class=\"jet-table__cell-text\">12 mesi nella sua confezione originale tra 15 e 25\u00b0C<\/div><\/div><\/div><\/td><td class=\"jet-table__cell elementor-repeater-item-b0906c3 jet-table__body-cell\"><div class=\"jet-table__cell-inner\"><div class=\"jet-table__cell-content\"><div class=\"jet-table__cell-text\">9 mesi nella sua confezione originale tra 15 e 25\u00b0C<\/div><\/div><\/div><\/td><\/tr><\/tbody>\n\t\t\t<\/table>\n\t\t<\/div>\n\n\t\t<\/div>\t\t\t\t<\/div>\n\t\t\t\t<\/div>\n\t\t\t\t\t<\/div>\n\t\t\t\t<\/div>\n\t\t<div class=\"elementor-element elementor-element-a9ffa94 e-flex e-con-boxed e-con e-parent\" data-id=\"a9ffa94\" data-element_type=\"container\" data-e-type=\"container\" data-settings=\"{&quot;jet_parallax_layout_list&quot;:[],&quot;background_background&quot;:&quot;classic&quot;}\">\n\t\t\t\t\t<div class=\"e-con-inner\">\n\t\t<div class=\"elementor-element elementor-element-ae1f979 e-grid e-con-boxed e-con e-child\" data-id=\"ae1f979\" data-element_type=\"container\" data-e-type=\"container\" data-settings=\"{&quot;jet_parallax_layout_list&quot;:[]}\">\n\t\t\t\t\t<div class=\"e-con-inner\">\n\t\t\t\t<div class=\"elementor-element elementor-element-573f182 elementor-widget elementor-widget-heading\" data-id=\"573f182\" data-element_type=\"widget\" data-e-type=\"widget\" data-widget_type=\"heading.default\">\n\t\t\t\t<div class=\"elementor-widget-container\">\n\t\t\t\t\t<h3 class=\"elementor-heading-title elementor-size-xl\">Vantaggi<\/h3>\t\t\t\t<\/div>\n\t\t\t\t<\/div>\n\t\t\t\t<div class=\"elementor-element elementor-element-c229deb elementor-widget elementor-widget-text-editor\" data-id=\"c229deb\" data-element_type=\"widget\" data-e-type=\"widget\" data-widget_type=\"text-editor.default\">\n\t\t\t\t<div class=\"elementor-widget-container\">\n\t\t\t\t\t\t\t\t\t<p>Sformabilit\u00e0 super-rapida<\/p><p>Fluidit\u00e0 eccezionale<\/p><p>Alta resistenza e tenuta in temperatura dopo post-polimerizzazione<\/p><p>Miscelazione semplice e precisa<\/p><p>Facilmente lavorabile<\/p><p>Versatile e affidabile<\/p>\t\t\t\t\t\t\t\t<\/div>\n\t\t\t\t<\/div>\n\t\t\t\t\t<\/div>\n\t\t\t\t<\/div>\n\t\t\t\t\t<\/div>\n\t\t\t\t<\/div>\n\t\t<div class=\"elementor-element elementor-element-6857f98 e-flex e-con-boxed e-con e-parent\" data-id=\"6857f98\" data-element_type=\"container\" data-e-type=\"container\" data-settings=\"{&quot;jet_parallax_layout_list&quot;:[],&quot;background_background&quot;:&quot;classic&quot;}\">\n\t\t\t\t\t<div class=\"e-con-inner\">\n\t\t<div class=\"elementor-element elementor-element-b848786 e-grid e-con-boxed e-con e-child\" data-id=\"b848786\" data-element_type=\"container\" data-e-type=\"container\" data-settings=\"{&quot;jet_parallax_layout_list&quot;:[]}\">\n\t\t\t\t\t<div class=\"e-con-inner\">\n\t\t\t\t<div class=\"elementor-element elementor-element-55c889a elementor-widget elementor-widget-heading\" data-id=\"55c889a\" data-element_type=\"widget\" data-e-type=\"widget\" data-widget_type=\"heading.default\">\n\t\t\t\t<div class=\"elementor-widget-container\">\n\t\t\t\t\t<h3 class=\"elementor-heading-title elementor-size-xl\">Implementazione<\/h3>\t\t\t\t<\/div>\n\t\t\t\t<\/div>\n\t\t\t\t<div class=\"elementor-element elementor-element-85757bf elementor-widget elementor-widget-text-editor\" data-id=\"85757bf\" data-element_type=\"widget\" data-e-type=\"widget\" data-widget_type=\"text-editor.default\">\n\t\t\t\t<div class=\"elementor-widget-container\">\n\t\t\t\t\t\t\t\t\t<p><strong>1. Preparazione<\/strong><\/p><p>Assicurarsi che le condizioni di applicazione e le superfici dello stampo siano asciutte.<\/p><p><strong>2. Rapporto di miscelazione<\/strong><\/p><p>Agitare separatamente i due componenti, quindi miscelare in parti uguali 100A : 100B in peso.<\/p><p><strong>3. Caricare o pigmentare<\/strong><\/p><p>Tingi la resina con pigmenti poliuretanici o <a href=\"https:\/\/www.finres-sa.com\/it\/prodotto\/pigmento-universale\/\">pigmenti universali <\/a> e aggiungi <a href=\"https:\/\/www.finres-sa.com\/it\/prodotto\/polvere-di-mica-ultrasottile-9gr-pigmento-naturale-per-resina-sapone-vernice\/\">polvere di mica<\/a> per ottenere un effetto metallico sulla superficie. Usa polvere minerale o di alluminio per ridurre l&#8217;esotermia e migliorare la conducibilit\u00e0 termica.<\/p><p><strong>4. Finitura <\/strong>\u2013 Superficie facile da verniciare, levigare e lavorare per un risultato professionale.<\/p><p><strong>5. Sicurezza <\/strong>\u2013 Lavorare in un&#8217;area ventilata e indossare guanti, occhiali e indumenti protettivi.<\/p>\t\t\t\t\t\t\t\t<\/div>\n\t\t\t\t<\/div>\n\t\t\t\t\t<\/div>\n\t\t\t\t<\/div>\n\t\t\t\t\t<\/div>\n\t\t\t\t<\/div>\n\t\t\t\t<\/div>\n\t\t","protected":false},"excerpt":{"rendered":"<p><span style=\"color: #ffffff;\">Resina poliuretanica da colata a presa rapida (2&#8217;30&#8221;) ideale per lo stampaggio di figurine, la prototipazione, la termoformatura e la realizzazione di pezzi tecnici di precisione.<\/span><\/p>\n","protected":false},"featured_media":24513,"template":"","meta":[],"product_brand":[],"product_cat":[1731,1280,1813],"product_tag":[1248,1249,1317,1306,1287,1284,1247],"class_list":{"0":"post-24511","1":"product","2":"type-product","3":"status-publish","4":"has-post-thumbnail","6":"product_cat-fast-cast-2-it","7":"product_cat-poliuretano","8":"product_cat-promozioni","9":"product_tag-arte","10":"product_tag-getto","11":"product_tag-in-vendita","12":"product_tag-kit-it","13":"product_tag-prototipo","14":"product_tag-rigido","15":"product_tag-stampaggio","17":"first","18":"instock","19":"sale","20":"taxable","21":"shipping-taxable","22":"purchasable","23":"product-type-variable"},"_links":{"self":[{"href":"https:\/\/www.finres-sa.com\/it\/wp-json\/wp\/v2\/product\/24511","targetHints":{"allow":["GET"]}}],"collection":[{"href":"https:\/\/www.finres-sa.com\/it\/wp-json\/wp\/v2\/product"}],"about":[{"href":"https:\/\/www.finres-sa.com\/it\/wp-json\/wp\/v2\/types\/product"}],"version-history":[{"count":1,"href":"https:\/\/www.finres-sa.com\/it\/wp-json\/wp\/v2\/product\/24511\/revisions"}],"predecessor-version":[{"id":37449,"href":"https:\/\/www.finres-sa.com\/it\/wp-json\/wp\/v2\/product\/24511\/revisions\/37449"}],"wp:featuredmedia":[{"embeddable":true,"href":"https:\/\/www.finres-sa.com\/it\/wp-json\/wp\/v2\/media\/24513"}],"wp:attachment":[{"href":"https:\/\/www.finres-sa.com\/it\/wp-json\/wp\/v2\/media?parent=24511"}],"wp:term":[{"taxonomy":"product_brand","embeddable":true,"href":"https:\/\/www.finres-sa.com\/it\/wp-json\/wp\/v2\/product_brand?post=24511"},{"taxonomy":"product_cat","embeddable":true,"href":"https:\/\/www.finres-sa.com\/it\/wp-json\/wp\/v2\/product_cat?post=24511"},{"taxonomy":"product_tag","embeddable":true,"href":"https:\/\/www.finres-sa.com\/it\/wp-json\/wp\/v2\/product_tag?post=24511"}],"curies":[{"name":"wp","href":"https:\/\/api.w.org\/{rel}","templated":true}]}}