{"id":24512,"date":"2023-06-26T18:15:06","date_gmt":"2023-06-26T16:15:06","guid":{"rendered":"https:\/\/www.finres-sa.com\/product\/alginate-pro\/"},"modified":"2025-07-15T09:25:25","modified_gmt":"2025-07-15T07:25:25","slug":"alginate-pro","status":"publish","type":"product","link":"https:\/\/www.finres-sa.com\/it\/prodotto\/alginate-pro\/","title":{"rendered":"ALGINATE PRO"},"content":{"rendered":"<p>L&#8217;alginato \u00e8 un polimero idrofilo derivato dalle alghe marine essiccate e macinate.<\/p>\n<p>Si presenta sotto forma di polvere bianca e fine.<\/p>\n<p>La polvere si mescola con l&#8217;acqua e si trasforma in una pasta gelatinosa al contatto.<\/p>\n<p>Una volta indurito, l&#8217;alginato si solidifica e mantiene l&#8217;impronta precisa del corpo.<\/p>\n<p>Permette di riprodurre in modo eccellente il corpo umano (viso, mani, ecc.) e vari altri materiali organici (frutta, piante, animali, ecc.).<\/p>\n<p>&nbsp;<\/p>\n<p><strong>Implementazione<\/strong><\/p>\n<p>Se necessario, arieggia la polvere con le mani per eliminare eventuali grumi.<\/p>\n<p>Misura la quantit\u00e0 d&#8217;acqua necessaria e versa 1\/3 della polvere.<\/p>\n<p>Mescola bene il primo impasto prima di aggiungere i restanti 2\/3 della polvere.<\/p>\n<p>Quando il composto \u00e8 perfettamente omogeneo, l&#8217;alginato \u00e8 pronto per essere utilizzato.<\/p>\n<p>Immergi l&#8217;oggetto che vuoi riprodurre per qualche minuto. Quando si solidifica, rimuovilo con attenzione. <\/p>\n<p>Puoi anche applicare uno strato spesso di alginato sul viso o sulla superficie che preferisci.<\/p>\n<p>In questo caso, sar\u00e0 necessario realizzare un controstampo per tenerlo in posizione.<\/p>\n<p>Per farlo, utilizza delle strisce di gesso, tagliate da te alla lunghezza desiderata.<\/p>\n<p>Applicali direttamente sull&#8217;alginato dopo che si \u00e8 solidificato e ripeti l&#8217;operazione fino ad ottenere un guscio sufficientemente solido.<\/p>\n<p>Quando lo stampo \u00e8 pronto, riempi il negativo entro un&#8217;ora.<\/p>\n<p>L&#8217;alginato si restringe quando si asciuga, quindi pi\u00f9 tempo ci vuole, pi\u00f9 lo stampo si restringe.<\/p>\n<p>Quando il gesso si \u00e8 indurito, strappa l&#8217;alginato per rilasciare l&#8217;impronta.<\/p>\n<p>Lo stampo non \u00e8 riutilizzabile.<\/p>\n<p>&nbsp;<\/p>\n<p><em>Nota<\/em><\/p>\n<p><em>*1 Il tempo di impostazione varia in base alla temperatura dell&#8217;acqua; pi\u00f9 alta \u00e8 la temperatura, pi\u00f9 breve \u00e8 il tempo di funzionamento.<\/em><\/p>\n<p><em>*2 <\/em><em>Le esatte proporzioni 2:1 devono essere rispettate per evitare di alterare le caratteristiche finali del prodotto.<\/em><\/p>\n<p>&nbsp;<\/p>\n<p><strong>Vantaggi<\/strong><\/p>\n<p>Pu\u00f2 essere applicato direttamente sulla pelle<\/p>\n<p>Pulito, facile e accessibile da usare<\/p>\n<p>Presa rapida<\/p>\n<p>Stampaggio preciso con riproduzione ottimale dei dettagli<\/p>\n<p>Eccellente compatibilit\u00e0 con l&#8217;intonaco<\/p>\n<p>&nbsp;<\/p>\n<p><strong>Applicazione<\/strong><\/p>\n<p>Artistico: per la riproduzione e lo studio di parti del corpo umano.<\/p>\n<p>Medico\/dentale: per la produzione di protesi rimovibili<\/p>\n<p>&nbsp;<\/p>\n<p><strong>Caratteristiche  <\/strong><\/p>\n<p>Opzione rapida:<\/p>\n<p>Rapporto di miscelazione: 10 g di polvere con 20 g di acqua<\/p>\n<p>Colore: da biancastro a rosa<\/p>\n<p>Tempo di miscelazione: 60 secondi<\/p>\n<p>Tempo di trattamento: 6 minuti<\/p>\n<p>Temperatura del prodotto: 23\u00b0C<\/p>\n<p>Conservazione: Evita l&#8217;esposizione all&#8217;umidit\u00e0 e alle alte temperature.<\/p>\n<p>&nbsp;<\/p>\n<p>Opzione pi\u00f9 lenta :<\/p>\n<p>Rapporto di miscelazione: 10 g di polvere con 20 g di acqua<\/p>\n<p>Colore: bianco<\/p>\n<p>Tempo di miscelazione: 60 secondi<\/p>\n<p>Tempo di trattamento: 9 min<\/p>\n<p>Temperatura del prodotto: 23\u00b0C<\/p>\n<p>Conservazione: Evita l&#8217;esposizione all&#8217;umidit\u00e0 e alle alte temperature.<\/p>\n<p>&nbsp;<\/p>\n<p><strong>Sicurezza<\/strong><\/p>\n<p>Non \u00e8 dannoso per la pelle.<\/p>\n<p>Rimuovi le lenti a contatto se applichi sul viso.<\/p>\n<p>Consultare un medico in caso di ingestione.<\/p>\n","protected":false},"excerpt":{"rendered":"<p style=\"margin: 0cm; margin-bottom: .0001pt;\"><span style=\"font-family: Calibri, sans-serif; color: #ffffff;\">L&#8217;alginato per stampi \u00e8 un prodotto naturale adatto a tutte le impronte del corpo.<\/span><\/p>\n<p style=\"margin: 0cm; margin-bottom: .0001pt;\"><span style=\"font-family: Calibri, sans-serif; color: #ffffff;\">Mescolata con acqua, questa polvere d&#8217;alga riproduce perfettamente i dettagli.<\/span><\/p>\n<p style=\"margin: 0cm; margin-bottom: .0001pt;\"><span style=\"font-family: Calibri, sans-serif; color: #ffffff;\">Le prove possono poi essere stampate in gesso da modellare, gesso sintetico, cera o la nostra resina poliuretanica F23.<\/span><\/p>\n","protected":false},"featured_media":24514,"template":"","meta":[],"product_brand":[],"product_cat":[1243,1655],"product_tag":[1346,1429,1249,1400,1305,1287,1247],"class_list":{"0":"post-24512","1":"product","2":"type-product","3":"status-publish","4":"has-post-thumbnail","6":"product_cat-stampaggio-e-silicone","7":"product_cat-stampaggio-su-pelle","8":"product_tag-corpo","9":"product_tag-effetti-speciali","10":"product_tag-getto","11":"product_tag-lento","12":"product_tag-mostra","13":"product_tag-prototipo","14":"product_tag-stampaggio","16":"first","17":"instock","18":"taxable","19":"shipping-taxable","20":"purchasable","21":"product-type-variable"},"_links":{"self":[{"href":"https:\/\/www.finres-sa.com\/it\/wp-json\/wp\/v2\/product\/24512","targetHints":{"allow":["GET"]}}],"collection":[{"href":"https:\/\/www.finres-sa.com\/it\/wp-json\/wp\/v2\/product"}],"about":[{"href":"https:\/\/www.finres-sa.com\/it\/wp-json\/wp\/v2\/types\/product"}],"version-history":[{"count":0,"href":"https:\/\/www.finres-sa.com\/it\/wp-json\/wp\/v2\/product\/24512\/revisions"}],"wp:featuredmedia":[{"embeddable":true,"href":"https:\/\/www.finres-sa.com\/it\/wp-json\/wp\/v2\/media\/24514"}],"wp:attachment":[{"href":"https:\/\/www.finres-sa.com\/it\/wp-json\/wp\/v2\/media?parent=24512"}],"wp:term":[{"taxonomy":"product_brand","embeddable":true,"href":"https:\/\/www.finres-sa.com\/it\/wp-json\/wp\/v2\/product_brand?post=24512"},{"taxonomy":"product_cat","embeddable":true,"href":"https:\/\/www.finres-sa.com\/it\/wp-json\/wp\/v2\/product_cat?post=24512"},{"taxonomy":"product_tag","embeddable":true,"href":"https:\/\/www.finres-sa.com\/it\/wp-json\/wp\/v2\/product_tag?post=24512"}],"curies":[{"name":"wp","href":"https:\/\/api.w.org\/{rel}","templated":true}]}}