{"id":24536,"date":"2023-06-26T18:14:36","date_gmt":"2023-06-26T16:14:36","guid":{"rendered":"https:\/\/www.finres-sa.com\/product\/kit-pu-in-schiuma-h200\/"},"modified":"2026-01-12T16:20:15","modified_gmt":"2026-01-12T15:20:15","slug":"kit-pu-in-schiuma-h200","status":"publish","type":"product","link":"https:\/\/www.finres-sa.com\/it\/prodotto\/kit-pu-in-schiuma-h200\/","title":{"rendered":"KIT PU IN SCHIUMA H200"},"content":{"rendered":"\t\t<div data-elementor-type=\"product-post\" data-elementor-id=\"24536\" class=\"elementor elementor-24536\" data-elementor-post-type=\"product\">\n\t\t\t\t<div class=\"elementor-element elementor-element-6d320577 e-flex e-con-boxed e-con e-parent\" data-id=\"6d320577\" data-element_type=\"container\" data-e-type=\"container\" data-settings=\"{&quot;jet_parallax_layout_list&quot;:[]}\">\n\t\t\t\t\t<div class=\"e-con-inner\">\n\t\t\t\t<div class=\"elementor-element elementor-element-703ba990 elementor-widget elementor-widget-text-editor\" data-id=\"703ba990\" data-element_type=\"widget\" data-e-type=\"widget\" data-widget_type=\"text-editor.default\">\n\t\t\t\t<div class=\"elementor-widget-container\">\n\t\t\t\t\t\t\t\t\t<p><span style=\"color: #233c76;\">Struttura in schiuma di poliuretano rigida<\/span><\/p>\t\t\t\t\t\t\t\t<\/div>\n\t\t\t\t<\/div>\n\t\t\t\t\t<\/div>\n\t\t\t\t<\/div>\n\t\t<div class=\"elementor-element elementor-element-04653c9 e-flex e-con-boxed e-con e-parent\" data-id=\"04653c9\" data-element_type=\"container\" data-e-type=\"container\" data-settings=\"{&quot;jet_parallax_layout_list&quot;:[],&quot;background_background&quot;:&quot;classic&quot;}\">\n\t\t\t\t\t<div class=\"e-con-inner\">\n\t\t<div class=\"elementor-element elementor-element-7dcc1aa e-grid e-con-boxed e-con e-child\" data-id=\"7dcc1aa\" data-element_type=\"container\" data-e-type=\"container\" data-settings=\"{&quot;jet_parallax_layout_list&quot;:[]}\">\n\t\t\t\t\t<div class=\"e-con-inner\">\n\t\t\t\t<div class=\"elementor-element elementor-element-1ccaf6c elementor-widget elementor-widget-heading\" data-id=\"1ccaf6c\" data-element_type=\"widget\" data-e-type=\"widget\" data-widget_type=\"heading.default\">\n\t\t\t\t<div class=\"elementor-widget-container\">\n\t\t\t\t\t<h2 class=\"elementor-heading-title elementor-size-xl\">Descrizione<\/h2>\t\t\t\t<\/div>\n\t\t\t\t<\/div>\n\t\t\t\t<div class=\"elementor-element elementor-element-4c92f65 elementor-widget elementor-widget-heading\" data-id=\"4c92f65\" data-element_type=\"widget\" data-e-type=\"widget\" data-widget_type=\"heading.default\">\n\t\t\t\t<div class=\"elementor-widget-container\">\n\t\t\t\t\t<h2 class=\"elementor-heading-title elementor-size-xl\">Istruzioni<\/h2>\t\t\t\t<\/div>\n\t\t\t\t<\/div>\n\t\t\t\t\t<\/div>\n\t\t\t\t<\/div>\n\t\t<div class=\"elementor-element elementor-element-f9b9db5 e-grid e-con-boxed e-con e-child\" data-id=\"f9b9db5\" data-element_type=\"container\" data-e-type=\"container\" data-settings=\"{&quot;jet_parallax_layout_list&quot;:[]}\">\n\t\t\t\t\t<div class=\"e-con-inner\">\n\t\t\t\t<div class=\"elementor-element elementor-element-114b3d4 elementor-widget elementor-widget-text-editor\" data-id=\"114b3d4\" data-element_type=\"widget\" data-e-type=\"widget\" data-widget_type=\"text-editor.default\">\n\t\t\t\t<div class=\"elementor-widget-container\">\n\t\t\t\t\t\t\t\t\t<p>La schiuma PU H200 \u00e8 una schiuma poliuretanica strutturale con una struttura rigida. Dopo l&#8217;indurimento, produce una schiuma molto dura con una struttura a celle chiuse e una pelle con una densit\u00e0 di 200 kg\/m\u00b3. Agente galleggiante privo di CFC. Resistente agli agenti chimici e agli acidi.   <\/p><p>Per riempire spazi vuoti o forme cave. Il legno pu\u00f2 essere imitato con l&#8217;H 200 quando viene versato in uno stampo di silicone, ad esempio. Viene utilizzato anche in ortopedia per realizzare le forme delle scarpe. Per realizzare maniglie. Grazie alla sua struttura a cellule chiuse, \u00e8 adatto al contatto prolungato con l&#8217;acqua. Pu\u00f2 essere verniciato, incollato, riempito, inchiodato e avvitato. Pu\u00f2 essere colorato con il 5% di pigmento PUR. Attenzione: non d\u00e0 un colore uniforme. Giallo incolore 260 mPas circa 1,09 gr\/cm\u00b3 6 mesi in confezione chiusa liquido 20 0 kg\/m\u00b3.         <\/p>\t\t\t\t\t\t\t\t<\/div>\n\t\t\t\t<\/div>\n\t\t\t\t<div class=\"elementor-element elementor-element-4712155 elementor-widget elementor-widget-text-editor\" data-id=\"4712155\" data-element_type=\"widget\" data-e-type=\"widget\" data-widget_type=\"text-editor.default\">\n\t\t\t\t<div class=\"elementor-widget-container\">\n\t\t\t\t\t\t\t\t\t<p>Mescola i due componenti in un rapporto di 100\/100 in peso e versa nella forma o nell&#8217;area da riempire.<\/p><p>La durata della pentola \u00e8 di circa 65 secondi.<\/p><p>L&#8217;espansione \u00e8 pari a circa 5 volte il volume.<\/p><p>Si asciuga dopo 15 minuti.<\/p><p>Deformabile dopo 20 minuti e completamente indurito dopo 12 ore. <\/p><p>Consenti una temperatura di lavorazione compresa tra i 20\u00b0C e i 25\u00b0C.<\/p><p>Conservare a una temperatura compresa tra 10 e 25\u00b0C.<\/p><p>La miscelazione avviene preferibilmente con un miscelatore meccanico.<\/p><p>Come agente distaccante, consigliamo APW.<\/p>\t\t\t\t\t\t\t\t<\/div>\n\t\t\t\t<\/div>\n\t\t\t\t\t<\/div>\n\t\t\t\t<\/div>\n\t\t\t\t\t<\/div>\n\t\t\t\t<\/div>\n\t\t<div class=\"elementor-element elementor-element-ea44681 e-flex e-con-boxed e-con e-parent\" data-id=\"ea44681\" data-element_type=\"container\" data-e-type=\"container\" data-settings=\"{&quot;jet_parallax_layout_list&quot;:[],&quot;background_background&quot;:&quot;classic&quot;}\">\n\t\t\t\t\t<div class=\"e-con-inner\">\n\t\t<div class=\"elementor-element elementor-element-7717b09 e-grid e-con-boxed e-con e-child\" data-id=\"7717b09\" data-element_type=\"container\" data-e-type=\"container\" data-settings=\"{&quot;jet_parallax_layout_list&quot;:[]}\">\n\t\t\t\t\t<div class=\"e-con-inner\">\n\t\t\t\t<div class=\"elementor-element elementor-element-740eb5d elementor-widget elementor-widget-heading\" data-id=\"740eb5d\" data-element_type=\"widget\" data-e-type=\"widget\" data-widget_type=\"heading.default\">\n\t\t\t\t<div class=\"elementor-widget-container\">\n\t\t\t\t\t<h2 class=\"elementor-heading-title elementor-size-xl\">Sicurezza<\/h2>\t\t\t\t<\/div>\n\t\t\t\t<\/div>\n\t\t\t\t\t<\/div>\n\t\t\t\t<\/div>\n\t\t<div class=\"elementor-element elementor-element-9e65bd3 e-grid e-con-boxed e-con e-child\" data-id=\"9e65bd3\" data-element_type=\"container\" data-e-type=\"container\" data-settings=\"{&quot;jet_parallax_layout_list&quot;:[]}\">\n\t\t\t\t\t<div class=\"e-con-inner\">\n\t\t\t\t<div class=\"elementor-element elementor-element-8e15aec elementor-widget elementor-widget-text-editor\" data-id=\"8e15aec\" data-element_type=\"widget\" data-e-type=\"widget\" data-widget_type=\"text-editor.default\">\n\t\t\t\t<div class=\"elementor-widget-container\">\n\t\t\t\t\t\t\t\t\t<p>Indossa sempre indumenti e guanti protettivi adeguati. Evita il contatto prolungato con la pelle. Attenzione: l&#8217;imballaggio pu\u00f2 essere sotto pressione.  <\/p>\t\t\t\t\t\t\t\t<\/div>\n\t\t\t\t<\/div>\n\t\t\t\t\t<\/div>\n\t\t\t\t<\/div>\n\t\t\t\t\t<\/div>\n\t\t\t\t<\/div>\n\t\t<div class=\"elementor-element elementor-element-afbafeb e-flex e-con-boxed e-con e-child\" data-id=\"afbafeb\" data-element_type=\"container\" data-e-type=\"container\" data-settings=\"{&quot;background_background&quot;:&quot;classic&quot;,&quot;jet_parallax_layout_list&quot;:[]}\">\n\t\t\t\t\t<div class=\"e-con-inner\">\n\t\t\t\t<div class=\"elementor-element elementor-element-64c98dc elementor-widget elementor-widget-heading\" data-id=\"64c98dc\" data-element_type=\"widget\" data-e-type=\"widget\" data-widget_type=\"heading.default\">\n\t\t\t\t<div class=\"elementor-widget-container\">\n\t\t\t\t\t<h2 class=\"elementor-heading-title elementor-size-default\">Schiuma calcolatrice PU<\/h2>\t\t\t\t<\/div>\n\t\t\t\t<\/div>\n\t\t\t\t<div class=\"elementor-element elementor-element-16e609b elementor-widget elementor-widget-text-editor\" data-id=\"16e609b\" data-element_type=\"widget\" data-e-type=\"widget\" data-widget_type=\"text-editor.default\">\n\t\t\t\t<div class=\"elementor-widget-container\">\n\t\t\t\t\t\t\t\t\t<p><span style=\"color: #233c76;\">Per calcolare le quantit\u00e0 e le proporzioni di prodotto di cui avrai bisogno, specifica il prodotto in questione e le dimensioni dell&#8217;area da riempire.<\/span> <\/p>\t\t\t\t\t\t\t\t<\/div>\n\t\t\t\t<\/div>\n\t\t\t\t<div class=\"elementor-element elementor-element-12f4d8c elementor-widget elementor-widget-shortcode\" data-id=\"12f4d8c\" data-element_type=\"widget\" data-e-type=\"widget\" data-widget_type=\"shortcode.default\">\n\t\t\t\t<div class=\"elementor-widget-container\">\n\t\t\t\t\t\t\t<div class=\"elementor-shortcode\">\t\t<div id=\"pu-foam-calculator\">\n            <select class=\"apo_nice\" id=\"pu_foam_type\" onchange=\"updatePUFoamCalculations()\">\n                <option value=\"5000\">Foam H200<\/option>\n                <option value=\"13400\">Foam H75<\/option>\n                <option value=\"20000\">Foam HR<\/option>\n                <option value=\"6250\">Flexible foam X<\/option>\n                <option value=\"12500\">Flexible foam V<\/option>\n                <option value=\"20830\">Flexible foam III<\/option>\n                <option value=\"2500\">Flexible foam 25<\/option>\n            <\/select>\n            <input class=\"apo_nice\" type=\"number\" id=\"pu_length\" placeholder=\"Length (cm)\" onchange=\"updatePUFoamCalculations()\">\n            <input class=\"apo_nice\" type=\"number\" id=\"pu_width\" placeholder=\"Width (cm)\" onchange=\"updatePUFoamCalculations()\">\n            <input class=\"apo_nice\" type=\"number\" id=\"pu_height\" placeholder=\"Height (cm)\" onchange=\"updatePUFoamCalculations()\">\n            <div class=\"apo_nice\" id=\"pu_result\">Enter a value to start calculation.<\/div>\n        <\/div>\n\t\t<\/div>\n\t\t\t\t\t\t<\/div>\n\t\t\t\t<\/div>\n\t\t\t\t\t<\/div>\n\t\t\t\t<\/div>\n\t\t\t\t<\/div>\n\t\t","protected":false},"excerpt":{"rendered":"<p>Struttura in schiuma di poliuretano rigida<\/p>\n<p>La schiuma PU H200 \u00e8 una schiuma poliuretanica strutturale con una struttura rigida. Dopo l&#8217;indurimento, produce una schiuma molto dura con una struttura a celle chiuse e una pelle con una densit\u00e0 di 200 kg\/m\u00b3. Agente galleggiante privo di CFC. Resistente agli agenti chimici e agli acidi.   <\/p>\n","protected":false},"featured_media":24538,"template":"","meta":[],"product_brand":[],"product_cat":[1280,1732],"product_tag":[1248,1429,1333,1306,1330,1284,1444,1247],"class_list":{"0":"post-24536","1":"product","2":"type-product","3":"status-publish","4":"has-post-thumbnail","6":"product_cat-poliuretano","7":"product_cat-schiuma-espansiva-poliuretanica","8":"product_tag-arte","9":"product_tag-effetti-speciali","10":"product_tag-isolamento","11":"product_tag-kit-it","12":"product_tag-resistente-allacqua","13":"product_tag-rigido","14":"product_tag-schiuma","15":"product_tag-stampaggio","17":"first","18":"instock","19":"taxable","20":"shipping-taxable","21":"purchasable","22":"product-type-variable"},"_links":{"self":[{"href":"https:\/\/www.finres-sa.com\/it\/wp-json\/wp\/v2\/product\/24536","targetHints":{"allow":["GET"]}}],"collection":[{"href":"https:\/\/www.finres-sa.com\/it\/wp-json\/wp\/v2\/product"}],"about":[{"href":"https:\/\/www.finres-sa.com\/it\/wp-json\/wp\/v2\/types\/product"}],"version-history":[{"count":1,"href":"https:\/\/www.finres-sa.com\/it\/wp-json\/wp\/v2\/product\/24536\/revisions"}],"predecessor-version":[{"id":35169,"href":"https:\/\/www.finres-sa.com\/it\/wp-json\/wp\/v2\/product\/24536\/revisions\/35169"}],"wp:featuredmedia":[{"embeddable":true,"href":"https:\/\/www.finres-sa.com\/it\/wp-json\/wp\/v2\/media\/24538"}],"wp:attachment":[{"href":"https:\/\/www.finres-sa.com\/it\/wp-json\/wp\/v2\/media?parent=24536"}],"wp:term":[{"taxonomy":"product_brand","embeddable":true,"href":"https:\/\/www.finres-sa.com\/it\/wp-json\/wp\/v2\/product_brand?post=24536"},{"taxonomy":"product_cat","embeddable":true,"href":"https:\/\/www.finres-sa.com\/it\/wp-json\/wp\/v2\/product_cat?post=24536"},{"taxonomy":"product_tag","embeddable":true,"href":"https:\/\/www.finres-sa.com\/it\/wp-json\/wp\/v2\/product_tag?post=24536"}],"curies":[{"name":"wp","href":"https:\/\/api.w.org\/{rel}","templated":true}]}}