{"id":24546,"date":"2023-06-26T18:14:36","date_gmt":"2023-06-26T16:14:36","guid":{"rendered":"https:\/\/www.finres-sa.com\/product\/kit-schiuma-pu-h75\/"},"modified":"2026-01-12T16:19:58","modified_gmt":"2026-01-12T15:19:58","slug":"kit-schiuma-pu-h75","status":"publish","type":"product","link":"https:\/\/www.finres-sa.com\/it\/prodotto\/kit-schiuma-pu-h75\/","title":{"rendered":"KIT SCHIUMA PU H75"},"content":{"rendered":"\t\t<div data-elementor-type=\"product-post\" data-elementor-id=\"24546\" class=\"elementor elementor-24546\" data-elementor-post-type=\"product\">\n\t\t\t\t<div class=\"elementor-element elementor-element-c94e877 e-flex e-con-boxed e-con e-parent\" data-id=\"c94e877\" data-element_type=\"container\" data-e-type=\"container\" data-settings=\"{&quot;jet_parallax_layout_list&quot;:[]}\">\n\t\t\t\t\t<div class=\"e-con-inner\">\n\t\t\t\t<div class=\"elementor-element elementor-element-3ef9f557 elementor-widget elementor-widget-text-editor\" data-id=\"3ef9f557\" data-element_type=\"widget\" data-e-type=\"widget\" data-widget_type=\"text-editor.default\">\n\t\t\t\t<div class=\"elementor-widget-container\">\n\t\t\t\t\t\t\t\t\t<p><span style=\"color: #233c76;\">Schiuma poliuretanica rigida.<\/span><\/p>\t\t\t\t\t\t\t\t<\/div>\n\t\t\t\t<\/div>\n\t\t\t\t\t<\/div>\n\t\t\t\t<\/div>\n\t\t<div class=\"elementor-element elementor-element-c1dc6ba e-flex e-con-boxed e-con e-parent\" data-id=\"c1dc6ba\" data-element_type=\"container\" data-e-type=\"container\" data-settings=\"{&quot;jet_parallax_layout_list&quot;:[],&quot;background_background&quot;:&quot;classic&quot;}\">\n\t\t\t\t\t<div class=\"e-con-inner\">\n\t\t<div class=\"elementor-element elementor-element-67d0f07 e-grid e-con-boxed e-con e-child\" data-id=\"67d0f07\" data-element_type=\"container\" data-e-type=\"container\" data-settings=\"{&quot;jet_parallax_layout_list&quot;:[]}\">\n\t\t\t\t\t<div class=\"e-con-inner\">\n\t\t\t\t<div class=\"elementor-element elementor-element-310de92 elementor-widget elementor-widget-heading\" data-id=\"310de92\" data-element_type=\"widget\" data-e-type=\"widget\" data-widget_type=\"heading.default\">\n\t\t\t\t<div class=\"elementor-widget-container\">\n\t\t\t\t\t<h2 class=\"elementor-heading-title elementor-size-xl\">Descrizione<\/h2>\t\t\t\t<\/div>\n\t\t\t\t<\/div>\n\t\t\t\t<div class=\"elementor-element elementor-element-a786fde elementor-widget elementor-widget-heading\" data-id=\"a786fde\" data-element_type=\"widget\" data-e-type=\"widget\" data-widget_type=\"heading.default\">\n\t\t\t\t<div class=\"elementor-widget-container\">\n\t\t\t\t\t<h2 class=\"elementor-heading-title elementor-size-xl\">Istruzioni<\/h2>\t\t\t\t<\/div>\n\t\t\t\t<\/div>\n\t\t\t\t\t<\/div>\n\t\t\t\t<\/div>\n\t\t<div class=\"elementor-element elementor-element-9ce1061 e-grid e-con-boxed e-con e-child\" data-id=\"9ce1061\" data-element_type=\"container\" data-e-type=\"container\" data-settings=\"{&quot;jet_parallax_layout_list&quot;:[]}\">\n\t\t\t\t\t<div class=\"e-con-inner\">\n\t\t\t\t<div class=\"elementor-element elementor-element-0ed5086 elementor-widget elementor-widget-text-editor\" data-id=\"0ed5086\" data-element_type=\"widget\" data-e-type=\"widget\" data-widget_type=\"text-editor.default\">\n\t\t\t\t<div class=\"elementor-widget-container\">\n\t\t\t\t\t\t\t\t\t<p>La schiuma H75 PU \u00e8 una schiuma poliuretanica strutturale con struttura rigida e formazione di pelle per pezzi decorativi. Pi\u00f9 stabile, \u00e8 ideale per creare strutture che poi possono essere dipinte. <\/p><p>Utilizzalo per riempire spazi vuoti o forme come barche, forme in rilievo, figure o modelli. Con H 75 \u00e8 possibile imitare il legno quando viene versato in uno stampo di silicone. Grazie alla sua struttura a celle chiuse, adatta al contatto prolungato con l&#8217;acqua, pu\u00f2 essere verniciato, incollato, riempito, inchiodato e avvitato. Pu\u00f2 essere colorato con il 5% di pigmento PUR. Attenzione: non d\u00e0 un colore uniforme. Se esposto alla luce del sole, il materiale pu\u00f2 scolorire dopo qualche tempo.     <\/p><p>Dopo la polimerizzazione, la schiuma ottenuta ha una struttura a celle chiuse e una formazione a pelle, con una densit\u00e0 di 75 kg\/m\u00b3.<\/p>\t\t\t\t\t\t\t\t<\/div>\n\t\t\t\t<\/div>\n\t\t\t\t<div class=\"elementor-element elementor-element-bd93485 elementor-widget elementor-widget-text-editor\" data-id=\"bd93485\" data-element_type=\"widget\" data-e-type=\"widget\" data-widget_type=\"text-editor.default\">\n\t\t\t\t<div class=\"elementor-widget-container\">\n\t\t\t\t\t\t\t\t\t<p>Mescola bene i diversi componenti.<\/p><p>Mescola i due componenti in un rapporto di 100\/145 in peso e versa il composto nella forma o nell&#8217;area da riempire.<\/p><p>L&#8217;autonomia \u00e8 di circa 60 secondi.<\/p><p>L&#8217;espansione \u00e8 pari a circa 13 volte il volume.<\/p><p>Si asciuga dopo 15 minuti.<\/p><p>Deformabile dopo 20 minuti e completamente guarito dopo 12 ore. <\/p><p>Consenti una temperatura di lavorazione compresa tra i 20\u00b0C e i 25\u00b0C.<\/p><p>Conserva la schiuma tra i 10\u00b0C e i 25\u00b0C, poich\u00e9 \u00e8 sensibile al gelo.<\/p><p>La miscelazione avviene preferibilmente con un miscelatore meccanico.<\/p><p>Come agente distaccante, consigliamo APW.<\/p>\t\t\t\t\t\t\t\t<\/div>\n\t\t\t\t<\/div>\n\t\t\t\t\t<\/div>\n\t\t\t\t<\/div>\n\t\t\t\t\t<\/div>\n\t\t\t\t<\/div>\n\t\t<div class=\"elementor-element elementor-element-4b9f9eb e-flex e-con-boxed e-con e-parent\" data-id=\"4b9f9eb\" data-element_type=\"container\" data-e-type=\"container\" data-settings=\"{&quot;jet_parallax_layout_list&quot;:[],&quot;background_background&quot;:&quot;classic&quot;}\">\n\t\t\t\t\t<div class=\"e-con-inner\">\n\t\t<div class=\"elementor-element elementor-element-1c9bb87 e-grid e-con-boxed e-con e-child\" data-id=\"1c9bb87\" data-element_type=\"container\" data-e-type=\"container\" data-settings=\"{&quot;jet_parallax_layout_list&quot;:[]}\">\n\t\t\t\t\t<div class=\"e-con-inner\">\n\t\t\t\t<div class=\"elementor-element elementor-element-e5a1b76 elementor-widget elementor-widget-heading\" data-id=\"e5a1b76\" data-element_type=\"widget\" data-e-type=\"widget\" data-widget_type=\"heading.default\">\n\t\t\t\t<div class=\"elementor-widget-container\">\n\t\t\t\t\t<h2 class=\"elementor-heading-title elementor-size-xl\">Sicurezza<\/h2>\t\t\t\t<\/div>\n\t\t\t\t<\/div>\n\t\t\t\t\t<\/div>\n\t\t\t\t<\/div>\n\t\t<div class=\"elementor-element elementor-element-8f0139d e-grid e-con-boxed e-con e-child\" data-id=\"8f0139d\" data-element_type=\"container\" data-e-type=\"container\" data-settings=\"{&quot;jet_parallax_layout_list&quot;:[]}\">\n\t\t\t\t\t<div class=\"e-con-inner\">\n\t\t\t\t<div class=\"elementor-element elementor-element-61790cd elementor-widget elementor-widget-text-editor\" data-id=\"61790cd\" data-element_type=\"widget\" data-e-type=\"widget\" data-widget_type=\"text-editor.default\">\n\t\t\t\t<div class=\"elementor-widget-container\">\n\t\t\t\t\t\t\t\t\t<p>Indossa sempre indumenti e guanti protettivi adeguati. Evita il contatto prolungato con la pelle. Attenzione: il contenitore pu\u00f2 essere sotto pressione. Prodotto per la pulizia degli attrezzi: M cleaner e per le mani: Slig hand cleaner (sapone di Stockhausen).   <\/p>\t\t\t\t\t\t\t\t<\/div>\n\t\t\t\t<\/div>\n\t\t\t\t\t<\/div>\n\t\t\t\t<\/div>\n\t\t\t\t\t<\/div>\n\t\t\t\t<\/div>\n\t\t<div class=\"elementor-element elementor-element-3425478 e-flex e-con-boxed e-con e-child\" data-id=\"3425478\" data-element_type=\"container\" data-e-type=\"container\" data-settings=\"{&quot;background_background&quot;:&quot;classic&quot;,&quot;jet_parallax_layout_list&quot;:[]}\">\n\t\t\t\t\t<div class=\"e-con-inner\">\n\t\t\t\t<div class=\"elementor-element elementor-element-f344678 elementor-widget elementor-widget-heading\" data-id=\"f344678\" data-element_type=\"widget\" data-e-type=\"widget\" data-widget_type=\"heading.default\">\n\t\t\t\t<div class=\"elementor-widget-container\">\n\t\t\t\t\t<h2 class=\"elementor-heading-title elementor-size-default\">Schiuma calcolatrice PU<\/h2>\t\t\t\t<\/div>\n\t\t\t\t<\/div>\n\t\t\t\t<div class=\"elementor-element elementor-element-6d07275 elementor-widget elementor-widget-text-editor\" data-id=\"6d07275\" data-element_type=\"widget\" data-e-type=\"widget\" data-widget_type=\"text-editor.default\">\n\t\t\t\t<div class=\"elementor-widget-container\">\n\t\t\t\t\t\t\t\t\t<p><span style=\"color: #233c76;\">Per calcolare le quantit\u00e0 e le proporzioni di prodotto di cui avrai bisogno, specifica il prodotto in questione e le dimensioni dell&#8217;area da riempire.<\/span> <\/p>\t\t\t\t\t\t\t\t<\/div>\n\t\t\t\t<\/div>\n\t\t\t\t<div class=\"elementor-element elementor-element-c16c24b elementor-widget elementor-widget-shortcode\" data-id=\"c16c24b\" data-element_type=\"widget\" data-e-type=\"widget\" data-widget_type=\"shortcode.default\">\n\t\t\t\t<div class=\"elementor-widget-container\">\n\t\t\t\t\t\t\t<div class=\"elementor-shortcode\">[pu_foam_calculator]<\/div>\n\t\t\t\t\t\t<\/div>\n\t\t\t\t<\/div>\n\t\t\t\t\t<\/div>\n\t\t\t\t<\/div>\n\t\t\t\t<\/div>\n\t\t","protected":false},"excerpt":{"rendered":"<p>Struttura in schiuma di poliuretano rigida<\/p>\n<p>La schiuma H75 PU \u00e8 una schiuma poliuretanica strutturale con struttura rigida e formazione di pelle per pezzi decorativi. Pi\u00f9 stabile, \u00e8 ideale per creare strutture che poi possono essere dipinte. <\/p>\n","protected":false},"featured_media":24547,"template":"","meta":[],"product_brand":[],"product_cat":[1280,1732],"product_tag":[1248,1429,1333,1306,1284,1444,1247],"class_list":{"0":"post-24546","1":"product","2":"type-product","3":"status-publish","4":"has-post-thumbnail","6":"product_cat-poliuretano","7":"product_cat-schiuma-espansiva-poliuretanica","8":"product_tag-arte","9":"product_tag-effetti-speciali","10":"product_tag-isolamento","11":"product_tag-kit-it","12":"product_tag-rigido","13":"product_tag-schiuma","14":"product_tag-stampaggio","16":"first","17":"instock","18":"taxable","19":"shipping-taxable","20":"purchasable","21":"product-type-variable"},"_links":{"self":[{"href":"https:\/\/www.finres-sa.com\/it\/wp-json\/wp\/v2\/product\/24546","targetHints":{"allow":["GET"]}}],"collection":[{"href":"https:\/\/www.finres-sa.com\/it\/wp-json\/wp\/v2\/product"}],"about":[{"href":"https:\/\/www.finres-sa.com\/it\/wp-json\/wp\/v2\/types\/product"}],"version-history":[{"count":0,"href":"https:\/\/www.finres-sa.com\/it\/wp-json\/wp\/v2\/product\/24546\/revisions"}],"wp:featuredmedia":[{"embeddable":true,"href":"https:\/\/www.finres-sa.com\/it\/wp-json\/wp\/v2\/media\/24547"}],"wp:attachment":[{"href":"https:\/\/www.finres-sa.com\/it\/wp-json\/wp\/v2\/media?parent=24546"}],"wp:term":[{"taxonomy":"product_brand","embeddable":true,"href":"https:\/\/www.finres-sa.com\/it\/wp-json\/wp\/v2\/product_brand?post=24546"},{"taxonomy":"product_cat","embeddable":true,"href":"https:\/\/www.finres-sa.com\/it\/wp-json\/wp\/v2\/product_cat?post=24546"},{"taxonomy":"product_tag","embeddable":true,"href":"https:\/\/www.finres-sa.com\/it\/wp-json\/wp\/v2\/product_tag?post=24546"}],"curies":[{"name":"wp","href":"https:\/\/api.w.org\/{rel}","templated":true}]}}