{"id":24552,"date":"2023-06-26T18:14:11","date_gmt":"2023-06-26T16:14:11","guid":{"rendered":"https:\/\/www.finres-sa.com\/product\/kit-epossidico-3350-3358\/"},"modified":"2025-12-12T09:44:40","modified_gmt":"2025-12-12T08:44:40","slug":"kit-epossidico-3350-3358","status":"publish","type":"product","link":"https:\/\/www.finres-sa.com\/it\/prodotto\/kit-epossidico-3350-3358\/","title":{"rendered":"KIT EPOSSIDICO 3350-3358"},"content":{"rendered":"<p>Il sistema epossidico RESOLTECH 3350 \/ 3358T \u00e8 un adesivo molto resistente e ad alte prestazioni. Grazie alla sua bagnabilit\u00e0, allungamento e resilienza, \u00e8 in grado di incollare la maggior parte dei materiali. <\/p>\n<p>La sua consistenza grassa lo rende molto facile da applicare con una spatola. La sua soglia di scorrimento \u00e8 superiore a 5 mm in verticale a 23\u00b0C. <\/p>\n<p>Particolarmente resistente alla propagazione delle microfessure, questo sistema \u00e8 molto efficace per l&#8217;incollaggio in condizioni di fatica. Ha un&#8217;ampia gamma di applicazioni: incollaggio di parti in composito e metallo strutturale, rilaminazione di preimpregnati bagnati, interfacciamento con il tack per la laminazione di soffitti, ecc. <\/p>\n<p><strong>Vantaggi del prodotto<\/strong><\/p>\n<p>&#8211; Elastomero modificato con resina epossidica<\/p>\n<p>&#8211; Elevata resistenza al taglio e alla pelatura<\/p>\n<p>&#8211; Eccellente applicabilit\u00e0 (consistenza tixotropica simile al grasso)<\/p>\n<p>&#8211; Soglia di fuga superiore a 5 mm<\/p>\n<p>&#8211; Pu\u00f2 essere applicato anche in condizioni di elevata umidit\u00e0.<\/p>\n<p>&#8211; Disponibile in cartuccia (3358T) &#8211; Dosaggio 2 \/ 1 in volume<\/p>\n<p><strong>Informazioni<\/strong><\/p>\n<p>TG (\u00b0C) 45<\/p>\n<p>Densit\u00e0 della miscela 1<\/p>\n<p>Tempo di gel su 70 mL, 4cm a 23\u00b0C 25m &#8211; 1h35m<\/p>\n<p><strong>Dati tecnici<\/strong> <a href=\"https:\/\/www.resoltech.com\/fr\/march%C3%A9s\/3350-detail.html\" target=\"_blank\" rel=\"noopener\">https:\/\/www.resoltech.com\/fr\/march\u00e9s\/3350-detail.html<\/a><\/p>\n","protected":false},"excerpt":{"rendered":"<p>Adesivo epossidico strutturale<\/p>\n<p>Il sistema epossidico RESOLTECH 3350 \/ 3358T \u00e8 un adesivo molto resistente e ad alte prestazioni. Grazie alla sua bagnabilit\u00e0, allungamento e resilienza, \u00e8 in grado di incollare la maggior parte dei materiali. <\/p>\n","protected":false},"featured_media":24555,"template":"","meta":[],"product_brand":[],"product_cat":[1678,1263],"product_tag":[1449,1383,1366,1250,1306,1406,1330,1284,1368,1307],"class_list":{"0":"post-24552","1":"product","2":"type-product","3":"status-publish","4":"has-post-thumbnail","6":"product_cat-colla-epossidica","7":"product_cat-epossidica","8":"product_tag-adesivo","9":"product_tag-alta-resistenza","10":"product_tag-epossidica","11":"product_tag-flessibile","12":"product_tag-kit-it","13":"product_tag-marino","14":"product_tag-resistente-allacqua","15":"product_tag-rigido","16":"product_tag-riparazione","17":"product_tag-stratificazione","19":"first","20":"instock","21":"taxable","22":"shipping-taxable","23":"purchasable","24":"product-type-variable"},"_links":{"self":[{"href":"https:\/\/www.finres-sa.com\/it\/wp-json\/wp\/v2\/product\/24552","targetHints":{"allow":["GET"]}}],"collection":[{"href":"https:\/\/www.finres-sa.com\/it\/wp-json\/wp\/v2\/product"}],"about":[{"href":"https:\/\/www.finres-sa.com\/it\/wp-json\/wp\/v2\/types\/product"}],"version-history":[{"count":0,"href":"https:\/\/www.finres-sa.com\/it\/wp-json\/wp\/v2\/product\/24552\/revisions"}],"wp:featuredmedia":[{"embeddable":true,"href":"https:\/\/www.finres-sa.com\/it\/wp-json\/wp\/v2\/media\/24555"}],"wp:attachment":[{"href":"https:\/\/www.finres-sa.com\/it\/wp-json\/wp\/v2\/media?parent=24552"}],"wp:term":[{"taxonomy":"product_brand","embeddable":true,"href":"https:\/\/www.finres-sa.com\/it\/wp-json\/wp\/v2\/product_brand?post=24552"},{"taxonomy":"product_cat","embeddable":true,"href":"https:\/\/www.finres-sa.com\/it\/wp-json\/wp\/v2\/product_cat?post=24552"},{"taxonomy":"product_tag","embeddable":true,"href":"https:\/\/www.finres-sa.com\/it\/wp-json\/wp\/v2\/product_tag?post=24552"}],"curies":[{"name":"wp","href":"https:\/\/api.w.org\/{rel}","templated":true}]}}