{"id":24553,"date":"2023-06-26T18:14:35","date_gmt":"2023-06-26T16:14:35","guid":{"rendered":"https:\/\/www.finres-sa.com\/product\/schiuma-pu-kit-souple-schiuma-x\/"},"modified":"2026-03-17T09:31:10","modified_gmt":"2026-03-17T08:31:10","slug":"schiuma-pu-kit-souple-schiuma-x","status":"publish","type":"product","link":"https:\/\/www.finres-sa.com\/it\/prodotto\/schiuma-pu-kit-souple-schiuma-x\/","title":{"rendered":"SCHIUMA PU KIT SOUPLE SCHIUMA X"},"content":{"rendered":"\t\t<div data-elementor-type=\"product-post\" data-elementor-id=\"24553\" class=\"elementor elementor-24553 elementor-5510\" data-elementor-post-type=\"product\">\n\t\t\t\t<div class=\"elementor-element elementor-element-6c585013 e-flex e-con-boxed e-con e-parent\" data-id=\"6c585013\" data-element_type=\"container\" data-e-type=\"container\" data-settings=\"{&quot;jet_parallax_layout_list&quot;:[]}\">\n\t\t\t\t\t<div class=\"e-con-inner\">\n\t\t\t\t<div class=\"elementor-element elementor-element-3b4a7a51 elementor-widget elementor-widget-text-editor\" data-id=\"3b4a7a51\" data-element_type=\"widget\" data-e-type=\"widget\" data-widget_type=\"text-editor.default\">\n\t\t\t\t<div class=\"elementor-widget-container\">\n\t\t\t\t\t\t\t\t\t<p data-pm-slice=\"1 1 []\">Le schiume della serie FlexFoam-iT!\u2122 sono sistemi di qualit\u00e0 superiore che si espandono in 1 minuto e rimangono flessibili dopo l&#8217;indurimento. Possono essere utilizzate per una serie di progetti industriali, effetti speciali, arte e artigianato, grazie alla possibilit\u00e0 di scegliere tra 4 diverse densit\u00e0.<\/p><p>La schiuma poliuretanica Flexfoam X si presenta sotto forma di 2 liquidi da miscelare in parti uguali e poi versare in uno stampo.<\/p><p>La miscelazione pu\u00f2 essere fatta a volume, quindi non hai bisogno di una bilancia per lavorarci.<\/p><p>Il rapporto \u00e8 di 1:1 e la sua bassa viscosit\u00e0 fa s\u00ec che si mescoli facilmente e in modo uniforme. Dopo 30 secondi, la miscela inizia a schiumare e si indurisce rapidamente in una schiuma solida e flessibile. <\/p><p>L&#8217;espansione di una schiuma di poliuretano dipende dalla sua densit\u00e0: pi\u00f9 basso \u00e8 l&#8217;indice, pi\u00f9 la schiuma si espander\u00e0. La densit\u00e0 della schiuma viene utilizzata per calcolare il volume necessario per il riempimento. <\/p><p>  Grazie alla possibilit\u00e0 di scegliere tra diverse densit\u00e0, le schiume PU flessibili sono ideali per la realizzazione di strumenti da combattimento (spade, coltelli, martelli, ecc.), guarnizioni industriali, imbottiture personalizzate, ma sono anche utilizzate come materiali di riparazione per i sedili, per progettare scatole da trasporto personalizzate, finti oggetti di scena cinematografici, corpi, cibi o qualsiasi altro oggetto incredibilmente realistico.<\/p><p>I prodotti poliuretanici e le schiume poliuretaniche possono essere pigmentati in massa utilizzando i 9 coloranti della gamma SO-Strong\u2122.<\/p>\t\t\t\t\t\t\t\t<\/div>\n\t\t\t\t<\/div>\n\t\t\t\t\t<\/div>\n\t\t\t\t<\/div>\n\t\t<div class=\"elementor-element elementor-element-83093f0 e-flex e-con-boxed e-con e-parent\" data-id=\"83093f0\" data-element_type=\"container\" data-e-type=\"container\" data-settings=\"{&quot;jet_parallax_layout_list&quot;:[],&quot;background_background&quot;:&quot;classic&quot;}\">\n\t\t\t\t\t<div class=\"e-con-inner\">\n\t\t<div class=\"elementor-element elementor-element-22183b0 e-grid e-con-boxed e-con e-child\" data-id=\"22183b0\" data-element_type=\"container\" data-e-type=\"container\" data-settings=\"{&quot;jet_parallax_layout_list&quot;:[]}\">\n\t\t\t\t\t<div class=\"e-con-inner\">\n\t\t\t\t<div class=\"elementor-element elementor-element-b8fd543 elementor-widget elementor-widget-heading\" data-id=\"b8fd543\" data-element_type=\"widget\" data-e-type=\"widget\" data-widget_type=\"heading.default\">\n\t\t\t\t<div class=\"elementor-widget-container\">\n\t\t\t\t\t<h2 class=\"elementor-heading-title elementor-size-xl\">Caratteristiche<\/h2>\t\t\t\t<\/div>\n\t\t\t\t<\/div>\n\t\t\t\t\t<\/div>\n\t\t\t\t<\/div>\n\t\t<div class=\"elementor-element elementor-element-4b2cea5 e-grid e-con-boxed e-con e-child\" data-id=\"4b2cea5\" data-element_type=\"container\" data-e-type=\"container\" data-settings=\"{&quot;jet_parallax_layout_list&quot;:[]}\">\n\t\t\t\t\t<div class=\"e-con-inner\">\n\t\t\t\t<div class=\"elementor-element elementor-element-58a35b9 elementor-widget elementor-widget-text-editor\" data-id=\"58a35b9\" data-element_type=\"widget\" data-e-type=\"widget\" data-widget_type=\"text-editor.default\">\n\t\t\t\t<div class=\"elementor-widget-container\">\n\t\t\t\t\t\t\t\t\t<p data-pm-slice=\"1 1 []\">Rapporto di miscelazione in volume: 1:1, rapporto di miscelazione in peso 105A : 100 B<\/p><p>Densit\u00e0: 160 kg\/m\u00b3.<\/p><p>Espansione: X6<\/p><p>Colore: biancastro<\/p><p>Tempo di lavoro: 50 secondi.<\/p><p>Sformatura: 45 min.<\/p><p>Polimerizzazione completa: 2 ore<\/p>\t\t\t\t\t\t\t\t<\/div>\n\t\t\t\t<\/div>\n\t\t\t\t\t<\/div>\n\t\t\t\t<\/div>\n\t\t\t\t\t<\/div>\n\t\t\t\t<\/div>\n\t\t<div class=\"elementor-element elementor-element-610fa0e e-flex e-con-boxed e-con e-parent\" data-id=\"610fa0e\" data-element_type=\"container\" data-e-type=\"container\" data-settings=\"{&quot;jet_parallax_layout_list&quot;:[],&quot;background_background&quot;:&quot;classic&quot;}\">\n\t\t\t\t\t<div class=\"e-con-inner\">\n\t\t<div class=\"elementor-element elementor-element-11e5061 e-grid e-con-boxed e-con e-child\" data-id=\"11e5061\" data-element_type=\"container\" data-e-type=\"container\" data-settings=\"{&quot;jet_parallax_layout_list&quot;:[]}\">\n\t\t\t\t\t<div class=\"e-con-inner\">\n\t\t\t\t<div class=\"elementor-element elementor-element-87b04be elementor-widget elementor-widget-heading\" data-id=\"87b04be\" data-element_type=\"widget\" data-e-type=\"widget\" data-widget_type=\"heading.default\">\n\t\t\t\t<div class=\"elementor-widget-container\">\n\t\t\t\t\t<h2 class=\"elementor-heading-title elementor-size-xl\">Implementazione<\/h2>\t\t\t\t<\/div>\n\t\t\t\t<\/div>\n\t\t\t\t\t<\/div>\n\t\t\t\t<\/div>\n\t\t<div class=\"elementor-element elementor-element-7cc4d7d e-grid e-con-boxed e-con e-child\" data-id=\"7cc4d7d\" data-element_type=\"container\" data-e-type=\"container\" data-settings=\"{&quot;jet_parallax_layout_list&quot;:[]}\">\n\t\t\t\t\t<div class=\"e-con-inner\">\n\t\t\t\t<div class=\"elementor-element elementor-element-b77ed89 elementor-widget elementor-widget-text-editor\" data-id=\"b77ed89\" data-element_type=\"widget\" data-e-type=\"widget\" data-widget_type=\"text-editor.default\">\n\t\t\t\t<div class=\"elementor-widget-container\">\n\t\t\t\t\t\t\t\t\t<p data-pm-slice=\"1 1 []\"><strong>1 &#8211; Preparazione<\/strong><\/p><p>Superficie: Assicurati che le superfici da trattare siano pulite, asciutte e prive di polvere, grasso e oli.<\/p><p>Temperatura: applica la schiuma in un ambiente a bassa umidit\u00e0 e a una temperatura ambiente di 23\u00b0C.<\/p><p>Protezione: Proteggi le aree circostanti con nastro adesivo e teloni per evitare fuoriuscite accidentali.<\/p><p>Il contenitore di miscelazione deve avere i lati dritti e la base piatta. Le bacchette per impastare devono essere piatte e rigide con bordi definiti in modo da poter raschiare i lati e il fondo del contenitore. <\/p><p><strong>2- Agente di rilascio<\/strong><\/p><p>La schiuma poliuretanica aderisce fortemente a molte superfici (legno, cemento, pietra, intonaco, ecc.), quindi \u00e8 necessario utilizzare un agente distaccante.<\/p><p>ATTENZIONE: non utilizzare un agente distaccante a base di silicone. Questo causer\u00e0 il collasso della schiuma <\/p><p><strong>3 &#8211; Rapporto di miscelazione<\/strong><\/p><p>Rapporto di miscelazione in volume: 1:1<\/p><p>Rapporto di miscelazione in peso: 105A : 100 B<\/p><p><strong>4 &#8211; Quantit\u00e0<\/strong><\/p><p>Usa il nostro calcolatore in fondo alla pagina per sapere quanta schiuma ti serve.<\/p><p><strong>5 &#8211; Premiscelazione e miscelazione<\/strong><\/p><p>Agita vigorosamente i flaconi della Parte A e della Parte B prima di aprirli e distribuirli.<\/p><p>Dopo aver calcolato e pesato la quantit\u00e0 di schiuma necessaria per riempire il tuo stampo, versa il componente B nel componente A.<\/p><p>Mescola rapidamente e deliberatamente per almeno 15 secondi. Assicurati di raschiare pi\u00f9 volte i lati e il fondo del contenitore. <\/p><p>Ricorda che questi materiali si espandono e si induriscono rapidamente. Non ritardare il versamento nello stampo. <\/p><p><strong>6 &#8211; Riempire lo stampo<\/strong><\/p><p>  Per ottenere risultati migliori, versa la miscela in un unico punto nel punto pi\u00f9 basso del campo di contenimento e lascia che la miscela si livelli.<\/p><p>Lascia uno spazio nel campo di contenimento affinch\u00e9 la schiuma si espanda quando raggiunge il suo volume finale.<\/p><p><strong>7 &#8211; Indurimento<\/strong><\/p><p>Lascia indurire la schiuma per almeno 30 minuti prima di maneggiarla.<\/p><p>Sar\u00e0 completamente asciutto dopo 2 ore.<\/p><p><strong>8 &#8211; Consiglio di amministrazione<\/strong><\/p><p>  Grandi volumi: la fusione di grandi quantit\u00e0 alla volta in alcune configurazioni di stampi (ad esempio cilindrici) pu\u00f2 causare un eccesso di calore e provocare crepe. La colata in strati successivi pu\u00f2 risolvere questo problema. <\/p><p>Pigmentazione: aggiungi il colorante al componente A, mescola energicamente e poi inserisci il componente B nella miscela del contenitore.<\/p><p>La tua schiuma sta collassando? Si tratta di un fenomeno comune associato al freddo o a una miscelazione inadeguata. <\/p><p><strong>9 &#8211; Conservazione<\/strong><\/p><p>Questo tipo di prodotto ha una durata di conservazione limitata e deve essere utilizzato il prima possibile.<\/p><p><strong>10- Sicurezza<\/strong><\/p><p>dannoso per inalazione. dannoso per inalazione Una buona ventilazione \u00e8 essenziale. <\/p><p>  Indossa occhiali di sicurezza, maniche lunghe e guanti per ridurre al minimo la contaminazione.<\/p><p>Il contatto con la pelle e gli occhi pu\u00f2 causare gravi irritazioni.<\/p><p>La Parte B (etichetta blu) \u00e8 irritante per gli occhi e la pelle. Evita il contatto prolungato o ripetuto con la pelle. <\/p><p>La parte A (etichetta gialla) contiene metilendifenildiisocante. I vapori, che possono essere significativi se riscaldati o spruzzati, possono causare danni ai polmoni e sensibilizzazione. Utilizzare solo con una ventilazione adeguata.  <\/p>\t\t\t\t\t\t\t\t<\/div>\n\t\t\t\t<\/div>\n\t\t\t\t\t<\/div>\n\t\t\t\t<\/div>\n\t\t\t\t\t<\/div>\n\t\t\t\t<\/div>\n\t\t<div class=\"elementor-element elementor-element-9ccad61 e-flex e-con-boxed e-con e-child\" data-id=\"9ccad61\" data-element_type=\"container\" data-e-type=\"container\" data-settings=\"{&quot;background_background&quot;:&quot;classic&quot;,&quot;jet_parallax_layout_list&quot;:[]}\">\n\t\t\t\t\t<div class=\"e-con-inner\">\n\t\t\t\t<div class=\"elementor-element elementor-element-16bd745 elementor-widget elementor-widget-heading\" data-id=\"16bd745\" data-element_type=\"widget\" data-e-type=\"widget\" data-widget_type=\"heading.default\">\n\t\t\t\t<div class=\"elementor-widget-container\">\n\t\t\t\t\t<h2 class=\"elementor-heading-title elementor-size-default\">Schiuma calcolatrice PU<\/h2>\t\t\t\t<\/div>\n\t\t\t\t<\/div>\n\t\t\t\t<div class=\"elementor-element elementor-element-0ec9150 elementor-widget elementor-widget-text-editor\" data-id=\"0ec9150\" data-element_type=\"widget\" data-e-type=\"widget\" data-widget_type=\"text-editor.default\">\n\t\t\t\t<div class=\"elementor-widget-container\">\n\t\t\t\t\t\t\t\t\t<p><span style=\"color: #233c76;\">Per calcolare le quantit\u00e0 e le proporzioni di prodotto di cui avrai bisogno, specifica il prodotto in questione e le dimensioni dell&#8217;area da riempire.<\/span> <\/p>\t\t\t\t\t\t\t\t<\/div>\n\t\t\t\t<\/div>\n\t\t\t\t<div class=\"elementor-element elementor-element-c28b55b elementor-widget elementor-widget-shortcode\" data-id=\"c28b55b\" data-element_type=\"widget\" data-e-type=\"widget\" data-widget_type=\"shortcode.default\">\n\t\t\t\t<div class=\"elementor-widget-container\">\n\t\t\t\t\t\t\t<div class=\"elementor-shortcode\">\t\t<div id=\"pu-foam-calculator\">\n            <select class=\"apo_nice\" id=\"pu_foam_type\" onchange=\"updatePUFoamCalculations()\">\n                <option value=\"5000\">Foam H200<\/option>\n                <option value=\"13400\">Foam H75<\/option>\n                <option value=\"20000\">Foam HR<\/option>\n                <option value=\"6250\">Flexible foam X<\/option>\n                <option value=\"12500\">Flexible foam V<\/option>\n                <option value=\"20830\">Flexible foam III<\/option>\n                <option value=\"2500\">Flexible foam 25<\/option>\n            <\/select>\n            <input class=\"apo_nice\" type=\"number\" id=\"pu_length\" placeholder=\"Length (cm)\" onchange=\"updatePUFoamCalculations()\">\n            <input class=\"apo_nice\" type=\"number\" id=\"pu_width\" placeholder=\"Width (cm)\" onchange=\"updatePUFoamCalculations()\">\n            <input class=\"apo_nice\" type=\"number\" id=\"pu_height\" placeholder=\"Height (cm)\" onchange=\"updatePUFoamCalculations()\">\n            <div class=\"apo_nice\" id=\"pu_result\">Enter a value to start calculation.<\/div>\n        <\/div>\n\t\t<\/div>\n\t\t\t\t\t\t<\/div>\n\t\t\t\t<\/div>\n\t\t\t\t\t<\/div>\n\t\t\t\t<\/div>\n\t\t\t\t<\/div>\n\t\t","protected":false},"excerpt":{"rendered":"<p><span style=\"color: #ffffff;\">Le schiume della serie FlexFoam-iT!\u2122 sono schiume flessibili che si espandono in 1 minuto e possono essere utilizzate per una variet\u00e0 di progetti artigianali, effetti speciali, opere d&#8217;arte e mobili di design. Sono disponibili in due liquidi, una base da mescolare con il suo catalizzatore e da versare in uno stampo.<\/span><\/p>\n","protected":false},"featured_media":24554,"template":"","meta":[],"product_brand":[],"product_cat":[1280,1732,1243],"product_tag":[1248,1429,1250,1306,1444,1247],"class_list":{"0":"post-24553","1":"product","2":"type-product","3":"status-publish","4":"has-post-thumbnail","6":"product_cat-poliuretano","7":"product_cat-schiuma-espansiva-poliuretanica","8":"product_cat-stampaggio-e-silicone","9":"product_tag-arte","10":"product_tag-effetti-speciali","11":"product_tag-flessibile","12":"product_tag-kit-it","13":"product_tag-schiuma","14":"product_tag-stampaggio","16":"first","17":"instock","18":"taxable","19":"shipping-taxable","20":"purchasable","21":"product-type-variable"},"_links":{"self":[{"href":"https:\/\/www.finres-sa.com\/it\/wp-json\/wp\/v2\/product\/24553","targetHints":{"allow":["GET"]}}],"collection":[{"href":"https:\/\/www.finres-sa.com\/it\/wp-json\/wp\/v2\/product"}],"about":[{"href":"https:\/\/www.finres-sa.com\/it\/wp-json\/wp\/v2\/types\/product"}],"version-history":[{"count":1,"href":"https:\/\/www.finres-sa.com\/it\/wp-json\/wp\/v2\/product\/24553\/revisions"}],"predecessor-version":[{"id":37330,"href":"https:\/\/www.finres-sa.com\/it\/wp-json\/wp\/v2\/product\/24553\/revisions\/37330"}],"wp:featuredmedia":[{"embeddable":true,"href":"https:\/\/www.finres-sa.com\/it\/wp-json\/wp\/v2\/media\/24554"}],"wp:attachment":[{"href":"https:\/\/www.finres-sa.com\/it\/wp-json\/wp\/v2\/media?parent=24553"}],"wp:term":[{"taxonomy":"product_brand","embeddable":true,"href":"https:\/\/www.finres-sa.com\/it\/wp-json\/wp\/v2\/product_brand?post=24553"},{"taxonomy":"product_cat","embeddable":true,"href":"https:\/\/www.finres-sa.com\/it\/wp-json\/wp\/v2\/product_cat?post=24553"},{"taxonomy":"product_tag","embeddable":true,"href":"https:\/\/www.finres-sa.com\/it\/wp-json\/wp\/v2\/product_tag?post=24553"}],"curies":[{"name":"wp","href":"https:\/\/api.w.org\/{rel}","templated":true}]}}