{"id":24571,"date":"2023-06-26T18:14:11","date_gmt":"2023-06-26T16:14:11","guid":{"rendered":"https:\/\/www.finres-sa.com\/product\/primer-epossidico-multiuso-1010-1014\/"},"modified":"2026-03-13T14:54:23","modified_gmt":"2026-03-13T13:54:23","slug":"primer-epossidico-multiuso-1010-1014","status":"publish","type":"product","link":"https:\/\/www.finres-sa.com\/it\/prodotto\/primer-epossidico-multiuso-1010-1014\/","title":{"rendered":"PRIMAIRE EPOXY MULTI-USAGE &#8211; 1010\/1014"},"content":{"rendered":"<p>RESOLCOAT 1010 \u00e8 un sistema epossidico all&#8217;acqua unico nel suo genere. Pu\u00f2 essere utilizzato in una moltitudine di applicazioni come primer, vernice, legante per malte e autolivellanti, in settori diversi come la costruzione navale o l&#8217;edilizia. Ad eccezione dei supporti idrofobi, il sistema RESOLCOAT 1010 \u00e8 compatibile con la maggior parte dei supporti porosi come legno, calcestruzzo, cemento, pietra, terracotta, metallo, ecc.  <\/p>\n<p>Altamente diluibile in acqua, la sua viscosit\u00e0 pu\u00f2 essere estremamente bassa, rendendolo una resina ideale per l&#8217;impregnazione. Pu\u00f2 quindi essere utilizzato come primer di alta qualit\u00e0 nella preparazione del legno per la nautica, cos\u00ec come consolidante per legni antichi deteriorati dal tempo nell&#8217;edilizia e nel restauro di boiserie. <\/p>\n<p>Poco o per nulla diluito, diventa una vernice trasparente molto resistente all&#8217;abrasione e con un&#8217;ottima qualit\u00e0 di finitura. Esalta il colore del legno e di altri materiali porosi come la terracotta. Inoltre, la naturale microporosit\u00e0 al vapore acqueo del sistema 1010 lo rende un primer ideale per legno, calcestruzzo e altri materiali che devono traspirare.  <\/p>\n<p>Il sistema 1010 \u00e8 disponibile in due versioni di brillantezza. L&#8217;indurente 1014 conferisce un aspetto lucido, mentre il 1016 dona un aspetto opaco. <\/p>\n<p><strong>Vantaggi del prodotto<\/strong><\/p>\n<p>Il sistema 1010 non contiene solventi, risultando quindi pi\u00f9 sicuro per la salute e l&#8217;ambiente rispetto ai prodotti a solvente. La pulizia di attrezzature e strumenti si effettua semplicemente con acqua. <\/p>\n<p><strong>Informazioni  <\/strong><\/p>\n<p>Densit\u00e0 della miscela 1,1<\/p>\n<p>Tempo di gel su 70 ml, 4 cm a 23 \u00b0C: 1 h<\/p>\n<p><strong>Scheda tecnica <\/strong>https:\/\/www.resoltech.com\/fr\/produits\/epoxy\/1010-detail.html<\/p>\n","protected":false},"excerpt":{"rendered":"<p>RESOLCOAT 1010 \u00e8 un sistema epossidico all&#8217;acqua unico nel suo genere. Pu\u00f2 essere utilizzato in una moltitudine di applicazioni come primer, vernice, legante per malte e autolivellanti, in settori diversi come la costruzione navale o l&#8217;edilizia. Ad eccezione dei supporti idrofobi, il sistema RESOLCOAT 1010 \u00e8 compatibile con la maggior parte dei supporti porosi come legno, calcestruzzo, cemento, pietra, terracotta, metallo, ecc.  <\/p>\n","protected":false},"featured_media":24572,"template":"","meta":[],"product_brand":[],"product_cat":[1263,1750],"product_tag":[1366,1306,1405,1406,1330,1284,1368,1307,1331],"class_list":{"0":"post-24571","1":"product","2":"type-product","3":"status-publish","4":"has-post-thumbnail","6":"product_cat-epossidica","7":"product_cat-primer-epossidico","8":"product_tag-epossidica","9":"product_tag-kit-it","10":"product_tag-legno","11":"product_tag-marino","12":"product_tag-resistente-allacqua","13":"product_tag-rigido","14":"product_tag-riparazione","15":"product_tag-stratificazione","16":"product_tag-trasparente","18":"first","19":"instock","20":"taxable","21":"shipping-taxable","22":"purchasable","23":"product-type-variable"},"_links":{"self":[{"href":"https:\/\/www.finres-sa.com\/it\/wp-json\/wp\/v2\/product\/24571","targetHints":{"allow":["GET"]}}],"collection":[{"href":"https:\/\/www.finres-sa.com\/it\/wp-json\/wp\/v2\/product"}],"about":[{"href":"https:\/\/www.finres-sa.com\/it\/wp-json\/wp\/v2\/types\/product"}],"version-history":[{"count":0,"href":"https:\/\/www.finres-sa.com\/it\/wp-json\/wp\/v2\/product\/24571\/revisions"}],"wp:featuredmedia":[{"embeddable":true,"href":"https:\/\/www.finres-sa.com\/it\/wp-json\/wp\/v2\/media\/24572"}],"wp:attachment":[{"href":"https:\/\/www.finres-sa.com\/it\/wp-json\/wp\/v2\/media?parent=24571"}],"wp:term":[{"taxonomy":"product_brand","embeddable":true,"href":"https:\/\/www.finres-sa.com\/it\/wp-json\/wp\/v2\/product_brand?post=24571"},{"taxonomy":"product_cat","embeddable":true,"href":"https:\/\/www.finres-sa.com\/it\/wp-json\/wp\/v2\/product_cat?post=24571"},{"taxonomy":"product_tag","embeddable":true,"href":"https:\/\/www.finres-sa.com\/it\/wp-json\/wp\/v2\/product_tag?post=24571"}],"curies":[{"name":"wp","href":"https:\/\/api.w.org\/{rel}","templated":true}]}}