{"id":24639,"date":"2023-06-26T18:14:11","date_gmt":"2023-06-26T16:14:11","guid":{"rendered":"https:\/\/www.finres-sa.com\/product\/kit-jesmonite-ac730\/"},"modified":"2026-02-25T14:08:03","modified_gmt":"2026-02-25T13:08:03","slug":"kit-jesmonite-ac730","status":"publish","type":"product","link":"https:\/\/www.finres-sa.com\/it\/prodotto\/kit-jesmonite-ac730\/","title":{"rendered":"KIT JESMONITE AC730"},"content":{"rendered":"\t\t<div data-elementor-type=\"product-post\" data-elementor-id=\"24639\" class=\"elementor elementor-24639 elementor-5446\" data-elementor-post-type=\"product\">\n\t\t\t\t<div class=\"elementor-element elementor-element-3293df31 e-flex e-con-boxed e-con e-parent\" data-id=\"3293df31\" data-element_type=\"container\" data-e-type=\"container\" data-settings=\"{&quot;jet_parallax_layout_list&quot;:[]}\">\n\t\t\t\t\t<div class=\"e-con-inner\">\n\t\t\t\t<div class=\"elementor-element elementor-element-1e7db3a elementor-widget elementor-widget-heading\" data-id=\"1e7db3a\" data-element_type=\"widget\" data-e-type=\"widget\" data-widget_type=\"heading.default\">\n\t\t\t\t<div class=\"elementor-widget-container\">\n\t\t\t\t\t<h2 class=\"elementor-heading-title elementor-size-large\">Jesmonite\u00ae AC730 effetto pietra: materiale composito architettonico<\/h2>\t\t\t\t<\/div>\n\t\t\t\t<\/div>\n\t\t\t\t<div class=\"elementor-element elementor-element-44196a3 elementor-widget elementor-widget-text-editor\" data-id=\"44196a3\" data-element_type=\"widget\" data-e-type=\"widget\" data-widget_type=\"text-editor.default\">\n\t\t\t\t<div class=\"elementor-widget-container\">\n\t\t\t\t\t\t\t\t\t<p data-pm-slice=\"1 1 []\">Jesmonite\u00ae AC730 \u00e8 un materiale composito minerale a presa rapida, formulato a partire da una base cementizia modificata con polimero acrilico.<br>Permette di riprodurre l&#8217;aspetto autentico della pietra naturale offrendo un&#8217;alternativa leggera, performante e durevole al calcestruzzo tradizionale.<\/p><p>Formulato senza alcali, limita l&#8217;efflorescenza, si caratterizza per una bassa alcalinit\u00e0 e, dopo il trattamento superficiale, per una bassa permeabilit\u00e0, assicurando cos\u00ec una stabilit\u00e0 duratura del colore.<\/p><p>Distribuito da Finres, questo articolo si inserisce in un servizio completo e rimane compatibile con altre gamme, come la resina Jesmonite AC100 e Jesmonite AC84, a seconda delle esigenze di finitura o di performance meccanica.<\/p>\t\t\t\t\t\t\t\t<\/div>\n\t\t\t\t<\/div>\n\t\t\t\t\t<\/div>\n\t\t\t\t<\/div>\n\t\t<div class=\"elementor-element elementor-element-233a1d4 e-flex e-con-boxed e-con e-parent\" data-id=\"233a1d4\" data-element_type=\"container\" data-e-type=\"container\" data-settings=\"{&quot;jet_parallax_layout_list&quot;:[],&quot;background_background&quot;:&quot;classic&quot;}\">\n\t\t\t\t\t<div class=\"e-con-inner\">\n\t\t\t\t<div class=\"elementor-element elementor-element-b31cbe6 elementor-widget elementor-widget-heading\" data-id=\"b31cbe6\" data-element_type=\"widget\" data-e-type=\"widget\" data-widget_type=\"heading.default\">\n\t\t\t\t<div class=\"elementor-widget-container\">\n\t\t\t\t\t<h2 class=\"elementor-heading-title elementor-size-large\">Applicazioni di Jesmonite\u00ae AC730 effetto pietra<\/h2>\t\t\t\t<\/div>\n\t\t\t\t<\/div>\n\t\t\t\t<div class=\"elementor-element elementor-element-05e803e elementor-widget elementor-widget-heading\" data-id=\"05e803e\" data-element_type=\"widget\" data-e-type=\"widget\" data-widget_type=\"heading.default\">\n\t\t\t\t<div class=\"elementor-widget-container\">\n\t\t\t\t\t<h3 class=\"elementor-heading-title elementor-size-medium\">Colata di pezzi decorativi<\/h3>\t\t\t\t<\/div>\n\t\t\t\t<\/div>\n\t\t\t\t<div class=\"elementor-element elementor-element-2cb2b6e elementor-widget elementor-widget-text-editor\" data-id=\"2cb2b6e\" data-element_type=\"widget\" data-e-type=\"widget\" data-widget_type=\"text-editor.default\">\n\t\t\t\t<div class=\"elementor-widget-container\">\n\t\t\t\t\t\t\t\t\t<ul data-pm-slice=\"3 3 []\"><li><p>Oggetti decorativi stampati: vassoi, contenitori per candele, vasi, ciotole, oggetti da tavola, sottobicchieri<\/p><\/li><li><p>Arredamento<\/p><\/li><li><p>Sculture<\/p><\/li><li><p>Statue e ornamenti da giardino<\/p><\/li><li><p>Elementi di facciata e rivestimenti decorativi<\/p><\/li><\/ul>\t\t\t\t\t\t\t\t<\/div>\n\t\t\t\t<\/div>\n\t\t\t\t<div class=\"elementor-element elementor-element-d327f23 elementor-widget elementor-widget-heading\" data-id=\"d327f23\" data-element_type=\"widget\" data-e-type=\"widget\" data-widget_type=\"heading.default\">\n\t\t\t\t<div class=\"elementor-widget-container\">\n\t\t\t\t\t<h3 class=\"elementor-heading-title elementor-size-medium\">Stratificazione con rinforzi in fibra di vetro<\/h3>\t\t\t\t<\/div>\n\t\t\t\t<\/div>\n\t\t\t\t<div class=\"elementor-element elementor-element-22abb16 elementor-widget elementor-widget-text-editor\" data-id=\"22abb16\" data-element_type=\"widget\" data-e-type=\"widget\" data-widget_type=\"text-editor.default\">\n\t\t\t\t<div class=\"elementor-widget-container\">\n\t\t\t\t\t\t\t\t\t<p data-pm-slice=\"1 3 []\">Jesmonite\u00ae AC730 \u00e8 perfettamente adatta a strutture sottili rinforzate con fibra di vetro quadriassiale, permettendo la realizzazione di:<\/p><ul><li><p>Pannelli architettonici<\/p><\/li><li><p>Rivestimenti murali<\/p><\/li><li><p>Strutture leggere autoportanti<\/p><\/li><li><p>Elementi di grandi dimensioni a peso ridotto<\/p><\/li><\/ul>\t\t\t\t\t\t\t\t<\/div>\n\t\t\t\t<\/div>\n\t\t\t\t\t<\/div>\n\t\t\t\t<\/div>\n\t\t<div class=\"elementor-element elementor-element-59804b0 e-flex e-con-boxed e-con e-parent\" data-id=\"59804b0\" data-element_type=\"container\" data-e-type=\"container\" data-settings=\"{&quot;jet_parallax_layout_list&quot;:[],&quot;background_background&quot;:&quot;classic&quot;}\">\n\t\t\t\t\t<div class=\"e-con-inner\">\n\t\t\t\t<div class=\"elementor-element elementor-element-461651f elementor-widget elementor-widget-heading\" data-id=\"461651f\" data-element_type=\"widget\" data-e-type=\"widget\" data-widget_type=\"heading.default\">\n\t\t\t\t<div class=\"elementor-widget-container\">\n\t\t\t\t\t<h2 class=\"elementor-heading-title elementor-size-large\">Descrizione della messa in opera di Jesmonite\u00ae AC730<\/h2>\t\t\t\t<\/div>\n\t\t\t\t<\/div>\n\t\t\t\t<div class=\"elementor-element elementor-element-dd81188 elementor-drop-cap-yes elementor-drop-cap-view-default elementor-widget elementor-widget-text-editor\" data-id=\"dd81188\" data-element_type=\"widget\" data-e-type=\"widget\" data-settings=\"{&quot;drop_cap&quot;:&quot;yes&quot;}\" data-widget_type=\"text-editor.default\">\n\t\t\t\t<div class=\"elementor-widget-container\">\n\t\t\t\t\t\t\t\t\t<ul><li>8 tinte minerali pre-colorate, compatibili con l&#8217;aggiunta di pigmenti in polvere<\/li><li>Basso ritiro ed eccellente stabilit\u00e0 dimensionale<\/li><li>Alta resistenza alla compressione e alla flessione<\/li><li>Materiale leggero rispetto al calcestruzzo tradizionale<\/li><li>Resistente agli urti e alle intemperie<\/li><li>Compatibile con stampaggio e stratificazione<\/li><li>Senza solventi e senza VOC<\/li><li>Resistente al fuoco &#8211; Classe O<\/li><\/ul>\t\t\t\t\t\t\t\t<\/div>\n\t\t\t\t<\/div>\n\t\t\t\t\t<\/div>\n\t\t\t\t<\/div>\n\t\t<div class=\"elementor-element elementor-element-80f3e76 e-flex e-con-boxed e-con e-parent\" data-id=\"80f3e76\" data-element_type=\"container\" data-e-type=\"container\" data-settings=\"{&quot;jet_parallax_layout_list&quot;:[],&quot;background_background&quot;:&quot;classic&quot;}\">\n\t\t\t\t\t<div class=\"e-con-inner\">\n\t\t\t\t<div class=\"elementor-element elementor-element-7d005e6 elementor-widget elementor-widget-heading\" data-id=\"7d005e6\" data-element_type=\"widget\" data-e-type=\"widget\" data-widget_type=\"heading.default\">\n\t\t\t\t<div class=\"elementor-widget-container\">\n\t\t\t\t\t<h2 class=\"elementor-heading-title elementor-size-large\">Vantaggi tecnici ed estetici<\/h2>\t\t\t\t<\/div>\n\t\t\t\t<\/div>\n\t\t\t\t<div class=\"elementor-element elementor-element-e847281 elementor-drop-cap-yes elementor-drop-cap-view-default elementor-widget elementor-widget-text-editor\" data-id=\"e847281\" data-element_type=\"widget\" data-e-type=\"widget\" data-settings=\"{&quot;drop_cap&quot;:&quot;yes&quot;}\" data-widget_type=\"text-editor.default\">\n\t\t\t\t<div class=\"elementor-widget-container\">\n\t\t\t\t\t\t\t\t\t<ol data-pm-slice=\"3 1 []\"><li><p><strong>Quantit\u00e0 e consumo<\/strong><\/p><\/li><\/ol><ul><li><p>Colata piena: 2000 g\/litro<\/p><\/li><li><p>Stratificazione: 2 kg\/m\u00b2\/mm di spessore<\/p><\/li><\/ul><ol start=\"2\"><li><p><strong>rapporto di miscelazione<\/strong><\/p><\/li><\/ol><ul><li><p>Liquido: 1<\/p><\/li><li><p>Polvere: 5<\/p><\/li><\/ul><p>Esempio: 100 g di liquido per 500 g di polvere<\/p><ol start=\"3\"><li><p><strong>Mix<\/strong><\/p><\/li><\/ol><ul><li><p>Versa progressivamente la polvere nel liquido<\/p><\/li><li><p>Mescola con una spatola piatta o con il miscelatore Jesmonite High Shear a bassa velocit\u00e0, poi aumenta fino a \u2248 1000 giri\/min<\/p><\/li><li><p>Tempo di miscelazione finale: da 30 a 45 secondi<\/p><\/li><li><p>Tempo di presa: 20-25 minuti<\/p><\/li><li><p>Attenzione: non usare un mixer o una frusta<\/p><\/li><\/ul><ol start=\"4\"><li><p><strong>1 Colata in uno stampo<\/strong><\/p><\/li><\/ol><ul><li><p>Applica un primo strato con un pennello su tutte le superfici da ricoprire<\/p><\/li><li><p>Completa il riempimento dello stampo con la Jesmonite rimanente<\/p><\/li><li><p>Batti leggermente le pareti dello stampo per facilitare l&#8217;evacuazione dell&#8217;aria<\/p><\/li><\/ul><ol start=\"4\"><li><p><strong>2 Stratificazione con fibra quadriassiale<\/strong><\/p><\/li><\/ol><ul><li><p>Applicazione di un gelcoat Jesmonite <strong>(1-2 mm)<\/strong><\/p><\/li><li><p>Stratificazione a strati successivi<\/p><\/li><li><p>Spessore finale raccomandato: <strong>5-6 mm<\/strong><\/p><\/li><li><p>Peso finale medio: <strong>\u2248 12 kg\/m\u00b2<\/strong><\/p><\/li><\/ul><ol start=\"5\"><li><p><strong>Sformo e indurimento<\/strong><\/p><\/li><\/ol><ul><li><p>Sformo: circa 2 ore dopo la colata<\/p><\/li><li><p>Tempo di asciugatura<\/p><ul><li><p>Oltre il 90% delle performance meccaniche raggiunte in 24 h<\/p><\/li><li><p>Stoccaggio in zona calda, asciutta e ventilata<\/p><\/li><li><p>Mantenimento in piano per evitare deformazioni<\/p><\/li><\/ul><\/li><\/ul><ol start=\"6\"><li><p><strong>Decapaggio per ottenere la finitura effetto pietra<\/strong><\/p><\/li><\/ol><ul><li><p>Decapaggio dopo minimo 24 h<\/p><\/li><li><p>Acido cloridrico: 1-4 minuti a seconda dell&#8217;effetto desiderato OPPURE aceto bianco (immersione \u2265 1 h)<\/p><\/li><li><p>Effettua un risciacquo abbondante con acqua pulita subito dopo il decapaggio<\/p><\/li><\/ul><ol start=\"7\"><li><p><strong>Protezione e impermeabilizzazione<\/strong><\/p><\/li><\/ol><p>La Jesmonite\u00ae AC730 non \u00e8 impermeabile.<\/p><p>Assicurati di scegliere la vernice adatta in base alla natura dell&#8217;applicazione.<\/p>\t\t\t\t\t\t\t\t<\/div>\n\t\t\t\t<\/div>\n\t\t\t\t\t<\/div>\n\t\t\t\t<\/div>\n\t\t<div class=\"elementor-element elementor-element-5cdbbaa e-flex e-con-boxed e-con e-child\" data-id=\"5cdbbaa\" data-element_type=\"container\" data-e-type=\"container\" data-settings=\"{&quot;background_background&quot;:&quot;classic&quot;,&quot;jet_parallax_layout_list&quot;:[]}\">\n\t\t\t\t\t<div class=\"e-con-inner\">\n\t\t\t\t<div class=\"elementor-element elementor-element-8693aa3 elementor-widget elementor-widget-heading\" data-id=\"8693aa3\" data-element_type=\"widget\" data-e-type=\"widget\" data-widget_type=\"heading.default\">\n\t\t\t\t<div class=\"elementor-widget-container\">\n\t\t\t\t\t<h2 class=\"elementor-heading-title elementor-size-default\">Calcolatrice Jesmonite<\/h2>\t\t\t\t<\/div>\n\t\t\t\t<\/div>\n\t\t\t\t<div class=\"elementor-element elementor-element-f0dcd05 elementor-widget elementor-widget-text-editor\" data-id=\"f0dcd05\" data-element_type=\"widget\" data-e-type=\"widget\" data-widget_type=\"text-editor.default\">\n\t\t\t\t<div class=\"elementor-widget-container\">\n\t\t\t\t\t\t\t\t\t<p data-pm-slice=\"1 1 []\">Per calcolare le quantit\u00e0 e le proporzioni di Jesmonite di cui avrai bisogno, seleziona prima la gamma interessata. Specifica poi se calcoli in base a uno stampo o a un pezzo colato. Se calcoli in base a uno stampo, posizionalo su una bilancia, riempilo d&#8217;acqua e inserisci la quantit\u00e0 ottenuta nel calcolatore. Se calcoli in base a un pezzo colato, pesa il pezzo e inserisci l&#8217;informazione nel calcolatore.    In questo modo otterrai la quantit\u00e0 di liquido e di polvere di cui hai bisogno per realizzare il tuo pezzo.<\/p><p>Inserisci un valore per avviare il calcolo.<\/p>\t\t\t\t\t\t\t\t<\/div>\n\t\t\t\t<\/div>\n\t\t\t\t<div class=\"elementor-element elementor-element-6719c02 elementor-widget elementor-widget-shortcode\" data-id=\"6719c02\" data-element_type=\"widget\" data-e-type=\"widget\" data-widget_type=\"shortcode.default\">\n\t\t\t\t<div class=\"elementor-widget-container\">\n\t\t\t\t\t\t\t<div class=\"elementor-shortcode\"><div id=\"resin-calculator-1\" class=\"resin-calculator\"><select class=\"apo_nice\" id=\"product\" onchange=\"updateCalculations(1)\"><option value=\"AC100\">JESMONITE AC100<\/option><option value=\"AC730\">JESMONITE AC730 \/ AC84<\/option><\/select><select class=\"apo_nice\" id=\"calculation_mode\" onchange=\"updateCalculations(1)\"><option value=\"new_mold\">New Mold<\/option><option value=\"existing_piece\">Existing Piece<\/option><option value=\"laminate\">Laminate<\/option><\/select><input class=\"apo_nice\" type=\"number\" id=\"input_value\" placeholder=\"Enter ml or gr\" onchange=\"updateCalculations(1)\" onblur=\"updateCalculations(1)\"><input style=\"display:none;\" class=\"apo_nice\" type=\"number\" id=\"input_laminateLength_value\" placeholder=\"Length in cm\" onchange=\"updateCalculations(1)\" onblur=\"updateCalculations(1)\"><input style=\"display:none;\" class=\"apo_nice\" type=\"number\" id=\"input_laminateWidtht_value\" placeholder=\"Width in cm\" onchange=\"updateCalculations(1)\" onblur=\"updateCalculations(1)\"><input style=\"display:none;\" class=\"apo_nice\" type=\"number\" id=\"input_laminateHeightt_value\" placeholder=\"Height in mm\" onchange=\"updateCalculations(1)\" onblur=\"updateCalculations(1)\"><div class=\"apo_nice\" id=\"results\">Enter a value to start calculation.<\/div><\/div><\/div>\n\t\t\t\t\t\t<\/div>\n\t\t\t\t<\/div>\n\t\t\t\t\t<\/div>\n\t\t\t\t<\/div>\n\t\t<div class=\"elementor-element elementor-element-a2b1f68 e-flex e-con-boxed e-con e-parent\" data-id=\"a2b1f68\" data-element_type=\"container\" data-e-type=\"container\" data-settings=\"{&quot;jet_parallax_layout_list&quot;:[],&quot;background_background&quot;:&quot;classic&quot;}\">\n\t\t\t\t\t<div class=\"e-con-inner\">\n\t\t\t\t<div class=\"elementor-element elementor-element-819092b elementor-widget elementor-widget-heading\" data-id=\"819092b\" data-element_type=\"widget\" data-e-type=\"widget\" data-widget_type=\"heading.default\">\n\t\t\t\t<div class=\"elementor-widget-container\">\n\t\t\t\t\t<h2 class=\"elementor-heading-title elementor-size-xl\">Additivi<\/h2>\t\t\t\t<\/div>\n\t\t\t\t<\/div>\n\t\t\t\t<div class=\"elementor-element elementor-element-838c774 elementor-widget elementor-widget-text-editor\" data-id=\"838c774\" data-element_type=\"widget\" data-e-type=\"widget\" data-widget_type=\"text-editor.default\">\n\t\t\t\t<div class=\"elementor-widget-container\">\n\t\t\t\t\t\t\t\t\t<p data-pm-slice=\"1 1 []\"><a href=\"https:\/\/www.finres-sa.com\/it\/prodotto\/ritardante-jesmonite-ac730\/\" target=\"_blank\" rel=\"noopener noreferrer\"><strong>Il Ritardante<\/strong><\/a> per aumentare il tempo di lavorazione<\/p><p><a href=\"https:\/\/www.finres-sa.com\/it\/prodotto\/jesmonite-tissotropica-ac100-ac200-ac300\/\" target=\"_blank\" rel=\"noopener noreferrer\"><strong>Il Tissotropico<\/strong><\/a> (addensante) per regolare la viscosit\u00e0 della miscela<\/p><p><a href=\"https:\/\/www.finres-sa.com\/it\/prodotto\/sigillante-jesmonite-flexiguard-ac730\/\" target=\"_blank\" rel=\"noopener noreferrer\"><strong>Il Flexiguard Sealer<\/strong><\/a> (turapori) \u00e8 un repellente naturale efficace per incontri con un corpo umido<\/p><p><a href=\"https:\/\/www.finres-sa.com\/it\/prodotto\/sigillante-penetrante-ac730\/\" target=\"_blank\" rel=\"noopener noreferrer\"><strong>Il Penetrating Sealer<\/strong><\/a> protegge a lungo l&#8217;AC730\/AC84 da macchie, acqua e polvere<\/p><p><a href=\"https:\/\/www.finres-sa.com\/it\/prodotto\/vernice-opaca-colortec\/\" target=\"_blank\" rel=\"noopener noreferrer\"><strong>Il Colortec<\/strong><\/a> (vernice opaca) per una finitura opaca e impermeabile<\/p><p><a href=\"https:\/\/www.finres-sa.com\/it\/prodotto\/colorfresh-vernice-satinata-05l\/\" target=\"_blank\" rel=\"noopener noreferrer\"><strong>Il Colorfresh<\/strong><\/a> (vernice lucida) \u00e8 applicato su una superficie asciutta per conferire una finitura lucida e impermeabile al composito Jesmonite AC100\/AC730\/AC84.  <\/p><p><a href=\"https:\/\/www.finres-sa.com\/it\/prodotto\/fibra-quadrilatera-di-jesmonite\/\" target=\"_blank\" rel=\"noopener noreferrer\"><strong>Fibra quadriassiale<\/strong><\/a> (rinforzo) \u00e8 un tessuto di vetro utilizzato nei processi di laminazione per la realizzazione di pannelli.<\/p><p><a href=\"https:\/\/www.finres-sa.com\/it\/prodotto\/fibra-di-gesmonite-pva\/#:~:text=syst%C3%A8mes%20de%20ciment.-,Il%20s'agit%20d'une%20fibre%20synth%C3%A9tique%20de%20polyvinylalcool%20dont,allongement%20et%20un%20module%20%C3%A9lev%C3%A9.\" target=\"_blank\" rel=\"noopener noreferrer\"><strong>LE FIBRE PVA<\/strong><\/a> Le fibre (rinforzanti) sono fibre sintetiche di alcool polivinilico particolarmente adatte ai materiali a base di cemento.<\/p><p><a href=\"https:\/\/www.finres-sa.com\/it\/prodotto\/taglio-della-fibra-di-vetro-jesmonite\/\" target=\"_blank\" rel=\"noopener noreferrer\"><strong>Le fibre tritate 6 mm<\/strong><\/a> conferiscono una maggiore resistenza ai pezzi colati a sezione sottile. Una lunghezza inferiore consente una migliore dispersione nella miscela.<\/p><p><a href=\"https:\/\/www.finres-sa.com\/it\/prodotto\/taglio-della-fibra-di-vetro-jesmonite\/\" target=\"_blank\" rel=\"noopener noreferrer\"><strong>Le fibre tritate 12 mm<\/strong><\/a> conferiscono una maggiore resistenza ai pezzi colati a sezione sottile. Una lunghezza maggiore offre una maggiore resistenza alla trazione.<\/p>\t\t\t\t\t\t\t\t<\/div>\n\t\t\t\t<\/div>\n\t\t\t\t\t<\/div>\n\t\t\t\t<\/div>\n\t\t\t\t<\/div>\n\t\t","protected":false},"excerpt":{"rendered":"<p data-pm-slice=\"1 1 []\">Il composito <strong>Jesmonite\u00ae AC730<\/strong> \u00e8 un sistema cementizio modificato con polimero acrilico, progettato per offrire finiture lisce o materiche con una resa minerale simile alla pietra naturale.<\/p>\n<p>Versatile, \u00e8 adatto sia alla colata di oggetti decorativi che alla realizzazione di elementi d&#8217;arredo rinforzati con fibra di vetro.<\/p>\n<p>Le basi <strong>Jesmonite\u00ae AC730<\/strong> sono pre-colorate in massa per garantire un&#8217;omogeneit\u00e0 cromatica duratura. Sono disponibili in otto tonalit\u00e0 ispirate alle pietre naturali:<br \/>\nPortland, Natural, Bathstone, Yellow Stone, White Marble, Silver Grey Granite, Terracotta e Charcoal. <\/p>\n","protected":false},"featured_media":36608,"template":"","meta":[],"product_brand":[],"product_cat":[1267,1759],"product_tag":[1383,1246,1303,1304,1306,1305,1420,1330,1284,1285,1247,1307],"class_list":{"0":"post-24639","1":"product","2":"type-product","3":"status-publish","4":"has-post-thumbnail","6":"product_cat-jesmonite-it","7":"product_cat-jesmonite-ac730-it","8":"product_tag-alta-resistenza","9":"product_tag-decorazione","10":"product_tag-ecologico","11":"product_tag-jesmonite-it","12":"product_tag-kit-it","13":"product_tag-mostra","14":"product_tag-pietra","15":"product_tag-resistente-allacqua","16":"product_tag-rigido","17":"product_tag-scultura","18":"product_tag-stampaggio","19":"product_tag-stratificazione","21":"first","22":"instock","23":"taxable","24":"shipping-taxable","25":"purchasable","26":"product-type-variable"},"_links":{"self":[{"href":"https:\/\/www.finres-sa.com\/it\/wp-json\/wp\/v2\/product\/24639","targetHints":{"allow":["GET"]}}],"collection":[{"href":"https:\/\/www.finres-sa.com\/it\/wp-json\/wp\/v2\/product"}],"about":[{"href":"https:\/\/www.finres-sa.com\/it\/wp-json\/wp\/v2\/types\/product"}],"version-history":[{"count":3,"href":"https:\/\/www.finres-sa.com\/it\/wp-json\/wp\/v2\/product\/24639\/revisions"}],"predecessor-version":[{"id":36601,"href":"https:\/\/www.finres-sa.com\/it\/wp-json\/wp\/v2\/product\/24639\/revisions\/36601"}],"wp:featuredmedia":[{"embeddable":true,"href":"https:\/\/www.finres-sa.com\/it\/wp-json\/wp\/v2\/media\/36608"}],"wp:attachment":[{"href":"https:\/\/www.finres-sa.com\/it\/wp-json\/wp\/v2\/media?parent=24639"}],"wp:term":[{"taxonomy":"product_brand","embeddable":true,"href":"https:\/\/www.finres-sa.com\/it\/wp-json\/wp\/v2\/product_brand?post=24639"},{"taxonomy":"product_cat","embeddable":true,"href":"https:\/\/www.finres-sa.com\/it\/wp-json\/wp\/v2\/product_cat?post=24639"},{"taxonomy":"product_tag","embeddable":true,"href":"https:\/\/www.finres-sa.com\/it\/wp-json\/wp\/v2\/product_tag?post=24639"}],"curies":[{"name":"wp","href":"https:\/\/api.w.org\/{rel}","templated":true}]}}