{"id":24640,"date":"2023-06-26T18:14:10","date_gmt":"2023-06-26T16:14:10","guid":{"rendered":"https:\/\/www.finres-sa.com\/product\/pigmenti-di-gesmonite\/"},"modified":"2026-04-24T17:05:44","modified_gmt":"2026-04-24T15:05:44","slug":"pigmenti-di-gesmonite","status":"publish","type":"product","link":"https:\/\/www.finres-sa.com\/it\/prodotto\/pigmenti-di-gesmonite\/","title":{"rendered":"PIGMENTI DI GESMONITE"},"content":{"rendered":"\t\t<div data-elementor-type=\"product-post\" data-elementor-id=\"24640\" class=\"elementor elementor-24640 elementor-5434\" data-elementor-post-type=\"product\">\n\t\t\t\t<div class=\"elementor-element elementor-element-31c00428 e-flex e-con-boxed e-con e-parent\" data-id=\"31c00428\" data-element_type=\"container\" data-e-type=\"container\" data-settings=\"{&quot;jet_parallax_layout_list&quot;:[]}\">\n\t\t\t\t\t<div class=\"e-con-inner\">\n\t\t\t\t<div class=\"elementor-element elementor-element-1263fffa elementor-widget elementor-widget-text-editor\" data-id=\"1263fffa\" data-element_type=\"widget\" data-e-type=\"widget\" data-widget_type=\"text-editor.default\">\n\t\t\t\t<div class=\"elementor-widget-container\">\n\t\t\t\t\t\t\t\t\t<p><span style=\"color: #003366;\">I pigmenti della gamma Jesmonite sono coloranti liquidi appositamente studiati per essere miscelati con resine acriliche, resine acquose e intonaci sintetici.<\/span><\/p><p><span style=\"color: #003366;\">La loro elevata concentrazione produce colori vividi e intensi, molto pi\u00f9 intensi rispetto ad altri sistemi di colore.<\/span><\/p>\t\t\t\t\t\t\t\t<\/div>\n\t\t\t\t<\/div>\n\t\t\t\t\t<\/div>\n\t\t\t\t<\/div>\n\t\t<div class=\"elementor-element elementor-element-abbd34a e-flex e-con-boxed e-con e-parent\" data-id=\"abbd34a\" data-element_type=\"container\" data-e-type=\"container\" data-settings=\"{&quot;jet_parallax_layout_list&quot;:[],&quot;background_background&quot;:&quot;classic&quot;}\">\n\t\t\t\t\t<div class=\"e-con-inner\">\n\t\t<div class=\"elementor-element elementor-element-cf72854 e-grid e-con-boxed e-con e-child\" data-id=\"cf72854\" data-element_type=\"container\" data-e-type=\"container\" data-settings=\"{&quot;jet_parallax_layout_list&quot;:[]}\">\n\t\t\t\t\t<div class=\"e-con-inner\">\n\t\t\t\t<div class=\"elementor-element elementor-element-47e5c64 elementor-widget elementor-widget-heading\" data-id=\"47e5c64\" data-element_type=\"widget\" data-e-type=\"widget\" data-widget_type=\"heading.default\">\n\t\t\t\t<div class=\"elementor-widget-container\">\n\t\t\t\t\t<h2 class=\"elementor-heading-title elementor-size-xl\">Caratteristiche<\/h2>\t\t\t\t<\/div>\n\t\t\t\t<\/div>\n\t\t\t\t\t<\/div>\n\t\t\t\t<\/div>\n\t\t<div class=\"elementor-element elementor-element-2377b35 e-grid e-con-boxed e-con e-child\" data-id=\"2377b35\" data-element_type=\"container\" data-e-type=\"container\" data-settings=\"{&quot;jet_parallax_layout_list&quot;:[]}\">\n\t\t\t\t\t<div class=\"e-con-inner\">\n\t\t\t\t<div class=\"elementor-element elementor-element-09df94d elementor-widget elementor-widget-text-editor\" data-id=\"09df94d\" data-element_type=\"widget\" data-e-type=\"widget\" data-widget_type=\"text-editor.default\">\n\t\t\t\t<div class=\"elementor-widget-container\">\n\t\t\t\t\t\t\t\t\t<p>COLORI UFFICIALI: Bianco\/beige (coade)\/giallo\/giallo ossido\/arancio\/rosso\/rosso ossido\/rosa\/blu\/mauve\/verde\/nero<\/p><p>Compatibilit\u00e0: compositi Jesmonite\/resine acriliche\/resine acquose\/ gesso sintetico\/gomma naturale\/slastica<\/p><p>Composizione: pigmento acrilico a base d&#8217;acqua<\/p><p>Confezione: 50gr\/200gr\/1kg<\/p><p>Conservazione: nella confezione originale<\/p><p>Conservazione: in un luogo asciutto e al riparo dall&#8217;umidit\u00e0, tra i 5\u00b0C e i 25\u00b0C.<\/p>\t\t\t\t\t\t\t\t<\/div>\n\t\t\t\t<\/div>\n\t\t\t\t\t<\/div>\n\t\t\t\t<\/div>\n\t\t\t\t\t<\/div>\n\t\t\t\t<\/div>\n\t\t<div class=\"elementor-element elementor-element-cd82fcd e-flex e-con-boxed e-con e-parent\" data-id=\"cd82fcd\" data-element_type=\"container\" data-e-type=\"container\" data-settings=\"{&quot;jet_parallax_layout_list&quot;:[],&quot;background_background&quot;:&quot;classic&quot;}\">\n\t\t\t\t\t<div class=\"e-con-inner\">\n\t\t\t\t<div class=\"elementor-element elementor-element-4132c44 elementor-widget elementor-widget-heading\" data-id=\"4132c44\" data-element_type=\"widget\" data-e-type=\"widget\" data-widget_type=\"heading.default\">\n\t\t\t\t<div class=\"elementor-widget-container\">\n\t\t\t\t\t<h2 class=\"elementor-heading-title elementor-size-xl\">Implementazione<\/h2>\t\t\t\t<\/div>\n\t\t\t\t<\/div>\n\t\t\t\t<div class=\"elementor-element elementor-element-c1e2629 elementor-widget elementor-widget-text-editor\" data-id=\"c1e2629\" data-element_type=\"widget\" data-e-type=\"widget\" data-widget_type=\"text-editor.default\">\n\t\t\t\t<div class=\"elementor-widget-container\">\n\t\t\t\t\t\t\t\t\t<p> <\/p><p class=\"MsoNormal\" style=\"margin-left: 27.0pt; text-indent: -18.0pt; mso-list: l2 level1 lfo1; tab-stops: list 36.0pt; vertical-align: middle;\"><b>1.<span style=\"font-variant-numeric: normal; font-variant-east-asian: normal; font-variant-alternates: normal; font-size-adjust: none; font-kerning: auto; font-optical-sizing: auto; font-feature-settings: normal; font-variation-settings: normal; font-variant-position: normal; font-variant-emoji: normal; font-weight: normal; font-stretch: normal; font-size: 7pt; line-height: normal; font-family: 'Times New Roman';\">     <\/span><\/b><b>Miscela omogenea:<\/b><\/p><p class=\"MsoNormal\" style=\"margin-left: 27.0pt;\"><span lang=\"FR-BE\">Agita vigorosamente il flacone PRIMA di ogni utilizzo per omogeneizzare il pigmento.<\/span><\/p><p class=\"MsoNormal\" style=\"margin-left: 27.0pt;\"><span lang=\"FR-BE\">I depositi possono formarsi quando il pigmento non viene utilizzato, riducendo la sua vita utile.<\/span><\/p><p class=\"MsoNormal\" style=\"margin-left: 27.0pt; text-indent: -18.0pt; mso-list: l1 level1 lfo2; tab-stops: list 36.0pt; vertical-align: middle;\"><b>2.<span style=\"font-variant-numeric: normal; font-variant-east-asian: normal; font-variant-alternates: normal; font-size-adjust: none; font-kerning: auto; font-optical-sizing: auto; font-feature-settings: normal; font-variation-settings: normal; font-variant-position: normal; font-variant-emoji: normal; font-weight: normal; font-stretch: normal; font-size: 7pt; line-height: normal; font-family: 'Times New Roman';\">     <\/span><\/b><b>Rapporto di miscelazione:  <\/b><\/p><p class=\"MsoNormal\" style=\"margin-left: 27.0pt;\"><span lang=\"FR-BE\">Aggiungi un massimo del 2% di pigmento a Jesmonite (2 g di pigmento per 100 g di Jesmonite (A+B)).<\/span><\/p><p class=\"MsoNormal\" style=\"margin-left: 27.0pt;\"><span lang=\"FR-BE\">Per una migliore dispersione, aggiungi il pigmento al liquido prima di incorporare la polvere.<\/span><\/p><p class=\"MsoNormal\" style=\"margin-left: 27.0pt; text-indent: -18.0pt; mso-list: l0 level1 lfo3; tab-stops: list 36.0pt; vertical-align: middle;\"><b>3.<span style=\"font-variant-numeric: normal; font-variant-east-asian: normal; font-variant-alternates: normal; font-size-adjust: none; font-kerning: auto; font-optical-sizing: auto; font-feature-settings: normal; font-variation-settings: normal; font-variant-position: normal; font-variant-emoji: normal; font-weight: normal; font-stretch: normal; font-size: 7pt; line-height: normal; font-family: 'Times New Roman';\">     <\/span><\/b><b>Sperimentazione:<\/b><\/p><p class=\"MsoNormal\" style=\"margin-left: 27.0pt;\"><span lang=\"FR-BE\">I pigmenti di Jesmonite sono miscibili tra loro, quindi mescolali tra loro per creare<br>tonalit\u00e0 uniche e personalizzate.  <\/span><\/p>\t\t\t\t\t\t\t\t<\/div>\n\t\t\t\t<\/div>\n\t\t\t\t\t<\/div>\n\t\t\t\t<\/div>\n\t\t<div class=\"elementor-element elementor-element-288d37d e-flex e-con-boxed e-con e-parent\" data-id=\"288d37d\" data-element_type=\"container\" data-e-type=\"container\" data-settings=\"{&quot;jet_parallax_layout_list&quot;:[],&quot;background_background&quot;:&quot;classic&quot;}\">\n\t\t\t\t\t<div class=\"e-con-inner\">\n\t\t<div class=\"elementor-element elementor-element-485d8ac e-grid e-con-boxed e-con e-child\" data-id=\"485d8ac\" data-element_type=\"container\" data-e-type=\"container\" data-settings=\"{&quot;jet_parallax_layout_list&quot;:[]}\">\n\t\t\t\t\t<div class=\"e-con-inner\">\n\t\t\t\t<div class=\"elementor-element elementor-element-29787a9 elementor-widget elementor-widget-heading\" data-id=\"29787a9\" data-element_type=\"widget\" data-e-type=\"widget\" data-widget_type=\"heading.default\">\n\t\t\t\t<div class=\"elementor-widget-container\">\n\t\t\t\t\t<h2 class=\"elementor-heading-title elementor-size-xl\">Conservazione dei pigmenti<\/h2>\t\t\t\t<\/div>\n\t\t\t\t<\/div>\n\t\t\t\t\t<\/div>\n\t\t\t\t<\/div>\n\t\t<div class=\"elementor-element elementor-element-36e62ca e-grid e-con-boxed e-con e-child\" data-id=\"36e62ca\" data-element_type=\"container\" data-e-type=\"container\" data-settings=\"{&quot;jet_parallax_layout_list&quot;:[]}\">\n\t\t\t\t\t<div class=\"e-con-inner\">\n\t\t\t\t<div class=\"elementor-element elementor-element-2a57f86 elementor-widget elementor-widget-text-editor\" data-id=\"2a57f86\" data-element_type=\"widget\" data-e-type=\"widget\" data-widget_type=\"text-editor.default\">\n\t\t\t\t<div class=\"elementor-widget-container\">\n\t\t\t\t\t\t\t\t\t<p>Per garantire una durata ottimale e mantenere la qualit\u00e0 dei pigmenti Jesmonite, segui le raccomandazioni riportate di seguito:<\/p><p style=\"margin-left: 27.0pt; text-indent: -18.0pt; mso-list: l1 level1 lfo1; tab-stops: list 36.0pt; vertical-align: middle;\"><span style=\"font-size: 10.0pt; mso-bidi-font-size: 11.0pt; font-family: Symbol; mso-fareast-font-family: Symbol; mso-bidi-font-family: Symbol; mso-fareast-language: NL-BE;\">&#8211;<span style=\"font-variant-numeric: normal; font-variant-east-asian: normal; font-variant-alternates: normal; font-size-adjust: none; font-kerning: auto; font-optical-sizing: auto; font-feature-settings: normal; font-variation-settings: normal; font-variant-position: normal; font-variant-emoji: normal; font-stretch: normal; font-size: 7pt; line-height: normal; font-family: 'Times New Roman';\">       <\/span><\/span><b>Agitare regolarmente<\/b><\/p><p style=\"margin-left: 27.0pt;\"><span lang=\"FR-BE\">Anche quando non vengono utilizzati, agita vigorosamente i flaconi ogni settimana per<br>evitare la sedimentazione permanente delle particelle di pigmento. <\/span>(in particolare i colori bianchi, coade e giallo<br>ossido)<\/p><p style=\"margin-left: 27.0pt; text-indent: -18.0pt; mso-list: l0 level1 lfo2; tab-stops: list 36.0pt; vertical-align: middle;\"><span lang=\"FR-BE\" style=\"font-size: 10.0pt; mso-bidi-font-size: 11.0pt; font-family: Symbol; mso-fareast-font-family: Symbol; mso-bidi-font-family: Symbol; mso-ansi-language: FR-BE; mso-fareast-language: NL-BE;\">&#8211;<span style=\"font-variant-numeric: normal; font-variant-east-asian: normal; font-variant-alternates: normal; font-size-adjust: none; font-kerning: auto; font-optical-sizing: auto; font-feature-settings: normal; font-variation-settings: normal; font-variant-position: normal; font-variant-emoji: normal; font-stretch: normal; font-size: 7pt; line-height: normal; font-family: 'Times New Roman';\">       <\/span><\/span><b>Conservare in buone condizioni<\/b><\/p><p style=\"margin-left: 27.0pt;\"><span lang=\"FR-BE\">Conserva i pigmenti in un luogo asciutto, lontano da umidit\u00e0, raggi UV e forti variazioni di temperatura, che potrebbero accelerarne l&#8217;essiccazione.<\/span><\/p><p style=\"margin-left: 27.0pt; text-indent: -18.0pt; mso-list: l3 level1 lfo3; tab-stops: list 36.0pt; vertical-align: middle;\"><span style=\"font-size: 10.0pt; mso-bidi-font-size: 11.0pt; font-family: Symbol; mso-fareast-font-family: Symbol; mso-bidi-font-family: Symbol; mso-fareast-language: NL-BE;\">&#8211;<span style=\"font-variant-numeric: normal; font-variant-east-asian: normal; font-variant-alternates: normal; font-size-adjust: none; font-kerning: auto; font-optical-sizing: auto; font-feature-settings: normal; font-variation-settings: normal; font-variant-position: normal; font-variant-emoji: normal; font-stretch: normal; font-size: 7pt; line-height: normal; font-family: 'Times New Roman';\">       <\/span><\/span><b>Evitare il ricondizionamento<\/b><\/p><p style=\"margin-left: 27.0pt;\"><span lang=\"FR-BE\">Il riconfezionamento favorisce l&#8217;ossidazione, quindi quando il pigmento \u00e8 esposto all&#8217;aria contribuisce all&#8217;evaporazione dell&#8217;acqua, portando a un graduale addensamento e poi a un completo indurimento del pigmento.<\/span><\/p><p style=\"margin-left: 27.0pt; text-indent: -18.0pt; mso-list: l4 level1 lfo4; tab-stops: list 36.0pt; vertical-align: middle;\"><span style=\"font-size: 10.0pt; mso-bidi-font-size: 11.0pt; font-family: Symbol; mso-fareast-font-family: Symbol; mso-bidi-font-family: Symbol; mso-fareast-language: NL-BE;\">&#8211;<span style=\"font-variant-numeric: normal; font-variant-east-asian: normal; font-variant-alternates: normal; font-size-adjust: none; font-kerning: auto; font-optical-sizing: auto; font-feature-settings: normal; font-variation-settings: normal; font-variant-position: normal; font-variant-emoji: normal; font-stretch: normal; font-size: 7pt; line-height: normal; font-family: 'Times New Roman';\">       <\/span><\/span><b>Chiusura ermetica<\/b><\/p><p style=\"margin-left: 27.0pt;\"><span lang=\"FR-BE\">Evita di lasciare il pigmento aperto per troppo tempo e assicurati che i tappi siano<br>correttamente chiusi dopo ogni utilizzo per evitare che il pigmento si secchi prematuramente.  <\/span><\/p><p style=\"margin-left: 27.0pt; text-indent: -18.0pt; mso-list: l2 level1 lfo5; tab-stops: list 36.0pt; vertical-align: middle;\"><span lang=\"FR-BE\" style=\"font-size: 10.0pt; mso-bidi-font-size: 11.0pt; font-family: Symbol; mso-fareast-font-family: Symbol; mso-bidi-font-family: Symbol; mso-ansi-language: FR-BE; mso-fareast-language: NL-BE;\">&#8211;<span style=\"font-variant-numeric: normal; font-variant-east-asian: normal; font-variant-alternates: normal; font-size-adjust: none; font-kerning: auto; font-optical-sizing: auto; font-feature-settings: normal; font-variation-settings: normal; font-variant-position: normal; font-variant-emoji: normal; font-stretch: normal; font-size: 7pt; line-height: normal; font-family: 'Times New Roman';\">       <\/span><\/span><b>Contaminazione incrociata<\/b><\/p><p style=\"margin-left: 27.0pt;\"><span lang=\"FR-BE\">Durante il trasferimento o il campionamento con gli strumenti, le impurit\u00e0 (polvere, umidit\u00e0 esterna, microrganismi) possono penetrare nel pigmento. Questo pu\u00f2 causare reazioni chimiche indesiderate, alterando la sua consistenza o stabilit\u00e0. <\/span><\/p>\t\t\t\t\t\t\t\t<\/div>\n\t\t\t\t<\/div>\n\t\t\t\t\t<\/div>\n\t\t\t\t<\/div>\n\t\t\t\t\t<\/div>\n\t\t\t\t<\/div>\n\t\t\t\t<\/div>\n\t\t","protected":false},"excerpt":{"rendered":"<p><span style=\"color: #ffffff;\">I pigmenti Jesmonite sono coloranti liquidi compatibili con tutti i compositi Jesmonite.<\/span><\/p>\n<p>&nbsp;<\/p>\n","protected":false},"featured_media":24654,"template":"","meta":[],"product_brand":[],"product_cat":[1267,1646,1244,1613,1273],"product_tag":[1245,1246,1303,1304,1305,1482,1284,1285],"class_list":{"0":"post-24640","1":"product","2":"type-product","3":"status-publish","4":"has-post-thumbnail","6":"product_cat-jesmonite-it","7":"product_cat-lattice","8":"product_cat-pigmenti-e-additivi","9":"product_cat-pigmenti-e-riempitivi","10":"product_cat-stampi","11":"product_tag-additivo","12":"product_tag-decorazione","13":"product_tag-ecologico","14":"product_tag-jesmonite-it","15":"product_tag-mostra","16":"product_tag-pigmento","17":"product_tag-rigido","18":"product_tag-scultura","20":"first","21":"instock","22":"taxable","23":"shipping-taxable","24":"purchasable","25":"product-type-variable"},"_links":{"self":[{"href":"https:\/\/www.finres-sa.com\/it\/wp-json\/wp\/v2\/product\/24640","targetHints":{"allow":["GET"]}}],"collection":[{"href":"https:\/\/www.finres-sa.com\/it\/wp-json\/wp\/v2\/product"}],"about":[{"href":"https:\/\/www.finres-sa.com\/it\/wp-json\/wp\/v2\/types\/product"}],"version-history":[{"count":1,"href":"https:\/\/www.finres-sa.com\/it\/wp-json\/wp\/v2\/product\/24640\/revisions"}],"predecessor-version":[{"id":39418,"href":"https:\/\/www.finres-sa.com\/it\/wp-json\/wp\/v2\/product\/24640\/revisions\/39418"}],"wp:featuredmedia":[{"embeddable":true,"href":"https:\/\/www.finres-sa.com\/it\/wp-json\/wp\/v2\/media\/24654"}],"wp:attachment":[{"href":"https:\/\/www.finres-sa.com\/it\/wp-json\/wp\/v2\/media?parent=24640"}],"wp:term":[{"taxonomy":"product_brand","embeddable":true,"href":"https:\/\/www.finres-sa.com\/it\/wp-json\/wp\/v2\/product_brand?post=24640"},{"taxonomy":"product_cat","embeddable":true,"href":"https:\/\/www.finres-sa.com\/it\/wp-json\/wp\/v2\/product_cat?post=24640"},{"taxonomy":"product_tag","embeddable":true,"href":"https:\/\/www.finres-sa.com\/it\/wp-json\/wp\/v2\/product_tag?post=24640"}],"curies":[{"name":"wp","href":"https:\/\/api.w.org\/{rel}","templated":true}]}}