{"id":24721,"date":"2023-06-26T18:14:10","date_gmt":"2023-06-26T16:14:10","guid":{"rendered":"https:\/\/www.finres-sa.com\/product\/autoscatto-jesmonite-ac100-ac300\/"},"modified":"2026-02-13T15:49:54","modified_gmt":"2026-02-13T14:49:54","slug":"autoscatto-jesmonite-ac100-ac300","status":"publish","type":"product","link":"https:\/\/www.finres-sa.com\/it\/prodotto\/autoscatto-jesmonite-ac100-ac300\/","title":{"rendered":"AUTOSCATTO JESMONITE AC100\/AC300"},"content":{"rendered":"\t\t<div data-elementor-type=\"product-post\" data-elementor-id=\"24721\" class=\"elementor elementor-24721 elementor-5439\" data-elementor-post-type=\"product\">\n\t\t\t\t<div class=\"elementor-element elementor-element-ae0ab55 e-flex e-con-boxed e-con e-parent\" data-id=\"ae0ab55\" data-element_type=\"container\" data-e-type=\"container\" data-settings=\"{&quot;jet_parallax_layout_list&quot;:[]}\">\n\t\t\t\t\t<div class=\"e-con-inner\">\n\t\t\t\t<div class=\"elementor-element elementor-element-6b6ac15 elementor-widget elementor-widget-text-editor\" data-id=\"6b6ac15\" data-element_type=\"widget\" data-e-type=\"widget\" data-widget_type=\"text-editor.default\">\n\t\t\t\t<div class=\"elementor-widget-container\">\n\t\t\t\t\t\t\t\t\t<p><span style=\"color: #233c76;\">Il ritardante \u00e8 un additivo formulato con precisione, progettato per rallentare il tempo di presa dei compositi Jesmonite AC100\/200\/300.<\/span><\/p><p><span style=\"color: #233c76;\">Perfettamente adatto ad applicazioni complesse e su larga scala, permette di prolungare in modo controllato il tempo di lavorazione, senza compromettere l&#8217;aspetto superficiale o le prestazioni meccaniche del materiale. <\/span><\/p><p><span style=\"color: #233c76;\">La sua flessibilit\u00e0 d&#8217;uso significa che il ritmo di implementazione pu\u00f2 essere regolato in base ai vincoli tecnici e climatici. <\/span><\/p><p><span style=\"color: #233c76;\">Il ritardatore \u00e8 particolarmente consigliato durante i mesi estivi, in quanto compensa l&#8217;accelerazione della regolazione indotta dal calore, offrendo un comfort di lavoro ottimale e costante.<\/span><\/p><p> <\/p>\t\t\t\t\t\t\t\t<\/div>\n\t\t\t\t<\/div>\n\t\t\t\t\t<\/div>\n\t\t\t\t<\/div>\n\t\t<div class=\"elementor-element elementor-element-c8457cd e-flex e-con-boxed e-con e-parent\" data-id=\"c8457cd\" data-element_type=\"container\" data-e-type=\"container\" data-settings=\"{&quot;jet_parallax_layout_list&quot;:[],&quot;background_background&quot;:&quot;classic&quot;}\">\n\t\t\t\t\t<div class=\"e-con-inner\">\n\t\t\t\t<div class=\"elementor-element elementor-element-58abd3e elementor-widget elementor-widget-heading\" data-id=\"58abd3e\" data-element_type=\"widget\" data-e-type=\"widget\" data-widget_type=\"heading.default\">\n\t\t\t\t<div class=\"elementor-widget-container\">\n\t\t\t\t\t<h2 class=\"elementor-heading-title elementor-size-xl\">Caratteristiche<\/h2>\t\t\t\t<\/div>\n\t\t\t\t<\/div>\n\t\t\t\t<div class=\"elementor-element elementor-element-f3f6a4c elementor-widget elementor-widget-text-editor\" data-id=\"f3f6a4c\" data-element_type=\"widget\" data-e-type=\"widget\" data-widget_type=\"text-editor.default\">\n\t\t\t\t<div class=\"elementor-widget-container\">\n\t\t\t\t\t\t\t\t\t<p>\u2696\ufe0f Rapporto di miscelazione: da 2 a 8 gr per chilo di <u>liquido<\/u><\/p><p>\ud83c\udf3f Senza solventi e senza VOC <\/p><p>\u23f1 Fino a 45 minuti di lavoro  <\/p><p>\ud83d\udca7 Mantenimento delle propriet\u00e0 fisiche<\/p>\t\t\t\t\t\t\t\t<\/div>\n\t\t\t\t<\/div>\n\t\t\t\t\t<\/div>\n\t\t\t\t<\/div>\n\t\t<div class=\"elementor-element elementor-element-715b5c3 e-flex e-con-boxed e-con e-parent\" data-id=\"715b5c3\" data-element_type=\"container\" data-e-type=\"container\" data-settings=\"{&quot;jet_parallax_layout_list&quot;:[],&quot;background_background&quot;:&quot;classic&quot;}\">\n\t\t\t\t\t<div class=\"e-con-inner\">\n\t\t\t\t<div class=\"elementor-element elementor-element-d01a527 elementor-widget elementor-widget-heading\" data-id=\"d01a527\" data-element_type=\"widget\" data-e-type=\"widget\" data-widget_type=\"heading.default\">\n\t\t\t\t<div class=\"elementor-widget-container\">\n\t\t\t\t\t<h2 class=\"elementor-heading-title elementor-size-xl\">Implementazione<\/h2>\t\t\t\t<\/div>\n\t\t\t\t<\/div>\n\t\t\t\t<div class=\"elementor-element elementor-element-6e3f179 elementor-widget elementor-widget-text-editor\" data-id=\"6e3f179\" data-element_type=\"widget\" data-e-type=\"widget\" data-widget_type=\"text-editor.default\">\n\t\t\t\t<div class=\"elementor-widget-container\">\n\t\t\t\t\t\t\t\t\t<p><strong>1. Rapporto di miscelazione<\/strong><\/p><p>Aggiungi da 2 a 8 grammi di ritardante per chilogrammo di liquido Jesmonite, prima di incorporare la base in polvere. La quantit\u00e0 esatta dipende dal livello di ritardante richiesto e dai vincoli specifici del progetto. <\/p><p><strong>2. Durata della pentola<\/strong><\/p><p>Il tempo di lavoro ottenuto varia in base a una serie di fattori:<\/p><ul><li>Dosaggio del timer<\/li><li>Temperatura ambiente<\/li><li>Volume e massa della colata<\/li><\/ul><p>Si consiglia vivamente di effettuare un test preliminare per determinare la finestra di lavoro esatta per le condizioni di produzione specifiche.<\/p><p><strong>Nota: <\/strong>un dosaggio eccessivo pu\u00f2 alterare le propriet\u00e0 meccaniche o prolungare il tempo di essiccazione. \u00c8 quindi fondamentale regolare la formulazione con attenzione, tenendo conto delle condizioni di applicazione e del tipo di pezzo da realizzare. <\/p>\t\t\t\t\t\t\t\t<\/div>\n\t\t\t\t<\/div>\n\t\t\t\t\t<\/div>\n\t\t\t\t<\/div>\n\t\t\t\t<\/div>\n\t\t","protected":false},"excerpt":{"rendered":"<p><span style=\"color: #ffffff;\">Il ritardante di presa prolunga il tempo di lavorazione di Jesmonite senza alterarne le propriet\u00e0 finali.<\/span><\/p>\n","protected":false},"featured_media":24723,"template":"","meta":[],"product_brand":[],"product_cat":[1570,1267],"product_tag":[1245,1246,1303,1304,1305,1284,1285,1247,1307],"class_list":{"0":"post-24721","1":"product","2":"type-product","3":"status-publish","4":"has-post-thumbnail","6":"product_cat-additivi","7":"product_cat-jesmonite-it","8":"product_tag-additivo","9":"product_tag-decorazione","10":"product_tag-ecologico","11":"product_tag-jesmonite-it","12":"product_tag-mostra","13":"product_tag-rigido","14":"product_tag-scultura","15":"product_tag-stampaggio","16":"product_tag-stratificazione","18":"first","19":"instock","20":"taxable","21":"shipping-taxable","22":"purchasable","23":"product-type-variable"},"_links":{"self":[{"href":"https:\/\/www.finres-sa.com\/it\/wp-json\/wp\/v2\/product\/24721","targetHints":{"allow":["GET"]}}],"collection":[{"href":"https:\/\/www.finres-sa.com\/it\/wp-json\/wp\/v2\/product"}],"about":[{"href":"https:\/\/www.finres-sa.com\/it\/wp-json\/wp\/v2\/types\/product"}],"version-history":[{"count":1,"href":"https:\/\/www.finres-sa.com\/it\/wp-json\/wp\/v2\/product\/24721\/revisions"}],"predecessor-version":[{"id":36382,"href":"https:\/\/www.finres-sa.com\/it\/wp-json\/wp\/v2\/product\/24721\/revisions\/36382"}],"wp:featuredmedia":[{"embeddable":true,"href":"https:\/\/www.finres-sa.com\/it\/wp-json\/wp\/v2\/media\/24723"}],"wp:attachment":[{"href":"https:\/\/www.finres-sa.com\/it\/wp-json\/wp\/v2\/media?parent=24721"}],"wp:term":[{"taxonomy":"product_brand","embeddable":true,"href":"https:\/\/www.finres-sa.com\/it\/wp-json\/wp\/v2\/product_brand?post=24721"},{"taxonomy":"product_cat","embeddable":true,"href":"https:\/\/www.finres-sa.com\/it\/wp-json\/wp\/v2\/product_cat?post=24721"},{"taxonomy":"product_tag","embeddable":true,"href":"https:\/\/www.finres-sa.com\/it\/wp-json\/wp\/v2\/product_tag?post=24721"}],"curies":[{"name":"wp","href":"https:\/\/api.w.org\/{rel}","templated":true}]}}