{"id":27905,"date":"2025-07-08T14:41:08","date_gmt":"2025-07-08T12:41:08","guid":{"rendered":"https:\/\/www.finres-sa.com\/product\/polvere-di-mica-ultrasottile-9gr-pigmento-naturale-per-resina-sapone-vernice\/"},"modified":"2026-01-16T14:10:28","modified_gmt":"2026-01-16T13:10:28","slug":"polvere-di-mica-ultrasottile-9gr-pigmento-naturale-per-resina-sapone-vernice","status":"publish","type":"product","link":"https:\/\/www.finres-sa.com\/it\/prodotto\/polvere-di-mica-ultrasottile-9gr-pigmento-naturale-per-resina-sapone-vernice\/","title":{"rendered":"POLVERE DI MICA ULTRASOTTILE 9gr &#8211; Pigmento naturale per resina, sapone, vernice"},"content":{"rendered":"\t\t<div data-elementor-type=\"product-post\" data-elementor-id=\"27905\" class=\"elementor elementor-27905 elementor-27699\" data-elementor-post-type=\"product\">\n\t\t\t\t<div class=\"elementor-element elementor-element-9b799a8 e-flex e-con-boxed e-con e-parent\" data-id=\"9b799a8\" data-element_type=\"container\" data-e-type=\"container\" data-settings=\"{&quot;jet_parallax_layout_list&quot;:[]}\">\n\t\t\t\t\t<div class=\"e-con-inner\">\n\t\t\t\t<div class=\"elementor-element elementor-element-88f5430 elementor-widget elementor-widget-text-editor\" data-id=\"88f5430\" data-element_type=\"widget\" data-e-type=\"widget\" data-widget_type=\"text-editor.default\">\n\t\t\t\t<div class=\"elementor-widget-container\">\n\t\t\t\t\t\t\t\t\t<p><span style=\"color: #233c76;\">La mica in polvere \u00e8 un pigmento a base minerale apprezzato per la sua brillantezza e i sottili riflessi metallici. Precisamente micronizzato, il pigmento in polvere si integra perfettamente nelle formulazioni a base di resina, silicone, gesso, cera o sapone, fornendo un colore stabile, omogeneo e altamente estetico. <\/span><\/p><p><span style=\"color: #233c76;\">La sua composizione inerte lo rende compatibile con un&#8217;ampia variet\u00e0 di matrici, senza alterare le propriet\u00e0 chimiche o meccaniche dei substrati. \u00c8 privo di metalli pesanti e soddisfa i pi\u00f9 severi standard di sicurezza, soprattutto nelle formulazioni cosmetiche. <\/span><\/p>\t\t\t\t\t\t\t\t<\/div>\n\t\t\t\t<\/div>\n\t\t\t\t\t<\/div>\n\t\t\t\t<\/div>\n\t\t<div class=\"elementor-element elementor-element-96c77b3 e-flex e-con-boxed e-con e-parent\" data-id=\"96c77b3\" data-element_type=\"container\" data-e-type=\"container\" data-settings=\"{&quot;jet_parallax_layout_list&quot;:[],&quot;background_background&quot;:&quot;classic&quot;}\">\n\t\t\t\t\t<div class=\"e-con-inner\">\n\t\t\t\t<div class=\"elementor-element elementor-element-ccf404c elementor-widget elementor-widget-heading\" data-id=\"ccf404c\" data-element_type=\"widget\" data-e-type=\"widget\" data-widget_type=\"heading.default\">\n\t\t\t\t<div class=\"elementor-widget-container\">\n\t\t\t\t\t<h2 class=\"elementor-heading-title elementor-size-xl\">Vantaggi del prodotto<\/h2>\t\t\t\t<\/div>\n\t\t\t\t<\/div>\n\t\t\t\t<div class=\"elementor-element elementor-element-fc91df4 elementor-widget elementor-widget-text-editor\" data-id=\"fc91df4\" data-element_type=\"widget\" data-e-type=\"widget\" data-widget_type=\"text-editor.default\">\n\t\t\t\t<div class=\"elementor-widget-container\">\n\t\t\t\t\t\t\t\t\t<p>\ud83c\udfa8 13 tonalit\u00e0 vivaci e armoniose<\/p><p>\u267b\ufe0f Pigmento naturale<\/p><p>\ud83c\udf2b\ufe0f Dimensione fine delle particelle per una dispersione senza grumi<\/p><p>\ud83d\udd25 Stabilit\u00e0 termica e chimica<\/p><p>\ud83c\udf3f Non tossico<\/p><p>\u2728 Intensi effetti perlescenti<\/p><p>\ud83c\udf00 Incredibile compatibilit\u00e0 con un&#8217;ampia gamma di substrati<\/p>\t\t\t\t\t\t\t\t<\/div>\n\t\t\t\t<\/div>\n\t\t\t\t\t<\/div>\n\t\t\t\t<\/div>\n\t\t\t\t<\/div>\n\t\t","protected":false},"excerpt":{"rendered":"<p><span style=\"color: #ffffff;\">Pigmenti in polvere a base minerale non tossici e resistenti ai raggi UV. La polvere di mica offre effetti metallici, perlescenti e iridescenti che aggiungono brillantezza e raffinatezza ai tuoi progetti. <\/span><\/p>\n<p><span style=\"color: #ffffff;\">Ideale per arricchire resine, saponi, candele, pitture e vernici con un colore intenso e duraturo.<\/span><\/p>\n","protected":false},"featured_media":27852,"template":"","meta":[],"product_brand":[],"product_cat":[1259,1244,1613,1614,1767],"product_tag":[],"class_list":{"0":"post-27905","1":"product","2":"type-product","3":"status-publish","4":"has-post-thumbnail","6":"product_cat-notizie","7":"product_cat-pigmenti-e-additivi","8":"product_cat-pigmenti-e-riempitivi","9":"product_cat-pigmenti-naturali","10":"product_cat-reslin-it","12":"first","13":"instock","14":"taxable","15":"shipping-taxable","16":"purchasable","17":"product-type-variable"},"_links":{"self":[{"href":"https:\/\/www.finres-sa.com\/it\/wp-json\/wp\/v2\/product\/27905","targetHints":{"allow":["GET"]}}],"collection":[{"href":"https:\/\/www.finres-sa.com\/it\/wp-json\/wp\/v2\/product"}],"about":[{"href":"https:\/\/www.finres-sa.com\/it\/wp-json\/wp\/v2\/types\/product"}],"version-history":[{"count":2,"href":"https:\/\/www.finres-sa.com\/it\/wp-json\/wp\/v2\/product\/27905\/revisions"}],"predecessor-version":[{"id":35320,"href":"https:\/\/www.finres-sa.com\/it\/wp-json\/wp\/v2\/product\/27905\/revisions\/35320"}],"wp:featuredmedia":[{"embeddable":true,"href":"https:\/\/www.finres-sa.com\/it\/wp-json\/wp\/v2\/media\/27852"}],"wp:attachment":[{"href":"https:\/\/www.finres-sa.com\/it\/wp-json\/wp\/v2\/media?parent=27905"}],"wp:term":[{"taxonomy":"product_brand","embeddable":true,"href":"https:\/\/www.finres-sa.com\/it\/wp-json\/wp\/v2\/product_brand?post=27905"},{"taxonomy":"product_cat","embeddable":true,"href":"https:\/\/www.finres-sa.com\/it\/wp-json\/wp\/v2\/product_cat?post=27905"},{"taxonomy":"product_tag","embeddable":true,"href":"https:\/\/www.finres-sa.com\/it\/wp-json\/wp\/v2\/product_tag?post=27905"}],"curies":[{"name":"wp","href":"https:\/\/api.w.org\/{rel}","templated":true}]}}