{"id":29469,"date":"2025-08-13T10:11:11","date_gmt":"2025-08-13T08:11:11","guid":{"rendered":"https:\/\/www.finres-sa.com\/product\/slastic-rivestimento-flessibile-ad-alte-prestazioni-soluzione-ignifuga-per-decorazioni-professionali\/"},"modified":"2026-04-20T12:54:56","modified_gmt":"2026-04-20T10:54:56","slug":"slastic-rivestimento-flessibile-ad-alte-prestazioni-soluzione-ignifuga-per-decorazioni-professionali","status":"publish","type":"product","link":"https:\/\/www.finres-sa.com\/it\/prodotto\/slastic-rivestimento-flessibile-ad-alte-prestazioni-soluzione-ignifuga-per-decorazioni-professionali\/","title":{"rendered":"SLASTIC \u2013 Rivestimento Flessibile ad Alte Prestazioni \u2013 Soluzione ignifuga per arredamento professionale"},"content":{"rendered":"\t\t<div data-elementor-type=\"product-post\" data-elementor-id=\"29469\" class=\"elementor elementor-29469 elementor-29407\" data-elementor-post-type=\"product\">\n\t\t\t\t<div class=\"elementor-element elementor-element-5821f44 e-flex e-con-boxed e-con e-parent\" data-id=\"5821f44\" data-element_type=\"container\" data-e-type=\"container\" data-settings=\"{&quot;jet_parallax_layout_list&quot;:[]}\">\n\t\t\t\t\t<div class=\"e-con-inner\">\n\t\t\t\t<div class=\"elementor-element elementor-element-3e403b9 elementor-widget elementor-widget-text-editor\" data-id=\"3e403b9\" data-element_type=\"widget\" data-e-type=\"widget\" data-widget_type=\"text-editor.default\">\n\t\t\t\t<div class=\"elementor-widget-container\">\n\t\t\t\t\t\t\t\t\t<p><span style=\"color: #233c76;\">Lo Slastic \u00e8 un rivestimento acrilico idrosolubile, formulato come pasta pronta all&#8217;uso, riconosciuto per la sua elevata elasticit\u00e0, flessibilit\u00e0 e versatilit\u00e0 d&#8217;uso.<\/span><\/p><p><span style=\"color: #233c76;\">Progettato per rinforzare, irrigidire e proteggere materiali fragili pur mantenendo la loro flessibilit\u00e0 originale, si afferma come una soluzione di riferimento nel mondo della scenografia, delle decorazioni per eventi e del design scenico professionale.<\/span><\/p><p><span style=\"color: #233c76;\">Utilizzato per la protezione e la flessibilizzazione di elementi scenografici in teatri, sale da spettacolo, opere, studi TV, spettacoli itineranti, sfilate, festival o parchi di divertimento, lo Slastic offre un&#8217;eccellente tenuta nel tempo.<\/span><\/p><p><span style=\"color: #233c76;\">Versatile, questo rivestimento pu\u00f2 essere utilizzato anche come:<\/span><\/p><ul><li><span style=\"color: #233c76;\">adesivo per la riparazione di materiali rotti,<\/span><\/li><li><span style=\"color: #233c76;\">legante per il rinforzo di fibre (vetro, cotone, ecc.),<\/span><\/li><li><span style=\"color: #233c76;\">o anche come colla tecnica per una moltitudine di supporti (carta, cartone, schiuma, plastiche cellulari\u2026).<\/span><\/li><\/ul><p><span style=\"color: #233c76;\">Consiglio per l&#8217;applicazione: Per assemblaggi solidi, si raccomanda di rinforzare le giunzioni con strisce di fibra di vetro o cotone imbevute di Slastic.<\/span><\/p><p><span style=\"color: #233c76;\">Infine, lo Slastic \u00e8 ampiamente riconosciuto nel campo delle decorazioni professionali per la sua classificazione al fuoco M1, il che lo rende una soluzione ideale per soddisfare i requisiti di sicurezza negli spazi aperti al pubblico (ERP).<\/span><\/p>\t\t\t\t\t\t\t\t<\/div>\n\t\t\t\t<\/div>\n\t\t\t\t\t<\/div>\n\t\t\t\t<\/div>\n\t\t<div class=\"elementor-element elementor-element-0ff4ec0 e-flex e-con-boxed e-con e-parent\" data-id=\"0ff4ec0\" data-element_type=\"container\" data-e-type=\"container\" data-settings=\"{&quot;jet_parallax_layout_list&quot;:[],&quot;background_background&quot;:&quot;classic&quot;}\">\n\t\t\t\t\t<div class=\"e-con-inner\">\n\t\t<div class=\"elementor-element elementor-element-a7f5a6b e-grid e-con-boxed e-con e-child\" data-id=\"a7f5a6b\" data-element_type=\"container\" data-e-type=\"container\" data-settings=\"{&quot;jet_parallax_layout_list&quot;:[]}\">\n\t\t\t\t\t<div class=\"e-con-inner\">\n\t\t\t\t<div class=\"elementor-element elementor-element-9db33b4 elementor-widget elementor-widget-heading\" data-id=\"9db33b4\" data-element_type=\"widget\" data-e-type=\"widget\" data-widget_type=\"heading.default\">\n\t\t\t\t<div class=\"elementor-widget-container\">\n\t\t\t\t\t<h2 class=\"elementor-heading-title elementor-size-xl\">Caratteristiche<\/h2>\t\t\t\t<\/div>\n\t\t\t\t<\/div>\n\t\t\t\t<div class=\"elementor-element elementor-element-ee99774 elementor-widget elementor-widget-heading\" data-id=\"ee99774\" data-element_type=\"widget\" data-e-type=\"widget\" data-widget_type=\"heading.default\">\n\t\t\t\t<div class=\"elementor-widget-container\">\n\t\t\t\t\t<h2 class=\"elementor-heading-title elementor-size-xl\">Vantaggi<\/h2>\t\t\t\t<\/div>\n\t\t\t\t<\/div>\n\t\t\t\t<div class=\"elementor-element elementor-element-b78fea3 elementor-widget elementor-widget-text-editor\" data-id=\"b78fea3\" data-element_type=\"widget\" data-e-type=\"widget\" data-widget_type=\"text-editor.default\">\n\t\t\t\t<div class=\"elementor-widget-container\">\n\t\t\t\t\t\t\t\t\t<p>Colore: bianco\/ nero\/traslucido<\/p><p>Consumo: da 200 a 400 gr\/m\u00b2<\/p><p>Asciutto al tatto: 1 ora a 20\u00b0C con 60% UR<\/p><p>Allungamento a rottura 100%<\/p><p>Applicazione: rullo\/pennello\/spatola\/pistola airless<\/p><p>Ignifugo: classificazione M-1<\/p><p>Impermeabile e molto resistente all&#8217;acqua e all&#8217;umidit\u00e0<\/p>\t\t\t\t\t\t\t\t<\/div>\n\t\t\t\t<\/div>\n\t\t\t\t<div class=\"elementor-element elementor-element-695c64f elementor-widget elementor-widget-text-editor\" data-id=\"695c64f\" data-element_type=\"widget\" data-e-type=\"widget\" data-widget_type=\"text-editor.default\">\n\t\t\t\t<div class=\"elementor-widget-container\">\n\t\t\t\t\t\t\t\t\t<p>Stabile ai raggi UV<\/p><p>Elevata flessibilit\u00e0<\/p><p>Versatile<\/p><p>Resistenza termica<\/p><p>Flessibilit\u00e0 duratura<\/p><p>Impermeabile<\/p>\t\t\t\t\t\t\t\t<\/div>\n\t\t\t\t<\/div>\n\t\t\t\t\t<\/div>\n\t\t\t\t<\/div>\n\t\t\t\t\t<\/div>\n\t\t\t\t<\/div>\n\t\t<div class=\"elementor-element elementor-element-a32eca7 e-flex e-con-boxed e-con e-parent\" data-id=\"a32eca7\" data-element_type=\"container\" data-e-type=\"container\" data-settings=\"{&quot;jet_parallax_layout_list&quot;:[],&quot;background_background&quot;:&quot;classic&quot;}\">\n\t\t\t\t\t<div class=\"e-con-inner\">\n\t\t\t\t<div class=\"elementor-element elementor-element-104f6c8 elementor-widget elementor-widget-heading\" data-id=\"104f6c8\" data-element_type=\"widget\" data-e-type=\"widget\" data-widget_type=\"heading.default\">\n\t\t\t\t<div class=\"elementor-widget-container\">\n\t\t\t\t\t<h2 class=\"elementor-heading-title elementor-size-xl\">Implementazione<\/h2>\t\t\t\t<\/div>\n\t\t\t\t<\/div>\n\t\t\t\t<div class=\"elementor-element elementor-element-ae9e2e3 elementor-widget elementor-widget-text-editor\" data-id=\"ae9e2e3\" data-element_type=\"widget\" data-e-type=\"widget\" data-widget_type=\"text-editor.default\">\n\t\t\t\t<div class=\"elementor-widget-container\">\n\t\t\t\t\t\t\t\t\t<p>La pasta \u00e8 pronta all&#8217;uso.<\/p><p>Applicare il rivestimento su superfici pulite, asciutte e prive di grasso.<\/p><p>Applicazione a pennello, rullo, spatola, riga o pistola airless, direttamente sui materiali da trattare, asciutti e precedentemente puliti e spolverati.<\/p><p>Pennello: Non diluire.<\/p><p>Rullo: Aggiungere dallo 0 al 5% di acqua, a seconda del tipo di rullo utilizzato.<\/p><p>Pistola airless: Aggiungere dallo 0 al 5% di acqua. Ugello: da 0,023 a 0,035 \u201c\u201d. Pressione in punta dell&#8217;ugello: da 180 a 200 kg\/cm\u00b2  <\/p><p>Pulizia degli attrezzi con acqua subito dopo l&#8217;uso.<\/p><p>Asciugatura al tatto in 1 ora, applicazione della decorazione dopo 48 ore.<\/p><p>Pulire con acqua corrente, preferibilmente calda. Se il prodotto \u00e8 gi\u00e0 asciutto, usare l&#8217;acetone. <\/p>\t\t\t\t\t\t\t\t<\/div>\n\t\t\t\t<\/div>\n\t\t\t\t\t<\/div>\n\t\t\t\t<\/div>\n\t\t\t\t<\/div>\n\t\t","protected":false},"excerpt":{"rendered":"<p><span style=\"color: #ffffff;\">Rivestimento flessibile e ignifugo specificamente progettato per consolidare e proteggere a lungo ogni tipo di supporto leggero:<\/span><\/p>\n<p><span style=\"color: #ffffff;\">tela, carta, cartone, carta kraft, polistirolo espanso, schiume o plastiche cellulari. Ideale per la realizzazione di decorazioni professionali. <\/span><\/p>\n<p><span style=\"color: #ffffff;\"><strong>Classificazione al fuoco M1 <\/strong><\/span><\/p>\n","protected":false},"featured_media":29412,"template":"","meta":[],"product_brand":[],"product_cat":[1259,1243],"product_tag":[],"class_list":{"0":"post-29469","1":"product","2":"type-product","3":"status-publish","4":"has-post-thumbnail","6":"product_cat-notizie","7":"product_cat-stampaggio-e-silicone","9":"first","10":"instock","11":"taxable","12":"shipping-taxable","13":"purchasable","14":"product-type-variable"},"_links":{"self":[{"href":"https:\/\/www.finres-sa.com\/it\/wp-json\/wp\/v2\/product\/29469","targetHints":{"allow":["GET"]}}],"collection":[{"href":"https:\/\/www.finres-sa.com\/it\/wp-json\/wp\/v2\/product"}],"about":[{"href":"https:\/\/www.finres-sa.com\/it\/wp-json\/wp\/v2\/types\/product"}],"version-history":[{"count":1,"href":"https:\/\/www.finres-sa.com\/it\/wp-json\/wp\/v2\/product\/29469\/revisions"}],"predecessor-version":[{"id":36248,"href":"https:\/\/www.finres-sa.com\/it\/wp-json\/wp\/v2\/product\/29469\/revisions\/36248"}],"wp:featuredmedia":[{"embeddable":true,"href":"https:\/\/www.finres-sa.com\/it\/wp-json\/wp\/v2\/media\/29412"}],"wp:attachment":[{"href":"https:\/\/www.finres-sa.com\/it\/wp-json\/wp\/v2\/media?parent=29469"}],"wp:term":[{"taxonomy":"product_brand","embeddable":true,"href":"https:\/\/www.finres-sa.com\/it\/wp-json\/wp\/v2\/product_brand?post=29469"},{"taxonomy":"product_cat","embeddable":true,"href":"https:\/\/www.finres-sa.com\/it\/wp-json\/wp\/v2\/product_cat?post=29469"},{"taxonomy":"product_tag","embeddable":true,"href":"https:\/\/www.finres-sa.com\/it\/wp-json\/wp\/v2\/product_tag?post=29469"}],"curies":[{"name":"wp","href":"https:\/\/api.w.org\/{rel}","templated":true}]}}