{"id":33020,"date":"2025-11-17T16:18:17","date_gmt":"2025-11-17T15:18:17","guid":{"rendered":"https:\/\/www.finres-sa.com\/product\/resina-epossidica-trasparente-eco-1010c-1014c-1016c-protezione-uv-ad-alta-resistenza\/"},"modified":"2026-03-30T16:48:33","modified_gmt":"2026-03-30T14:48:33","slug":"resina-epossidica-trasparente-eco-1010c-1014c-1016c-protezione-uv-ad-alta-resistenza","status":"publish","type":"product","link":"https:\/\/www.finres-sa.com\/it\/prodotto\/resina-epossidica-trasparente-eco-1010c-1014c-1016c-protezione-uv-ad-alta-resistenza\/","title":{"rendered":"Resina epossidica trasparente ECO 1010C \u2013 Primer e Vernice Epossidica UV-resistente"},"content":{"rendered":"\t\t<div data-elementor-type=\"product-post\" data-elementor-id=\"33020\" class=\"elementor elementor-33020 elementor-32418\" data-elementor-post-type=\"product\">\n\t\t\t\t<div class=\"elementor-element elementor-element-7e37c36 e-flex e-con-boxed e-con e-parent\" data-id=\"7e37c36\" data-element_type=\"container\" data-e-type=\"container\" data-settings=\"{&quot;jet_parallax_layout_list&quot;:[]}\">\n\t\t\t\t\t<div class=\"e-con-inner\">\n\t\t\t\t<div class=\"elementor-element elementor-element-61029c9 elementor-widget elementor-widget-text-editor\" data-id=\"61029c9\" data-element_type=\"widget\" data-e-type=\"widget\" data-widget_type=\"text-editor.default\">\n\t\t\t\t<div class=\"elementor-widget-container\">\n\t\t\t\t\t\t\t\t\t<p data-pm-slice=\"1 1 []\">La resina epossidica 1010C-1014C\/1016C \u00e8 una soluzione ECO di nuova generazione, sviluppata per soddisfare le attuali esigenze dei professionisti dell&#8217;edilizia, dell&#8217;industria nautica, del settore dei compositi e delle applicazioni tecniche esigenti.<br>La sua formulazione avanzata, senza solventi e senza BPA, riduce le emissioni e migliora la sicurezza d&#8217;uso, pur mantenendo eccellenti prestazioni meccaniche e chimiche.<\/p><p>Questo sistema diluibile in acqua offre un&#8217;eccellente fluidit\u00e0, una trasparenza cristallina e una resistenza all&#8217;abrasione superiore. Facile da usare grazie al suo rapporto di miscelazione (1:1), pu\u00f2 essere fortemente diluito per adattarsi a ogni esigenza di applicazione. Questa possibilit\u00e0 permette di ottimizzare la maneggevolezza, l&#8217;impregnazione del materiale e la regolarit\u00e0 del film, in particolare su supporti porosi o superfici complesse.  <\/p><p>Cos\u00ec, il 1010C-1014C pu\u00f2 essere utilizzato come primer di alta qualit\u00e0 nella preparazione del legno per la costruzione navale, nell&#8217;edilizia, nel restauro di boiserie, o come indurente per legni antichi che hanno subito le alterazioni del tempo. <\/p><p>Grazie alla sua versatilit\u00e0, la resina epossidica 1010C-1014C\/1016C protegge e valorizza un&#8217;ampia gamma di supporti: legno massello o derivati, cemento grezzo o lucidato, pietra naturale, metallo, vetro, terracotta o supporti compositi. \u00c8 particolarmente adatta per progetti di ristrutturazione, dove la compatibilit\u00e0 multi-supporto e la stabilit\u00e0 dimensionale sono essenziali, sia in ambiente domestico che industriale. <\/p><p>Una volta indurita, la resina non rilascia pi\u00f9 alcuna sostanza volatile e non presenta alcun fenomeno di migrazione, il che garantisce una perfetta compatibilit\u00e0 con gli usi interni. Questa stabilit\u00e0 chimica, associata a una buona resistenza all&#8217;umidit\u00e0 e agli agenti comuni, offre una reale fiducia durante la messa in servizio delle superfici trattate, anche in zone molto sollecitate. <\/p><p>Ideale per applicazioni di impregnazione, protezione e finitura, l&#8217;epossidica 1010C-1014C\/1016C assicura un tempo di lavorazione confortevole per un indurimento progressivo. Il risultato \u00e8 omogeneo, senza ritiro, garantendo finiture di alta gamma e durevoli, adatte sia alle esigenze tecniche che estetiche. <\/p>\t\t\t\t\t\t\t\t<\/div>\n\t\t\t\t<\/div>\n\t\t\t\t\t<\/div>\n\t\t\t\t<\/div>\n\t\t<div class=\"elementor-element elementor-element-8313a83 e-flex e-con-boxed e-con e-parent\" data-id=\"8313a83\" data-element_type=\"container\" data-e-type=\"container\" data-settings=\"{&quot;jet_parallax_layout_list&quot;:[],&quot;background_background&quot;:&quot;classic&quot;}\">\n\t\t\t\t\t<div class=\"e-con-inner\">\n\t\t<div class=\"elementor-element elementor-element-1aae439 e-grid e-con-boxed e-con e-child\" data-id=\"1aae439\" data-element_type=\"container\" data-e-type=\"container\" data-settings=\"{&quot;jet_parallax_layout_list&quot;:[]}\">\n\t\t\t\t\t<div class=\"e-con-inner\">\n\t\t<div class=\"elementor-element elementor-element-fe562c2 e-con-full e-flex e-con e-child\" data-id=\"fe562c2\" data-element_type=\"container\" data-e-type=\"container\" data-settings=\"{&quot;jet_parallax_layout_list&quot;:[]}\">\n\t\t\t\t<div class=\"elementor-element elementor-element-33b2fe4 elementor-widget elementor-widget-heading\" data-id=\"33b2fe4\" data-element_type=\"widget\" data-e-type=\"widget\" data-widget_type=\"heading.default\">\n\t\t\t\t<div class=\"elementor-widget-container\">\n\t\t\t\t\t<h2 class=\"elementor-heading-title elementor-size-large\">Vantaggi del prodotto<\/h2>\t\t\t\t<\/div>\n\t\t\t\t<\/div>\n\t\t\t\t<div class=\"elementor-element elementor-element-4d9151a elementor-widget elementor-widget-text-editor\" data-id=\"4d9151a\" data-element_type=\"widget\" data-e-type=\"widget\" data-widget_type=\"text-editor.default\">\n\t\t\t\t<div class=\"elementor-widget-container\">\n\t\t\t\t\t\t\t\t\t<ul data-pm-slice=\"3 3 []\"><li><p>Filtro UV integrato<\/p><\/li><li><p>Senza solventi e senza bisfenolo<\/p><\/li><li><p>Finitura opaca o lucida<\/p><\/li><li><p>Bassa viscosit\u00e0 che facilita l&#8217;impregnazione<\/p><\/li><li><p>Permeabilit\u00e0 controllata al vapore acqueo<\/p><\/li><li><p>Eccellente durabilit\u00e0 meccanica e chimica<\/p><\/li><li><p>Adatta come primer per rivestimenti di pavimenti<\/p><\/li><\/ul>\t\t\t\t\t\t\t\t<\/div>\n\t\t\t\t<\/div>\n\t\t\t\t<\/div>\n\t\t<div class=\"elementor-element elementor-element-38940e1 e-con-full e-flex e-con e-child\" data-id=\"38940e1\" data-element_type=\"container\" data-e-type=\"container\" data-settings=\"{&quot;jet_parallax_layout_list&quot;:[]}\">\n\t\t\t\t<div class=\"elementor-element elementor-element-f0a1029 elementor-widget elementor-widget-heading\" data-id=\"f0a1029\" data-element_type=\"widget\" data-e-type=\"widget\" data-widget_type=\"heading.default\">\n\t\t\t\t<div class=\"elementor-widget-container\">\n\t\t\t\t\t<h2 class=\"elementor-heading-title elementor-size-large\">Applicazione<\/h2>\t\t\t\t<\/div>\n\t\t\t\t<\/div>\n\t\t\t\t<div class=\"elementor-element elementor-element-d418df0 elementor-widget elementor-widget-text-editor\" data-id=\"d418df0\" data-element_type=\"widget\" data-e-type=\"widget\" data-widget_type=\"text-editor.default\">\n\t\t\t\t<div class=\"elementor-widget-container\">\n\t\t\t\t\t\t\t\t\t<ul data-pm-slice=\"3 3 []\"><li><p>Restauro e protezione di boiserie<\/p><\/li><li><p>Edilizia e lavori pubblici<\/p><\/li><li><p>Costruzione di imbarcazioni, strutture marittime e navigazione<\/p><\/li><li><p>Hobby creativi e progetti di design<\/p><\/li><li><p>Arredamento d&#8217;interni, piani di lavoro, fondi decorativi<\/p><\/li><li><p>Applicazioni esterne<\/p><\/li><li><p>Supporti metallici, garage, aree tecniche<\/p><\/li><li><p>Pavimenti in resina industriali o decorativi<\/p><\/li><li><p>Superfici in resina soggette ad abrasione<\/p><\/li><li><p>Incollaggio e assemblaggio composito<\/p><\/li><\/ul>\t\t\t\t\t\t\t\t<\/div>\n\t\t\t\t<\/div>\n\t\t\t\t<\/div>\n\t\t\t\t\t<\/div>\n\t\t\t\t<\/div>\n\t\t\t\t\t<\/div>\n\t\t\t\t<\/div>\n\t\t<div class=\"elementor-element elementor-element-201b54f e-flex e-con-boxed e-con e-parent\" data-id=\"201b54f\" data-element_type=\"container\" data-e-type=\"container\" data-settings=\"{&quot;jet_parallax_layout_list&quot;:[],&quot;background_background&quot;:&quot;classic&quot;}\">\n\t\t\t\t\t<div class=\"e-con-inner\">\n\t\t\t\t<div class=\"elementor-element elementor-element-a8b6cc0 elementor-widget elementor-widget-heading\" data-id=\"a8b6cc0\" data-element_type=\"widget\" data-e-type=\"widget\" data-widget_type=\"heading.default\">\n\t\t\t\t<div class=\"elementor-widget-container\">\n\t\t\t\t\t<h2 class=\"elementor-heading-title elementor-size-large\">Descrizione dell'applicazione<\/h2>\t\t\t\t<\/div>\n\t\t\t\t<\/div>\n\t\t\t\t<div class=\"elementor-element elementor-element-d86e903 elementor-widget elementor-widget-heading\" data-id=\"d86e903\" data-element_type=\"widget\" data-e-type=\"widget\" data-widget_type=\"heading.default\">\n\t\t\t\t<div class=\"elementor-widget-container\">\n\t\t\t\t\t<h3 class=\"elementor-heading-title elementor-size-medium\">Condizioni di applicazione raccomandate<\/h3>\t\t\t\t<\/div>\n\t\t\t\t<\/div>\n\t\t\t\t<div class=\"elementor-element elementor-element-910980c elementor-widget elementor-widget-text-editor\" data-id=\"910980c\" data-element_type=\"widget\" data-e-type=\"widget\" data-widget_type=\"text-editor.default\">\n\t\t\t\t<div class=\"elementor-widget-container\">\n\t\t\t\t\t\t\t\t\t<ul data-pm-slice=\"3 3 []\"><li><p>Temperatura ideale: da 18 a 25 \u00b0C<\/p><\/li><li><p>Umidit\u00e0 &lt; 70 %<\/p><\/li><li><p>Pi\u00f9 calore c&#8217;\u00e8 nell&#8217;ambiente, pi\u00f9 velocemente polimerizzer\u00e0.<\/p><\/li><li><p>Non utilizzare l&#8217;indurente 1016 per una prima mano.<\/p><\/li><\/ul>\t\t\t\t\t\t\t\t<\/div>\n\t\t\t\t<\/div>\n\t\t\t\t<div class=\"elementor-element elementor-element-6cc5f3c elementor-widget elementor-widget-heading\" data-id=\"6cc5f3c\" data-element_type=\"widget\" data-e-type=\"widget\" data-widget_type=\"heading.default\">\n\t\t\t\t<div class=\"elementor-widget-container\">\n\t\t\t\t\t<h3 class=\"elementor-heading-title elementor-size-medium\">Rapporto di miscelazione<\/h3>\t\t\t\t<\/div>\n\t\t\t\t<\/div>\n\t\t\t\t<div class=\"elementor-element elementor-element-2aa5cd4 elementor-widget elementor-widget-text-editor\" data-id=\"2aa5cd4\" data-element_type=\"widget\" data-e-type=\"widget\" data-widget_type=\"text-editor.default\">\n\t\t\t\t<div class=\"elementor-widget-container\">\n\t\t\t\t\t\t\t\t\t<ul data-pm-slice=\"3 1 []\"><li><p>Resina 1010 + indurente 1014: 100 A \/ 100 B<\/p><\/li><li><p>Resina 1010 + indurente 1016: 100 A \/ 150 B<br>Questo rapporto di miscelazione deve essere rispettato per garantire le prestazioni meccaniche e chimiche. Mescolare a mano o con un agitatore meccanico. <\/p><\/li><\/ul>\t\t\t\t\t\t\t\t<\/div>\n\t\t\t\t<\/div>\n\t\t\t\t\t<\/div>\n\t\t\t\t<\/div>\n\t\t<div class=\"elementor-element elementor-element-d2a0727 e-flex e-con-boxed e-con e-parent\" data-id=\"d2a0727\" data-element_type=\"container\" data-e-type=\"container\" data-settings=\"{&quot;jet_parallax_layout_list&quot;:[],&quot;background_background&quot;:&quot;classic&quot;}\">\n\t\t\t\t\t<div class=\"e-con-inner\">\n\t\t\t\t<div class=\"elementor-element elementor-element-f243fcd elementor-widget elementor-widget-heading\" data-id=\"f243fcd\" data-element_type=\"widget\" data-e-type=\"widget\" data-widget_type=\"heading.default\">\n\t\t\t\t<div class=\"elementor-widget-container\">\n\t\t\t\t\t<h2 class=\"elementor-heading-title elementor-size-large\">Sistemi di applicazione\n\n<\/h2>\t\t\t\t<\/div>\n\t\t\t\t<\/div>\n\t\t\t\t<div class=\"elementor-element elementor-element-7bba653 elementor-widget elementor-widget-heading\" data-id=\"7bba653\" data-element_type=\"widget\" data-e-type=\"widget\" data-widget_type=\"heading.default\">\n\t\t\t\t<div class=\"elementor-widget-container\">\n\t\t\t\t\t<h3 class=\"elementor-heading-title elementor-size-medium\">Primario<\/h3>\t\t\t\t<\/div>\n\t\t\t\t<\/div>\n\t\t\t\t<div class=\"elementor-element elementor-element-8207d20 elementor-widget elementor-widget-text-editor\" data-id=\"8207d20\" data-element_type=\"widget\" data-e-type=\"widget\" data-widget_type=\"text-editor.default\">\n\t\t\t\t<div class=\"elementor-widget-container\">\n\t\t\t\t\t\t\t\t\t<p data-pm-slice=\"1 1 []\">1 volume di resina 1010 + 1 volume di indurente 1014 + 1 volume d&#8217;acqua<br>Applicazione a rullo o a pennello, ideale per la preparazione del supporto. Il 1010-1014 rimarr\u00e0 bianco se lo spessore \u00e8 eccessivo, non \u00e8 una resina da colata. <\/p>\t\t\t\t\t\t\t\t<\/div>\n\t\t\t\t<\/div>\n\t\t\t\t<div class=\"elementor-element elementor-element-f1c627b elementor-widget elementor-widget-heading\" data-id=\"f1c627b\" data-element_type=\"widget\" data-e-type=\"widget\" data-widget_type=\"heading.default\">\n\t\t\t\t<div class=\"elementor-widget-container\">\n\t\t\t\t\t<h3 class=\"elementor-heading-title elementor-size-medium\">Vernici e finiture<\/h3>\t\t\t\t<\/div>\n\t\t\t\t<\/div>\n\t\t\t\t<div class=\"elementor-element elementor-element-0daa510 elementor-widget elementor-widget-text-editor\" data-id=\"0daa510\" data-element_type=\"widget\" data-e-type=\"widget\" data-widget_type=\"text-editor.default\">\n\t\t\t\t<div class=\"elementor-widget-container\">\n\t\t\t\t\t\t\t\t\t<ul data-pm-slice=\"3 3 []\"><li><p>Lucido: 1 volume resina + 1 volume indurente 1014 + 1 volume d&#8217;acqua<\/p><\/li><li><p>Opaco: 2 volumi resina + 3 volumi indurente 1016 + 2 volumi d&#8217;acqua<\/p><\/li><\/ul>\t\t\t\t\t\t\t\t<\/div>\n\t\t\t\t<\/div>\n\t\t\t\t<div class=\"elementor-element elementor-element-098ad9f elementor-widget elementor-widget-heading\" data-id=\"098ad9f\" data-element_type=\"widget\" data-e-type=\"widget\" data-widget_type=\"heading.default\">\n\t\t\t\t<div class=\"elementor-widget-container\">\n\t\t\t\t\t<h3 class=\"elementor-heading-title elementor-size-medium\">Malte e autolivellanti<\/h3>\t\t\t\t<\/div>\n\t\t\t\t<\/div>\n\t\t\t\t<div class=\"elementor-element elementor-element-7bbdb3f elementor-widget elementor-widget-text-editor\" data-id=\"7bbdb3f\" data-element_type=\"widget\" data-e-type=\"widget\" data-widget_type=\"text-editor.default\">\n\t\t\t\t<div class=\"elementor-widget-container\">\n\t\t\t\t\t\t\t\t\t<p data-pm-slice=\"1 1 []\">Mescolare dal 10 al 20 % del sistema 1010-1014 con sabbia o altri cariche minerali.<br>Per la lisciatura, inumidire l&#8217;attrezzo; la pulizia si effettua con acqua prima dell&#8217;indurimento.<\/p>\t\t\t\t\t\t\t\t<\/div>\n\t\t\t\t<\/div>\n\t\t\t\t\t<\/div>\n\t\t\t\t<\/div>\n\t\t<div class=\"elementor-element elementor-element-019a916 e-flex e-con-boxed e-con e-parent\" data-id=\"019a916\" data-element_type=\"container\" data-e-type=\"container\" data-settings=\"{&quot;jet_parallax_layout_list&quot;:[],&quot;background_background&quot;:&quot;classic&quot;}\">\n\t\t\t\t\t<div class=\"e-con-inner\">\n\t\t<div class=\"elementor-element elementor-element-0741f8a e-grid e-con-full e-con e-child\" data-id=\"0741f8a\" data-element_type=\"container\" data-e-type=\"container\" data-settings=\"{&quot;jet_parallax_layout_list&quot;:[]}\">\n\t\t\t\t<div class=\"elementor-element elementor-element-6911095 elementor-widget elementor-widget-heading\" data-id=\"6911095\" data-element_type=\"widget\" data-e-type=\"widget\" data-widget_type=\"heading.default\">\n\t\t\t\t<div class=\"elementor-widget-container\">\n\t\t\t\t\t<h2 class=\"elementor-heading-title elementor-size-large\">Caratteristiche tecniche<\/h2>\t\t\t\t<\/div>\n\t\t\t\t<\/div>\n\t\t\t\t<div class=\"elementor-element elementor-element-c715b7c elementor-widget elementor-widget-heading\" data-id=\"c715b7c\" data-element_type=\"widget\" data-e-type=\"widget\" data-widget_type=\"heading.default\">\n\t\t\t\t<div class=\"elementor-widget-container\">\n\t\t\t\t\t<h2 class=\"elementor-heading-title elementor-size-large\">Protezione per la resina epossidica\n\n<\/h2>\t\t\t\t<\/div>\n\t\t\t\t<\/div>\n\t\t\t\t<div class=\"elementor-element elementor-element-a843e28 elementor-widget elementor-widget-text-editor\" data-id=\"a843e28\" data-element_type=\"widget\" data-e-type=\"widget\" data-widget_type=\"text-editor.default\">\n\t\t\t\t<div class=\"elementor-widget-container\">\n\t\t\t\t\t\t\t\t\t<ul data-pm-slice=\"3 3 []\"><li><p>Rapporto di miscelazione (volume\/peso): 1:1<\/p><\/li><li><p>Densit\u00e0 a 23 \u00b0C: 1,1 g\/cm\u00b3<\/p><\/li><li><p>Colore: bianco, diventa trasparente quando si asciuga<\/p><\/li><li><p>Consumo teorico: 100\u2013150 g\/m\u00b2<\/p><\/li><li><p>Tempo di asciugatura al tatto (25 \u00b0C): 45 min<\/p><\/li><li><p>Sovraverniciabile: dopo 6 h<\/p><\/li><li><p>Reticolazione completa: 24-48 h<\/p><\/li><li><p>Compatibilit\u00e0: legno, cemento, calcestruzzo, metallo, vetro, pietra, terracotta<\/p><\/li><\/ul>\t\t\t\t\t\t\t\t<\/div>\n\t\t\t\t<\/div>\n\t\t\t\t<div class=\"elementor-element elementor-element-cbe97ba elementor-widget elementor-widget-text-editor\" data-id=\"cbe97ba\" data-element_type=\"widget\" data-e-type=\"widget\" data-widget_type=\"text-editor.default\">\n\t\t\t\t<div class=\"elementor-widget-container\">\n\t\t\t\t\t\t\t\t\t<p data-pm-slice=\"1 1 []\">Sia che si lavori la resina epossidica per piacere, per inclusioni, stratificazioni o per altri lavori pi\u00f9 specifici, la protezione individuale rimane indispensabile.<\/p><p>Qualunque sia la tua esperienza, anche con una buona resina \u00e8 essenziale indossare guanti in nitrile, una maschera dotata di filtri ABEK1 ed evitare qualsiasi contatto con la pelle, in particolare durante l&#8217;utilizzo di sistemi pi\u00f9 solventati o in fase di miscelazione.<\/p><p>Questi dispositivi di protezione permettono di lavorare in tutta sicurezza, sia in laboratorio che con i prodotti disponibili nel nostro negozio online.<\/p>\t\t\t\t\t\t\t\t<\/div>\n\t\t\t\t<\/div>\n\t\t\t\t<\/div>\n\t\t\t\t\t<\/div>\n\t\t\t\t<\/div>\n\t\t\t\t<\/div>\n\t\t","protected":false},"excerpt":{"rendered":"<p data-pm-slice=\"1 1 []\">Resina epossidica trasparente multiuso: ideale per l\u2019impregnazione e la finitura di un\u2019ampia variet\u00e0 di supporti (legno, calcestruzzo, pietra, terracotta, metallo, cemento, resina acrilica, ecc.). L\u2019Epoxy 1010C-1014C di Resoltech offre una finitura trasparente, durevole e resistente, perfetta per artigiani, industrie e creatori di prodotti compositi. <\/p>\n","protected":false},"featured_media":34904,"template":"","meta":[],"product_brand":[],"product_cat":[1263,1740,1239,1742],"product_tag":[],"class_list":{"0":"post-33020","1":"product","2":"type-product","3":"status-publish","4":"has-post-thumbnail","6":"product_cat-epossidica","7":"product_cat-resina-epossidica-eco","8":"product_cat-senza-categoria","9":"product_cat-vernice-epossidica","11":"first","12":"instock","13":"taxable","14":"shipping-taxable","15":"purchasable","16":"product-type-variable"},"_links":{"self":[{"href":"https:\/\/www.finres-sa.com\/it\/wp-json\/wp\/v2\/product\/33020","targetHints":{"allow":["GET"]}}],"collection":[{"href":"https:\/\/www.finres-sa.com\/it\/wp-json\/wp\/v2\/product"}],"about":[{"href":"https:\/\/www.finres-sa.com\/it\/wp-json\/wp\/v2\/types\/product"}],"version-history":[{"count":8,"href":"https:\/\/www.finres-sa.com\/it\/wp-json\/wp\/v2\/product\/33020\/revisions"}],"predecessor-version":[{"id":37813,"href":"https:\/\/www.finres-sa.com\/it\/wp-json\/wp\/v2\/product\/33020\/revisions\/37813"}],"wp:featuredmedia":[{"embeddable":true,"href":"https:\/\/www.finres-sa.com\/it\/wp-json\/wp\/v2\/media\/34904"}],"wp:attachment":[{"href":"https:\/\/www.finres-sa.com\/it\/wp-json\/wp\/v2\/media?parent=33020"}],"wp:term":[{"taxonomy":"product_brand","embeddable":true,"href":"https:\/\/www.finres-sa.com\/it\/wp-json\/wp\/v2\/product_brand?post=33020"},{"taxonomy":"product_cat","embeddable":true,"href":"https:\/\/www.finres-sa.com\/it\/wp-json\/wp\/v2\/product_cat?post=33020"},{"taxonomy":"product_tag","embeddable":true,"href":"https:\/\/www.finres-sa.com\/it\/wp-json\/wp\/v2\/product_tag?post=33020"}],"curies":[{"name":"wp","href":"https:\/\/api.w.org\/{rel}","templated":true}]}}