{"id":33865,"date":"2023-12-14T14:29:08","date_gmt":"2023-12-14T13:29:08","guid":{"rendered":"https:\/\/www.finres-sa.com\/product\/ottopur-op910\/"},"modified":"2026-04-20T10:32:46","modified_gmt":"2026-04-20T08:32:46","slug":"ottopur-op910","status":"publish","type":"product","link":"https:\/\/www.finres-sa.com\/it\/prodotto\/ottopur-op910\/","title":{"rendered":"OTTOPUR OP910"},"content":{"rendered":"\t\t<div data-elementor-type=\"product-post\" data-elementor-id=\"33865\" class=\"elementor elementor-33865 elementor-11249\" data-elementor-post-type=\"product\">\n\t\t\t\t<div class=\"elementor-element elementor-element-47ba1b13 e-flex e-con-boxed e-con e-parent\" data-id=\"47ba1b13\" data-element_type=\"container\" data-e-type=\"container\" data-settings=\"{&quot;jet_parallax_layout_list&quot;:[]}\">\n\t\t\t\t\t<div class=\"e-con-inner\">\n\t\t\t\t<div class=\"elementor-element elementor-element-755920d0 elementor-widget elementor-widget-text-editor\" data-id=\"755920d0\" data-element_type=\"widget\" data-e-type=\"widget\" data-widget_type=\"text-editor.default\">\n\t\t\t\t<div class=\"elementor-widget-container\">\n\t\t\t\t\t\t\t\t\t<p>L&#8217;OTTOPUR 910 si caratterizza per la sua versatilit\u00e0, offrendo prestazioni robuste in diverse applicazioni edili. Si dimostra particolarmente efficace per il montaggio e l&#8217;isolamento di telai di finestre e porte, garantendo un isolamento termico e acustico di qualit\u00e0. <\/p><p>La sua funzionalit\u00e0 nel montaggio di isolamenti per pareti interne lo rende una scelta adatta per migliorare le prestazioni energetiche degli spazi interni. Inoltre, la sua capacit\u00e0 di sigillare i corpi cavi lo rende un prodotto utile per garantire l&#8217;impermeabilit\u00e0 e la continuit\u00e0 termica delle strutture. <\/p><p>L&#8217;OTTOPUR 910 trova applicazioni anche nell&#8217;assemblaggio di anelli per pozzi e pozzetti di impianti di depurazione domestici, fornendo una soluzione affidabile per queste esigenze specifiche.<\/p><p>Particolarmente raccomandato per sigillature sottili, questo prodotto eccelle anche nell&#8217;incollaggio di pannelli in schiuma rigida di polistirene, rispondendo cos\u00ec agli standard dell&#8217;isolamento perimetrale secondo la DIN 4108-2. Questa caratteristica lo rende una scelta ottimale per garantire un isolamento termico efficace. <\/p><p>In sintesi, l&#8217;OTTOPUR 910 si presenta come una soluzione versatile, che copre diverse applicazioni edili, ponendo l&#8217;accento sull&#8217;impermeabilit\u00e0 e l&#8217;efficienza energetica.<\/p><p style=\"margin: 0cm; margin-bottom: .0001pt;\"> <\/p>\t\t\t\t\t\t\t\t<\/div>\n\t\t\t\t<\/div>\n\t\t\t\t\t<\/div>\n\t\t\t\t<\/div>\n\t\t<div class=\"elementor-element elementor-element-771989b e-flex e-con-boxed e-con e-parent\" data-id=\"771989b\" data-element_type=\"container\" data-e-type=\"container\" data-settings=\"{&quot;jet_parallax_layout_list&quot;:[],&quot;background_background&quot;:&quot;classic&quot;}\">\n\t\t\t\t\t<div class=\"e-con-inner\">\n\t\t<div class=\"elementor-element elementor-element-338acf0 e-grid e-con-boxed e-con e-child\" data-id=\"338acf0\" data-element_type=\"container\" data-e-type=\"container\" data-settings=\"{&quot;jet_parallax_layout_list&quot;:[]}\">\n\t\t\t\t\t<div class=\"e-con-inner\">\n\t\t\t\t<div class=\"elementor-element elementor-element-17ee62a elementor-widget elementor-widget-heading\" data-id=\"17ee62a\" data-element_type=\"widget\" data-e-type=\"widget\" data-widget_type=\"heading.default\">\n\t\t\t\t<div class=\"elementor-widget-container\">\n\t\t\t\t\t<h2 class=\"elementor-heading-title elementor-size-xl\">Caratteristiche<\/h2>\t\t\t\t<\/div>\n\t\t\t\t<\/div>\n\t\t\t\t\t<\/div>\n\t\t\t\t<\/div>\n\t\t<div class=\"elementor-element elementor-element-db7c283 e-grid e-con-boxed e-con e-child\" data-id=\"db7c283\" data-element_type=\"container\" data-e-type=\"container\" data-settings=\"{&quot;jet_parallax_layout_list&quot;:[]}\">\n\t\t\t\t\t<div class=\"e-con-inner\">\n\t\t\t\t<div class=\"elementor-element elementor-element-735f00f elementor-widget elementor-widget-text-editor\" data-id=\"735f00f\" data-element_type=\"widget\" data-e-type=\"widget\" data-widget_type=\"text-editor.default\">\n\t\t\t\t<div class=\"elementor-widget-container\">\n\t\t\t\t\t\t\t\t\t<p>Ottimo isolamento acustico e termico<\/p><p>Isolamento acustico di 60 dB secondo EN ISO 717-1<\/p><p>Coefficiente di isolamento 0,035 W\/mK secondo DIN 52612<\/p><p>Resa di circa 45l di schiuma per una bomboletta da 750ml<\/p><p>Pu\u00f2 essere tagliata dopo circa 30 minuti<\/p><p>Pu\u00f2 essere sollecitata dopo circa 3-5 ore<\/p>\t\t\t\t\t\t\t\t<\/div>\n\t\t\t\t<\/div>\n\t\t\t\t\t<\/div>\n\t\t\t\t<\/div>\n\t\t\t\t\t<\/div>\n\t\t\t\t<\/div>\n\t\t\t\t<\/div>\n\t\t","protected":false},"excerpt":{"rendered":"<p style=\"margin: 0cm; margin-bottom: .0001pt;\"><span style=\"font-family: Calibri, sans-serif;\"><span style=\"font-size: 14.6667px;\">Schiuma dosabile che offre un ottimo isolamento acustico e termico.<\/span><\/span><\/p>\n<p>&nbsp;<\/p>\n","protected":false},"featured_media":33867,"template":"","meta":[],"product_brand":[],"product_cat":[1280],"product_tag":[],"class_list":{"0":"post-33865","1":"product","2":"type-product","3":"status-publish","4":"has-post-thumbnail","6":"product_cat-poliuretano","8":"first","9":"outofstock","10":"taxable","11":"shipping-taxable","12":"purchasable","13":"product-type-simple"},"_links":{"self":[{"href":"https:\/\/www.finres-sa.com\/it\/wp-json\/wp\/v2\/product\/33865","targetHints":{"allow":["GET"]}}],"collection":[{"href":"https:\/\/www.finres-sa.com\/it\/wp-json\/wp\/v2\/product"}],"about":[{"href":"https:\/\/www.finres-sa.com\/it\/wp-json\/wp\/v2\/types\/product"}],"version-history":[{"count":0,"href":"https:\/\/www.finres-sa.com\/it\/wp-json\/wp\/v2\/product\/33865\/revisions"}],"wp:featuredmedia":[{"embeddable":true,"href":"https:\/\/www.finres-sa.com\/it\/wp-json\/wp\/v2\/media\/33867"}],"wp:attachment":[{"href":"https:\/\/www.finres-sa.com\/it\/wp-json\/wp\/v2\/media?parent=33865"}],"wp:term":[{"taxonomy":"product_brand","embeddable":true,"href":"https:\/\/www.finres-sa.com\/it\/wp-json\/wp\/v2\/product_brand?post=33865"},{"taxonomy":"product_cat","embeddable":true,"href":"https:\/\/www.finres-sa.com\/it\/wp-json\/wp\/v2\/product_cat?post=33865"},{"taxonomy":"product_tag","embeddable":true,"href":"https:\/\/www.finres-sa.com\/it\/wp-json\/wp\/v2\/product_tag?post=33865"}],"curies":[{"name":"wp","href":"https:\/\/api.w.org\/{rel}","templated":true}]}}