{"id":35128,"date":"2026-01-12T16:21:09","date_gmt":"2026-01-12T15:21:09","guid":{"rendered":"https:\/\/www.finres-sa.com\/?post_type=product&#038;p=35128"},"modified":"2026-04-13T16:48:06","modified_gmt":"2026-04-13T14:48:06","slug":"schiuma-poliuretanica-espansiva-schiuma-pu-professionale-per-stampaggio-riempimento-e-isolamento","status":"publish","type":"product","link":"https:\/\/www.finres-sa.com\/it\/prodotto\/schiuma-poliuretanica-espansiva-schiuma-pu-professionale-per-stampaggio-riempimento-e-isolamento\/","title":{"rendered":"Schiuma Poliuretanica Espandente \u2013 Schiuma PU Professionale per Stampaggio, Riempimento e Isolamento"},"content":{"rendered":"\t\t<div data-elementor-type=\"product-post\" data-elementor-id=\"35128\" class=\"elementor elementor-35128 elementor-35005\" data-elementor-post-type=\"product\">\n\t\t\t\t<div class=\"elementor-element elementor-element-17b6cc1 e-flex e-con-boxed e-con e-parent\" data-id=\"17b6cc1\" data-element_type=\"container\" data-e-type=\"container\" data-settings=\"{&quot;jet_parallax_layout_list&quot;:[]}\">\n\t\t\t\t\t<div class=\"e-con-inner\">\n\t\t\t\t<div class=\"elementor-element elementor-element-6b46f1c elementor-widget elementor-widget-text-editor\" data-id=\"6b46f1c\" data-element_type=\"widget\" data-e-type=\"widget\" data-widget_type=\"text-editor.default\">\n\t\t\t\t<div class=\"elementor-widget-container\">\n\t\t\t\t\t\t\t\t\t<p data-pm-slice=\"1 1 []\">Le schiume PUR sono prodotti schiumati rigidi bicomponenti a celle chiuse, senza CFC, progettati per applicazioni tecniche e strutturali. Garantiscono un buon isolamento termico e acustico, sia in interno che in esterno. <\/p><p>Sviluppate per montaggio, riempimento, isolamento e alcune applicazioni di incollaggio strutturale, queste schiume offrono un\u2019espansione controllata, un\u2019eccellente stabilit\u00e0 dimensionale e una densit\u00e0 omogenea, ideale per creare volumi solidi, leggeri e perfettamente definiti.<\/p><p>Offrono un\u2019elevata adesione su molti supporti (legno, metallo, pietra, ecc.) e sono facili da applicare, anche in contesti fai-da-te o professionali.<\/p><p>Dopo l\u2019indurimento, la schiuma offre un\u2019elevata rigidit\u00e0 e un\u2019ottima resistenza meccanica, adatta alla realizzazione di anime, rinforzi, prototipi e pezzi tecnici. Resiste inoltre all\u2019acqua, all\u2019acqua di mare, agli idrocarburi e ad alcuni agenti chimici diluiti. <\/p>\t\t\t\t\t\t\t\t<\/div>\n\t\t\t\t<\/div>\n\t\t\t\t\t<\/div>\n\t\t\t\t<\/div>\n\t\t<div class=\"elementor-element elementor-element-6b9cd57 e-flex e-con-boxed e-con e-parent\" data-id=\"6b9cd57\" data-element_type=\"container\" data-e-type=\"container\" data-settings=\"{&quot;jet_parallax_layout_list&quot;:[],&quot;background_background&quot;:&quot;classic&quot;}\">\n\t\t\t\t\t<div class=\"e-con-inner\">\n\t\t<div class=\"elementor-element elementor-element-e0bffb9 e-grid e-con-boxed e-con e-child\" data-id=\"e0bffb9\" data-element_type=\"container\" data-e-type=\"container\" data-settings=\"{&quot;jet_parallax_layout_list&quot;:[]}\">\n\t\t\t\t\t<div class=\"e-con-inner\">\n\t\t\t\t<div class=\"elementor-element elementor-element-cd7c728 elementor-widget elementor-widget-heading\" data-id=\"cd7c728\" data-element_type=\"widget\" data-e-type=\"widget\" data-widget_type=\"heading.default\">\n\t\t\t\t<div class=\"elementor-widget-container\">\n\t\t\t\t\t<h3 class=\"elementor-heading-title elementor-size-large\">Uso come colla e isolamento<\/h3>\t\t\t\t<\/div>\n\t\t\t\t<\/div>\n\t\t\t\t<div class=\"elementor-element elementor-element-3074983 elementor-widget elementor-widget-text-editor\" data-id=\"3074983\" data-element_type=\"widget\" data-e-type=\"widget\" data-widget_type=\"text-editor.default\">\n\t\t\t\t<div class=\"elementor-widget-container\">\n\t\t\t\t\t\t\t\t\t<p data-pm-slice=\"1 1 []\">Le schiume PUR possono essere utilizzate per applicazioni di incollaggio, in particolare per l\u2019assemblaggio di materiali leggeri o la stabilizzazione di elementi. La loro espansione controllata consente un fissaggio efficace, colmando al contempo le irregolarit\u00e0 dei supporti. <\/p><p>La struttura a celle chiuse garantisce un buon isolamento, aiutando a limitare le perdite termiche e a ridurre la trasmissione del suono.<\/p>\t\t\t\t\t\t\t\t<\/div>\n\t\t\t\t<\/div>\n\t\t\t\t\t<\/div>\n\t\t\t\t<\/div>\n\t\t\t\t\t<\/div>\n\t\t\t\t<\/div>\n\t\t<div class=\"elementor-element elementor-element-0d303e4 e-flex e-con-boxed e-con e-parent\" data-id=\"0d303e4\" data-element_type=\"container\" data-e-type=\"container\" data-settings=\"{&quot;jet_parallax_layout_list&quot;:[],&quot;background_background&quot;:&quot;classic&quot;}\">\n\t\t\t\t\t<div class=\"e-con-inner\">\n\t\t<div class=\"elementor-element elementor-element-4726847 e-grid e-con-boxed e-con e-child\" data-id=\"4726847\" data-element_type=\"container\" data-e-type=\"container\" data-settings=\"{&quot;jet_parallax_layout_list&quot;:[]}\">\n\t\t\t\t\t<div class=\"e-con-inner\">\n\t\t\t\t<div class=\"elementor-element elementor-element-6146c28 elementor-widget elementor-widget-heading\" data-id=\"6146c28\" data-element_type=\"widget\" data-e-type=\"widget\" data-widget_type=\"heading.default\">\n\t\t\t\t<div class=\"elementor-widget-container\">\n\t\t\t\t\t<h3 class=\"elementor-heading-title elementor-size-large\">Istruzioni di applicazione<\/h3>\t\t\t\t<\/div>\n\t\t\t\t<\/div>\n\t\t\t\t<div class=\"elementor-element elementor-element-dfd838f elementor-widget elementor-widget-heading\" data-id=\"dfd838f\" data-element_type=\"widget\" data-e-type=\"widget\" data-widget_type=\"heading.default\">\n\t\t\t\t<div class=\"elementor-widget-container\">\n\t\t\t\t\t<h2 class=\"elementor-heading-title elementor-size-medium\">Preparazione e temperatura<\/h2>\t\t\t\t<\/div>\n\t\t\t\t<\/div>\n\t\t\t\t<div class=\"elementor-element elementor-element-7afe3fc elementor-widget elementor-widget-text-editor\" data-id=\"7afe3fc\" data-element_type=\"widget\" data-e-type=\"widget\" data-widget_type=\"text-editor.default\">\n\t\t\t\t<div class=\"elementor-widget-container\">\n\t\t\t\t\t\t\t\t\t<p data-pm-slice=\"1 1 [\"orderedList\",{\"start\":1,\"type\":null},\"listItem\",{}]\">Mescola accuratamente i componenti A e B prima dell\u2019uso. Mantieni una temperatura minima di 18 \u00b0C (idealmente 20\u201325 \u00b0C) per garantire una reazione ottimale. <\/p>\t\t\t\t\t\t\t\t<\/div>\n\t\t\t\t<\/div>\n\t\t\t\t<div class=\"elementor-element elementor-element-c1537a1 elementor-widget elementor-widget-heading\" data-id=\"c1537a1\" data-element_type=\"widget\" data-e-type=\"widget\" data-widget_type=\"heading.default\">\n\t\t\t\t<div class=\"elementor-widget-container\">\n\t\t\t\t\t<h2 class=\"elementor-heading-title elementor-size-medium\">Dosaggio e miscelazione<\/h2>\t\t\t\t<\/div>\n\t\t\t\t<\/div>\n\t\t\t\t<div class=\"elementor-element elementor-element-d414712 elementor-widget elementor-widget-text-editor\" data-id=\"d414712\" data-element_type=\"widget\" data-e-type=\"widget\" data-widget_type=\"text-editor.default\">\n\t\t\t\t<div class=\"elementor-widget-container\">\n\t\t\t\t\t\t\t\t\t<p data-pm-slice=\"1 1 [\"orderedList\",{\"start\":1,\"type\":null},\"listItem\",{}]\">Pesa con precisione il componente A, aggiungi il componente B secondo il rapporto indicato, quindi miscela subito fino a ottenere un composto omogeneo. Una miscelazione errata pu\u00f2 alterare l\u2019espansione e la densit\u00e0 finale. <\/p>\t\t\t\t\t\t\t\t<\/div>\n\t\t\t\t<\/div>\n\t\t\t\t<div class=\"elementor-element elementor-element-ce909ca elementor-widget elementor-widget-heading\" data-id=\"ce909ca\" data-element_type=\"widget\" data-e-type=\"widget\" data-widget_type=\"heading.default\">\n\t\t\t\t<div class=\"elementor-widget-container\">\n\t\t\t\t\t<h2 class=\"elementor-heading-title elementor-size-medium\">Applicazione<\/h2>\t\t\t\t<\/div>\n\t\t\t\t<\/div>\n\t\t\t\t<div class=\"elementor-element elementor-element-34cfbab elementor-widget elementor-widget-text-editor\" data-id=\"34cfbab\" data-element_type=\"widget\" data-e-type=\"widget\" data-widget_type=\"text-editor.default\">\n\t\t\t\t<div class=\"elementor-widget-container\">\n\t\t\t\t\t\t\t\t\t<p data-pm-slice=\"1 1 [\"orderedList\",{\"start\":1,\"type\":null},\"listItem\",{}]\">Versa rapidamente la miscela nell\u2019area o nello stampo previsto, senza riempire eccessivamente (espansione in corso).<br>Si consiglia l\u2019applicazione per colata; la pistola \u00e8 meno adatta a questo tipo di schiuma.<br>A seconda dei casi, l\u2019uso di una cassaforma o di un supporto adeguato permette di controllare meglio la forma finale.<\/p>\t\t\t\t\t\t\t\t<\/div>\n\t\t\t\t<\/div>\n\t\t\t\t<div class=\"elementor-element elementor-element-c6d8177 elementor-widget elementor-widget-heading\" data-id=\"c6d8177\" data-element_type=\"widget\" data-e-type=\"widget\" data-widget_type=\"heading.default\">\n\t\t\t\t<div class=\"elementor-widget-container\">\n\t\t\t\t\t<h2 class=\"elementor-heading-title elementor-size-medium\">Reazione e finitura<\/h2>\t\t\t\t<\/div>\n\t\t\t\t<\/div>\n\t\t\t\t<div class=\"elementor-element elementor-element-fb19db8 elementor-widget elementor-widget-text-editor\" data-id=\"fb19db8\" data-element_type=\"widget\" data-e-type=\"widget\" data-widget_type=\"text-editor.default\">\n\t\t\t\t<div class=\"elementor-widget-container\">\n\t\t\t\t\t\t\t\t\t<p data-pm-slice=\"1 1 [\"orderedList\",{\"start\":1,\"type\":null},\"listItem\",{}]\">Rispetta i tempi di reazione indicati. Dopo l\u2019indurimento completo, la schiuma pu\u00f2 essere tagliata, carteggiata o verniciata. <\/p>\t\t\t\t\t\t\t\t<\/div>\n\t\t\t\t<\/div>\n\t\t\t\t\t<\/div>\n\t\t\t\t<\/div>\n\t\t\t\t\t<\/div>\n\t\t\t\t<\/div>\n\t\t<div class=\"elementor-element elementor-element-6595d0f e-flex e-con-boxed e-con e-parent\" data-id=\"6595d0f\" data-element_type=\"container\" data-e-type=\"container\" data-settings=\"{&quot;jet_parallax_layout_list&quot;:[]}\">\n\t\t\t\t\t<div class=\"e-con-inner\">\n\t\t\t\t<div class=\"elementor-element elementor-element-a624f0e elementor-widget elementor-widget-heading\" data-id=\"a624f0e\" data-element_type=\"widget\" data-e-type=\"widget\" data-widget_type=\"heading.default\">\n\t\t\t\t<div class=\"elementor-widget-container\">\n\t\t\t\t\t<h3 class=\"elementor-heading-title elementor-size-large\">Caratteristiche tecniche<\/h3>\t\t\t\t<\/div>\n\t\t\t\t<\/div>\n\t\t\t\t<div class=\"elementor-element elementor-element-daee235 elementor-widget elementor-widget-text-editor\" data-id=\"daee235\" data-element_type=\"widget\" data-e-type=\"widget\" data-widget_type=\"text-editor.default\">\n\t\t\t\t<div class=\"elementor-widget-container\">\n\t\t\t\t\t\t\t\t\t<p data-pm-slice=\"1 1 []\">Le diverse referenze (HR, H75, H101, H200) coprono un\u2019ampia gamma di applicazioni: isolamento, galleggiabilit\u00e0, riempimento, prototipazione, pezzi tecnici e inserti strutturali.<\/p><p>Presentano densit\u00e0 comprese tra 40 e 200 kg\/m\u00b3, con una percentuale di celle chiuse superiore al 90%, garantendo prestazioni meccaniche adatte a ogni applicazione. I rapporti di miscelazione, i coefficienti di espansione e i tempi di reazione variano in base alle referenze, consentendo una regolazione precisa in funzione delle esigenze del progetto. <\/p><p>Per maggiori informazioni, consulta i dati tecnici completi o scarica la scheda prodotto dettagliata.<\/p>\t\t\t\t\t\t\t\t<\/div>\n\t\t\t\t<\/div>\n\t\t\t\t<div class=\"elementor-element elementor-element-7de038e elementor-widget elementor-widget-text-editor\" data-id=\"7de038e\" data-element_type=\"widget\" data-e-type=\"widget\" data-widget_type=\"text-editor.default\">\n\t\t\t\t<div class=\"elementor-widget-container\">\n\t\t\t\t\t\t\t\t\t<table data-pm-slice=\"1 1 []\"><colgroup><col><col><col><col><col><\/colgroup><tbody><tr><th colspan=\"1\" rowspan=\"1\"><p> <\/p><\/th><th colspan=\"1\" rowspan=\"1\"><p>HR<\/p><\/th><th colspan=\"1\" rowspan=\"1\"><p>H75<\/p><\/th><th colspan=\"1\" rowspan=\"1\"><p>H101<\/p><\/th><th colspan=\"1\" rowspan=\"1\"><p>H200<\/p><\/th><\/tr><tr><td colspan=\"1\" rowspan=\"1\"><p>Applicazioni consigliate<\/p><\/td><td colspan=\"1\" rowspan=\"1\"><ul><li><p>Isolamento dal freddo e dal caldo.<\/p><\/li><li><p>Corpi galleggianti per barche.<\/p><\/li><li><p>Riempimento di boe e cinture di salvataggio.<\/p><\/li><li><p>Riduzione della trasmissione del suono.<\/p><\/li><\/ul><\/td><td colspan=\"1\" rowspan=\"1\"><ul><li><p>Riempimento di spazi vuoti o forme (barche, volumi in rilievo, ecc.).<\/p><\/li><li><p>Colata di figure e modelli.<\/p><\/li><li><p>Possibile imitazione legno<\/p><\/li><\/ul><\/td><td colspan=\"1\" rowspan=\"1\"><ul><li><p>Pezzi stampati rigidi.<\/p><\/li><li><p>Prototipi tecnici.<\/p><\/li><li><p>Modelli lavorabili CNC.<\/p><\/li><li><p>Inserti ortopedici.<\/p><\/li><\/ul><\/td><td colspan=\"1\" rowspan=\"1\"><ul><li><p>Forme e plantari ortopedici.<\/p><\/li><li><p>Manici e impugnature rigide.<\/p><\/li><li><p>Riempimento soggetto a sollecitazioni.<\/p><\/li><li><p>Inserti strutturali per compositi.<\/p><\/li><\/ul><\/td><\/tr><tr><td colspan=\"1\" rowspan=\"1\"><p>Densit\u00e0 (kg\/m\u00b3)<\/p><\/td><td colspan=\"1\" rowspan=\"1\"><p>40<\/p><\/td><td colspan=\"1\" rowspan=\"1\"><p>75<\/p><\/td><td colspan=\"1\" rowspan=\"1\"><p>100<\/p><\/td><td colspan=\"1\" rowspan=\"1\"><p>200<\/p><\/td><\/tr><tr><td colspan=\"1\" rowspan=\"1\"><p>Rapporto in peso<\/p><\/td><td colspan=\"1\" rowspan=\"1\"><p>100 A : 120 B<\/p><\/td><td colspan=\"1\" rowspan=\"1\"><p>100 A : 145 B<\/p><\/td><td colspan=\"1\" rowspan=\"1\"><p>100 A : 115 B<\/p><\/td><td colspan=\"1\" rowspan=\"1\"><p>100 A : 100 B<\/p><\/td><\/tr><tr><td colspan=\"1\" rowspan=\"1\"><p>Coefficiente di espansione<\/p><\/td><td colspan=\"1\" rowspan=\"1\"><p>1:25<\/p><\/td><td colspan=\"1\" rowspan=\"1\"><p>1:13<\/p><\/td><td colspan=\"1\" rowspan=\"1\"><p>da 1:8 a 1:10<\/p><\/td><td colspan=\"1\" rowspan=\"1\"><p>1:5<\/p><\/td><\/tr><tr><td colspan=\"1\" rowspan=\"1\"><p>Resistenza alla compressione (N\/mm\u00b2)<\/p><\/td><td colspan=\"1\" rowspan=\"1\"><p>0.27<\/p><\/td><td colspan=\"1\" rowspan=\"1\"><p>non specificato<\/p><\/td><td colspan=\"1\" rowspan=\"1\"><p>1.0<\/p><\/td><td colspan=\"1\" rowspan=\"1\"><p>Tra 1,5 e 2<\/p><\/td><\/tr><tr><td colspan=\"1\" rowspan=\"1\"><p>Tempo di avvio a 20\u00b0C<\/p><\/td><td colspan=\"1\" rowspan=\"1\"><p>circa 50 secondi<\/p><\/td><td colspan=\"1\" rowspan=\"1\"><p>60 secondi<\/p><\/td><td colspan=\"1\" rowspan=\"1\"><p>35 secondi<\/p><\/td><td colspan=\"1\" rowspan=\"1\"><p>65 secondi<\/p><\/td><\/tr><tr><td colspan=\"1\" rowspan=\"1\"><p>Tempo di espansione a 20 \u00b0C<\/p><\/td><td colspan=\"1\" rowspan=\"1\"><p>circa 60 secondi<\/p><\/td><td colspan=\"1\" rowspan=\"1\"><p>\u2014<\/p><\/td><td colspan=\"1\" rowspan=\"1\"><p>130 secondi<\/p><\/td><td colspan=\"1\" rowspan=\"1\"><p>\u2014<\/p><\/td><\/tr><tr><td colspan=\"1\" rowspan=\"1\"><p>Tempo di indurimento a 20\u00b0C<\/p><\/td><td colspan=\"1\" rowspan=\"1\"><p>circa 540 secondi<\/p><\/td><td colspan=\"1\" rowspan=\"1\"><p>\u2014<\/p><\/td><td colspan=\"1\" rowspan=\"1\"><p>150 secondi<\/p><\/td><td colspan=\"1\" rowspan=\"1\"><p>\u2014<\/p><\/td><\/tr><tr><td colspan=\"1\" rowspan=\"1\"><p>Celle chiuse (% vol)<\/p><\/td><td colspan=\"1\" rowspan=\"1\"><p>&gt;90<\/p><\/td><td colspan=\"1\" rowspan=\"1\"><p>&gt;90<\/p><\/td><td colspan=\"1\" rowspan=\"1\"><p>&gt;90<\/p><\/td><td colspan=\"1\" rowspan=\"1\"><p>&gt;90<\/p><\/td><\/tr><tr><td colspan=\"1\" rowspan=\"1\"><p>Colore<\/p><\/td><td colspan=\"1\" rowspan=\"1\"><p>Giallastro<\/p><\/td><td colspan=\"1\" rowspan=\"1\"><p>Giallastro<\/p><\/td><td colspan=\"1\" rowspan=\"1\"><p>Giallastro<\/p><\/td><td colspan=\"1\" rowspan=\"1\"><p>Giallastro<\/p><\/td><\/tr><tr><td colspan=\"1\" rowspan=\"1\"><p>Immagazzinamento<\/p><\/td><td colspan=\"1\" rowspan=\"1\"><p>Tra 10\u00b0 e 25 \u00b0C<\/p><\/td><td colspan=\"1\" rowspan=\"1\"><p>Tra 10\u00b0 e 25 \u00b0C<\/p><\/td><td colspan=\"1\" rowspan=\"1\"><p>Tra 10\u00b0 e 25 \u00b0C<\/p><\/td><td colspan=\"1\" rowspan=\"1\"><p>Tra 10\u00b0 e 25 \u00b0C<\/p><\/td><\/tr><\/tbody><\/table>\t\t\t\t\t\t\t\t<\/div>\n\t\t\t\t<\/div>\n\t\t<div class=\"elementor-element elementor-element-4cfd26f e-con-full e-flex e-con e-child\" data-id=\"4cfd26f\" data-element_type=\"container\" data-e-type=\"container\" data-settings=\"{&quot;jet_parallax_layout_list&quot;:[],&quot;background_background&quot;:&quot;classic&quot;}\">\n\t\t<div class=\"elementor-element elementor-element-b58259e e-grid e-con-boxed e-con e-child\" data-id=\"b58259e\" data-element_type=\"container\" data-e-type=\"container\" data-settings=\"{&quot;jet_parallax_layout_list&quot;:[]}\">\n\t\t\t\t\t<div class=\"e-con-inner\">\n\t\t\t\t<div class=\"elementor-element elementor-element-a4ed975 elementor-widget elementor-widget-heading\" data-id=\"a4ed975\" data-element_type=\"widget\" data-e-type=\"widget\" data-widget_type=\"heading.default\">\n\t\t\t\t<div class=\"elementor-widget-container\">\n\t\t\t\t\t<h3 class=\"elementor-heading-title elementor-size-large\">Servizio e informazioni aggiuntive<\/h3>\t\t\t\t<\/div>\n\t\t\t\t<\/div>\n\t\t\t\t<div class=\"elementor-element elementor-element-45764d6 elementor-widget elementor-widget-text-editor\" data-id=\"45764d6\" data-element_type=\"widget\" data-e-type=\"widget\" data-widget_type=\"text-editor.default\">\n\t\t\t\t<div class=\"elementor-widget-container\">\n\t\t\t\t\t\t\t\t\t<p data-pm-slice=\"1 1 []\">Il nostro servizio ti supporta nella scelta della schiuma adatta alla tua applicazione, sia per uso professionale che fai-da-te. Ti aiutiamo a confrontare le referenze in base a prestazioni, utilizzo e prezzo. <\/p>\t\t\t\t\t\t\t\t<\/div>\n\t\t\t\t<\/div>\n\t\t\t\t\t<\/div>\n\t\t\t\t<\/div>\n\t\t\t\t<\/div>\n\t\t\t\t\t<\/div>\n\t\t\t\t<\/div>\n\t\t\t\t<section class=\"elementor-section elementor-top-section elementor-element elementor-element-6521d68 elementor-section-boxed elementor-section-height-default elementor-section-height-default\" data-id=\"6521d68\" data-element_type=\"section\" data-e-type=\"section\" data-settings=\"{&quot;jet_parallax_layout_list&quot;:[]}\">\n\t\t\t\t\t\t<div class=\"elementor-container elementor-column-gap-default\">\n\t\t\t\t\t<div class=\"elementor-column elementor-col-100 elementor-top-column elementor-element elementor-element-2b66f09 elementor-invisible\" data-id=\"2b66f09\" data-element_type=\"column\" data-e-type=\"column\" data-settings=\"{&quot;animation&quot;:&quot;fadeInUp&quot;}\">\n\t\t\t<div class=\"elementor-widget-wrap elementor-element-populated\">\n\t\t\t\t\t\t<div class=\"elementor-element elementor-element-29fa270 elementor-invisible elementor-widget elementor-widget-heading\" data-id=\"29fa270\" data-element_type=\"widget\" data-e-type=\"widget\" data-settings=\"{&quot;_animation&quot;:&quot;fadeInLeft&quot;}\" data-widget_type=\"heading.default\">\n\t\t\t\t<div class=\"elementor-widget-container\">\n\t\t\t\t\t<h2 class=\"elementor-heading-title elementor-size-default\">FAQ \u2013 Domande frequenti<\/h2>\t\t\t\t<\/div>\n\t\t\t\t<\/div>\n\t\t\t\t<div class=\"elementor-element elementor-element-c9bf683 elementor-widget-divider--view-line elementor-widget elementor-widget-divider\" data-id=\"c9bf683\" data-element_type=\"widget\" data-e-type=\"widget\" data-widget_type=\"divider.default\">\n\t\t\t\t<div class=\"elementor-widget-container\">\n\t\t\t\t\t\t\t<div class=\"elementor-divider\">\n\t\t\t<span class=\"elementor-divider-separator\">\n\t\t\t\t\t\t<\/span>\n\t\t<\/div>\n\t\t\t\t\t\t<\/div>\n\t\t\t\t<\/div>\n\t\t\t\t<div class=\"elementor-element elementor-element-35d7d13 elementor-widget elementor-widget-accordion\" data-id=\"35d7d13\" data-element_type=\"widget\" data-e-type=\"widget\" data-widget_type=\"accordion.default\">\n\t\t\t\t<div class=\"elementor-widget-container\">\n\t\t\t\t\t\t\t<div class=\"elementor-accordion\">\n\t\t\t\t\t\t\t<div class=\"elementor-accordion-item\">\n\t\t\t\t\t<div id=\"elementor-tab-title-5641\" class=\"elementor-tab-title\" data-tab=\"1\" role=\"button\" aria-controls=\"elementor-tab-content-5641\" aria-expanded=\"false\">\n\t\t\t\t\t\t\t\t\t\t\t\t<a class=\"elementor-accordion-title\" tabindex=\"0\">Si pu\u00f2 controllare l'espansione della schiuma poliuretanica?<\/a>\n\t\t\t\t\t<\/div>\n\t\t\t\t\t<div id=\"elementor-tab-content-5641\" class=\"elementor-tab-content elementor-clearfix\" data-tab=\"1\" role=\"region\" aria-labelledby=\"elementor-tab-title-5641\"><p>S\u00ec, l&#8217;espansione dipende dalla miscela e dalla quantit\u00e0 utilizzata. Si consiglia di non riempire completamente il volume, poich\u00e9 la schiuma continua ad espandersi dopo l&#8217;applicazione. <\/p>\n<\/div>\n\t\t\t\t<\/div>\n\t\t\t\t\t\t\t<div class=\"elementor-accordion-item\">\n\t\t\t\t\t<div id=\"elementor-tab-title-5642\" class=\"elementor-tab-title\" data-tab=\"2\" role=\"button\" aria-controls=\"elementor-tab-content-5642\" aria-expanded=\"false\">\n\t\t\t\t\t\t\t\t\t\t\t\t<a class=\"elementor-accordion-title\" tabindex=\"0\">Si pu\u00f2 utilizzare la schiuma poliuretanica per riempire grandi volumi?<\/a>\n\t\t\t\t\t<\/div>\n\t\t\t\t\t<div id=\"elementor-tab-content-5642\" class=\"elementor-tab-content elementor-clearfix\" data-tab=\"2\" role=\"region\" aria-labelledby=\"elementor-tab-title-5642\"><p>S\u00ec, ma si consiglia di procedere in pi\u00f9 strati per controllare meglio l&#8217;espansione ed evitare deformazioni.<\/p>\n<\/div>\n\t\t\t\t<\/div>\n\t\t\t\t\t\t\t<div class=\"elementor-accordion-item\">\n\t\t\t\t\t<div id=\"elementor-tab-title-5643\" class=\"elementor-tab-title\" data-tab=\"3\" role=\"button\" aria-controls=\"elementor-tab-content-5643\" aria-expanded=\"false\">\n\t\t\t\t\t\t\t\t\t\t\t\t<a class=\"elementor-accordion-title\" tabindex=\"0\">La schiuma poliuretanica aderisce su tutti i supporti?<\/a>\n\t\t\t\t\t<\/div>\n\t\t\t\t\t<div id=\"elementor-tab-content-5643\" class=\"elementor-tab-content elementor-clearfix\" data-tab=\"3\" role=\"region\" aria-labelledby=\"elementor-tab-title-5643\"><p>Aderisce molto bene sulla maggior parte dei materiali come legno, metallo o alcune plastiche, a condizione che la superficie sia pulita e asciutta.<\/p>\n<\/div>\n\t\t\t\t<\/div>\n\t\t\t\t\t\t\t<div class=\"elementor-accordion-item\">\n\t\t\t\t\t<div id=\"elementor-tab-title-5644\" class=\"elementor-tab-title\" data-tab=\"4\" role=\"button\" aria-controls=\"elementor-tab-content-5644\" aria-expanded=\"false\">\n\t\t\t\t\t\t\t\t\t\t\t\t<a class=\"elementor-accordion-title\" tabindex=\"0\">Si pu\u00f2 levigare o tagliare la schiuma poliuretanica dopo l'indurimento?<\/a>\n\t\t\t\t\t<\/div>\n\t\t\t\t\t<div id=\"elementor-tab-content-5644\" class=\"elementor-tab-content elementor-clearfix\" data-tab=\"4\" role=\"region\" aria-labelledby=\"elementor-tab-title-5644\"><p>S\u00ec, una volta indurita, la schiuma pu\u00f2 essere tagliata, levigata o rilavorata secondo le necessit\u00e0.<\/p>\n<\/div>\n\t\t\t\t<\/div>\n\t\t\t\t\t\t\t<div class=\"elementor-accordion-item\">\n\t\t\t\t\t<div id=\"elementor-tab-title-5645\" class=\"elementor-tab-title\" data-tab=\"5\" role=\"button\" aria-controls=\"elementor-tab-content-5645\" aria-expanded=\"false\">\n\t\t\t\t\t\t\t\t\t\t\t\t<a class=\"elementor-accordion-title\" tabindex=\"0\">La schiuma poliuretanica \u00e8 resistente nel tempo?<\/a>\n\t\t\t\t\t<\/div>\n\t\t\t\t\t<div id=\"elementor-tab-content-5645\" class=\"elementor-tab-content elementor-clearfix\" data-tab=\"5\" role=\"region\" aria-labelledby=\"elementor-tab-title-5645\"><p>S\u00ec, una volta indurita, la schiuma poliuretanica \u00e8 stabile e durevole, e conserva le sue propriet\u00e0 meccaniche nel lungo termine. Tuttavia, il suo colore pu\u00f2 ingiallire con il tempo. <\/p>\n<\/div>\n\t\t\t\t<\/div>\n\t\t\t\t\t\t\t\t\t\t<script type=\"application\/ld+json\">{\"@context\":\"https:\\\/\\\/schema.org\",\"@type\":\"FAQPage\",\"mainEntity\":[{\"@type\":\"Question\",\"name\":\"Si pu\\u00f2 controllare l'espansione della schiuma poliuretanica?\",\"acceptedAnswer\":{\"@type\":\"Answer\",\"text\":\"<p>S\\u00ec, l&#8217;espansione dipende dalla miscela e dalla quantit\\u00e0 utilizzata. Si consiglia di non riempire completamente il volume, poich\\u00e9 la schiuma continua ad espandersi dopo l&#8217;applicazione. <\\\/p>\\n\"}},{\"@type\":\"Question\",\"name\":\"Si pu\\u00f2 utilizzare la schiuma poliuretanica per riempire grandi volumi?\",\"acceptedAnswer\":{\"@type\":\"Answer\",\"text\":\"<p>S\\u00ec, ma si consiglia di procedere in pi\\u00f9 strati per controllare meglio l&#8217;espansione ed evitare deformazioni.<\\\/p>\\n\"}},{\"@type\":\"Question\",\"name\":\"La schiuma poliuretanica aderisce su tutti i supporti?\",\"acceptedAnswer\":{\"@type\":\"Answer\",\"text\":\"<p>Aderisce molto bene sulla maggior parte dei materiali come legno, metallo o alcune plastiche, a condizione che la superficie sia pulita e asciutta.<\\\/p>\\n\"}},{\"@type\":\"Question\",\"name\":\"Si pu\\u00f2 levigare o tagliare la schiuma poliuretanica dopo l'indurimento?\",\"acceptedAnswer\":{\"@type\":\"Answer\",\"text\":\"<p>S\\u00ec, una volta indurita, la schiuma pu\\u00f2 essere tagliata, levigata o rilavorata secondo le necessit\\u00e0.<\\\/p>\\n\"}},{\"@type\":\"Question\",\"name\":\"La schiuma poliuretanica \\u00e8 resistente nel tempo?\",\"acceptedAnswer\":{\"@type\":\"Answer\",\"text\":\"<p>S\\u00ec, una volta indurita, la schiuma poliuretanica \\u00e8 stabile e durevole, e conserva le sue propriet\\u00e0 meccaniche nel lungo termine. Tuttavia, il suo colore pu\\u00f2 ingiallire con il tempo. <\\\/p>\\n\"}}]}<\/script>\n\t\t\t\t\t<\/div>\n\t\t\t\t\t\t<\/div>\n\t\t\t\t<\/div>\n\t\t\t\t\t<\/div>\n\t\t<\/div>\n\t\t\t\t\t<\/div>\n\t\t<\/section>\n\t\t\t\t<\/div>\n\t\t","protected":false},"excerpt":{"rendered":"<p>Schiuma poliuretanica rigida progettata per un riempimento preciso, rapido e perfettamente controllato.<\/p>\n","protected":false},"featured_media":35607,"template":"","meta":[],"product_brand":[],"product_cat":[1280,1732],"product_tag":[],"class_list":{"0":"post-35128","1":"product","2":"type-product","3":"status-publish","4":"has-post-thumbnail","6":"product_cat-poliuretano","7":"product_cat-schiuma-espansiva-poliuretanica","9":"first","10":"instock","11":"taxable","12":"shipping-taxable","13":"purchasable","14":"product-type-variable"},"_links":{"self":[{"href":"https:\/\/www.finres-sa.com\/it\/wp-json\/wp\/v2\/product\/35128","targetHints":{"allow":["GET"]}}],"collection":[{"href":"https:\/\/www.finres-sa.com\/it\/wp-json\/wp\/v2\/product"}],"about":[{"href":"https:\/\/www.finres-sa.com\/it\/wp-json\/wp\/v2\/types\/product"}],"version-history":[{"count":7,"href":"https:\/\/www.finres-sa.com\/it\/wp-json\/wp\/v2\/product\/35128\/revisions"}],"predecessor-version":[{"id":38718,"href":"https:\/\/www.finres-sa.com\/it\/wp-json\/wp\/v2\/product\/35128\/revisions\/38718"}],"wp:featuredmedia":[{"embeddable":true,"href":"https:\/\/www.finres-sa.com\/it\/wp-json\/wp\/v2\/media\/35607"}],"wp:attachment":[{"href":"https:\/\/www.finres-sa.com\/it\/wp-json\/wp\/v2\/media?parent=35128"}],"wp:term":[{"taxonomy":"product_brand","embeddable":true,"href":"https:\/\/www.finres-sa.com\/it\/wp-json\/wp\/v2\/product_brand?post=35128"},{"taxonomy":"product_cat","embeddable":true,"href":"https:\/\/www.finres-sa.com\/it\/wp-json\/wp\/v2\/product_cat?post=35128"},{"taxonomy":"product_tag","embeddable":true,"href":"https:\/\/www.finres-sa.com\/it\/wp-json\/wp\/v2\/product_tag?post=35128"}],"curies":[{"name":"wp","href":"https:\/\/api.w.org\/{rel}","templated":true}]}}