{"id":39594,"date":"2026-04-30T13:42:38","date_gmt":"2026-04-30T11:42:38","guid":{"rendered":"https:\/\/www.finres-sa.com\/product\/silicone-per-stampi-traslucido-al-platino-alta-precisione-facile-sformabilita\/"},"modified":"2026-04-30T13:59:04","modified_gmt":"2026-04-30T11:59:04","slug":"silicone-per-stampi-traslucido-al-platino-alta-precisione-facile-sformabilita","status":"publish","type":"product","link":"https:\/\/www.finres-sa.com\/it\/prodotto\/silicone-per-stampi-traslucido-al-platino-alta-precisione-facile-sformabilita\/","title":{"rendered":"Silicone per stampi traslucido al platino \u2013 Alta precisione &amp; facile sformabilit\u00e0"},"content":{"rendered":"\t\t<div data-elementor-type=\"product-post\" data-elementor-id=\"39594\" class=\"elementor elementor-39594 elementor-38063\" data-elementor-post-type=\"product\">\n\t\t\t\t<div class=\"elementor-element elementor-element-7ce6aa0 e-flex e-con-boxed e-con e-parent\" data-id=\"7ce6aa0\" data-element_type=\"container\" data-e-type=\"container\" data-settings=\"{&quot;jet_parallax_layout_list&quot;:[]}\">\n\t\t\t\t\t<div class=\"e-con-inner\">\n\t\t\t\t<div class=\"elementor-element elementor-element-cc6700c elementor-widget elementor-widget-text-editor\" data-id=\"cc6700c\" data-element_type=\"widget\" data-e-type=\"widget\" data-widget_type=\"text-editor.default\">\n\t\t\t\t<div class=\"elementor-widget-container\">\n\t\t\t\t\t\t\t\t\t<p style=\"margin: 0cm; margin-bottom: .0001pt;\">I siliconi per stampi della gamma PA sono siliconi traslucidi che reticolano per addizione (al platino), riconosciuti per la loro altissima precisione di riproduzione, il loro basso ritiro e l&#8217;eccellente stabilit\u00e0 dimensionale.<\/p><p style=\"margin: 0cm; margin-bottom: .0001pt;\">Facili da usare grazie al loro rapporto di miscelazione 1:1, si distinguono per la loro grande fluidit\u00e0, che permette di limitare le bolle, e per la loro rapidit\u00e0 di asciugatura a temperatura ambiente.<\/p><p style=\"margin: 0cm; margin-bottom: .0001pt;\">La traslucidit\u00e0 dei nostri siliconi PA offre un reale vantaggio durante la colata, permettendo di visualizzare l&#8217;interno dello stampo e di controllare perfettamente il riempimento.<\/p><p style=\"margin: 0cm; margin-bottom: .0001pt;\">Rispetto ai siliconi tradizionali, i siliconi al platino offrono prestazioni superiori, con un&#8217;elevata resistenza chimica e una durabilit\u00e0 ottimale, anche nel contesto di produzioni ripetute o in serie.<\/p><p style=\"margin: 0cm; margin-bottom: .0001pt;\">Adatto per stampi in silicone, RTV, riproduzione di pezzi, stampi tecnici e artistici.<\/p><p style=\"margin: 0cm; margin-bottom: .0001pt;\">La sua forte resistenza ai componenti alcalini lo rende particolarmente adatto per applicazioni con cemento o materiali tecnici.<\/p><p style=\"margin: 0cm; margin-bottom: .0001pt;\">Le versioni Shore A 22 e 40 possono essere addensate con un agente tissotropico (THIXO) per ottenere una consistenza pastosa, ideale per l&#8217;applicazione a spatola su superfici verticali.<\/p>\t\t\t\t\t\t\t\t<\/div>\n\t\t\t\t<\/div>\n\t\t\t\t\t<\/div>\n\t\t\t\t<\/div>\n\t\t<div class=\"elementor-element elementor-element-f9b4f98 e-flex e-con-boxed e-con e-parent\" data-id=\"f9b4f98\" data-element_type=\"container\" data-e-type=\"container\" data-settings=\"{&quot;jet_parallax_layout_list&quot;:[],&quot;background_background&quot;:&quot;classic&quot;}\">\n\t\t\t\t\t<div class=\"e-con-inner\">\n\t\t<div class=\"elementor-element elementor-element-88516ba e-grid e-con-boxed e-con e-child\" data-id=\"88516ba\" data-element_type=\"container\" data-e-type=\"container\" data-settings=\"{&quot;jet_parallax_layout_list&quot;:[]}\">\n\t\t\t\t\t<div class=\"e-con-inner\">\n\t\t<div class=\"elementor-element elementor-element-4c419d8 e-con-full e-flex e-con e-child\" data-id=\"4c419d8\" data-element_type=\"container\" data-e-type=\"container\" data-settings=\"{&quot;jet_parallax_layout_list&quot;:[]}\">\n\t\t\t\t<div class=\"elementor-element elementor-element-5663442 elementor-widget elementor-widget-heading\" data-id=\"5663442\" data-element_type=\"widget\" data-e-type=\"widget\" data-widget_type=\"heading.default\">\n\t\t\t\t<div class=\"elementor-widget-container\">\n\t\t\t\t\t<h2 class=\"elementor-heading-title elementor-size-large\">Applicazioni <\/h2>\t\t\t\t<\/div>\n\t\t\t\t<\/div>\n\t\t\t\t<div class=\"elementor-element elementor-element-3c5f59a elementor-widget elementor-widget-text-editor\" data-id=\"3c5f59a\" data-element_type=\"widget\" data-e-type=\"widget\" data-widget_type=\"text-editor.default\">\n\t\t\t\t<div class=\"elementor-widget-container\">\n\t\t\t\t\t\t\t\t\t<ul><li>Stampaggio e colata di gesso o acquaresina<\/li><li>Stampaggio di contenitori per candele e colata di cera<\/li><li>Stampaggio di resine: epossidiche, poliestere, poliuretaniche<\/li><li>Riproduzione di pezzi: oggetti tecnici, prototipi, piccole e grandi serie<\/li><li>Creazione artistica: sculture, figurine, oggetti decorativi<\/li><li>Colata di cemento (eccellente resistenza agli ambienti alcalini)<\/li><li>Stampaggio di pietre ricostituite ed elementi decorativi<\/li><li>Modellismo e prototipazione industriale<\/li><li>Fabbricazione di stampi tecnici e industriali<\/li><\/ul>\t\t\t\t\t\t\t\t<\/div>\n\t\t\t\t<\/div>\n\t\t\t\t<\/div>\n\t\t<div class=\"elementor-element elementor-element-b3dd046 e-con-full e-flex e-con e-child\" data-id=\"b3dd046\" data-element_type=\"container\" data-e-type=\"container\" data-settings=\"{&quot;jet_parallax_layout_list&quot;:[]}\">\n\t\t\t\t<div class=\"elementor-element elementor-element-9fd5b0d elementor-widget elementor-widget-heading\" data-id=\"9fd5b0d\" data-element_type=\"widget\" data-e-type=\"widget\" data-widget_type=\"heading.default\">\n\t\t\t\t<div class=\"elementor-widget-container\">\n\t\t\t\t\t<h2 class=\"elementor-heading-title elementor-size-large\">Vantaggi <\/h2>\t\t\t\t<\/div>\n\t\t\t\t<\/div>\n\t\t\t\t<div class=\"elementor-element elementor-element-2ad0768 elementor-widget elementor-widget-text-editor\" data-id=\"2ad0768\" data-element_type=\"widget\" data-e-type=\"widget\" data-widget_type=\"text-editor.default\">\n\t\t\t\t<div class=\"elementor-widget-container\">\n\t\t\t\t\t\t\t\t\t<ul><li>Silicone non tossico<\/li><li>Rapporto di miscelazione 1:1<\/li><li>Molto fluido \u2192 limita le bolle<\/li><li>Ultra preciso \u2192 riproduzione fedele dei dettagli<\/li><li>Tempo di asciugatura regolabile in base alla temperatura (pi\u00f9 fa caldo, pi\u00f9 l&#8217;indurimento \u00e8 rapido)<\/li><li>Resistente e durevole (pi\u00f9 di 100 colate)<\/li><li>Compatibile con resina acrilica, gesso, cemento, PU, epossidica<\/li><\/ul>\t\t\t\t\t\t\t\t<\/div>\n\t\t\t\t<\/div>\n\t\t\t\t<\/div>\n\t\t\t\t\t<\/div>\n\t\t\t\t<\/div>\n\t\t\t\t\t<\/div>\n\t\t\t\t<\/div>\n\t\t<div class=\"elementor-element elementor-element-9371fea e-flex e-con-boxed e-con e-parent\" data-id=\"9371fea\" data-element_type=\"container\" data-e-type=\"container\" data-settings=\"{&quot;jet_parallax_layout_list&quot;:[],&quot;background_background&quot;:&quot;classic&quot;}\">\n\t\t\t\t\t<div class=\"e-con-inner\">\n\t\t\t\t<div class=\"elementor-element elementor-element-298d75f elementor-widget elementor-widget-heading\" data-id=\"298d75f\" data-element_type=\"widget\" data-e-type=\"widget\" data-widget_type=\"heading.default\">\n\t\t\t\t<div class=\"elementor-widget-container\">\n\t\t\t\t\t<h2 class=\"elementor-heading-title elementor-size-large\">Applicazione della resina epossidica trasparente 4000-4006 <\/h2>\t\t\t\t<\/div>\n\t\t\t\t<\/div>\n\t\t\t\t<div class=\"elementor-element elementor-element-5ad2d3a elementor-widget elementor-widget-heading\" data-id=\"5ad2d3a\" data-element_type=\"widget\" data-e-type=\"widget\" data-widget_type=\"heading.default\">\n\t\t\t\t<div class=\"elementor-widget-container\">\n\t\t\t\t\t<h3 class=\"elementor-heading-title elementor-size-medium\">1. Preparazione della superficie<\/h3>\t\t\t\t<\/div>\n\t\t\t\t<\/div>\n\t\t\t\t<div class=\"elementor-element elementor-element-3b70c65 elementor-widget elementor-widget-text-editor\" data-id=\"3b70c65\" data-element_type=\"widget\" data-e-type=\"widget\" data-widget_type=\"text-editor.default\">\n\t\t\t\t<div class=\"elementor-widget-container\">\n\t\t\t\t\t\t\t\t\t<p>Sigilla la superficie del modello se \u00e8 assorbente o presenta una porosit\u00e0 naturale.<\/p><p>Se il supporto da riprodurre \u00e8 poroso (legno, gesso, ceramica, ecc.), si raccomanda di applicare un sigillante, un <a href=\"https:\/\/www.finres-sa.com\/it\/prodotto\/spray-sbloccante-universale-acmos\/\">agente distaccante<\/a> o una cera per evitare qualsiasi penetrazione del silicone e qualsiasi adesione al modello.<\/p>\t\t\t\t\t\t\t\t<\/div>\n\t\t\t\t<\/div>\n\t\t\t\t<div class=\"elementor-element elementor-element-f115c5e elementor-widget elementor-widget-heading\" data-id=\"f115c5e\" data-element_type=\"widget\" data-e-type=\"widget\" data-widget_type=\"heading.default\">\n\t\t\t\t<div class=\"elementor-widget-container\">\n\t\t\t\t\t<h3 class=\"elementor-heading-title elementor-size-medium\">2. Cassaforma <\/h3>\t\t\t\t<\/div>\n\t\t\t\t<\/div>\n\t\t\t\t<div class=\"elementor-element elementor-element-ada2760 elementor-widget elementor-widget-text-editor\" data-id=\"ada2760\" data-element_type=\"widget\" data-e-type=\"widget\" data-widget_type=\"text-editor.default\">\n\t\t\t\t<div class=\"elementor-widget-container\">\n\t\t\t\t\t\t\t\t\t<p>Realizza una cassaforma attorno all&#8217;oggetto da riprodurre prevedendo uno spessore di silicone da 3 a 8 mm a seconda della sua durezza.<\/p><ul><li>Verifica la tenuta della cassaforma per evitare perdite<\/li><li>Assicurati che il pezzo sia ben fissato per evitare che si muova o galleggi durante la colata<\/li><\/ul>\t\t\t\t\t\t\t\t<\/div>\n\t\t\t\t<\/div>\n\t\t\t\t<div class=\"elementor-element elementor-element-8149118 elementor-widget elementor-widget-heading\" data-id=\"8149118\" data-element_type=\"widget\" data-e-type=\"widget\" data-widget_type=\"heading.default\">\n\t\t\t\t<div class=\"elementor-widget-container\">\n\t\t\t\t\t<h3 class=\"elementor-heading-title elementor-size-medium\">3. Rapporto &amp; miscelazione<\/h3>\t\t\t\t<\/div>\n\t\t\t\t<\/div>\n\t\t\t\t<div class=\"elementor-element elementor-element-586932b elementor-widget elementor-widget-text-editor\" data-id=\"586932b\" data-element_type=\"widget\" data-e-type=\"widget\" data-widget_type=\"text-editor.default\">\n\t\t\t\t<div class=\"elementor-widget-container\">\n\t\t\t\t\t\t\t\t\t<p>In un contenitore pulito e asciutto, pesa la quantit\u00e0 di silicone necessaria e calcola un&#8217;aggiunta di catalizzatore 1:1 (ad esempio: 100 g di base + 100 g di catalizzatore).<\/p><ul><li>Mescola accuratamente i componenti fino ad ottenere una soluzione omogenea<\/li><li>Nella miscelazione meccanica, lavora a bassa velocit\u00e0 (300-500 rpm) per 2-3 minuti<\/li><li>Mantieni la testa del miscelatore immersa per limitare l&#8217;incorporazione di bolle d&#8217;aria<\/li><\/ul>\t\t\t\t\t\t\t\t<\/div>\n\t\t\t\t<\/div>\n\t\t\t\t<div class=\"elementor-element elementor-element-9f487ca elementor-widget elementor-widget-heading\" data-id=\"9f487ca\" data-element_type=\"widget\" data-e-type=\"widget\" data-widget_type=\"heading.default\">\n\t\t\t\t<div class=\"elementor-widget-container\">\n\t\t\t\t\t<h3 class=\"elementor-heading-title elementor-size-medium\">4. Versare il silicone<\/h3>\t\t\t\t<\/div>\n\t\t\t\t<\/div>\n\t\t\t\t<div class=\"elementor-element elementor-element-dbc9992 elementor-widget elementor-widget-text-editor\" data-id=\"dbc9992\" data-element_type=\"widget\" data-e-type=\"widget\" data-widget_type=\"text-editor.default\">\n\t\t\t\t<div class=\"elementor-widget-container\">\n\t\t\t\t\t\t\t\t\t<p>Cola il silicone in un flusso sottile, puntando al punto pi\u00f9 basso dello stampo.<\/p><p>Per limitare le bolle d&#8217;aria:<\/p><ul><li>applica un primo strato con un pennello (strato di impronta)<\/li><li>poi procedi al riempimento completo<\/li><\/ul>\t\t\t\t\t\t\t\t<\/div>\n\t\t\t\t<\/div>\n\t\t\t\t<div class=\"elementor-element elementor-element-7cdac48 elementor-widget elementor-widget-heading\" data-id=\"7cdac48\" data-element_type=\"widget\" data-e-type=\"widget\" data-widget_type=\"heading.default\">\n\t\t\t\t<div class=\"elementor-widget-container\">\n\t\t\t\t\t<h3 class=\"elementor-heading-title elementor-size-medium\">5. Indurimento <\/h3>\t\t\t\t<\/div>\n\t\t\t\t<\/div>\n\t\t\t\t<div class=\"elementor-element elementor-element-01a7ff4 elementor-widget elementor-widget-text-editor\" data-id=\"01a7ff4\" data-element_type=\"widget\" data-e-type=\"widget\" data-widget_type=\"text-editor.default\">\n\t\t\t\t<div class=\"elementor-widget-container\">\n\t\t\t\t\t\t\t\t\t<p style=\"margin: 0cm; margin-bottom: .0001pt;\">Lascia polimerizzare a temperatura ambiente.<\/p><p style=\"margin: 0cm; margin-bottom: .0001pt;\">Lo sformato pu\u00f2 essere generalmente effettuato dopo 6 ore (a seconda dell&#8217;ambiente).<\/p>\t\t\t\t\t\t\t\t<\/div>\n\t\t\t\t<\/div>\n\t\t\t\t<div class=\"elementor-element elementor-element-d48e8b5 elementor-widget elementor-widget-heading\" data-id=\"d48e8b5\" data-element_type=\"widget\" data-e-type=\"widget\" data-widget_type=\"heading.default\">\n\t\t\t\t<div class=\"elementor-widget-container\">\n\t\t\t\t\t<h3 class=\"elementor-heading-title elementor-size-medium\">6. Pulizia<\/h3>\t\t\t\t<\/div>\n\t\t\t\t<\/div>\n\t\t\t\t<div class=\"elementor-element elementor-element-c7b3b4e elementor-widget elementor-widget-text-editor\" data-id=\"c7b3b4e\" data-element_type=\"widget\" data-e-type=\"widget\" data-widget_type=\"text-editor.default\">\n\t\t\t\t<div class=\"elementor-widget-container\">\n\t\t\t\t\t\t\t\t\t<p style=\"margin: 0cm; margin-bottom: .0001pt;\">Non pulire il silicone allo stato liquido.<\/p><p style=\"margin: 0cm; margin-bottom: .0001pt;\">Lascialo indurire, quindi rimuovilo meccanicamente dagli strumenti.<\/p>\t\t\t\t\t\t\t\t<\/div>\n\t\t\t\t<\/div>\n\t\t\t\t\t<\/div>\n\t\t\t\t<\/div>\n\t\t<div class=\"elementor-element elementor-element-e018b6d e-flex e-con-boxed e-con e-parent\" data-id=\"e018b6d\" data-element_type=\"container\" data-e-type=\"container\" data-settings=\"{&quot;jet_parallax_layout_list&quot;:[],&quot;background_background&quot;:&quot;classic&quot;}\">\n\t\t\t\t\t<div class=\"e-con-inner\">\n\t\t<div class=\"elementor-element elementor-element-7540b66 e-grid e-con-boxed e-con e-child\" data-id=\"7540b66\" data-element_type=\"container\" data-e-type=\"container\" data-settings=\"{&quot;jet_parallax_layout_list&quot;:[]}\">\n\t\t\t\t\t<div class=\"e-con-inner\">\n\t\t<div class=\"elementor-element elementor-element-47654e6 e-con-full e-flex e-con e-child\" data-id=\"47654e6\" data-element_type=\"container\" data-e-type=\"container\" data-settings=\"{&quot;jet_parallax_layout_list&quot;:[]}\">\n\t\t\t\t<div class=\"elementor-element elementor-element-0a655ca elementor-widget elementor-widget-heading\" data-id=\"0a655ca\" data-element_type=\"widget\" data-e-type=\"widget\" data-widget_type=\"heading.default\">\n\t\t\t\t<div class=\"elementor-widget-container\">\n\t\t\t\t\t<h2 class=\"elementor-heading-title elementor-size-large\">Caratteristiche tecniche<\/h2>\t\t\t\t<\/div>\n\t\t\t\t<\/div>\n\t\t\t\t<div class=\"elementor-element elementor-element-e6aa31d elementor-widget elementor-widget-text-editor\" data-id=\"e6aa31d\" data-element_type=\"widget\" data-e-type=\"widget\" data-widget_type=\"text-editor.default\">\n\t\t\t\t<div class=\"elementor-widget-container\">\n\t\t\t\t\t\t\t\t\t<p> <\/p><table><tbody><tr><td width=\"201\"><p> <\/p><\/td><td width=\"90\"><p><strong>PA 22<\/strong><\/p><\/td><td width=\"82\"><p><strong>PA 40<\/strong><\/p><\/td><\/tr><tr><td width=\"201\"><p><strong>Rapporto di miscelazione<\/strong><\/p><\/td><td width=\"90\"><p>1:1<\/p><\/td><td width=\"82\"><p>1:1<\/p><\/td><\/tr><tr><td width=\"201\"><p><strong>Colore<\/strong><\/p><\/td><td width=\"90\"><p>Traslucido<\/p><\/td><td width=\"82\"><p>Traslucido<\/p><\/td><\/tr><tr><td width=\"201\"><p><strong>Durezza (Shore A)<\/strong><\/p><\/td><td width=\"90\"><p>20<\/p><\/td><td width=\"82\"><p>40<\/p><\/td><\/tr><tr><td width=\"201\"><p><strong>Tempo di vita in vaso a 23 \u00b0C<\/strong><\/p><\/td><td width=\"90\"><p>30 min<\/p><\/td><td width=\"82\"><p>25 min<\/p><\/td><\/tr><tr><td width=\"201\"><p><strong>Sformatura<\/strong><\/p><\/td><td width=\"90\"><p>4 h<\/p><\/td><td width=\"82\"><p>3 h<\/p><\/td><\/tr><tr><td width=\"201\"><p><strong>Densit\u00e0 (g\/cm\u00b3)<\/strong><\/p><\/td><td width=\"90\"><p>1.10<\/p><\/td><td width=\"82\"><p>1.08<\/p><\/td><\/tr><tr><td width=\"201\"><p><strong>Viscosit\u00e0 (mPa.s)<\/strong><\/p><\/td><td width=\"90\"><p>12000<\/p><\/td><td width=\"82\"><p>12000<\/p><\/td><\/tr><tr><td width=\"201\"><p><strong>Ritiro lineare (%)<\/strong><\/p><\/td><td width=\"90\"><p>&gt;0.1<\/p><\/td><td width=\"82\"><p>&gt;0.1<\/p><\/td><\/tr><tr><td width=\"201\"><p><strong>Allungamento (%)<\/strong><\/p><\/td><td width=\"90\"><p>400<\/p><\/td><td width=\"82\"><p>250<\/p><\/td><\/tr><tr><td width=\"201\"><p><strong>Conservazione<\/strong><\/p><\/td><td width=\"90\"><p>12 mesi<\/p><\/td><td width=\"82\"><p>12 mesi<\/p><\/td><\/tr><\/tbody><\/table><p> <\/p>\t\t\t\t\t\t\t\t<\/div>\n\t\t\t\t<\/div>\n\t\t\t\t<\/div>\n\t\t\t\t\t<\/div>\n\t\t\t\t<\/div>\n\t\t\t\t\t<\/div>\n\t\t\t\t<\/div>\n\t\t<div class=\"elementor-element elementor-element-50ce907 e-flex e-con-boxed e-con e-parent\" data-id=\"50ce907\" data-element_type=\"container\" data-e-type=\"container\" data-settings=\"{&quot;jet_parallax_layout_list&quot;:[],&quot;background_background&quot;:&quot;classic&quot;}\">\n\t\t\t\t\t<div class=\"e-con-inner\">\n\t\t<div class=\"elementor-element elementor-element-8706e94 e-grid e-con-boxed e-con e-child\" data-id=\"8706e94\" data-element_type=\"container\" data-e-type=\"container\" data-settings=\"{&quot;jet_parallax_layout_list&quot;:[]}\">\n\t\t\t\t\t<div class=\"e-con-inner\">\n\t\t<div class=\"elementor-element elementor-element-e83d8d6 e-con-full e-flex e-con e-child\" data-id=\"e83d8d6\" data-element_type=\"container\" data-e-type=\"container\" data-settings=\"{&quot;jet_parallax_layout_list&quot;:[]}\">\n\t\t\t\t<div class=\"elementor-element elementor-element-fee5bcc elementor-widget elementor-widget-heading\" data-id=\"fee5bcc\" data-element_type=\"widget\" data-e-type=\"widget\" data-widget_type=\"heading.default\">\n\t\t\t\t<div class=\"elementor-widget-container\">\n\t\t\t\t\t<h2 class=\"elementor-heading-title elementor-size-large\">Accessori<\/h2>\t\t\t\t<\/div>\n\t\t\t\t<\/div>\n\t\t\t\t<div class=\"elementor-element elementor-element-5d26e36 elementor-widget elementor-widget-text-editor\" data-id=\"5d26e36\" data-element_type=\"widget\" data-e-type=\"widget\" data-widget_type=\"text-editor.default\">\n\t\t\t\t<div class=\"elementor-widget-container\">\n\t\t\t\t\t\t\t\t\t<p><a href=\"https:\/\/www.finres-sa.com\/it\/prodotto\/spray-sbloccante-universale-acmos\/\"><strong>Lo Spray distaccante<\/strong><\/a> assicura uno sformato rapido e ottimale.<\/p><p><a href=\"https:\/\/www.finres-sa.com\/it\/prodotto\/guanti-in-nitrile-100-pezzi\/\"><strong>I guanti protettivi <\/strong><\/a> offrono un&#8217;eccellente resistenza agli agenti chimici.<strong> <\/strong><\/p><p><a href=\"https:\/\/www.finres-sa.com\/it\/prodotto\/confezione-di-accessori\/\"><strong>Il Pack accessori<\/strong><\/a> include tutto il materiale necessario per accompagnarti nei tuoi primi passi. <\/p><p><a href=\"https:\/\/www.finres-sa.com\/it\/prodotto\/pennello-piatto-per-resina-pennello-per-laminazione-coda-di-merluzzo\/\"><strong>I Pennelli<\/strong><\/a> piatti per resina permettono un&#8217;applicazione precisa per gli strati di impronta<\/p><p><a href=\"https:\/\/www.finres-sa.com\/it\/prodotto\/miscelatore-di-jesmonite\/\"><strong>Il Miscelatore Jesmonite<\/strong><\/a> permette di ridurre efficacemente le bolle e i grumi.<\/p>\t\t\t\t\t\t\t\t<\/div>\n\t\t\t\t<\/div>\n\t\t\t\t<\/div>\n\t\t\t\t\t<\/div>\n\t\t\t\t<\/div>\n\t\t\t\t\t<\/div>\n\t\t\t\t<\/div>\n\t\t\t\t<\/div>\n\t\t","protected":false},"excerpt":{"rendered":"<p>Silicone per stampi al platino molto fluido, rapporto 1:1, senza bolle, ideale per riprodurre i dettagli pi\u00f9 fini.<\/p>\n","protected":false},"featured_media":39522,"template":"","meta":[],"product_brand":[],"product_cat":[1259,1813,1719,1493],"product_tag":[1317],"class_list":{"0":"post-39594","1":"product","2":"type-product","3":"status-publish","4":"has-post-thumbnail","6":"product_cat-notizie","7":"product_cat-promozioni","8":"product_cat-silicone-platino-poliaddizione","9":"product_cat-stampaggio-del-silicone","10":"product_tag-in-vendita","12":"first","13":"instock","14":"sale","15":"taxable","16":"shipping-taxable","17":"purchasable","18":"product-type-variable"},"_links":{"self":[{"href":"https:\/\/www.finres-sa.com\/it\/wp-json\/wp\/v2\/product\/39594","targetHints":{"allow":["GET"]}}],"collection":[{"href":"https:\/\/www.finres-sa.com\/it\/wp-json\/wp\/v2\/product"}],"about":[{"href":"https:\/\/www.finres-sa.com\/it\/wp-json\/wp\/v2\/types\/product"}],"version-history":[{"count":1,"href":"https:\/\/www.finres-sa.com\/it\/wp-json\/wp\/v2\/product\/39594\/revisions"}],"predecessor-version":[{"id":39605,"href":"https:\/\/www.finres-sa.com\/it\/wp-json\/wp\/v2\/product\/39594\/revisions\/39605"}],"wp:featuredmedia":[{"embeddable":true,"href":"https:\/\/www.finres-sa.com\/it\/wp-json\/wp\/v2\/media\/39522"}],"wp:attachment":[{"href":"https:\/\/www.finres-sa.com\/it\/wp-json\/wp\/v2\/media?parent=39594"}],"wp:term":[{"taxonomy":"product_brand","embeddable":true,"href":"https:\/\/www.finres-sa.com\/it\/wp-json\/wp\/v2\/product_brand?post=39594"},{"taxonomy":"product_cat","embeddable":true,"href":"https:\/\/www.finres-sa.com\/it\/wp-json\/wp\/v2\/product_cat?post=39594"},{"taxonomy":"product_tag","embeddable":true,"href":"https:\/\/www.finres-sa.com\/it\/wp-json\/wp\/v2\/product_tag?post=39594"}],"curies":[{"name":"wp","href":"https:\/\/api.w.org\/{rel}","templated":true}]}}