{"id":17005,"date":"2024-06-14T09:51:40","date_gmt":"2024-06-14T07:51:40","guid":{"rendered":"https:\/\/www.finres-sa.com\/product\/handschuurblok\/"},"modified":"2026-02-13T13:47:38","modified_gmt":"2026-02-13T12:47:38","slug":"handschuurblok","status":"publish","type":"product","link":"https:\/\/www.finres-sa.com\/nl\/product\/handschuurblok\/","title":{"rendered":"HANDSCHUURBLOK"},"content":{"rendered":"\t\t<div data-elementor-type=\"product-post\" data-elementor-id=\"17005\" class=\"elementor elementor-17005 elementor-16988\" data-elementor-post-type=\"product\">\n\t\t\t\t<div class=\"elementor-element elementor-element-4261aa8 e-flex e-con-boxed e-con e-parent\" data-id=\"4261aa8\" data-element_type=\"container\" data-e-type=\"container\" data-settings=\"{&quot;jet_parallax_layout_list&quot;:[],&quot;background_background&quot;:&quot;classic&quot;}\">\n\t\t\t\t\t<div class=\"e-con-inner\">\n\t\t\t\t<div class=\"elementor-element elementor-element-5b7770e elementor-widget elementor-widget-heading\" data-id=\"5b7770e\" data-element_type=\"widget\" data-e-type=\"widget\" data-widget_type=\"heading.default\">\n\t\t\t\t<div class=\"elementor-widget-container\">\n\t\t\t\t\t<h2 class=\"elementor-heading-title elementor-size-xl\">Kenmerken<\/h2>\t\t\t\t<\/div>\n\t\t\t\t<\/div>\n\t\t\t\t<div class=\"elementor-element elementor-element-5011c89 elementor-widget elementor-widget-text-editor\" data-id=\"5011c89\" data-element_type=\"widget\" data-e-type=\"widget\" data-widget_type=\"text-editor.default\">\n\t\t\t\t<div class=\"elementor-widget-container\">\n\t\t\t\t\t\t\t\t\t<p style=\"margin: 0cm; margin-bottom: .0001pt;\"><span style=\"font-size: 11.0pt; font-family: 'Calibri',sans-serif;\">4 maten: \u00d849mm, \u00d873mm, \u00d8104mm, 135x71mm<\/span><\/p><p style=\"margin: 0cm; margin-bottom: .0001pt;\"><span style=\"font-size: 11.0pt; font-family: 'Calibri',sans-serif;\">2 korrels: P80 (sterk schurend) &amp; P150 (gladmakend)<\/span><\/p><p style=\"margin: 0cm; margin-bottom: .0001pt;\"><span style=\"font-size: 11.0pt; font-family: 'Calibri',sans-serif;\">Verkocht zonder <a href=\"https:\/\/www.finres-sa.com\/nl\/product\/schuurpapier-voor-schuurblok\/\"><b>schuurpapier<\/b><\/a>  <\/span><\/p><p style=\"margin: 0cm; margin-bottom: .0001pt;\"><span style=\"font-size: 11.0pt; font-family: 'Calibri',sans-serif;\">Klittenbandsysteem om snel van schuurmiddel te wisselen.<\/span><\/p>\t\t\t\t\t\t\t\t<\/div>\n\t\t\t\t<\/div>\n\t\t\t\t\t<\/div>\n\t\t\t\t<\/div>\n\t\t<div class=\"elementor-element elementor-element-c804c70 e-flex e-con-boxed e-con e-parent\" data-id=\"c804c70\" data-element_type=\"container\" data-e-type=\"container\" data-settings=\"{&quot;jet_parallax_layout_list&quot;:[],&quot;background_background&quot;:&quot;classic&quot;}\">\n\t\t\t\t\t<div class=\"e-con-inner\">\n\t\t\t\t<div class=\"elementor-element elementor-element-8ef506b elementor-widget elementor-widget-heading\" data-id=\"8ef506b\" data-element_type=\"widget\" data-e-type=\"widget\" data-widget_type=\"heading.default\">\n\t\t\t\t<div class=\"elementor-widget-container\">\n\t\t\t\t\t<h2 class=\"elementor-heading-title elementor-size-xl\">Voordelen<\/h2>\t\t\t\t<\/div>\n\t\t\t\t<\/div>\n\t\t\t\t<div class=\"elementor-element elementor-element-8678798 elementor-widget elementor-widget-text-editor\" data-id=\"8678798\" data-element_type=\"widget\" data-e-type=\"widget\" data-widget_type=\"text-editor.default\">\n\t\t\t\t<div class=\"elementor-widget-container\">\n\t\t\t\t\t\t\t\t\t<p style=\"margin: 0cm; margin-bottom: .0001pt;\"><span style=\"font-size: 11.0pt; font-family: 'Calibri',sans-serif;\">Afmetingen: verkrijgbaar in verschillende maten om aan al je schuurbehoeften te voldoen.<\/span><\/p><p style=\"margin: 0cm; margin-bottom: .0001pt;\"><span style=\"font-size: 11.0pt; font-family: 'Calibri',sans-serif;\">Precisie: voor gelijkmatig en precies schuren, zelfs op moeilijk bereikbare plaatsen.<\/span><\/p><p style=\"margin: 0cm; margin-bottom: .0001pt;\"><span style=\"font-size: 11.0pt; font-family: 'Calibri',sans-serif;\">Duurzaamheid: ontworpen om intensief gebruik te weerstaan, zodat het product lang meegaat.<\/span><\/p><p style=\"margin: 0cm; margin-bottom: .0001pt;\"><span style=\"font-size: 11.0pt; font-family: 'Calibri',sans-serif;\">Compatibiliteit: geschikt voor droog en nat schuren.<\/span><\/p><p style=\"margin: 0cm; margin-bottom: .0001pt;\"><span style=\"font-size: 11.0pt; font-family: 'Calibri',sans-serif;\">Gebruikerscomfort: het ergonomische ontwerp minimaliseert vermoeidheid van de handen en optimaliseert het comfort tijdens langdurig gebruik.<\/span><\/p>\t\t\t\t\t\t\t\t<\/div>\n\t\t\t\t<\/div>\n\t\t\t\t\t<\/div>\n\t\t\t\t<\/div>\n\t\t\t\t<\/div>\n\t\t","protected":false},"excerpt":{"rendered":"<p style=\"margin: 0cm; margin-bottom: .0001pt;\"><span style=\"font-size: 11pt; font-family: Calibri, sans-serif; color: #ffffff;\">De ergonomische en gebruiksvriendelijke schuurblokken bieden een comfortabele grip voor optimale precisie.<\/span><\/p>\n","protected":false},"featured_media":26322,"template":"","meta":[],"product_brand":[],"product_cat":[1629,657,381,1001],"product_tag":[],"class_list":{"0":"post-17005","1":"product","2":"type-product","3":"status-publish","4":"has-post-thumbnail","6":"product_cat-accessoires-nl","7":"product_cat-outil-et-accessoires-nl","8":"product_cat-jesmonite-nl","9":"product_cat-nieuws","11":"first","12":"instock","13":"taxable","14":"shipping-taxable","15":"purchasable","16":"product-type-variable"},"_links":{"self":[{"href":"https:\/\/www.finres-sa.com\/nl\/wp-json\/wp\/v2\/product\/17005","targetHints":{"allow":["GET"]}}],"collection":[{"href":"https:\/\/www.finres-sa.com\/nl\/wp-json\/wp\/v2\/product"}],"about":[{"href":"https:\/\/www.finres-sa.com\/nl\/wp-json\/wp\/v2\/types\/product"}],"version-history":[{"count":1,"href":"https:\/\/www.finres-sa.com\/nl\/wp-json\/wp\/v2\/product\/17005\/revisions"}],"predecessor-version":[{"id":36292,"href":"https:\/\/www.finres-sa.com\/nl\/wp-json\/wp\/v2\/product\/17005\/revisions\/36292"}],"wp:featuredmedia":[{"embeddable":true,"href":"https:\/\/www.finres-sa.com\/nl\/wp-json\/wp\/v2\/media\/26322"}],"wp:attachment":[{"href":"https:\/\/www.finres-sa.com\/nl\/wp-json\/wp\/v2\/media?parent=17005"}],"wp:term":[{"taxonomy":"product_brand","embeddable":true,"href":"https:\/\/www.finres-sa.com\/nl\/wp-json\/wp\/v2\/product_brand?post=17005"},{"taxonomy":"product_cat","embeddable":true,"href":"https:\/\/www.finres-sa.com\/nl\/wp-json\/wp\/v2\/product_cat?post=17005"},{"taxonomy":"product_tag","embeddable":true,"href":"https:\/\/www.finres-sa.com\/nl\/wp-json\/wp\/v2\/product_tag?post=17005"}],"curies":[{"name":"wp","href":"https:\/\/api.w.org\/{rel}","templated":true}]}}