{"id":17037,"date":"2024-06-14T10:02:54","date_gmt":"2024-06-14T08:02:54","guid":{"rendered":"https:\/\/www.finres-sa.com\/product\/schuurpapier-voor-schuurblok\/"},"modified":"2025-12-15T11:58:23","modified_gmt":"2025-12-15T10:58:23","slug":"schuurpapier-voor-schuurblok","status":"publish","type":"product","link":"https:\/\/www.finres-sa.com\/nl\/product\/schuurpapier-voor-schuurblok\/","title":{"rendered":"SCHUURPAPIER Voor Schuurblok"},"content":{"rendered":"\t\t<div data-elementor-type=\"product-post\" data-elementor-id=\"17037\" class=\"elementor elementor-17037 elementor-17013\" data-elementor-post-type=\"product\">\n\t\t\t\t<div class=\"elementor-element elementor-element-e3534a1 e-flex e-con-boxed e-con e-parent\" data-id=\"e3534a1\" data-element_type=\"container\" data-e-type=\"container\" data-settings=\"{&quot;jet_parallax_layout_list&quot;:[],&quot;background_background&quot;:&quot;classic&quot;}\">\n\t\t\t\t\t<div class=\"e-con-inner\">\n\t\t\t\t<div class=\"elementor-element elementor-element-a3b5a10 elementor-widget elementor-widget-heading\" data-id=\"a3b5a10\" data-element_type=\"widget\" data-e-type=\"widget\" data-widget_type=\"heading.default\">\n\t\t\t\t<div class=\"elementor-widget-container\">\n\t\t\t\t\t<h2 class=\"elementor-heading-title elementor-size-xl\">Kenmerken<\/h2>\t\t\t\t<\/div>\n\t\t\t\t<\/div>\n\t\t\t\t<div class=\"elementor-element elementor-element-7a34847 elementor-widget elementor-widget-text-editor\" data-id=\"7a34847\" data-element_type=\"widget\" data-e-type=\"widget\" data-widget_type=\"text-editor.default\">\n\t\t\t\t<div class=\"elementor-widget-container\">\n\t\t\t\t\t\t\t\t\t<p style=\"margin: 0cm; margin-bottom: .0001pt;\"><span style=\"font-size: 11.0pt; font-family: 'Calibri',sans-serif;\">Afmetingen :<\/span> <span style=\"font-size: 11.0pt; font-family: 'Calibri',sans-serif;\">135x71cm, \u00d8 49 mm, \u00d8 73 mm, \u00d8 104 mm<\/span><\/p><p style=\"margin: 0cm; margin-bottom: .0001pt;\"><span style=\"font-size: 11.0pt; font-family: 'Calibri',sans-serif;\">2 korrels: P80 sterk schurend\/ P150 gladmakend<\/span><\/p><p style=\"margin: 0cm; margin-bottom: .0001pt;\"><span style=\"font-size: 11.0pt; font-family: 'Calibri',sans-serif;\">Zelfgrijpend klittenbandsysteem om snel van schuurmiddel te wisselen.<\/span><\/p><p style=\"margin: 0cm; margin-bottom: .0001pt;\"><span style=\"font-size: 11.0pt; font-family: 'Calibri',sans-serif;\">Compatibiliteit: schijf voor klittenband schuurblok.<\/span><\/p><p style=\"margin: 0cm; margin-bottom: .0001pt;\"><span style=\"font-size: 11.0pt; font-family: 'Calibri',sans-serif;\">Geschikt voor droog en nat schuren.<\/span><\/p>\t\t\t\t\t\t\t\t<\/div>\n\t\t\t\t<\/div>\n\t\t\t\t\t<\/div>\n\t\t\t\t<\/div>\n\t\t\t\t<\/div>\n\t\t","protected":false},"excerpt":{"rendered":"<p style=\"margin: 0cm; margin-bottom: .0001pt;\"><span style=\"font-size: 11pt; font-family: Calibri, sans-serif; color: #ffffff;\">Schuurpapier voor schuurblokken met klittenbandsysteem.  <\/span><\/p>\n","protected":false},"featured_media":26245,"template":"","meta":[],"product_brand":[],"product_cat":[1629,657,381,1001],"product_tag":[],"class_list":{"0":"post-17037","1":"product","2":"type-product","3":"status-publish","4":"has-post-thumbnail","6":"product_cat-accessoires-nl","7":"product_cat-outil-et-accessoires-nl","8":"product_cat-jesmonite-nl","9":"product_cat-nieuws","11":"first","12":"instock","13":"taxable","14":"shipping-taxable","15":"purchasable","16":"product-type-variable"},"_links":{"self":[{"href":"https:\/\/www.finres-sa.com\/nl\/wp-json\/wp\/v2\/product\/17037","targetHints":{"allow":["GET"]}}],"collection":[{"href":"https:\/\/www.finres-sa.com\/nl\/wp-json\/wp\/v2\/product"}],"about":[{"href":"https:\/\/www.finres-sa.com\/nl\/wp-json\/wp\/v2\/types\/product"}],"version-history":[{"count":0,"href":"https:\/\/www.finres-sa.com\/nl\/wp-json\/wp\/v2\/product\/17037\/revisions"}],"wp:featuredmedia":[{"embeddable":true,"href":"https:\/\/www.finres-sa.com\/nl\/wp-json\/wp\/v2\/media\/26245"}],"wp:attachment":[{"href":"https:\/\/www.finres-sa.com\/nl\/wp-json\/wp\/v2\/media?parent=17037"}],"wp:term":[{"taxonomy":"product_brand","embeddable":true,"href":"https:\/\/www.finres-sa.com\/nl\/wp-json\/wp\/v2\/product_brand?post=17037"},{"taxonomy":"product_cat","embeddable":true,"href":"https:\/\/www.finres-sa.com\/nl\/wp-json\/wp\/v2\/product_cat?post=17037"},{"taxonomy":"product_tag","embeddable":true,"href":"https:\/\/www.finres-sa.com\/nl\/wp-json\/wp\/v2\/product_tag?post=17037"}],"curies":[{"name":"wp","href":"https:\/\/api.w.org\/{rel}","templated":true}]}}