{"id":35118,"date":"2026-01-12T16:21:09","date_gmt":"2026-01-12T15:21:09","guid":{"rendered":"https:\/\/www.finres-sa.com\/?post_type=product&#038;p=35118"},"modified":"2026-04-13T16:40:17","modified_gmt":"2026-04-13T14:40:17","slug":"expansief-polyurethaanschuim-professioneel-pu-schuim-voor-vormen-vullen-en-isoleren","status":"publish","type":"product","link":"https:\/\/www.finres-sa.com\/nl\/product\/expansief-polyurethaanschuim-professioneel-pu-schuim-voor-vormen-vullen-en-isoleren\/","title":{"rendered":"Expanderend polyurethaanschuim (PU) \u2013 Professioneel schuim voor mallen, structurele vulling en isolatie"},"content":{"rendered":"\t\t<div data-elementor-type=\"product-post\" data-elementor-id=\"35118\" class=\"elementor elementor-35118 elementor-35005\" data-elementor-post-type=\"product\">\n\t\t\t\t<div class=\"elementor-element elementor-element-17b6cc1 e-flex e-con-boxed e-con e-parent\" data-id=\"17b6cc1\" data-element_type=\"container\" data-e-type=\"container\" data-settings=\"{&quot;jet_parallax_layout_list&quot;:[]}\">\n\t\t\t\t\t<div class=\"e-con-inner\">\n\t\t\t\t<div class=\"elementor-element elementor-element-6b46f1c elementor-widget elementor-widget-text-editor\" data-id=\"6b46f1c\" data-element_type=\"widget\" data-e-type=\"widget\" data-widget_type=\"text-editor.default\">\n\t\t\t\t<div class=\"elementor-widget-container\">\n\t\t\t\t\t\t\t\t\t<p data-pm-slice=\"1 1 []\">PUR-schuimen zijn tweecomponenten rigide schuimproducten met gesloten cellen, CFK-vrij, ontworpen voor technische en structurele toepassingen. Ze bieden goede thermische en akoestische isolatie, zowel binnen als buiten. <\/p><p>Ontwikkeld voor montage, opvulling, isolatie en bepaalde structurele lijmtoepassingen, bieden deze schuimen een gecontroleerde expansie, uitstekende dimensionale stabiliteit en een homogene dichtheid, ideaal voor het cre\u00ebren van stevige, lichte en perfect gedefinieerde volumes.<\/p><p>Ze vertonen sterke hechting op talrijke ondergronden (hout, metaal, steen, enz.) en zijn eenvoudig te verwerken, ook in doe-het-zelf of professionele contexten.<\/p><p>Na uitharding biedt het schuim een hoge stijfheid en uitstekende mechanische weerstand, geschikt voor de realisatie van kernen, verstevigingen, prototypes en technische onderdelen. Het is ook bestand tegen water, zeewater, koolwaterstoffen en bepaalde verdunde chemische stoffen. <\/p>\t\t\t\t\t\t\t\t<\/div>\n\t\t\t\t<\/div>\n\t\t\t\t\t<\/div>\n\t\t\t\t<\/div>\n\t\t<div class=\"elementor-element elementor-element-6b9cd57 e-flex e-con-boxed e-con e-parent\" data-id=\"6b9cd57\" data-element_type=\"container\" data-e-type=\"container\" data-settings=\"{&quot;jet_parallax_layout_list&quot;:[],&quot;background_background&quot;:&quot;classic&quot;}\">\n\t\t\t\t\t<div class=\"e-con-inner\">\n\t\t<div class=\"elementor-element elementor-element-e0bffb9 e-grid e-con-boxed e-con e-child\" data-id=\"e0bffb9\" data-element_type=\"container\" data-e-type=\"container\" data-settings=\"{&quot;jet_parallax_layout_list&quot;:[]}\">\n\t\t\t\t\t<div class=\"e-con-inner\">\n\t\t\t\t<div class=\"elementor-element elementor-element-cd7c728 elementor-widget elementor-widget-heading\" data-id=\"cd7c728\" data-element_type=\"widget\" data-e-type=\"widget\" data-widget_type=\"heading.default\">\n\t\t\t\t<div class=\"elementor-widget-container\">\n\t\t\t\t\t<h3 class=\"elementor-heading-title elementor-size-large\">Gebruik als lijm en isolatie<\/h3>\t\t\t\t<\/div>\n\t\t\t\t<\/div>\n\t\t\t\t<div class=\"elementor-element elementor-element-3074983 elementor-widget elementor-widget-text-editor\" data-id=\"3074983\" data-element_type=\"widget\" data-e-type=\"widget\" data-widget_type=\"text-editor.default\">\n\t\t\t\t<div class=\"elementor-widget-container\">\n\t\t\t\t\t\t\t\t\t<p data-pm-slice=\"1 1 []\">PUR-schuimen kunnen worden gebruikt voor lijmtoepassingen, met name voor het assembleren van lichte materialen of het stabiliseren van elementen. Hun gecontroleerde expansie zorgt voor effectieve fixatie terwijl oneffenheden in de ondergrond worden opgevuld. <\/p><p>Hun structuur met gesloten cellen garandeert goede isolatie, waardoor warmteverlies wordt beperkt en geluidsoverdracht wordt verminderd.<\/p>\t\t\t\t\t\t\t\t<\/div>\n\t\t\t\t<\/div>\n\t\t\t\t\t<\/div>\n\t\t\t\t<\/div>\n\t\t\t\t\t<\/div>\n\t\t\t\t<\/div>\n\t\t<div class=\"elementor-element elementor-element-0d303e4 e-flex e-con-boxed e-con e-parent\" data-id=\"0d303e4\" data-element_type=\"container\" data-e-type=\"container\" data-settings=\"{&quot;jet_parallax_layout_list&quot;:[],&quot;background_background&quot;:&quot;classic&quot;}\">\n\t\t\t\t\t<div class=\"e-con-inner\">\n\t\t<div class=\"elementor-element elementor-element-4726847 e-grid e-con-boxed e-con e-child\" data-id=\"4726847\" data-element_type=\"container\" data-e-type=\"container\" data-settings=\"{&quot;jet_parallax_layout_list&quot;:[]}\">\n\t\t\t\t\t<div class=\"e-con-inner\">\n\t\t\t\t<div class=\"elementor-element elementor-element-6146c28 elementor-widget elementor-widget-heading\" data-id=\"6146c28\" data-element_type=\"widget\" data-e-type=\"widget\" data-widget_type=\"heading.default\">\n\t\t\t\t<div class=\"elementor-widget-container\">\n\t\t\t\t\t<h3 class=\"elementor-heading-title elementor-size-large\">Verwerking en applicatie-instructies<\/h3>\t\t\t\t<\/div>\n\t\t\t\t<\/div>\n\t\t\t\t<div class=\"elementor-element elementor-element-dfd838f elementor-widget elementor-widget-heading\" data-id=\"dfd838f\" data-element_type=\"widget\" data-e-type=\"widget\" data-widget_type=\"heading.default\">\n\t\t\t\t<div class=\"elementor-widget-container\">\n\t\t\t\t\t<h2 class=\"elementor-heading-title elementor-size-medium\">Voorbereiding en temperatuur<\/h2>\t\t\t\t<\/div>\n\t\t\t\t<\/div>\n\t\t\t\t<div class=\"elementor-element elementor-element-7afe3fc elementor-widget elementor-widget-text-editor\" data-id=\"7afe3fc\" data-element_type=\"widget\" data-e-type=\"widget\" data-widget_type=\"text-editor.default\">\n\t\t\t\t<div class=\"elementor-widget-container\">\n\t\t\t\t\t\t\t\t\t<p data-pm-slice=\"1 1 [\"orderedList\",{\"start\":1,\"type\":null},\"listItem\",{}]\">Roer componenten A en B zorgvuldig voor gebruik. Handhaaf een minimumtemperatuur van 18 \u00b0C (ideaal 20\u201325 \u00b0C) om een optimale reactie te garanderen. <\/p>\t\t\t\t\t\t\t\t<\/div>\n\t\t\t\t<\/div>\n\t\t\t\t<div class=\"elementor-element elementor-element-c1537a1 elementor-widget elementor-widget-heading\" data-id=\"c1537a1\" data-element_type=\"widget\" data-e-type=\"widget\" data-widget_type=\"heading.default\">\n\t\t\t\t<div class=\"elementor-widget-container\">\n\t\t\t\t\t<h2 class=\"elementor-heading-title elementor-size-medium\">Dosering en mengen<\/h2>\t\t\t\t<\/div>\n\t\t\t\t<\/div>\n\t\t\t\t<div class=\"elementor-element elementor-element-d414712 elementor-widget elementor-widget-text-editor\" data-id=\"d414712\" data-element_type=\"widget\" data-e-type=\"widget\" data-widget_type=\"text-editor.default\">\n\t\t\t\t<div class=\"elementor-widget-container\">\n\t\t\t\t\t\t\t\t\t<p data-pm-slice=\"1 1 [\"orderedList\",{\"start\":1,\"type\":null},\"listItem\",{}]\">Weeg component A nauwkeurig af, voeg component B toe volgens de aangegeven verhouding en meng onmiddellijk tot een homogeen mengsel is verkregen. Slecht mengen kan de expansie en de uiteindelijke dichtheid aantasten. <\/p>\t\t\t\t\t\t\t\t<\/div>\n\t\t\t\t<\/div>\n\t\t\t\t<div class=\"elementor-element elementor-element-ce909ca elementor-widget elementor-widget-heading\" data-id=\"ce909ca\" data-element_type=\"widget\" data-e-type=\"widget\" data-widget_type=\"heading.default\">\n\t\t\t\t<div class=\"elementor-widget-container\">\n\t\t\t\t\t<h2 class=\"elementor-heading-title elementor-size-medium\">Toepassing<\/h2>\t\t\t\t<\/div>\n\t\t\t\t<\/div>\n\t\t\t\t<div class=\"elementor-element elementor-element-34cfbab elementor-widget elementor-widget-text-editor\" data-id=\"34cfbab\" data-element_type=\"widget\" data-e-type=\"widget\" data-widget_type=\"text-editor.default\">\n\t\t\t\t<div class=\"elementor-widget-container\">\n\t\t\t\t\t\t\t\t\t<p data-pm-slice=\"1 1 [\"orderedList\",{\"start\":1,\"type\":null},\"listItem\",{}]\">Giet het mengsel snel in de voorziene zone of mal, zonder over te vullen (expansie in uitvoering).<br>Toepassing door gieten wordt aanbevolen, het pistool is minder geschikt voor dit type schuim.<br>Afhankelijk van het geval maakt het gebruik van een bekisting of een geschikte ondersteuning het mogelijk de uiteindelijke vorm beter te controleren.<\/p>\t\t\t\t\t\t\t\t<\/div>\n\t\t\t\t<\/div>\n\t\t\t\t<div class=\"elementor-element elementor-element-c6d8177 elementor-widget elementor-widget-heading\" data-id=\"c6d8177\" data-element_type=\"widget\" data-e-type=\"widget\" data-widget_type=\"heading.default\">\n\t\t\t\t<div class=\"elementor-widget-container\">\n\t\t\t\t\t<h2 class=\"elementor-heading-title elementor-size-medium\">Reactie en afwerking<\/h2>\t\t\t\t<\/div>\n\t\t\t\t<\/div>\n\t\t\t\t<div class=\"elementor-element elementor-element-fb19db8 elementor-widget elementor-widget-text-editor\" data-id=\"fb19db8\" data-element_type=\"widget\" data-e-type=\"widget\" data-widget_type=\"text-editor.default\">\n\t\t\t\t<div class=\"elementor-widget-container\">\n\t\t\t\t\t\t\t\t\t<p data-pm-slice=\"1 1 [\"orderedList\",{\"start\":1,\"type\":null},\"listItem\",{}]\">Respecteer de aangegeven reactietijden. Na volledige uitharding kan het schuim worden gesneden, geschuurd of geverfd. <\/p>\t\t\t\t\t\t\t\t<\/div>\n\t\t\t\t<\/div>\n\t\t\t\t\t<\/div>\n\t\t\t\t<\/div>\n\t\t\t\t\t<\/div>\n\t\t\t\t<\/div>\n\t\t<div class=\"elementor-element elementor-element-6595d0f e-flex e-con-boxed e-con e-parent\" data-id=\"6595d0f\" data-element_type=\"container\" data-e-type=\"container\" data-settings=\"{&quot;jet_parallax_layout_list&quot;:[]}\">\n\t\t\t\t\t<div class=\"e-con-inner\">\n\t\t\t\t<div class=\"elementor-element elementor-element-a624f0e elementor-widget elementor-widget-heading\" data-id=\"a624f0e\" data-element_type=\"widget\" data-e-type=\"widget\" data-widget_type=\"heading.default\">\n\t\t\t\t<div class=\"elementor-widget-container\">\n\t\t\t\t\t<h3 class=\"elementor-heading-title elementor-size-large\">Technische kenmerken<\/h3>\t\t\t\t<\/div>\n\t\t\t\t<\/div>\n\t\t\t\t<div class=\"elementor-element elementor-element-daee235 elementor-widget elementor-widget-text-editor\" data-id=\"daee235\" data-element_type=\"widget\" data-e-type=\"widget\" data-widget_type=\"text-editor.default\">\n\t\t\t\t<div class=\"elementor-widget-container\">\n\t\t\t\t\t\t\t\t\t<p data-pm-slice=\"1 1 []\">De verschillende referenties (HR, H75, H101, H200) dekken een breed scala aan toepassingen: isolatie, drijfvermogen, opvulling, prototyping, technische onderdelen en structurele inserts.<\/p><p>Ze hebben dichtheden tussen 40 en 200 kg\/m\u00b3, met een percentage gesloten cellen van meer dan 90%, wat mechanische prestaties garandeert die zijn aangepast aan elke toepassing. De mengverhoudingen, expansieco\u00ebffici\u00ebnten en reactietijden vari\u00ebren per referentie, waardoor nauwkeurige aanpassing mogelijk is op basis van de projectbehoeften. <\/p><p>Voor meer informatie kunt u de volledige technische gegevens raadplegen of het gedetailleerde productblad downloaden.<\/p>\t\t\t\t\t\t\t\t<\/div>\n\t\t\t\t<\/div>\n\t\t\t\t<div class=\"elementor-element elementor-element-7de038e elementor-widget elementor-widget-text-editor\" data-id=\"7de038e\" data-element_type=\"widget\" data-e-type=\"widget\" data-widget_type=\"text-editor.default\">\n\t\t\t\t<div class=\"elementor-widget-container\">\n\t\t\t\t\t\t\t\t\t<table data-pm-slice=\"1 1 []\"><colgroup><col><col><col><col><col><\/colgroup><tbody><tr><th colspan=\"1\" rowspan=\"1\"><p> <\/p><\/th><th colspan=\"1\" rowspan=\"1\"><p>HR<\/p><\/th><th colspan=\"1\" rowspan=\"1\"><p>H75<\/p><\/th><th colspan=\"1\" rowspan=\"1\"><p>H101<\/p><\/th><th colspan=\"1\" rowspan=\"1\"><p>H200<\/p><\/th><\/tr><tr><td colspan=\"1\" rowspan=\"1\"><p>Toepassingen<\/p><\/td><td colspan=\"1\" rowspan=\"1\"><ul><li><p>Isolatie tegen kou en warmte.<\/p><\/li><li><p>Drijvende lichamen voor boten.<\/p><\/li><li><p>Opvulling van boeien en reddingsgordels.<\/p><\/li><li><p>Vermindering van geluidsoverdracht.<\/p><\/li><\/ul><\/td><td colspan=\"1\" rowspan=\"1\"><ul><li><p>Opvulling van holle ruimtes of vormen (boten, reli\u00ebfvolumes, enz.).<\/p><\/li><li><p>Gieten van figuren en modellen.<\/p><\/li><li><p>Houtimitatie mogelijk<\/p><\/li><\/ul><\/td><td colspan=\"1\" rowspan=\"1\"><ul><li><p>Rigide gegoten onderdelen.<\/p><\/li><li><p>Technische prototypes.<\/p><\/li><li><p>CNC-bewerkbare modellen.<\/p><\/li><li><p>Orthopedische inserts.<\/p><\/li><\/ul><\/td><td colspan=\"1\" rowspan=\"1\"><ul><li><p>Orthopedische vormen en zolen.<\/p><\/li><li><p>Rigide handvatten en grepen.<\/p><\/li><li><p>Opvulling onderhevig aan belasting.<\/p><\/li><li><p>Structurele inserts voor composieten.<\/p><\/li><\/ul><\/td><\/tr><tr><td colspan=\"1\" rowspan=\"1\"><p>Dichtheid (kg\/m\u00b3)<\/p><\/td><td colspan=\"1\" rowspan=\"1\"><p>40<\/p><\/td><td colspan=\"1\" rowspan=\"1\"><p>75<\/p><\/td><td colspan=\"1\" rowspan=\"1\"><p>100<\/p><\/td><td colspan=\"1\" rowspan=\"1\"><p>200<\/p><\/td><\/tr><tr><td colspan=\"1\" rowspan=\"1\"><p>Verhouding op gewicht<\/p><\/td><td colspan=\"1\" rowspan=\"1\"><p>100 A : 120 B<\/p><\/td><td colspan=\"1\" rowspan=\"1\"><p>100 A : 145 B<\/p><\/td><td colspan=\"1\" rowspan=\"1\"><p>100 A : 115 B<\/p><\/td><td colspan=\"1\" rowspan=\"1\"><p>100 A : 100 B<\/p><\/td><\/tr><tr><td colspan=\"1\" rowspan=\"1\"><p>Expansieco\u00ebffici\u00ebnt<\/p><\/td><td colspan=\"1\" rowspan=\"1\"><p>1:25<\/p><\/td><td colspan=\"1\" rowspan=\"1\"><p>1:13<\/p><\/td><td colspan=\"1\" rowspan=\"1\"><p>1:8 tot 1:10<\/p><\/td><td colspan=\"1\" rowspan=\"1\"><p>1:5<\/p><\/td><\/tr><tr><td colspan=\"1\" rowspan=\"1\"><p>Compressieweerstand (N\/mm\u00b2)<\/p><\/td><td colspan=\"1\" rowspan=\"1\"><p>0.27<\/p><\/td><td colspan=\"1\" rowspan=\"1\"><p>niet gespecificeerd<\/p><\/td><td colspan=\"1\" rowspan=\"1\"><p>1.0<\/p><\/td><td colspan=\"1\" rowspan=\"1\"><p>Tussen 1,5 en 2<\/p><\/td><\/tr><tr><td colspan=\"1\" rowspan=\"1\"><p>Starttijd bij 20 \u00b0C<\/p><\/td><td colspan=\"1\" rowspan=\"1\"><p>ongeveer 50 seconden<\/p><\/td><td colspan=\"1\" rowspan=\"1\"><p>60 seconden<\/p><\/td><td colspan=\"1\" rowspan=\"1\"><p>35 seconden<\/p><\/td><td colspan=\"1\" rowspan=\"1\"><p>65 seconden<\/p><\/td><\/tr><tr><td colspan=\"1\" rowspan=\"1\"><p>Expansietijd bij 20 \u00b0C<\/p><\/td><td colspan=\"1\" rowspan=\"1\"><p>ongeveer 60 seconden<\/p><\/td><td colspan=\"1\" rowspan=\"1\"><p>\u2014<\/p><\/td><td colspan=\"1\" rowspan=\"1\"><p>130 seconden<\/p><\/td><td colspan=\"1\" rowspan=\"1\"><p>\u2014<\/p><\/td><\/tr><tr><td colspan=\"1\" rowspan=\"1\"><p>Uithardingstijd bij 20 \u00b0C<\/p><\/td><td colspan=\"1\" rowspan=\"1\"><p>ongeveer 540 seconden<\/p><\/td><td colspan=\"1\" rowspan=\"1\"><p>\u2014<\/p><\/td><td colspan=\"1\" rowspan=\"1\"><p>150 seconden<\/p><\/td><td colspan=\"1\" rowspan=\"1\"><p>\u2014<\/p><\/td><\/tr><tr><td colspan=\"1\" rowspan=\"1\"><p>Gesloten cellen (% vol)<\/p><\/td><td colspan=\"1\" rowspan=\"1\"><p>&gt;90<\/p><\/td><td colspan=\"1\" rowspan=\"1\"><p>&gt;90<\/p><\/td><td colspan=\"1\" rowspan=\"1\"><p>&gt;90<\/p><\/td><td colspan=\"1\" rowspan=\"1\"><p>&gt;90<\/p><\/td><\/tr><tr><td colspan=\"1\" rowspan=\"1\"><p>Kleur<\/p><\/td><td colspan=\"1\" rowspan=\"1\"><p>Geelachtig<\/p><\/td><td colspan=\"1\" rowspan=\"1\"><p>Geelachtig<\/p><\/td><td colspan=\"1\" rowspan=\"1\"><p>Geelachtig<\/p><\/td><td colspan=\"1\" rowspan=\"1\"><p>Geelachtig<\/p><\/td><\/tr><tr><td colspan=\"1\" rowspan=\"1\"><p>Opslag<\/p><\/td><td colspan=\"1\" rowspan=\"1\"><p>Tussen 10\u00b0 en 25 \u00b0C<\/p><\/td><td colspan=\"1\" rowspan=\"1\"><p>Tussen 10\u00b0 en 25 \u00b0C<\/p><\/td><td colspan=\"1\" rowspan=\"1\"><p>Tussen 10\u00b0 en 25 \u00b0C<\/p><\/td><td colspan=\"1\" rowspan=\"1\"><p>Tussen 10\u00b0 en 25 \u00b0C<\/p><\/td><\/tr><\/tbody><\/table>\t\t\t\t\t\t\t\t<\/div>\n\t\t\t\t<\/div>\n\t\t<div class=\"elementor-element elementor-element-4cfd26f e-con-full e-flex e-con e-child\" data-id=\"4cfd26f\" data-element_type=\"container\" data-e-type=\"container\" data-settings=\"{&quot;jet_parallax_layout_list&quot;:[],&quot;background_background&quot;:&quot;classic&quot;}\">\n\t\t<div class=\"elementor-element elementor-element-b58259e e-grid e-con-boxed e-con e-child\" data-id=\"b58259e\" data-element_type=\"container\" data-e-type=\"container\" data-settings=\"{&quot;jet_parallax_layout_list&quot;:[]}\">\n\t\t\t\t\t<div class=\"e-con-inner\">\n\t\t\t\t<div class=\"elementor-element elementor-element-a4ed975 elementor-widget elementor-widget-heading\" data-id=\"a4ed975\" data-element_type=\"widget\" data-e-type=\"widget\" data-widget_type=\"heading.default\">\n\t\t\t\t<div class=\"elementor-widget-container\">\n\t\t\t\t\t<h3 class=\"elementor-heading-title elementor-size-large\">Service en aanvullende informatie<\/h3>\t\t\t\t<\/div>\n\t\t\t\t<\/div>\n\t\t\t\t<div class=\"elementor-element elementor-element-45764d6 elementor-widget elementor-widget-text-editor\" data-id=\"45764d6\" data-element_type=\"widget\" data-e-type=\"widget\" data-widget_type=\"text-editor.default\">\n\t\t\t\t<div class=\"elementor-widget-container\">\n\t\t\t\t\t\t\t\t\t<p data-pm-slice=\"1 1 []\">Onze service begeleidt u bij de keuze van het schuim dat is aangepast aan uw toepassing, of het nu gaat om professioneel of doe-het-zelf gebruik. Wij helpen u de referenties te vergelijken op basis van hun prestaties, gebruik en prijs. <\/p>\t\t\t\t\t\t\t\t<\/div>\n\t\t\t\t<\/div>\n\t\t\t\t\t<\/div>\n\t\t\t\t<\/div>\n\t\t\t\t<\/div>\n\t\t\t\t\t<\/div>\n\t\t\t\t<\/div>\n\t\t\t\t<section class=\"elementor-section elementor-top-section elementor-element elementor-element-6521d68 elementor-section-boxed elementor-section-height-default elementor-section-height-default\" data-id=\"6521d68\" data-element_type=\"section\" data-e-type=\"section\" data-settings=\"{&quot;jet_parallax_layout_list&quot;:[]}\">\n\t\t\t\t\t\t<div class=\"elementor-container elementor-column-gap-default\">\n\t\t\t\t\t<div class=\"elementor-column elementor-col-100 elementor-top-column elementor-element elementor-element-2b66f09 elementor-invisible\" data-id=\"2b66f09\" data-element_type=\"column\" data-e-type=\"column\" data-settings=\"{&quot;animation&quot;:&quot;fadeInUp&quot;}\">\n\t\t\t<div class=\"elementor-widget-wrap elementor-element-populated\">\n\t\t\t\t\t\t<div class=\"elementor-element elementor-element-29fa270 elementor-invisible elementor-widget elementor-widget-heading\" data-id=\"29fa270\" data-element_type=\"widget\" data-e-type=\"widget\" data-settings=\"{&quot;_animation&quot;:&quot;fadeInLeft&quot;}\" data-widget_type=\"heading.default\">\n\t\t\t\t<div class=\"elementor-widget-container\">\n\t\t\t\t\t<h2 class=\"elementor-heading-title elementor-size-default\">FAQ \u2013 Veelgestelde vragen<\/h2>\t\t\t\t<\/div>\n\t\t\t\t<\/div>\n\t\t\t\t<div class=\"elementor-element elementor-element-c9bf683 elementor-widget-divider--view-line elementor-widget elementor-widget-divider\" data-id=\"c9bf683\" data-element_type=\"widget\" data-e-type=\"widget\" data-widget_type=\"divider.default\">\n\t\t\t\t<div class=\"elementor-widget-container\">\n\t\t\t\t\t\t\t<div class=\"elementor-divider\">\n\t\t\t<span class=\"elementor-divider-separator\">\n\t\t\t\t\t\t<\/span>\n\t\t<\/div>\n\t\t\t\t\t\t<\/div>\n\t\t\t\t<\/div>\n\t\t\t\t<div class=\"elementor-element elementor-element-35d7d13 elementor-widget elementor-widget-accordion\" data-id=\"35d7d13\" data-element_type=\"widget\" data-e-type=\"widget\" data-widget_type=\"accordion.default\">\n\t\t\t\t<div class=\"elementor-widget-container\">\n\t\t\t\t\t\t\t<div class=\"elementor-accordion\">\n\t\t\t\t\t\t\t<div class=\"elementor-accordion-item\">\n\t\t\t\t\t<div id=\"elementor-tab-title-5641\" class=\"elementor-tab-title\" data-tab=\"1\" role=\"button\" aria-controls=\"elementor-tab-content-5641\" aria-expanded=\"false\">\n\t\t\t\t\t\t\t\t\t\t\t\t<a class=\"elementor-accordion-title\" tabindex=\"0\">Kunt u de uitzetting van polyurethaanschuim controleren?<\/a>\n\t\t\t\t\t<\/div>\n\t\t\t\t\t<div id=\"elementor-tab-content-5641\" class=\"elementor-tab-content elementor-clearfix\" data-tab=\"1\" role=\"region\" aria-labelledby=\"elementor-tab-title-5641\"><p>Ja, de uitzetting hangt af van de mengverhouding en de gebruikte hoeveelheid. Het wordt aanbevolen het volume niet volledig te vullen, omdat het schuim na toepassing blijft uitzetten. <\/p>\n<\/div>\n\t\t\t\t<\/div>\n\t\t\t\t\t\t\t<div class=\"elementor-accordion-item\">\n\t\t\t\t\t<div id=\"elementor-tab-title-5642\" class=\"elementor-tab-title\" data-tab=\"2\" role=\"button\" aria-controls=\"elementor-tab-content-5642\" aria-expanded=\"false\">\n\t\t\t\t\t\t\t\t\t\t\t\t<a class=\"elementor-accordion-title\" tabindex=\"0\">Kunt u polyurethaanschuim gebruiken om grote volumes op te vullen?<\/a>\n\t\t\t\t\t<\/div>\n\t\t\t\t\t<div id=\"elementor-tab-content-5642\" class=\"elementor-tab-content elementor-clearfix\" data-tab=\"2\" role=\"region\" aria-labelledby=\"elementor-tab-title-5642\"><p>Ja, maar het is aan te raden in meerdere lagen te werken om de uitzetting beter te controleren en vervorming te voorkomen.<\/p>\n<\/div>\n\t\t\t\t<\/div>\n\t\t\t\t\t\t\t<div class=\"elementor-accordion-item\">\n\t\t\t\t\t<div id=\"elementor-tab-title-5643\" class=\"elementor-tab-title\" data-tab=\"3\" role=\"button\" aria-controls=\"elementor-tab-content-5643\" aria-expanded=\"false\">\n\t\t\t\t\t\t\t\t\t\t\t\t<a class=\"elementor-accordion-title\" tabindex=\"0\">Hecht polyurethaanschuim op alle ondergronden?<\/a>\n\t\t\t\t\t<\/div>\n\t\t\t\t\t<div id=\"elementor-tab-content-5643\" class=\"elementor-tab-content elementor-clearfix\" data-tab=\"3\" role=\"region\" aria-labelledby=\"elementor-tab-title-5643\"><p>Het hecht zeer goed op de meeste materialen zoals hout, metaal of bepaalde kunststoffen, op voorwaarde dat het oppervlak schoon en droog is.<\/p>\n<\/div>\n\t\t\t\t<\/div>\n\t\t\t\t\t\t\t<div class=\"elementor-accordion-item\">\n\t\t\t\t\t<div id=\"elementor-tab-title-5644\" class=\"elementor-tab-title\" data-tab=\"4\" role=\"button\" aria-controls=\"elementor-tab-content-5644\" aria-expanded=\"false\">\n\t\t\t\t\t\t\t\t\t\t\t\t<a class=\"elementor-accordion-title\" tabindex=\"0\">Kunt u polyurethaanschuim schuren of snijden na uitharding?<\/a>\n\t\t\t\t\t<\/div>\n\t\t\t\t\t<div id=\"elementor-tab-content-5644\" class=\"elementor-tab-content elementor-clearfix\" data-tab=\"4\" role=\"region\" aria-labelledby=\"elementor-tab-title-5644\"><p>Ja, eenmaal uitgehard kan het schuim worden gesneden, geschuurd of naar behoefte verder bewerkt.<\/p>\n<\/div>\n\t\t\t\t<\/div>\n\t\t\t\t\t\t\t<div class=\"elementor-accordion-item\">\n\t\t\t\t\t<div id=\"elementor-tab-title-5645\" class=\"elementor-tab-title\" data-tab=\"5\" role=\"button\" aria-controls=\"elementor-tab-content-5645\" aria-expanded=\"false\">\n\t\t\t\t\t\t\t\t\t\t\t\t<a class=\"elementor-accordion-title\" tabindex=\"0\">Is polyurethaanschuim op lange termijn bestendig?<\/a>\n\t\t\t\t\t<\/div>\n\t\t\t\t\t<div id=\"elementor-tab-content-5645\" class=\"elementor-tab-content elementor-clearfix\" data-tab=\"5\" role=\"region\" aria-labelledby=\"elementor-tab-title-5645\"><p>Ja, eenmaal uitgehard is polyurethaanschuim stabiel en duurzaam en behoudt het zijn mechanische eigenschappen op lange termijn. De kleur kan echter na verloop van tijd vergelen. <\/p>\n<\/div>\n\t\t\t\t<\/div>\n\t\t\t\t\t\t\t\t\t\t<script type=\"application\/ld+json\">{\"@context\":\"https:\\\/\\\/schema.org\",\"@type\":\"FAQPage\",\"mainEntity\":[{\"@type\":\"Question\",\"name\":\"Kunt u de uitzetting van polyurethaanschuim controleren?\",\"acceptedAnswer\":{\"@type\":\"Answer\",\"text\":\"<p>Ja, de uitzetting hangt af van de mengverhouding en de gebruikte hoeveelheid. Het wordt aanbevolen het volume niet volledig te vullen, omdat het schuim na toepassing blijft uitzetten. <\\\/p>\\n\"}},{\"@type\":\"Question\",\"name\":\"Kunt u polyurethaanschuim gebruiken om grote volumes op te vullen?\",\"acceptedAnswer\":{\"@type\":\"Answer\",\"text\":\"<p>Ja, maar het is aan te raden in meerdere lagen te werken om de uitzetting beter te controleren en vervorming te voorkomen.<\\\/p>\\n\"}},{\"@type\":\"Question\",\"name\":\"Hecht polyurethaanschuim op alle ondergronden?\",\"acceptedAnswer\":{\"@type\":\"Answer\",\"text\":\"<p>Het hecht zeer goed op de meeste materialen zoals hout, metaal of bepaalde kunststoffen, op voorwaarde dat het oppervlak schoon en droog is.<\\\/p>\\n\"}},{\"@type\":\"Question\",\"name\":\"Kunt u polyurethaanschuim schuren of snijden na uitharding?\",\"acceptedAnswer\":{\"@type\":\"Answer\",\"text\":\"<p>Ja, eenmaal uitgehard kan het schuim worden gesneden, geschuurd of naar behoefte verder bewerkt.<\\\/p>\\n\"}},{\"@type\":\"Question\",\"name\":\"Is polyurethaanschuim op lange termijn bestendig?\",\"acceptedAnswer\":{\"@type\":\"Answer\",\"text\":\"<p>Ja, eenmaal uitgehard is polyurethaanschuim stabiel en duurzaam en behoudt het zijn mechanische eigenschappen op lange termijn. De kleur kan echter na verloop van tijd vergelen. <\\\/p>\\n\"}}]}<\/script>\n\t\t\t\t\t<\/div>\n\t\t\t\t\t\t<\/div>\n\t\t\t\t<\/div>\n\t\t\t\t\t<\/div>\n\t\t<\/div>\n\t\t\t\t\t<\/div>\n\t\t<\/section>\n\t\t\t\t<\/div>\n\t\t","protected":false},"excerpt":{"rendered":"<p>Stijf polyurethaanschuim ontworpen voor nauwkeurig, snel en perfect gecontroleerd vullen.<\/p>\n","protected":false},"featured_media":35604,"template":"","meta":[],"product_brand":[],"product_cat":[543,1736],"product_tag":[],"class_list":{"0":"post-35118","1":"product","2":"type-product","3":"status-publish","4":"has-post-thumbnail","6":"product_cat-polyurethaan","7":"product_cat-polyurethaan-expansieschuim","9":"first","10":"instock","11":"taxable","12":"shipping-taxable","13":"purchasable","14":"product-type-variable"},"_links":{"self":[{"href":"https:\/\/www.finres-sa.com\/nl\/wp-json\/wp\/v2\/product\/35118","targetHints":{"allow":["GET"]}}],"collection":[{"href":"https:\/\/www.finres-sa.com\/nl\/wp-json\/wp\/v2\/product"}],"about":[{"href":"https:\/\/www.finres-sa.com\/nl\/wp-json\/wp\/v2\/types\/product"}],"version-history":[{"count":7,"href":"https:\/\/www.finres-sa.com\/nl\/wp-json\/wp\/v2\/product\/35118\/revisions"}],"predecessor-version":[{"id":38716,"href":"https:\/\/www.finres-sa.com\/nl\/wp-json\/wp\/v2\/product\/35118\/revisions\/38716"}],"wp:featuredmedia":[{"embeddable":true,"href":"https:\/\/www.finres-sa.com\/nl\/wp-json\/wp\/v2\/media\/35604"}],"wp:attachment":[{"href":"https:\/\/www.finres-sa.com\/nl\/wp-json\/wp\/v2\/media?parent=35118"}],"wp:term":[{"taxonomy":"product_brand","embeddable":true,"href":"https:\/\/www.finres-sa.com\/nl\/wp-json\/wp\/v2\/product_brand?post=35118"},{"taxonomy":"product_cat","embeddable":true,"href":"https:\/\/www.finres-sa.com\/nl\/wp-json\/wp\/v2\/product_cat?post=35118"},{"taxonomy":"product_tag","embeddable":true,"href":"https:\/\/www.finres-sa.com\/nl\/wp-json\/wp\/v2\/product_tag?post=35118"}],"curies":[{"name":"wp","href":"https:\/\/api.w.org\/{rel}","templated":true}]}}