{"id":9176,"date":"2023-06-26T18:17:34","date_gmt":"2023-06-26T16:17:34","guid":{"rendered":"https:\/\/finres-sa.com\/produit\/301-epoxyhars-kit\/"},"modified":"2025-12-19T14:31:06","modified_gmt":"2025-12-19T13:31:06","slug":"301-hars-epoxy-kit","status":"publish","type":"product","link":"https:\/\/www.finres-sa.com\/nl\/product\/301-hars-epoxy-kit\/","title":{"rendered":"RESIMAC 301 &#8211; Epoxyhars (KIT)"},"content":{"rendered":"\t\t<div data-elementor-type=\"product-post\" data-elementor-id=\"9176\" class=\"elementor elementor-9176\" data-elementor-post-type=\"product\">\n\t\t\t\t<div class=\"elementor-element elementor-element-611cc969 e-flex e-con-boxed e-con e-parent\" data-id=\"611cc969\" data-element_type=\"container\" data-e-type=\"container\" data-settings=\"{&quot;jet_parallax_layout_list&quot;:[]}\">\n\t\t\t\t\t<div class=\"e-con-inner\">\n\t\t\t\t<div class=\"elementor-element elementor-element-3c3d6a89 elementor-widget elementor-widget-text-editor\" data-id=\"3c3d6a89\" data-element_type=\"widget\" data-e-type=\"widget\" data-widget_type=\"text-editor.default\">\n\t\t\t\t<div class=\"elementor-widget-container\">\n\t\t\t\t\t\t\t\t\t<p>Dit product kan worden aangebracht op handmatig geprepareerde oppervlakken om een GVK-laag te cre\u00ebren rond de volledige omtrek van lekkende buisoppervlakken. Door gebruik te maken van lagen geweven glasvezel met een hoge sterkte heeft het pijpreparatiesysteem bewezen meer dan 10 jaar bescherming te bieden aan beschadigde, lekkende of poreuze pijpen. <\/p><p>In het algemeen kan het composiet wikkelsysteem worden toegepast op buizen met een diameter tussen 1 en 50 inch en is het, eenmaal uitgehard, bestand tegen temperaturen van 150 \u00b0C en drukken van 300 psi.<\/p>\t\t\t\t\t\t\t\t<\/div>\n\t\t\t\t<\/div>\n\t\t\t\t\t<\/div>\n\t\t\t\t<\/div>\n\t\t<div class=\"elementor-element elementor-element-b05ce9e e-flex e-con-boxed e-con e-parent\" data-id=\"b05ce9e\" data-element_type=\"container\" data-e-type=\"container\" data-settings=\"{&quot;jet_parallax_layout_list&quot;:[],&quot;background_background&quot;:&quot;classic&quot;}\">\n\t\t\t\t\t<div class=\"e-con-inner\">\n\t\t<div class=\"elementor-element elementor-element-bc96cc7 e-grid e-con-boxed e-con e-child\" data-id=\"bc96cc7\" data-element_type=\"container\" data-e-type=\"container\" data-settings=\"{&quot;jet_parallax_layout_list&quot;:[]}\">\n\t\t\t\t\t<div class=\"e-con-inner\">\n\t\t\t\t<div class=\"elementor-element elementor-element-ad47c94 elementor-widget elementor-widget-heading\" data-id=\"ad47c94\" data-element_type=\"widget\" data-e-type=\"widget\" data-widget_type=\"heading.default\">\n\t\t\t\t<div class=\"elementor-widget-container\">\n\t\t\t\t\t<h2 class=\"elementor-heading-title elementor-size-xl\">Indicaties<\/h2>\t\t\t\t<\/div>\n\t\t\t\t<\/div>\n\t\t\t\t<div class=\"elementor-element elementor-element-18d11a1 elementor-widget elementor-widget-heading\" data-id=\"18d11a1\" data-element_type=\"widget\" data-e-type=\"widget\" data-widget_type=\"heading.default\">\n\t\t\t\t<div class=\"elementor-widget-container\">\n\t\t\t\t\t<h2 class=\"elementor-heading-title elementor-size-xl\">Voorbereiding van het oppervlak<\/h2>\t\t\t\t<\/div>\n\t\t\t\t<\/div>\n\t\t\t\t\t<\/div>\n\t\t\t\t<\/div>\n\t\t<div class=\"elementor-element elementor-element-ee31b0b e-grid e-con-boxed e-con e-child\" data-id=\"ee31b0b\" data-element_type=\"container\" data-e-type=\"container\" data-settings=\"{&quot;jet_parallax_layout_list&quot;:[]}\">\n\t\t\t\t\t<div class=\"e-con-inner\">\n\t\t\t\t<div class=\"elementor-element elementor-element-befbb29 elementor-widget elementor-widget-text-editor\" data-id=\"befbb29\" data-element_type=\"widget\" data-e-type=\"widget\" data-widget_type=\"text-editor.default\">\n\t\t\t\t<div class=\"elementor-widget-container\">\n\t\t\t\t\t\t\t\t\t<p>Poreuze en lekkende pijpoppervlakken<\/p><p>Inkapseling van lange lengtes pijpleidingen met een grote diameter<\/p><p>Dichtheid van lekkende tankverbindingen<\/p><p>Lekkende flensverbindingen<\/p>\t\t\t\t\t\t\t\t<\/div>\n\t\t\t\t<\/div>\n\t\t\t\t<div class=\"elementor-element elementor-element-df919d1 elementor-widget elementor-widget-text-editor\" data-id=\"df919d1\" data-element_type=\"widget\" data-e-type=\"widget\" data-widget_type=\"text-editor.default\">\n\t\t\t\t<div class=\"elementor-widget-container\">\n\t\t\t\t\t\t\t\t\t<p>Spuitgieten &#8211; Verlijmen van ongelijksoortige materialen &#8211; Inkapselen met technische weefsels<\/p><p>1. Waar mogelijk moeten alle oppervlakken worden gestraald in overeenstemming met ISO 8501\/4 SA2.5 (SSPC SP10\/NACE 2) en met een minimaal straalprofiel van 75 micron met gebruik van een hoekig straalmiddel.<\/p><p>2. Dit product verdraagt echter een minder ideale voorbereiding van het oppervlak en zal hechten aan oppervlakken die zijn voorbereid met handgereedschap, mechanisch gereedschap en hydro-rubbing.<\/p><p>3. Corrosieputjes moeten worden hersteld met Resimac 302 epoxy reparatiecement, dat ook kan worden gebruikt om de hechting op slecht voorbereide oppervlakken te verbeteren.<\/p><p><em>*Let op: voor de beste resultaten moet het prepareeroppervlak worden gereinigd door middel van zandstralen. Als u inferieure reparatietechnieken gebruikt, kan dit de prestaties van het product be\u00efnvloeden. <\/em><\/p>\t\t\t\t\t\t\t\t<\/div>\n\t\t\t\t<\/div>\n\t\t\t\t\t<\/div>\n\t\t\t\t<\/div>\n\t\t\t\t\t<\/div>\n\t\t\t\t<\/div>\n\t\t<div class=\"elementor-element elementor-element-f317db2 e-flex e-con-boxed e-con e-parent\" data-id=\"f317db2\" data-element_type=\"container\" data-e-type=\"container\" data-settings=\"{&quot;jet_parallax_layout_list&quot;:[],&quot;background_background&quot;:&quot;classic&quot;}\">\n\t\t\t\t\t<div class=\"e-con-inner\">\n\t\t<div class=\"elementor-element elementor-element-8aab7f8 e-grid e-con-boxed e-con e-child\" data-id=\"8aab7f8\" data-element_type=\"container\" data-e-type=\"container\" data-settings=\"{&quot;jet_parallax_layout_list&quot;:[]}\">\n\t\t\t\t\t<div class=\"e-con-inner\">\n\t\t\t\t<div class=\"elementor-element elementor-element-1bb196c elementor-widget elementor-widget-heading\" data-id=\"1bb196c\" data-element_type=\"widget\" data-e-type=\"widget\" data-widget_type=\"heading.default\">\n\t\t\t\t<div class=\"elementor-widget-container\">\n\t\t\t\t\t<h2 class=\"elementor-heading-title elementor-size-xl\">Meng<\/h2>\t\t\t\t<\/div>\n\t\t\t\t<\/div>\n\t\t\t\t<div class=\"elementor-element elementor-element-9e4ed41 elementor-widget elementor-widget-heading\" data-id=\"9e4ed41\" data-element_type=\"widget\" data-e-type=\"widget\" data-widget_type=\"heading.default\">\n\t\t\t\t<div class=\"elementor-widget-container\">\n\t\t\t\t\t<h2 class=\"elementor-heading-title elementor-size-xl\">Toepassing<\/h2>\t\t\t\t<\/div>\n\t\t\t\t<\/div>\n\t\t\t\t\t<\/div>\n\t\t\t\t<\/div>\n\t\t<div class=\"elementor-element elementor-element-3413216 e-grid e-con-boxed e-con e-child\" data-id=\"3413216\" data-element_type=\"container\" data-e-type=\"container\" data-settings=\"{&quot;jet_parallax_layout_list&quot;:[]}\">\n\t\t\t\t\t<div class=\"e-con-inner\">\n\t\t\t\t<div class=\"elementor-element elementor-element-1b3d876 elementor-widget elementor-widget-text-editor\" data-id=\"1b3d876\" data-element_type=\"widget\" data-e-type=\"widget\" data-widget_type=\"text-editor.default\">\n\t\t\t\t<div class=\"elementor-widget-container\">\n\t\t\t\t\t\t\t\t\t<p>Controleer de volgende punten voordat u gaat mengen:<\/p><p>1. De basiscomponent heeft een temperatuur van 15-25 \u00b0C.<\/p><p>2. De omgevings- en oppervlaktetemperatuur is hoger dan 5\u00b0C.<\/p><p>Ga na deze 2 controles verder met het mengen van het product.<\/p><p>1. Breng de inhoud van de activator over naar de basiscontainer.<\/p><p>2. Gebruik de bijgeleverde spatel (300-450gm eenheden) of een elektrische mixer (6kg eenheid) om de 2 componenten te mengen tot een uniform, streeploos materiaal is verkregen.<\/p><p>3. Zodra het mengen is begonnen, moet al het materiaal binnen 25 minuten bij 20\u00b0C worden gebruikt.<\/p>\t\t\t\t\t\t\t\t<\/div>\n\t\t\t\t<\/div>\n\t\t\t\t<div class=\"elementor-element elementor-element-ae3f630 elementor-widget elementor-widget-text-editor\" data-id=\"ae3f630\" data-element_type=\"widget\" data-e-type=\"widget\" data-widget_type=\"text-editor.default\">\n\t\t\t\t<div class=\"elementor-widget-container\">\n\t\t\t\t\t\t\t\t\t<p>Injectietoepassingen :<\/p><p>Doseer het product in een cartridge met \u00e9\u00e9n component tot een volume van 1 liter. Een <\/p><p>injectiepomp met \u00e9\u00e9n component en luchttoevoer kan het materiaal in de spleten worden ge\u00efnjecteerd om ongelijksoortige materialen te lijmen.<\/p><p>Lijmen van ongelijksoortige materialen :<\/p><p>Het gemengde product kan worden gebruikt om een breed scala aan materialen te verlijmen, waaronder beton, kunststof en metaal.<\/p><p>Breng het product aan met een kwast of applicatietool tot een natte laagdikte tussen 1 en 4 mm (40mil &#8211; 3\/16&#8243;).<\/p><p>Inkapseling met technische weefsels :<\/p><p>Het gemengde product kan worden gebruikt met glasband, glasdoek, kortvezelige matten en linnen doek.<\/p>\t\t\t\t\t\t\t\t<\/div>\n\t\t\t\t<\/div>\n\t\t\t\t\t<\/div>\n\t\t\t\t<\/div>\n\t\t\t\t\t<\/div>\n\t\t\t\t<\/div>\n\t\t<div class=\"elementor-element elementor-element-abc15ee e-flex e-con-boxed e-con e-parent\" data-id=\"abc15ee\" data-element_type=\"container\" data-e-type=\"container\" data-settings=\"{&quot;jet_parallax_layout_list&quot;:[],&quot;background_background&quot;:&quot;classic&quot;}\">\n\t\t\t\t\t<div class=\"e-con-inner\">\n\t\t<div class=\"elementor-element elementor-element-7fd12d4 e-grid e-con-boxed e-con e-child\" data-id=\"7fd12d4\" data-element_type=\"container\" data-e-type=\"container\" data-settings=\"{&quot;jet_parallax_layout_list&quot;:[]}\">\n\t\t\t\t\t<div class=\"e-con-inner\">\n\t\t\t\t<div class=\"elementor-element elementor-element-1ec0dd9 elementor-widget elementor-widget-heading\" data-id=\"1ec0dd9\" data-element_type=\"widget\" data-e-type=\"widget\" data-widget_type=\"heading.default\">\n\t\t\t\t<div class=\"elementor-widget-container\">\n\t\t\t\t\t<h2 class=\"elementor-heading-title elementor-size-xl\">Uithardingstijd<\/h2>\t\t\t\t<\/div>\n\t\t\t\t<\/div>\n\t\t\t\t<div class=\"elementor-element elementor-element-2a0c809 elementor-widget elementor-widget-heading\" data-id=\"2a0c809\" data-element_type=\"widget\" data-e-type=\"widget\" data-widget_type=\"heading.default\">\n\t\t\t\t<div class=\"elementor-widget-container\">\n\t\t\t\t\t<h2 class=\"elementor-heading-title elementor-size-xl\">Hersteltijd<\/h2>\t\t\t\t<\/div>\n\t\t\t\t<\/div>\n\t\t\t\t\t<\/div>\n\t\t\t\t<\/div>\n\t\t<div class=\"elementor-element elementor-element-1ec1485 e-grid e-con-boxed e-con e-child\" data-id=\"1ec1485\" data-element_type=\"container\" data-e-type=\"container\" data-settings=\"{&quot;jet_parallax_layout_list&quot;:[]}\">\n\t\t\t\t\t<div class=\"e-con-inner\">\n\t\t\t\t<div class=\"elementor-element elementor-element-71d19c8 elementor-widget elementor-widget-text-editor\" data-id=\"71d19c8\" data-element_type=\"widget\" data-e-type=\"widget\" data-widget_type=\"text-editor.default\">\n\t\t\t\t<div class=\"elementor-widget-container\">\n\t\t\t\t\t\t\t\t\t<p>Bij 20\u00b0C moeten de aangebrachte materialen gedurende de hieronder aangegeven tijd uitharden voordat ze aan de aangegeven omstandigheden worden blootgesteld. Deze tijden worden verlengd bij lagere temperaturen en verkort bij hogere temperaturen:<\/p><p>Bedrijfstijd &#8211; 25 minuten<\/p><p>Aanraakdroog &#8211; 2 uur<\/p><p>Hard drogen &#8211; 24 uur<\/p><p>Volledig uitgehard &#8211; 3 dagen<\/p>\t\t\t\t\t\t\t\t<\/div>\n\t\t\t\t<\/div>\n\t\t\t\t<div class=\"elementor-element elementor-element-cf78834 elementor-widget elementor-widget-text-editor\" data-id=\"cf78834\" data-element_type=\"widget\" data-e-type=\"widget\" data-widget_type=\"text-editor.default\">\n\t\t\t\t<div class=\"elementor-widget-container\">\n\t\t\t\t\t\t\t\t\t<p>Minimaal &#8211; het aangebrachte materiaal kan bedekt worden zodra het droog aanvoelt.<\/p><p>Maximaal &#8211; de afdektijd mag niet langer zijn dan 8 uur.<\/p><p>Wanneer de maximale hersteltijd voorbij is, laat je het materiaal uitharden voordat je gaat schuren om vervuiling van het oppervlak te verwijderen.<\/p>\t\t\t\t\t\t\t\t<\/div>\n\t\t\t\t<\/div>\n\t\t\t\t\t<\/div>\n\t\t\t\t<\/div>\n\t\t\t\t\t<\/div>\n\t\t\t\t<\/div>\n\t\t<div class=\"elementor-element elementor-element-191de75 e-flex e-con-boxed e-con e-parent\" data-id=\"191de75\" data-element_type=\"container\" data-e-type=\"container\" data-settings=\"{&quot;jet_parallax_layout_list&quot;:[],&quot;background_background&quot;:&quot;classic&quot;}\">\n\t\t\t\t\t<div class=\"e-con-inner\">\n\t\t<div class=\"elementor-element elementor-element-825539c e-grid e-con-boxed e-con e-child\" data-id=\"825539c\" data-element_type=\"container\" data-e-type=\"container\" data-settings=\"{&quot;jet_parallax_layout_list&quot;:[]}\">\n\t\t\t\t\t<div class=\"e-con-inner\">\n\t\t\t\t<div class=\"elementor-element elementor-element-89bfe22 elementor-widget elementor-widget-heading\" data-id=\"89bfe22\" data-element_type=\"widget\" data-e-type=\"widget\" data-widget_type=\"heading.default\">\n\t\t\t\t<div class=\"elementor-widget-container\">\n\t\t\t\t\t<h2 class=\"elementor-heading-title elementor-size-xl\">Kleur<\/h2>\t\t\t\t<\/div>\n\t\t\t\t<\/div>\n\t\t\t\t<div class=\"elementor-element elementor-element-ee16a5c elementor-widget elementor-widget-heading\" data-id=\"ee16a5c\" data-element_type=\"widget\" data-e-type=\"widget\" data-widget_type=\"heading.default\">\n\t\t\t\t<div class=\"elementor-widget-container\">\n\t\t\t\t\t<h2 class=\"elementor-heading-title elementor-size-xl\">Houdbaarheid<\/h2>\t\t\t\t<\/div>\n\t\t\t\t<\/div>\n\t\t\t\t\t<\/div>\n\t\t\t\t<\/div>\n\t\t<div class=\"elementor-element elementor-element-7bb3aa3 e-grid e-con-boxed e-con e-child\" data-id=\"7bb3aa3\" data-element_type=\"container\" data-e-type=\"container\" data-settings=\"{&quot;jet_parallax_layout_list&quot;:[]}\">\n\t\t\t\t\t<div class=\"e-con-inner\">\n\t\t\t\t<div class=\"elementor-element elementor-element-38205b6 elementor-widget elementor-widget-text-editor\" data-id=\"38205b6\" data-element_type=\"widget\" data-e-type=\"widget\" data-widget_type=\"text-editor.default\">\n\t\t\t\t<div class=\"elementor-widget-container\">\n\t\t\t\t\t\t\t\t\t<p>Gemengd materiaal &#8211; Ondoorzichtig<\/p><p>Basiscomponent &#8211; Witte gel<\/p><p>Activatorcomponent &#8211; Lichtgele gel<\/p>\t\t\t\t\t\t\t\t<\/div>\n\t\t\t\t<\/div>\n\t\t\t\t<div class=\"elementor-element elementor-element-3c5f71b elementor-widget elementor-widget-text-editor\" data-id=\"3c5f71b\" data-element_type=\"widget\" data-e-type=\"widget\" data-widget_type=\"text-editor.default\">\n\t\t\t\t<div class=\"elementor-widget-container\">\n\t\t\t\t\t\t\t\t\t<p>5 jaar indien ongeopend en bewaard in normale droge omstandigheden (15-30\u00b0C).<\/p>\t\t\t\t\t\t\t\t<\/div>\n\t\t\t\t<\/div>\n\t\t\t\t\t<\/div>\n\t\t\t\t<\/div>\n\t\t\t\t\t<\/div>\n\t\t\t\t<\/div>\n\t\t<div class=\"elementor-element elementor-element-662b33a e-flex e-con-boxed e-con e-parent\" data-id=\"662b33a\" data-element_type=\"container\" data-e-type=\"container\" data-settings=\"{&quot;jet_parallax_layout_list&quot;:[],&quot;background_background&quot;:&quot;classic&quot;}\">\n\t\t\t\t\t<div class=\"e-con-inner\">\n\t\t\t\t<div class=\"elementor-element elementor-element-eafb7e0 elementor-widget elementor-widget-heading\" data-id=\"eafb7e0\" data-element_type=\"widget\" data-e-type=\"widget\" data-widget_type=\"heading.default\">\n\t\t\t\t<div class=\"elementor-widget-container\">\n\t\t\t\t\t<h2 class=\"elementor-heading-title elementor-size-xl\">Technische gegevens en specificaties<\/h2>\t\t\t\t<\/div>\n\t\t\t\t<\/div>\n\t\t\t\t<div class=\"elementor-element elementor-element-3546f97 elementor-widget elementor-widget-text-editor\" data-id=\"3546f97\" data-element_type=\"widget\" data-e-type=\"widget\" data-widget_type=\"text-editor.default\">\n\t\t\t\t<div class=\"elementor-widget-container\">\n\t\t\t\t\t\t\t\t\t<p><a href=\"https:\/\/www.resimacsolutions.com\/uploads\/4\/5\/0\/7\/45072315\/301_epoxy_resin___hardener._tds.rv4.29112019.pdf\" target=\"_blank\" rel=\"noopener\">https:\/\/www.resimacsolutions.com\/uploads\/4\/5\/0\/7\/45072315\/301_epoxy_resin___hardener._tds.rv4.29112019.pdf<\/a><\/p><p>https:\/\/www.resimacsolutions.com\/uploads\/4\/5\/0\/7\/45072315\/301_ps.rv5.29112019.pdf  <\/p>\t\t\t\t\t\t\t\t<\/div>\n\t\t\t\t<\/div>\n\t\t\t\t\t<\/div>\n\t\t\t\t<\/div>\n\t\t\t\t<\/div>\n\t\t","protected":false},"excerpt":{"rendered":"<p>Een tweecomponenten oplosmiddelvrije thixotrope epoxyhars die wordt gebruikt voor injectietoepassingen, het lijmen van ongelijksoortige materialen en voor gebruik in combinatie met een reeks tapes en weefsels om composietoplossingen met hoge sterkte te maken.<\/p>\n","protected":false},"featured_media":7906,"template":"","meta":[],"product_brand":[],"product_cat":[360,1661],"product_tag":[588,379,628,630,389,674],"class_list":{"0":"post-9176","1":"product","2":"type-product","3":"status-publish","4":"has-post-thumbnail","6":"product_cat-epoxy-nl","7":"product_cat-snelle-reparatie-en-coatingkit","8":"product_tag-bescherming","9":"product_tag-epoxy-nl","10":"product_tag-industrie-nl","11":"product_tag-metaal","12":"product_tag-reparatie","13":"product_tag-slijtage","15":"first","16":"instock","17":"taxable","18":"shipping-taxable","19":"purchasable","20":"product-type-variable"},"_links":{"self":[{"href":"https:\/\/www.finres-sa.com\/nl\/wp-json\/wp\/v2\/product\/9176","targetHints":{"allow":["GET"]}}],"collection":[{"href":"https:\/\/www.finres-sa.com\/nl\/wp-json\/wp\/v2\/product"}],"about":[{"href":"https:\/\/www.finres-sa.com\/nl\/wp-json\/wp\/v2\/types\/product"}],"version-history":[{"count":1,"href":"https:\/\/www.finres-sa.com\/nl\/wp-json\/wp\/v2\/product\/9176\/revisions"}],"predecessor-version":[{"id":34572,"href":"https:\/\/www.finres-sa.com\/nl\/wp-json\/wp\/v2\/product\/9176\/revisions\/34572"}],"wp:featuredmedia":[{"embeddable":true,"href":"https:\/\/www.finres-sa.com\/nl\/wp-json\/wp\/v2\/media\/7906"}],"wp:attachment":[{"href":"https:\/\/www.finres-sa.com\/nl\/wp-json\/wp\/v2\/media?parent=9176"}],"wp:term":[{"taxonomy":"product_brand","embeddable":true,"href":"https:\/\/www.finres-sa.com\/nl\/wp-json\/wp\/v2\/product_brand?post=9176"},{"taxonomy":"product_cat","embeddable":true,"href":"https:\/\/www.finres-sa.com\/nl\/wp-json\/wp\/v2\/product_cat?post=9176"},{"taxonomy":"product_tag","embeddable":true,"href":"https:\/\/www.finres-sa.com\/nl\/wp-json\/wp\/v2\/product_tag?post=9176"}],"curies":[{"name":"wp","href":"https:\/\/api.w.org\/{rel}","templated":true}]}}